{"id":670,"date":"2016-01-04T13:23:52","date_gmt":"2016-01-04T12:23:52","guid":{"rendered":"http:\/\/www.repulonapok.hu\/?page_id=670"},"modified":"2026-03-26T20:10:41","modified_gmt":"2026-03-26T19:10:41","slug":"pozsony-plastic-winter-2016","status":"publish","type":"page","link":"https:\/\/www.repulonapok.hu\/?page_id=670","title":{"rendered":"POZSONY \u2013 PLASTIC WINTER 2026"},"content":{"rendered":"<p><a href=\"https:\/\/www.repulonapok.hu\/wp-content\/uploads\/2025\/10\/letak25web.jpg\"><img loading=\"lazy\" decoding=\"async\" class=\"aligncenter size-full wp-image-3212\" src=\"https:\/\/www.repulonapok.hu\/wp-content\/uploads\/2025\/10\/letak25web.jpg\" alt=\"\" width=\"1280\" height=\"606\" srcset=\"https:\/\/www.repulonapok.hu\/wp-content\/uploads\/2025\/10\/letak25web.jpg 1280w, https:\/\/www.repulonapok.hu\/wp-content\/uploads\/2025\/10\/letak25web-300x142.jpg 300w, https:\/\/www.repulonapok.hu\/wp-content\/uploads\/2025\/10\/letak25web-1024x485.jpg 1024w, https:\/\/www.repulonapok.hu\/wp-content\/uploads\/2025\/10\/letak25web-768x364.jpg 768w\" sizes=\"(max-width: 1280px) 100vw, 1280px\" \/><\/a><\/p>\n<p class=\"western\" align=\"center\"><del><span style=\"font-size: xx-large;\"><span style=\"text-decoration: underline;\"><b>PLASTIC WINTER, POZSONY<\/b><\/span><\/span><\/del><\/p>\n<h2 class=\"western\" align=\"center\"><\/h2>\n<p class=\"western\" align=\"center\"><span style=\"font-size: large;\"><strong>Id\u0151pont: 2026.11.28.<\/strong>\u00a0 \u00a0 \u00a0 \u00a0 \u00a0 \u00a0 \u00a0 Pozici\u00f3 sz\u00e1m: 26\/RPW\/12<br \/>\n<\/span><\/p>\n<p><strong>\u00datvonal\u00a0\u00a0\u00a0 :<\/strong> Budapest \u2013\u00a0 Pozsony &#8211;\u00a0 Budapest ( 400 km)<\/p>\n<p style=\"text-align: left;\"><strong>Utaz\u00e1s\u00a0\u00a0\u00a0\u00a0\u00a0 :<\/strong> aut\u00f3busszal\u00a0 \u00a0 \u00a0 \u00a0 \u00a0 \u00a0 \u00a0 <strong>Ell\u00e1t\u00e1s: <\/strong>\u00f6nell\u00e1t\u00e1s\u00a0 \u00a0 \u00a0 \u00a0 \u00a0<strong>Id\u0151tartam:\u00a0\u00a0 <\/strong>1 nap<\/p>\n<p><strong><u>PROGRAM:<\/u><\/strong><\/p>\n<p><strong>Indul\u00e1s:\u00a0<\/strong><strong>\u00a0 \u00a0 \u00a0 \u00a0 \u00a0 \u00a0 6:00 <\/strong>&#8211; kor Budapest, Ecseri \u00fat, OMV benzink\u00fat, belv\u00e1ros fel\u00e9 vezet\u0151 oldal (\u00dcll\u0151i \u00fat 110.)<\/p>\n<p>Tov\u00e1bbi felsz\u00e1ll\u00e1si lehet\u0151s\u00e9gek: Tatab\u00e1nya, Gy\u0151r, Mosonmagyar\u00f3v\u00e1r (egyeztetett helysz\u00ednen \u00e9s id\u0151pontban)<\/p>\n<p><a href=\"https:\/\/www.repulonapok.hu\/wp-content\/uploads\/2024\/10\/Advent-Pozsony-5.jpg\"><img loading=\"lazy\" decoding=\"async\" class=\"aligncenter size-full wp-image-2983\" src=\"https:\/\/www.repulonapok.hu\/wp-content\/uploads\/2024\/10\/Advent-Pozsony-5.jpg\" alt=\"\" width=\"800\" height=\"600\" srcset=\"https:\/\/www.repulonapok.hu\/wp-content\/uploads\/2024\/10\/Advent-Pozsony-5.jpg 800w, https:\/\/www.repulonapok.hu\/wp-content\/uploads\/2024\/10\/Advent-Pozsony-5-300x225.jpg 300w, https:\/\/www.repulonapok.hu\/wp-content\/uploads\/2024\/10\/Advent-Pozsony-5-768x576.jpg 768w\" sizes=\"(max-width: 800px) 100vw, 800px\" \/><\/a><\/p>\n<p>Id\u00e9n ism\u00e9t \u00e9lvezhetj\u00fck Pozsonyban a Plastik Winter Makett ki\u00e1ll\u00edt\u00e1st \u00e9s versenyt. \u00d6r\u00f6mmel ind\u00edtjuk buszunkat az adventi Pozsonyba, ahol nem csak makettez\u0151knek, de v\u00e1rosn\u00e9z\u0151knek is k\u00edn\u00e1lunk programot.<\/p>\n<p>Folyamatos utaz\u00e1s, r\u00f6vid pihen\u0151kkel a Rajk\u00e1n kereszt\u00fcl, Pozsonyba \u00e9rkezve, eg\u00e9sz napos r\u00e9szv\u00e9tel a Pozsonyi Makett Klub \u00e1ltal szervezett ki\u00e1ll\u00edt\u00e1son, versenyen \u00e9s b\u00f6rz\u00e9n. \u00a0Illetve v\u00e1rosn\u00e9z\u00e9s \u00e9s r\u00e9szv\u00e9tel az adventi v\u00e1s\u00e1ron.<\/p>\n<p>Info: <a href=\"http:\/\/www.kpmbratislava.sk\/maine\/main.htm\">http:\/\/www.kpmbratislava.sk\/maine\/main.htm<\/a><\/p>\n<p><a href=\"https:\/\/www.repulonapok.hu\/wp-content\/uploads\/2025\/10\/collage-Plastikova-Zima-2025-scaled.jpg\"><img loading=\"lazy\" decoding=\"async\" class=\"aligncenter size-full wp-image-3215\" src=\"https:\/\/www.repulonapok.hu\/wp-content\/uploads\/2025\/10\/collage-Plastikova-Zima-2025-scaled.jpg\" alt=\"\" width=\"2560\" height=\"973\" srcset=\"https:\/\/www.repulonapok.hu\/wp-content\/uploads\/2025\/10\/collage-Plastikova-Zima-2025-scaled.jpg 2560w, https:\/\/www.repulonapok.hu\/wp-content\/uploads\/2025\/10\/collage-Plastikova-Zima-2025-300x114.jpg 300w, https:\/\/www.repulonapok.hu\/wp-content\/uploads\/2025\/10\/collage-Plastikova-Zima-2025-1024x389.jpg 1024w, https:\/\/www.repulonapok.hu\/wp-content\/uploads\/2025\/10\/collage-Plastikova-Zima-2025-768x292.jpg 768w, https:\/\/www.repulonapok.hu\/wp-content\/uploads\/2025\/10\/collage-Plastikova-Zima-2025-1536x584.jpg 1536w, https:\/\/www.repulonapok.hu\/wp-content\/uploads\/2025\/10\/collage-Plastikova-Zima-2025-2048x779.jpg 2048w\" sizes=\"(max-width: 2560px) 100vw, 2560px\" \/><\/a><\/p>\n<p>D\u00e9lut\u00e1n, a rendezv\u00e9ny z\u00e1r\u00e1sa ut\u00e1n indul\u00e1s hazafel\u00e9. \u00c9rkez\u00e9s Budapestre az esti \u00f3r\u00e1kban. Lesz\u00e1ll\u00e1si lehet\u0151s\u00e9g a felsz\u00e1ll\u00e1ssal megegyez\u0151 helyeken.<\/p>\n<p><strong><em>\u00a0<\/em><\/strong><\/p>\n<h1 style=\"text-align: center;\"><strong><em>\u00a0<\/em><\/strong>R\u00e9szv\u00e9teli d\u00edj: 19 000 Ft\/f\u0151<\/h1>\n<p><strong><em><u>A r\u00e9szv\u00e9teli d\u00edj tartalmazza<\/u><\/em><\/strong><strong><em>:<\/em><\/strong><em> az aut\u00f3buszos utaz\u00e1s k\u00f6lts\u00e9geit.<\/em><\/p>\n<p><strong><em><u>A r\u00e9szv\u00e9teli d\u00edj nem tartalmazza<\/u><\/em><\/strong><strong><em>:<\/em><\/strong><em> a BBP- biztos\u00edt\u00e1st, mely irod\u00e1inkban megk\u00f6thet\u0151k.<\/em><\/p>\n<p><strong>\u00a0<\/strong><\/p>\n<p><strong>\u00c9LM\u00c9NYEKBEN GAZDAG UTAZ\u00c1ST, KELLEMES KIKAPCSOL\u00d3D\u00c1ST K\u00cdV\u00c1NUNK!<\/strong><\/p>\n<p><a href=\"https:\/\/www.repulonapok.hu\/wp-content\/uploads\/2023\/03\/Pozsony-20191129_173530.jpg\"><img loading=\"lazy\" decoding=\"async\" class=\"aligncenter  wp-image-2750\" src=\"https:\/\/www.repulonapok.hu\/wp-content\/uploads\/2023\/03\/Pozsony-20191129_173530.jpg\" alt=\"\" width=\"691\" height=\"389\" srcset=\"https:\/\/www.repulonapok.hu\/wp-content\/uploads\/2023\/03\/Pozsony-20191129_173530.jpg 1600w, https:\/\/www.repulonapok.hu\/wp-content\/uploads\/2023\/03\/Pozsony-20191129_173530-300x169.jpg 300w, https:\/\/www.repulonapok.hu\/wp-content\/uploads\/2023\/03\/Pozsony-20191129_173530-1024x576.jpg 1024w, https:\/\/www.repulonapok.hu\/wp-content\/uploads\/2023\/03\/Pozsony-20191129_173530-768x432.jpg 768w, https:\/\/www.repulonapok.hu\/wp-content\/uploads\/2023\/03\/Pozsony-20191129_173530-1536x864.jpg 1536w\" sizes=\"(max-width: 691px) 100vw, 691px\" \/><\/a><\/p>\n<p class=\"western\" align=\"center\"><img loading=\"lazy\" decoding=\"async\" id=\"irc_mi\" src=\"http:\/\/www.modellversium.de\/galerie\/img\/5\/1\/3\/9513\/3133764\/plastic-winter-2011-verschiedene-hersteller.jpg\" alt=\"\" width=\"524\" height=\"393\" \/><\/p>\n","protected":false},"excerpt":{"rendered":"<p>PLASTIC WINTER, POZSONY Id\u0151pont: 2026.11.28.\u00a0 \u00a0 \u00a0 \u00a0 \u00a0 \u00a0 \u00a0 Pozici\u00f3 sz\u00e1m: 26\/RPW\/12 \u00datvonal\u00a0\u00a0\u00a0 : Budapest \u2013\u00a0 Pozsony &#8211;\u00a0 Budapest ( 400 km) Utaz\u00e1s\u00a0\u00a0\u00a0\u00a0\u00a0 : aut\u00f3busszal\u00a0 \u00a0 \u00a0 \u00a0 [&hellip;]<\/p>\n","protected":false},"author":1,"featured_media":0,"parent":0,"menu_order":0,"comment_status":"closed","ping_status":"closed","template":"","meta":{"footnotes":""},"_links":{"self":[{"href":"https:\/\/www.repulonapok.hu\/index.php?rest_route=\/wp\/v2\/pages\/670"}],"collection":[{"href":"https:\/\/www.repulonapok.hu\/index.php?rest_route=\/wp\/v2\/pages"}],"about":[{"href":"https:\/\/www.repulonapok.hu\/index.php?rest_route=\/wp\/v2\/types\/page"}],"author":[{"embeddable":true,"href":"https:\/\/www.repulonapok.hu\/index.php?rest_route=\/wp\/v2\/users\/1"}],"replies":[{"embeddable":true,"href":"https:\/\/www.repulonapok.hu\/index.php?rest_route=%2Fwp%2Fv2%2Fcomments&post=670"}],"version-history":[{"count":18,"href":"https:\/\/www.repulonapok.hu\/index.php?rest_route=\/wp\/v2\/pages\/670\/revisions"}],"predecessor-version":[{"id":3350,"href":"https:\/\/www.repulonapok.hu\/index.php?rest_route=\/wp\/v2\/pages\/670\/revisions\/3350"}],"wp:attachment":[{"href":"https:\/\/www.repulonapok.hu\/index.php?rest_route=%2Fwp%2Fv2%2Fmedia&parent=670"}],"curies":[{"name":"wp","href":"https:\/\/api.w.org\/{rel}","templated":true}]}}