{"id":662,"date":"2016-01-04T13:22:07","date_gmt":"2016-01-04T12:22:07","guid":{"rendered":"http:\/\/www.repulonapok.hu\/?page_id=662"},"modified":"2026-03-26T20:07:53","modified_gmt":"2026-03-26T19:07:53","slug":"ostrava-nato-day-2016","status":"publish","type":"page","link":"https:\/\/www.repulonapok.hu\/?page_id=662","title":{"rendered":"OSTRAVA \u2013 NATO DAY 2026"},"content":{"rendered":"<p class=\"western\" align=\"center\"><span style=\"font-size: x-large;\"><b>A NATO HADITECHNIKAI ESZK\u00d6ZEINEK BEMUTAT\u00d3JA, <\/b><\/span><span style=\"font-size: x-large;\"><b>A F\u00d6LD\u00d6N \u00c9S A LEVEG\u0150BEN!<\/b><\/span><\/p>\n<p class=\"western\"><span style=\"font-size: medium;\"><b>Id\u0151pont: \u00a0 \u00a0 \u00a0 \u00a0 2026.09.18-21.\u00a0 \u00a0 \u00a0 \u00a0 \u00a0 \u00a0 \u00a0 \u00a0 \u00a0 \u00a0 \u00a0 \u00a0 \u00a0 \u00a0 \u00a0 \u00a0 \u00a0 \u00a0 \u00a0 Poz\u00edci\u00f3sz\u00e1m: 26\/RCZ\/09<\/b><\/span><\/p>\n<p class=\"western\"><span style=\"font-size: medium;\"><b>Utaz\u00e1s:<\/b> az utasl\u00e9tsz\u00e1mnak megfelel\u0151 aut\u00f3busszal <\/span><\/p>\n<p class=\"western\" align=\"center\"><a href=\"https:\/\/www.repulonapok.hu\/wp-content\/uploads\/2016\/01\/Ostrava-DN10_pod03.jpg\"><img loading=\"lazy\" decoding=\"async\" class=\"aligncenter wp-image-1933\" src=\"https:\/\/www.repulonapok.hu\/wp-content\/uploads\/2016\/01\/Ostrava-DN10_pod03.jpg\" alt=\"Ostrava DN10_pod03\" width=\"708\" height=\"360\" srcset=\"https:\/\/www.repulonapok.hu\/wp-content\/uploads\/2016\/01\/Ostrava-DN10_pod03.jpg 1180w, https:\/\/www.repulonapok.hu\/wp-content\/uploads\/2016\/01\/Ostrava-DN10_pod03-300x153.jpg 300w, https:\/\/www.repulonapok.hu\/wp-content\/uploads\/2016\/01\/Ostrava-DN10_pod03-1024x521.jpg 1024w\" sizes=\"(max-width: 708px) 100vw, 708px\" \/><\/a><\/p>\n<p class=\"western\"><span style=\"font-size: medium;\"><b>\u00datvonal:<\/b> Budapest \u2013Pozsony &#8211; Brno \u2013 Ostrava \u00e9s vissza (kb. 1100 km)\u00a0\u00a0 <\/span><\/p>\n<p class=\"western\"><span style=\"font-size: medium;\"><b>Ell\u00e1t\u00e1s:<\/b> reggeli<\/span><\/p>\n<p class=\"western\"><span style=\"font-size: medium;\"><b>Sz\u00e1ll\u00e1s\/elhelyez\u00e9s: <\/b> 2 \u00e9jszaka 3*-os sz\u00e1llod\u00e1ban, 2 \u00e1gyas szob\u00e1iban\u00a0<\/span><\/p>\n<p class=\"western\"><a href=\"https:\/\/www.repulonapok.hu\/wp-content\/uploads\/2013\/11\/ostrava.jpeg\"><img loading=\"lazy\" decoding=\"async\" class=\"aligncenter size-full wp-image-1083\" src=\"https:\/\/www.repulonapok.hu\/wp-content\/uploads\/2013\/11\/ostrava.jpeg\" alt=\"ostrava\" width=\"630\" height=\"400\" srcset=\"https:\/\/www.repulonapok.hu\/wp-content\/uploads\/2013\/11\/ostrava.jpeg 630w, https:\/\/www.repulonapok.hu\/wp-content\/uploads\/2013\/11\/ostrava-300x190.jpeg 300w\" sizes=\"(max-width: 630px) 100vw, 630px\" \/><\/a><\/p>\n<p class=\"western\" style=\"text-align: center;\"><span style=\"font-size: large;\"><b>PROGRAM:<\/b><\/span><\/p>\n<p><strong>1.nap: Indul\u00e1s:<\/strong><\/p>\n<p>6:00\u00a0 Pestszentl\u0151rinc, \u00dcll\u0151i \u00fat 379-381. LIDL parkol\u00f3<\/p>\n<p>6:30\u00a0 Budapest, Ecseri \u00fat, OMV benzink\u00fat, bev\u00e1ros fel\u00e9 vezet\u0151 oldal (\u00dcll\u0151i \u00fat 110.)<\/p>\n<p>Utaz\u00e1s n\u00e9h\u00e1ny r\u00f6videbb pihen\u0151vel, kora d\u00e9lut\u00e1n Brnoba \u00e9rkez\u00fcnk, ahol lehet\u0151s\u00e9ge van utasainknak egyet pihenni, s\u00e9t\u00e1lni, s\u00f6r\u00f6zni. A kora esti \u00f3r\u00e1kban sz\u00e1ll\u00e1shely\u00fcnkre utazunk. Bek\u00f6lt\u00f6z\u00e9s ut\u00e1n a tov\u00e1bbiakban szabadid\u0151.<\/p>\n<p><strong>\u00a0<\/strong><\/p>\n<p><strong>2.nap:<\/strong> Kora reggel indulunk az OSTRAVAI l\u00e9gi b\u00e1zisra. Eg\u00e9sz napos egy\u00e9ni r\u00e9szv\u00e9teli lehet\u0151s\u00e9g a NATO fegyverarzen\u00e1lj\u00e1t felvonultat\u00f3 ny\u00edlt napon. (info: <a href=\"http:\/\/www.natodays.cz\/home.htm\">www.natodays.cz\/home.htm<\/a>, bel\u00e9p\u00e9s ingyenes) Este a program v\u00e9g\u00e9t k\u00f6vet\u0151en sz\u00e1ll\u00e1shely\u00fcnkre utazunk.<\/p>\n<p class=\"western\" align=\"justify\"><img loading=\"lazy\" decoding=\"async\" id=\"irc_mi\" class=\"aligncenter\" src=\"http:\/\/www.natodays.cz\/files\/gallery\/technikaVCase\/DN-E3A-1.jpg\" alt=\"\" width=\"524\" height=\"393\" \/><\/p>\n<p><strong>3.nap:<\/strong> R\u00e9szv\u00e9tel a NATO-DAY m\u00e1sodik napj\u00e1n. A program v\u00e9g\u00e9n, k\u00e9s\u0151 d\u00e9lut\u00e1n indul\u00e1s Budapestre. (<strong><em><u>Fontos: <\/u><\/em><\/strong>a hazaindul\u00e1s id\u0151pontja: a hivatalos rep\u00fcl\u0151program befejez\u00e9s\u00e9t k\u00f6vet\u0151en \u2013 amikor az utols\u00f3 bemutat\u00f3t tart\u00f3 g\u00e9p lesz\u00e1ll \u2013 f\u00e9l \u00f3r\u00e1val a gy\u00fclekez\u0151 az aut\u00f3buszn\u00e1l, majd indul\u00e1s.)<\/p>\n<p><strong>\u00a0<\/strong><strong>4.nap:<\/strong> \u00c9rkez\u00e9s Budapestre a kora hajnali \u00f3r\u00e1kban. Lesz\u00e1ll\u00e1si lehet\u0151s\u00e9g a felsz\u00e1ll\u00e1ssal megegyez\u0151 helyeken.<\/p>\n<p style=\"text-align: center;\"><span style=\"font-size: x-large;\"><strong>R\u00e9szv\u00e9teli d\u00edj: \u00a088 000 Ft\/f\u0151<\/strong><b><br \/><\/b><\/span><\/p>\n<p align=\"center\"><span style=\"font-size: small;\"><b>( A valuta \u00e1rf. ingadoz\u00e1sa \u00e9s az \u00fczemanyag \u00e1r\u00e1nak emelked\u00e9se miatt befizet\u00e9s a napi \u00e1rf. figyelembe v\u00e9tel\u00e9vel!)<\/b><\/span><\/p>\n<p align=\"center\"><span style=\"font-size: small;\">\u00a0<\/span><span style=\"font-size: medium;\"><b>Egy\u00e1gyas fel\u00e1r: 32 000 Ft<\/b><br \/><\/span><\/p>\n<p class=\"western\" align=\"justify\"><span style=\"font-size: medium;\"><b>A r\u00e9szv\u00e9teli d\u00edj tartalmazza:<\/b> a 2 \u00e9jszakai sz\u00e1ll\u00e1st, reggelivel, az aut\u00f3buszos utaz\u00e1st<\/span><\/p>\n<p class=\"western\" align=\"justify\"><span style=\"font-size: medium;\"><b>A r\u00e9szv\u00e9teli d\u00edj nem tartalmazza:<\/b> a bel\u00e9p\u0151jegyeket \u00e9s a baleset-, betegs\u00e9g-, poggy\u00e1szbiztos\u00edt\u00e1st (660 Ft\/f\u0151\/nap, 70 \u00e9ves kor felett 100% fel\u00e1r)<\/span><\/p>\n<p class=\"western\" align=\"center\"><img loading=\"lazy\" decoding=\"async\" id=\"irc_mi\" src=\"http:\/\/www.natodays.cz\/files\/gallery\/2014\/zpravy\/DN14_den1a.jpg\" alt=\"\" width=\"524\" height=\"393\" \/><\/p>\n\n\n<p><strong>\u00c1rainkat 430 Ft = 1 \u20ac \u00e1rfolyamig tudjuk garant\u00e1lni!<\/strong><\/p>\n\n\n\n<p><strong>Fenntartjuk a jogot, hogy \u00e1rainkat a valuta\u00e1rfolyam \u00e9s \u00fczemanyag k\u00f6lts\u00e9g f\u00fcggv\u00e9ny\u00e9ben v\u00e1ltoztassuk\u2026 <\/strong>\ud83d\ude41<\/p>\n\n\n\n<p><strong>\u00c9LM\u00c9NYEKBEN GAZDAG UTAZ\u00c1ST, SOK-SOK REP\u00dcL\u0150G\u00c9PET K\u00cdV\u00c1NUNK!<\/strong><strong><\/strong><\/p>\n","protected":false},"excerpt":{"rendered":"<p>A NATO HADITECHNIKAI ESZK\u00d6ZEINEK BEMUTAT\u00d3JA, A F\u00d6LD\u00d6N \u00c9S A LEVEG\u0150BEN! Id\u0151pont: \u00a0 \u00a0 \u00a0 \u00a0 2026.09.18-21.\u00a0 \u00a0 \u00a0 \u00a0 \u00a0 \u00a0 \u00a0 \u00a0 \u00a0 \u00a0 \u00a0 \u00a0 \u00a0 \u00a0 \u00a0 [&hellip;]<\/p>\n","protected":false},"author":1,"featured_media":0,"parent":0,"menu_order":0,"comment_status":"closed","ping_status":"closed","template":"","meta":{"footnotes":""},"_links":{"self":[{"href":"https:\/\/www.repulonapok.hu\/index.php?rest_route=\/wp\/v2\/pages\/662"}],"collection":[{"href":"https:\/\/www.repulonapok.hu\/index.php?rest_route=\/wp\/v2\/pages"}],"about":[{"href":"https:\/\/www.repulonapok.hu\/index.php?rest_route=\/wp\/v2\/types\/page"}],"author":[{"embeddable":true,"href":"https:\/\/www.repulonapok.hu\/index.php?rest_route=\/wp\/v2\/users\/1"}],"replies":[{"embeddable":true,"href":"https:\/\/www.repulonapok.hu\/index.php?rest_route=%2Fwp%2Fv2%2Fcomments&post=662"}],"version-history":[{"count":34,"href":"https:\/\/www.repulonapok.hu\/index.php?rest_route=\/wp\/v2\/pages\/662\/revisions"}],"predecessor-version":[{"id":3347,"href":"https:\/\/www.repulonapok.hu\/index.php?rest_route=\/wp\/v2\/pages\/662\/revisions\/3347"}],"wp:attachment":[{"href":"https:\/\/www.repulonapok.hu\/index.php?rest_route=%2Fwp%2Fv2%2Fmedia&parent=662"}],"curies":[{"name":"wp","href":"https:\/\/api.w.org\/{rel}","templated":true}]}}