{"id":654,"date":"2016-01-04T13:20:25","date_gmt":"2016-01-04T12:20:25","guid":{"rendered":"http:\/\/www.repulonapok.hu\/?page_id=654"},"modified":"2019-07-25T12:13:44","modified_gmt":"2019-07-25T11:13:44","slug":"szliacs-siaf-2016","status":"publish","type":"page","link":"https:\/\/www.repulonapok.hu\/?page_id=654","title":{"rendered":"Szli\u00e1cs, SIAF 2019"},"content":{"rendered":"<h2><span style=\"color: #0000ff;\">Kedves &#8222;rep\u00fcl\u0151s&#8221; Bar\u00e1taink!<\/span><\/h2>\n<h2><span style=\"color: #0000ff;\">T\u00e1voll\u00e9tem alatt, ha a SIAF-ra szeretn\u00e9tek jelentkezni, akkor Sz\u00e1sz Zsuzsa koll\u00e9gan\u0151met h\u00edvj\u00e1tok! Anik\u00f3 \ud83d\ude42<\/span><\/h2>\n<h2><span style=\"color: #0000ff;\">tel: +36 30 300 4857<\/span><\/h2>\n<h1 class=\"western\" style=\"text-align: center;\"><span style=\"color: #ff0000;\">ID\u0150PONTV\u00c1LTOZ\u00c1S!!!<\/span><\/h1>\n<h2 class=\"western\" style=\"text-align: center;\">Kedves Utasaink! Az id\u0151pont v\u00e1ltoz\u00e1s miatt sajnos csak az egynapos utakat tudjuk megszervezni.<\/h2>\n<p class=\"western\"><span style=\"font-size: medium;\"><b><span style=\"color: #ff0000;\">Id\u0151pont: 2019.08.03.<del> \u00e9s 04.\u00a0<\/del>\u00a0 \u00a0<\/span>\u00a0\u00a0 \u00a0 \u00a0 \u00a0 \u00a0 \u00a0 \u00a0 Poz\u00edci\u00f3sz\u00e1m: <\/b><\/span>19\/RSL\/11-12<\/p>\n<p class=\"western\"><span style=\"font-size: medium;\"><b><span style=\"color: #ff0000;\">\u00a0CSAK 08.03-\u00c1N\u00a0 MEGY\u00dcNK!!!<\/span><br \/>\n<\/b><\/span><\/p>\n<p class=\"western\"><span style=\"font-size: medium;\"><b>Utaz\u00e1s:<\/b> az utasl\u00e9tsz\u00e1mnak megfelel\u0151 aut\u00f3busszal <\/span><\/p>\n<p class=\"western\"><span style=\"font-size: medium;\"><b>\u00datvonal:<\/b> Budapest \u2013 Ipolys\u00e1g &#8211; Z\u00f3lyom &#8211; Szli\u00e1cs \u00e9s vissza (kb. 400 km)<\/span><\/p>\n<p class=\"western\"><span style=\"font-size: medium;\"><b>Ell\u00e1t\u00e1s:<\/b> \u00f6nell\u00e1t\u00f3<br \/>\n<\/span><\/p>\n<p class=\"western\"><span style=\"font-size: medium;\"><strong>Id\u0151tartam:<\/strong> 1 nap<\/span><\/p>\n<p>&nbsp;<\/p>\n<p class=\"western\"><span style=\"font-size: medium;\"><b>Indul\u00e1s: 5:30 <\/b>-kor Pestszentl\u0151rincr\u0151l, az \u00dcll\u0151i \u00fat 379-381. LIDL parkol\u00f3b\u00f3l<\/span><\/p>\n<p><span style=\"font-size: medium;\"><b>6:00<\/b>\u2013 kor N\u00e9pliget, M3 n\u00e9pligeti metr\u00f3 meg\u00e1ll\u00f3, Planet\u00e1rium el\u0151l<\/span><\/p>\n<p><img loading=\"lazy\" decoding=\"async\" id=\"irc_mi\" class=\"aligncenter\" src=\"http:\/\/us.123rf.com\/450wm\/jarino47\/jarino471409\/jarino47140900087\/31382895-sliac-slovacchia--30-agosto-airshow-scandinavo--passerella-presso-l-international-fest-aria-siaf-201.jpg\" alt=\"\" width=\"450\" height=\"299\" \/><\/p>\n<p class=\"western\" align=\"justify\"><span style=\"font-size: medium;\">Egynapos kir\u00e1ndul\u00e1sunk keret\u00e9ben a k\u00f6zeli Szil\u00e1cs rep\u00fcl\u0151ter\u00e9re l\u00e1togatunk, amely ma a szlov\u00e1k l\u00e9gier\u0151 MIG-29-eseinek b\u00e1zisa.<\/span><\/p>\n<p class=\"western\" align=\"justify\"><span style=\"font-size: medium;\">A sok-sok \u00e9ve zajl\u00f3 szil\u00e1csi rep\u00fcl\u0151napi utaz\u00e1sunk nagyon k\u00f6zkedvelt Tisztelt Utasaink k\u00f6r\u00e9ben.<br \/>\n<\/span><\/p>\n<p class=\"western\" align=\"justify\"><strong><span style=\"font-size: medium;\">Tekintettel erre, az id\u00e9n el\u0151sz\u00f6r nem csak szombaton, de vas\u00e1rnap is ind\u00edtunk aut\u00f3buszt a SIAF-ra.<\/span><\/strong><\/p>\n<p class=\"western\" align=\"justify\"><strong><span style=\"font-size: medium;\">\u00a0<\/span><\/strong><\/p>\n<p class=\"western\" align=\"justify\"><span style=\"font-size: medium;\">A Sli\u00e1\u010d-i AIR Fest a k\u00f6zels\u00e9ge \u00e9s alacsony \u00e1rai miatt kellemes kir\u00e1ndul\u00e1st \u00edg\u00e9r a rep\u00fcl\u0151napok szerelmeseinek.<\/span><\/p>\n<p class=\"western\" align=\"justify\"><span style=\"font-size: medium;\">Az AIR Fest z\u00e1r\u00e1sa ut\u00e1n indul\u00e1s haza. \u00c9rkez\u00e9s Budapestre a k\u00e9s\u0151 esti \u00f3r\u00e1kban. Lesz\u00e1ll\u00e1si lehet\u0151s\u00e9g az aut\u00f3buszr\u00f3l a felsz\u00e1ll\u00e1ssal megegyez\u0151 helyeken.<\/span><\/p>\n<h2 style=\"text-align: center;\"><span style=\"font-size: x-large;\">R\u00e9szv\u00e9teli d\u00edj: <\/span><\/h2>\n<h2 style=\"text-align: center;\"><span style=\"font-size: x-large;\">egynapos buszjegy: 5 900 Ft <\/span><\/h2>\n<p>&nbsp;<\/p>\n<p><a href=\"https:\/\/www.repulonapok.hu\/wp-content\/uploads\/2016\/01\/siaf.jpg\"><img loading=\"lazy\" decoding=\"async\" class=\"aligncenter wp-image-1313\" src=\"https:\/\/www.repulonapok.hu\/wp-content\/uploads\/2016\/01\/siaf.jpg\" alt=\"siaf\" width=\"601\" height=\"361\" srcset=\"https:\/\/www.repulonapok.hu\/wp-content\/uploads\/2016\/01\/siaf.jpg 453w, https:\/\/www.repulonapok.hu\/wp-content\/uploads\/2016\/01\/siaf-300x180.jpg 300w\" sizes=\"(max-width: 601px) 100vw, 601px\" \/><\/a><\/p>\n<p lang=\"hu-HU\" align=\"justify\"><span style=\"font-size: medium;\">Aj\u00e1nlott k\u00f6lt\u0151p\u00e9nz bel\u00e9p\u0151kre: kb. 14 \u20ac\/nap<\/span><\/p>\n<p lang=\"hu-HU\" align=\"justify\"><span style=\"font-size: medium;\"><b>A r\u00e9szv\u00e9teli d\u00edj tartalmazza:<\/b> az aut\u00f3buszos utaz\u00e1s k\u00f6lts\u00e9geit, <\/span><\/p>\n<p class=\"western\" align=\"justify\"><span style=\"font-size: medium;\"><b>A r\u00e9szv\u00e9teli d\u00edj nem tartalmazza:<\/b> a bel\u00e9p\u0151jegyeket, melyek a helysz\u00ednen fizetend\u0151k \u00e9s a BBP- biztos\u00edt\u00e1st, mely irod\u00e1inkban megk\u00f6thet\u0151k.<\/span><\/p>\n<p lang=\"hu-HU\" align=\"center\"><span style=\"font-size: medium;\"><b>\u00c1rainkat 330 Ft = 1 \u20ac \u00e1rfolyamig tudjuk garant\u00e1lni!<\/b><\/span><\/p>\n<p lang=\"hu-HU\" align=\"center\"><span style=\"font-size: medium;\"><b>\u00c9LM\u00c9NYEKBEN GAZDAG UTAZ\u00c1ST, SOK-SOK REP\u00dcL\u0150G\u00c9PET K\u00cdV\u00c1NUNK!<\/b><\/span><\/p>\n","protected":false},"excerpt":{"rendered":"<p>Kedves &#8222;rep\u00fcl\u0151s&#8221; Bar\u00e1taink! T\u00e1voll\u00e9tem alatt, ha a SIAF-ra szeretn\u00e9tek jelentkezni, akkor Sz\u00e1sz Zsuzsa koll\u00e9gan\u0151met h\u00edvj\u00e1tok! Anik\u00f3 \ud83d\ude42 tel: +36 30 300 4857 ID\u0150PONTV\u00c1LTOZ\u00c1S!!! Kedves Utasaink! Az id\u0151pont v\u00e1ltoz\u00e1s miatt sajnos [&hellip;]<\/p>\n","protected":false},"author":1,"featured_media":0,"parent":0,"menu_order":0,"comment_status":"closed","ping_status":"closed","template":"","meta":{"footnotes":""},"_links":{"self":[{"href":"https:\/\/www.repulonapok.hu\/index.php?rest_route=\/wp\/v2\/pages\/654"}],"collection":[{"href":"https:\/\/www.repulonapok.hu\/index.php?rest_route=\/wp\/v2\/pages"}],"about":[{"href":"https:\/\/www.repulonapok.hu\/index.php?rest_route=\/wp\/v2\/types\/page"}],"author":[{"embeddable":true,"href":"https:\/\/www.repulonapok.hu\/index.php?rest_route=\/wp\/v2\/users\/1"}],"replies":[{"embeddable":true,"href":"https:\/\/www.repulonapok.hu\/index.php?rest_route=%2Fwp%2Fv2%2Fcomments&post=654"}],"version-history":[{"count":24,"href":"https:\/\/www.repulonapok.hu\/index.php?rest_route=\/wp\/v2\/pages\/654\/revisions"}],"predecessor-version":[{"id":2014,"href":"https:\/\/www.repulonapok.hu\/index.php?rest_route=\/wp\/v2\/pages\/654\/revisions\/2014"}],"wp:attachment":[{"href":"https:\/\/www.repulonapok.hu\/index.php?rest_route=%2Fwp%2Fv2%2Fmedia&parent=654"}],"curies":[{"name":"wp","href":"https:\/\/api.w.org\/{rel}","templated":true}]}}