{"id":650,"date":"2016-01-04T13:19:23","date_gmt":"2016-01-04T12:19:23","guid":{"rendered":"http:\/\/www.repulonapok.hu\/?page_id=650"},"modified":"2019-07-15T10:24:25","modified_gmt":"2019-07-15T09:24:25","slug":"aranyosgyeres-2016","status":"publish","type":"page","link":"https:\/\/www.repulonapok.hu\/?page_id=650","title":{"rendered":"Aranyosgy\u00e9res 2019"},"content":{"rendered":"<h1><span style=\"color: #ff0000;\">Kedves Utasaink!<\/span><\/h1>\n<h1><span style=\"color: #ff0000;\">Sajn\u00e1latunkra ez az utaz\u00e1s elmarad&#8230; <\/span><\/h1>\n<p>&nbsp;<\/p>\n<p><strong>Id\u0151pont<span style=\"text-decoration: underline;\"> v\u00e1rhat\u00f3an<\/span>:\u00a0\u00a0\u00a0\u00a0\u00a0\u00a0\u00a0\u00a0\u00a0\u00a0\u00a0\u00a0\u00a0\u00a0\u00a0\u00a0\u00a0\u00a0\u00a0\u00a0\u00a0\u00a0\u00a0\u00a0 <\/strong>Poz\u00edci\u00f3sz\u00e1m: 18\/ANR\/10<\/p>\n<p><strong>Utaz\u00e1s:<\/strong> az utasl\u00e9tsz\u00e1mnak megfelel\u0151 aut\u00f3busszal<\/p>\n<p><strong>\u00datvonal:<\/strong> Budapest \u2013 Szolnok \u2013 \u00c1rt\u00e1nd \u2013 Kir\u00e1lyh\u00e1g\u00f3 \u2013 Kolozsv\u00e1r \u2013 Aranyosgy\u00e9res \u2013 Budapest \u00fatvonalon (kb. 1 000 km)<\/p>\n<p><strong>Ell\u00e1t\u00e1s:<\/strong> f\u00e9lpanzi\u00f3<\/p>\n<p><strong>Sz\u00e1ll\u00e1s\/elhelyez\u00e9s:<\/strong> 1 \u00e9jszaka falusi turizmusban, mag\u00e1nh\u00e1zakn\u00e1l, k\u00e9t\u00e1gyas szob\u00e1kban \u2013 k\u00f6z\u00f6s f\u00fcrd\u0151szoba haszn\u00e1lattal. (1-1 csal\u00e1dn\u00e1l 4-6 f\u0151 ker\u00fcl elhelyez\u00e9sre)<\/p>\n<p>&nbsp;<\/p>\n<p class=\"western\" align=\"center\"><a href=\"https:\/\/www.repulonapok.hu\/wp-content\/uploads\/2016\/01\/71st_AB_Control_Tower.jpg\"><img loading=\"lazy\" decoding=\"async\" class=\"aligncenter wp-image-980\" src=\"https:\/\/www.repulonapok.hu\/wp-content\/uploads\/2016\/01\/71st_AB_Control_Tower.jpg\" alt=\"71st_AB_Control_Tower\" width=\"700\" height=\"393\" srcset=\"https:\/\/www.repulonapok.hu\/wp-content\/uploads\/2016\/01\/71st_AB_Control_Tower.jpg 4000w, https:\/\/www.repulonapok.hu\/wp-content\/uploads\/2016\/01\/71st_AB_Control_Tower-300x169.jpg 300w, https:\/\/www.repulonapok.hu\/wp-content\/uploads\/2016\/01\/71st_AB_Control_Tower-1024x575.jpg 1024w\" sizes=\"(max-width: 700px) 100vw, 700px\" \/><\/a><\/p>\n<p class=\"western\" align=\"center\"><span style=\"font-size: large;\"><u><b>PROGRAM:<\/b><\/u><\/span><\/p>\n<p lang=\"hu-HU\" align=\"justify\"><span style=\"font-size: medium;\"><b>1. nap: Felsz\u00e1ll\u00e1si lehet\u0151s\u00e9gek:<\/b><\/span><\/p>\n<p class=\"western\" align=\"justify\"><span style=\"font-size: medium;\"><strong>5:45<\/strong> Budapest, N\u00e9pliget, Planet\u00e1rium f\u0151bej\u00e1rata el\u0151l<\/span><\/p>\n<p class=\"western\" align=\"justify\"><span style=\"font-size: medium;\"><strong>6:20<\/strong> Pestszentl\u0151rinc, \u00dcll\u0151i \u00fat 379-381. LIDL parkol\u00f3<\/span><\/p>\n<p class=\"western\" align=\"justify\"><span style=\"font-size: medium;\">Felt\u00e9teles meg\u00e1ll\u00f3k: 4-es sz. f\u0151\u00faton Szolnok, Karcag, Beretty\u00f3\u00fajfalu (MOL k\u00fat). Folyamatos utaz\u00e1s r\u00f6vid pihen\u0151kkel. D\u00e9l k\u00f6r\u00fcl eb\u00e9dsz\u00fcnet a kir\u00e1ly-h\u00e1g\u00f3n. A d\u00e9lut\u00e1nt Kolozsv\u00e1ron t\u00f6ltj\u00fck: el\u0151sz\u00f6r a H\u00e1zsongr\u00e1di temet\u0151ben m\u00e9csest helyez\u00fcnk el Martin Lajos s\u00edrj\u00e1n, aki a magyar rep\u00fcl\u00e9s \u00fatt\u00f6r\u0151 kutat\u00f3ja volt. Tov\u00e1bb\u00e1 megismerked\u00fcnk Kolozsv\u00e1r n\u00e9h\u00e1ny nevezetess\u00e9g\u00e9vel. Kora este k\u00f6zeli sz\u00e1ll\u00e1shely\u00fcnkre megy\u00fcnk, ahol a vend\u00e9gl\u00e1t\u00f3k p\u00e1link\u00e1val k\u00f6sz\u00f6ntik az \u00e9rkez\u0151t. Szabadid\u0151., vacsora.<\/span><\/p>\n<p class=\"western\" align=\"justify\"><a href=\"https:\/\/www.repulonapok.hu\/wp-content\/uploads\/2016\/01\/mig-21-a.jpg\"><img loading=\"lazy\" decoding=\"async\" class=\"aligncenter wp-image-982\" src=\"https:\/\/www.repulonapok.hu\/wp-content\/uploads\/2016\/01\/mig-21-a.jpg\" alt=\"mig 21 a\" width=\"700\" height=\"525\" srcset=\"https:\/\/www.repulonapok.hu\/wp-content\/uploads\/2016\/01\/mig-21-a.jpg 800w, https:\/\/www.repulonapok.hu\/wp-content\/uploads\/2016\/01\/mig-21-a-300x225.jpg 300w\" sizes=\"(max-width: 700px) 100vw, 700px\" \/><\/a><\/p>\n<p class=\"western\" align=\"justify\"><span style=\"font-size: medium;\"><b>2. nap:<\/b><\/span><span style=\"font-size: medium;\"> B\u0151s\u00e9ges korai reggeli ut\u00e1n az aut\u00f3p\u00e1ly\u00e1n Torda fel\u00e9 indulunk. A v\u00e1roshoz k\u00f6zeli aranyosl\u00f3nai fenns\u00edkon helyezkedik a rom\u00e1n l\u00e9gier\u0151 hadi-rep\u00fcl\u0151tere. A napot itt t\u00f6ltj\u00fck a l\u00e9gier\u0151 \u201eNy\u00edlt kapuk\u201d napj\u00e1n. Kora d\u00e9lut\u00e1n a kapuk z\u00e1r\u00e1sa ut\u00e1n gy\u00fclekez\u0151 az aut\u00f3buszn\u00e1l, majd indul\u00e1s Budapestre. Folyamatos utaz\u00e1s \u00e9rkez\u00e9s a k\u00e9s\u0151 \u00e9jjeli \u00f3r\u00e1kban Budapestre. Lesz\u00e1ll\u00e1si lehet\u0151s\u00e9g a felsz\u00e1ll\u00e1ssal megegyez\u0151 helyeken.<\/span><\/p>\n<p align=\"center\"><span style=\"font-size: medium;\"><span style=\"font-size: x-large;\"><b>R\u00e9szv\u00e9teli d\u00edj: 21 000 Ft\/f\u0151<\/b><\/span><\/span><\/p>\n<p align=\"center\"><span style=\"font-size: small;\"><b>( A valuta \u00e1rf. ingadoz\u00e1sa miatt befizet\u00e9s a napi \u00e1rf. figyelembe v\u00e9tel\u00e9vel!)<\/b><\/span><\/p>\n<p align=\"center\"><a href=\"https:\/\/www.repulonapok.hu\/wp-content\/uploads\/2016\/01\/MiG-21_LanceR_C.jpg\"><img loading=\"lazy\" decoding=\"async\" class=\"aligncenter wp-image-983\" src=\"https:\/\/www.repulonapok.hu\/wp-content\/uploads\/2016\/01\/MiG-21_LanceR_C.jpg\" alt=\"MiG-21_LanceR_C\" width=\"701\" height=\"526\" srcset=\"https:\/\/www.repulonapok.hu\/wp-content\/uploads\/2016\/01\/MiG-21_LanceR_C.jpg 2560w, https:\/\/www.repulonapok.hu\/wp-content\/uploads\/2016\/01\/MiG-21_LanceR_C-300x225.jpg 300w, https:\/\/www.repulonapok.hu\/wp-content\/uploads\/2016\/01\/MiG-21_LanceR_C-1024x768.jpg 1024w\" sizes=\"(max-width: 701px) 100vw, 701px\" \/><\/a><\/p>\n<p align=\"center\"><span style=\"font-size: medium;\"><b>Egy\u00e1gyas fel\u00e1r:<\/b> 5000 Ft\/f\u0151 <\/span><\/p>\n<p class=\"western\" align=\"justify\"><b>A r\u00e9szv\u00e9teli d\u00edj tartalmazza:<\/b> a 1 \u00e9jszakai sz\u00e1ll\u00e1st f\u00e9lpanzi\u00f3val (vacsora+reggeli= b\u0151s\u00e9ges falusi koszt), az aut\u00f3buszos utaz\u00e1st \u00e9s a csoportk\u00eds\u00e9r\u00e9st<\/p>\n<p class=\"western\" align=\"justify\"><b>A r\u00e9szv\u00e9teli d\u00edj nem tartalmazza:<\/b> a bel\u00e9p\u0151jegyeket \u00e9s a baleset-, betegs\u00e9g-, poggy\u00e1szbiztos\u00edt\u00e1st (500 Ft\/f\u0151\/nap, 70 \u00e9ves kor felett 100% fel\u00e1r)<\/p>\n<p class=\"western\" align=\"center\"><span style=\"font-size: large;\"><b>Jelentkez\u00e9s on-line: <\/b><\/span><span style=\"color: #0000ff;\"><u><a class=\"western\" href=\"mailto:info@goforgo.hu\"><span style=\"font-size: large;\">info@goforgo.hu<\/span><\/a><\/u><\/span><\/p>\n<p class=\"western\" align=\"center\"><a href=\"https:\/\/www.repulonapok.hu\/wp-content\/uploads\/2016\/01\/mig21.jpg\"><img loading=\"lazy\" decoding=\"async\" class=\"aligncenter wp-image-981\" src=\"https:\/\/www.repulonapok.hu\/wp-content\/uploads\/2016\/01\/mig21.jpg\" alt=\"mig21\" width=\"575\" height=\"383\" srcset=\"https:\/\/www.repulonapok.hu\/wp-content\/uploads\/2016\/01\/mig21.jpg 2048w, https:\/\/www.repulonapok.hu\/wp-content\/uploads\/2016\/01\/mig21-300x200.jpg 300w, https:\/\/www.repulonapok.hu\/wp-content\/uploads\/2016\/01\/mig21-1024x683.jpg 1024w\" sizes=\"(max-width: 575px) 100vw, 575px\" \/><\/a><\/p>\n","protected":false},"excerpt":{"rendered":"<p>Kedves Utasaink! Sajn\u00e1latunkra ez az utaz\u00e1s elmarad&#8230; &nbsp; Id\u0151pont v\u00e1rhat\u00f3an:\u00a0\u00a0\u00a0\u00a0\u00a0\u00a0\u00a0\u00a0\u00a0\u00a0\u00a0\u00a0\u00a0\u00a0\u00a0\u00a0\u00a0\u00a0\u00a0\u00a0\u00a0\u00a0\u00a0\u00a0 Poz\u00edci\u00f3sz\u00e1m: 18\/ANR\/10 Utaz\u00e1s: az utasl\u00e9tsz\u00e1mnak megfelel\u0151 aut\u00f3busszal \u00datvonal: Budapest \u2013 Szolnok \u2013 \u00c1rt\u00e1nd \u2013 Kir\u00e1lyh\u00e1g\u00f3 \u2013 Kolozsv\u00e1r \u2013 Aranyosgy\u00e9res \u2013 [&hellip;]<\/p>\n","protected":false},"author":1,"featured_media":0,"parent":0,"menu_order":0,"comment_status":"closed","ping_status":"closed","template":"","meta":{"footnotes":""},"_links":{"self":[{"href":"https:\/\/www.repulonapok.hu\/index.php?rest_route=\/wp\/v2\/pages\/650"}],"collection":[{"href":"https:\/\/www.repulonapok.hu\/index.php?rest_route=\/wp\/v2\/pages"}],"about":[{"href":"https:\/\/www.repulonapok.hu\/index.php?rest_route=\/wp\/v2\/types\/page"}],"author":[{"embeddable":true,"href":"https:\/\/www.repulonapok.hu\/index.php?rest_route=\/wp\/v2\/users\/1"}],"replies":[{"embeddable":true,"href":"https:\/\/www.repulonapok.hu\/index.php?rest_route=%2Fwp%2Fv2%2Fcomments&post=650"}],"version-history":[{"count":21,"href":"https:\/\/www.repulonapok.hu\/index.php?rest_route=\/wp\/v2\/pages\/650\/revisions"}],"predecessor-version":[{"id":2005,"href":"https:\/\/www.repulonapok.hu\/index.php?rest_route=\/wp\/v2\/pages\/650\/revisions\/2005"}],"wp:attachment":[{"href":"https:\/\/www.repulonapok.hu\/index.php?rest_route=%2Fwp%2Fv2%2Fmedia&parent=650"}],"curies":[{"name":"wp","href":"https:\/\/api.w.org\/{rel}","templated":true}]}}