{"id":629,"date":"2016-01-04T13:14:37","date_gmt":"2016-01-04T12:14:37","guid":{"rendered":"http:\/\/www.repulonapok.hu\/?page_id=629"},"modified":"2026-02-20T16:24:29","modified_gmt":"2026-02-20T15:24:29","slug":"mosonmagyarovar-2016","status":"publish","type":"page","link":"https:\/\/www.repulonapok.hu\/?page_id=629","title":{"rendered":"Mosonmagyar\u00f3v\u00e1r 2026"},"content":{"rendered":"<p><a href=\"https:\/\/www.repulonapok.hu\/wp-content\/uploads\/2026\/02\/racelogo2026-1536x1466-1.jpg\"><img loading=\"lazy\" decoding=\"async\" class=\"aligncenter  wp-image-3277\" src=\"https:\/\/www.repulonapok.hu\/wp-content\/uploads\/2026\/02\/racelogo2026-1536x1466-1.jpg\" alt=\"\" width=\"541\" height=\"517\" srcset=\"https:\/\/www.repulonapok.hu\/wp-content\/uploads\/2026\/02\/racelogo2026-1536x1466-1.jpg 1536w, https:\/\/www.repulonapok.hu\/wp-content\/uploads\/2026\/02\/racelogo2026-1536x1466-1-300x286.jpg 300w, https:\/\/www.repulonapok.hu\/wp-content\/uploads\/2026\/02\/racelogo2026-1536x1466-1-1024x977.jpg 1024w, https:\/\/www.repulonapok.hu\/wp-content\/uploads\/2026\/02\/racelogo2026-1536x1466-1-768x733.jpg 768w\" sizes=\"(max-width: 541px) 100vw, 541px\" \/><\/a><\/p>\n<p class=\"western\" align=\"center\"><span style=\"font-size: xx-large;\"><span style=\"text-decoration: underline;\"><b>MOSON-SHOW, MOSONMAGYAR\u00d3V\u00c1R<\/b><\/span><\/span><i><b> <\/b><\/i><\/p>\n<h3 class=\"western\" align=\"center\"><strong>Id\u0151pont: 2026. 04. 25.<\/strong><\/h3>\n<p class=\"western\" align=\"center\">Az aut\u00f3busz reggel <strong>05.30 \u2013 kor Pestszentl\u0151rincr\u0151l<\/strong>, az \u00dcll\u0151i \u00fat 379-381. LIDL parkol\u00f3b\u00f3l<\/p>\n<p class=\"western\" align=\"center\">\u00e9s<strong> 06.00-kor <\/strong>Budapest, Ecseri \u00fat, OMV benzink\u00fat, belv\u00e1ros fel\u00e9 vezet\u0151 oldal (\u00dcll\u0151i \u00fat 110.)<\/p>\n<p class=\"western\" align=\"center\">Eur\u00f3pa egyik legnagyobb, legjelent\u0151sebb ilyen jelleg\u0171 rendezv\u00e9nye v\u00e1rja a makettez\u00e9s h\u00edveit.<\/p>\n<p class=\"western\" align=\"center\">b\u0151vebb inform\u00e1ci\u00f3: <a href=\"http:\/\/www.mosonshow.hu\">http:\/\/www.mosonshow.hu<\/a><\/p>\n<p class=\"western\" align=\"center\">Haza indul\u00e1s: 18.00-kor.<\/p>\n<p class=\"western\" align=\"center\"><span style=\"font-size: x-large;\"><b>A rendezv\u00e9nyt a GOforGO Travel \u00e1ltal t\u00e1mogatva a <\/b><\/span><\/p>\n<p class=\"western\" align=\"center\"><span style=\"font-size: x-large;\"><b>R\u00e9szv\u00e9teli d\u00edj: 9 000 Ft<\/b><\/span><\/p>\n<p><b>A r\u00e9szv\u00e9teli d\u00edj tartalmazza:<\/b> az aut\u00f3buszos utaz\u00e1s k\u00f6lts\u00e9geit<\/p>\n<h2 class=\"western\" align=\"center\"><b>jelentkezni: <\/b><span style=\"text-decoration: underline;\"><a href=\"mailto:info@goforgo.hu\"><b>info@goforgo.hu<\/b><\/a><\/span><\/h2>\n<p><a href=\"https:\/\/www.repulonapok.hu\/wp-content\/uploads\/2025\/01\/Moson-Kuzdoter-1.jpg\"><img loading=\"lazy\" decoding=\"async\" class=\"aligncenter size-full wp-image-3035\" src=\"https:\/\/www.repulonapok.hu\/wp-content\/uploads\/2025\/01\/Moson-Kuzdoter-1.jpg\" alt=\"\" width=\"1181\" height=\"886\" srcset=\"https:\/\/www.repulonapok.hu\/wp-content\/uploads\/2025\/01\/Moson-Kuzdoter-1.jpg 1181w, https:\/\/www.repulonapok.hu\/wp-content\/uploads\/2025\/01\/Moson-Kuzdoter-1-300x225.jpg 300w, https:\/\/www.repulonapok.hu\/wp-content\/uploads\/2025\/01\/Moson-Kuzdoter-1-1024x768.jpg 1024w, https:\/\/www.repulonapok.hu\/wp-content\/uploads\/2025\/01\/Moson-Kuzdoter-1-768x576.jpg 768w\" sizes=\"(max-width: 1181px) 100vw, 1181px\" \/><\/a><\/p>\n<p><a href=\"https:\/\/www.repulonapok.hu\/wp-content\/uploads\/2026\/02\/mosonshow-2026-makett-kiallitas-mosonmagyarovar-1.jpg\"><img loading=\"lazy\" decoding=\"async\" class=\"aligncenter size-full wp-image-3278\" src=\"https:\/\/www.repulonapok.hu\/wp-content\/uploads\/2026\/02\/mosonshow-2026-makett-kiallitas-mosonmagyarovar-1.jpg\" alt=\"\" width=\"1140\" height=\"652\" srcset=\"https:\/\/www.repulonapok.hu\/wp-content\/uploads\/2026\/02\/mosonshow-2026-makett-kiallitas-mosonmagyarovar-1.jpg 1140w, https:\/\/www.repulonapok.hu\/wp-content\/uploads\/2026\/02\/mosonshow-2026-makett-kiallitas-mosonmagyarovar-1-300x172.jpg 300w, https:\/\/www.repulonapok.hu\/wp-content\/uploads\/2026\/02\/mosonshow-2026-makett-kiallitas-mosonmagyarovar-1-1024x586.jpg 1024w, https:\/\/www.repulonapok.hu\/wp-content\/uploads\/2026\/02\/mosonshow-2026-makett-kiallitas-mosonmagyarovar-1-768x439.jpg 768w\" sizes=\"(max-width: 1140px) 100vw, 1140px\" \/><\/a><\/p>\n","protected":false},"excerpt":{"rendered":"<p>MOSON-SHOW, MOSONMAGYAR\u00d3V\u00c1R Id\u0151pont: 2026. 04. 25. Az aut\u00f3busz reggel 05.30 \u2013 kor Pestszentl\u0151rincr\u0151l, az \u00dcll\u0151i \u00fat 379-381. LIDL parkol\u00f3b\u00f3l \u00e9s 06.00-kor Budapest, Ecseri \u00fat, OMV benzink\u00fat, belv\u00e1ros fel\u00e9 vezet\u0151 oldal [&hellip;]<\/p>\n","protected":false},"author":1,"featured_media":0,"parent":0,"menu_order":0,"comment_status":"closed","ping_status":"closed","template":"","meta":{"footnotes":""},"_links":{"self":[{"href":"https:\/\/www.repulonapok.hu\/index.php?rest_route=\/wp\/v2\/pages\/629"}],"collection":[{"href":"https:\/\/www.repulonapok.hu\/index.php?rest_route=\/wp\/v2\/pages"}],"about":[{"href":"https:\/\/www.repulonapok.hu\/index.php?rest_route=\/wp\/v2\/types\/page"}],"author":[{"embeddable":true,"href":"https:\/\/www.repulonapok.hu\/index.php?rest_route=\/wp\/v2\/users\/1"}],"replies":[{"embeddable":true,"href":"https:\/\/www.repulonapok.hu\/index.php?rest_route=%2Fwp%2Fv2%2Fcomments&post=629"}],"version-history":[{"count":40,"href":"https:\/\/www.repulonapok.hu\/index.php?rest_route=\/wp\/v2\/pages\/629\/revisions"}],"predecessor-version":[{"id":3281,"href":"https:\/\/www.repulonapok.hu\/index.php?rest_route=\/wp\/v2\/pages\/629\/revisions\/3281"}],"wp:attachment":[{"href":"https:\/\/www.repulonapok.hu\/index.php?rest_route=%2Fwp%2Fv2%2Fmedia&parent=629"}],"curies":[{"name":"wp","href":"https:\/\/api.w.org\/{rel}","templated":true}]}}