{"id":622,"date":"2016-01-04T13:08:57","date_gmt":"2016-01-04T12:08:57","guid":{"rendered":"http:\/\/www.repulonapok.hu\/?page_id=622"},"modified":"2022-07-20T06:33:48","modified_gmt":"2022-07-20T05:33:48","slug":"erding-2016","status":"publish","type":"page","link":"https:\/\/www.repulonapok.hu\/?page_id=622","title":{"rendered":"Erding 2022"},"content":{"rendered":"<p class=\"western\"><span style=\"font-size: medium;\"><b> Id\u0151pont: 2022.09.30-10.03.\u00a0 \u00a0 \u00a0 \u00a0 \u00a0 \u00a0 \u00a0 \u00a0 \u00a0 \u00a0 \u00a0 \u00a0Poz\u00edci\u00f3sz\u00e1m: 22\/REM\/7<\/b><\/span><\/p>\n<p class=\"western\"><span style=\"font-size: medium;\"><b>Utaz\u00e1s:<\/b> az utasl\u00e9tsz\u00e1mnak megfelel\u0151 aut\u00f3busszal <\/span><\/p>\n<p class=\"western\"><span style=\"font-size: medium;\"><b>\u00datvonal:<\/b> Budapest \u2013 B\u00e9cs \u2013 Linz \u2013 Braunau am Inn \u2013 Erding \u00e9s vissza (kb. 1300 km)\u00a0\u00a0\u00a0 <\/span><\/p>\n<p class=\"western\"><span style=\"font-size: medium;\"><b>Ell\u00e1t\u00e1s:<\/b> reggeli<\/span><\/p>\n<p class=\"western\"><span style=\"font-size: medium;\"><b>Sz\u00e1ll\u00e1s\/elhelyez\u00e9s:<\/b> <span style=\"font-size: medium;\">2 \u00e9jszaka Eittingben, mag\u00e1npanzi\u00f3ban 2-3 \u00e1gyas szob\u00e1kban. zuhanyz\u00f3 \u00e9s WC a foly\u00f3s\u00f3n, j\u00f3l felszerelt k\u00f6z\u00f6s konyha<\/span><\/span><\/p>\n<p class=\"western\" style=\"text-align: center;\"><span style=\"font-size: large;\"><b>PROGRAM:<\/b><\/span><\/p>\n<p class=\"western\"><span style=\"font-size: medium;\"><b>1. nap: Indul\u00e1s:<\/b><\/span><\/p>\n<p class=\"western\"><span style=\"font-size: medium;\"><b>6:30<\/b>&#8211; kor Pestszentl\u0151rincr\u0151l, az \u00dcll\u0151i \u00fat 379-381. LIDL parkol\u00f3b\u00f3l<\/span><\/p>\n<p class=\"western\" align=\"justify\"><span style=\"font-size: medium;\"><b>7:00 <\/b>&#8211; kor Budapest, Ecseri \u00fati Metr\u00f3 meg\u00e1ll\u00f3, OMV benzink\u00fat, befel\u00e9 vezet\u0151 oldal, \u00dcll\u0151i \u00fat 110.<\/span><\/p>\n<p style=\"text-align: center;\"><u><b><a href=\"https:\/\/www.repulonapok.hu\/wp-content\/uploads\/2016\/01\/head15.jpg\"><img loading=\"lazy\" decoding=\"async\" class=\"aligncenter size-full wp-image-776\" src=\"https:\/\/www.repulonapok.hu\/wp-content\/uploads\/2016\/01\/head15.jpg\" alt=\"head15\" width=\"600\" height=\"160\" srcset=\"https:\/\/www.repulonapok.hu\/wp-content\/uploads\/2016\/01\/head15.jpg 600w, https:\/\/www.repulonapok.hu\/wp-content\/uploads\/2016\/01\/head15-300x80.jpg 300w\" sizes=\"(max-width: 600px) 100vw, 600px\" \/><\/a><\/b><\/u><\/p>\n<p style=\"text-align: center;\"><span style=\"font-size: medium;\"><u><b>PROGRAM:<\/b><\/u><\/span><\/p>\n<p class=\"western\" align=\"justify\"><span style=\"font-size: medium;\"><b>1. nap: <\/b><span style=\"font-size: medium;\">Folyamatos utaz\u00e1s r\u00f6vid pihen\u0151kkel. Az els\u0151 napon Eittingig utazunk. \u00datk\u00f6zben egy kev\u00e9sb\u00e9 ismert haditechnikai m\u00fazeumot tekint\u00fcnk meg. Ez a m\u00fazeum \u2013 f\u0151k\u00e9nt II.V.H.-s fegyvereket, p\u00e1nc\u00e9losokat bemutat\u00f3 mag\u00e1ngy\u0171jtem\u00e9ny, &#8211; a Military Museum Sonntagberg (<\/span><u><a class=\"western\" href=\"http:\/\/www.militaermuseum.com\/\"><span style=\"font-size: medium;\">http:\/\/www.militaermuseum.com\/<\/span><\/a><\/u><span style=\"font-size: medium;\"> bel\u00e9p\u0151: 7 \u20ac). Ezut\u00e1n tov\u00e1bb utazunk M\u00fcnchen k\u00f6rny\u00e9ki sz\u00e1ll\u00e1shely\u00fcnkre.<\/span><\/span><\/p>\n<blockquote>\n<p class=\"western\" align=\"justify\"><span style=\"font-size: medium;\"><b>2. nap:<\/b><\/span><span style=\"font-size: medium;\"> Reggel indul\u00e1s ERDING-be, ahol 8.alkalommal ker\u00fcl megrendez\u00e9sre az \u201e8. Bajor Modellnapok\u201d. A nagyszab\u00e1s\u00fa rendezv\u00e9ny keret\u00e9ben makett ki\u00e1ll\u00edt\u00e1s \u00e9s verseny, illetve hatalmas b\u00f6rze v\u00e1rja az \u00e9rdekl\u0151d\u0151ket. Inf\u00f3: <\/span><a class=\"western\" href=\"http:\/\/www.bayerische-modellbautage.de\/\"><span style=\"font-size: medium;\">http:\/\/www.bayerische-modellbautage.de\/<\/span><\/a><span style=\"font-size: medium;\"> (bel\u00e9p\u0151: 5 \u20ac). Utasainknak lehet\u0151s\u00e9ge ny\u00edlik maketteket ki\u00e1ll\u00edtani \u00e9s versenyeztetni. \u00c1rusoknak el\u0151re kell asztalt foglalni, ez\u00e9rt k\u00e9rj\u00fck ilyen jelleg\u0171 ig\u00e9ny\u00fcket id\u0151ben jelezz\u00e9k! Napk\u00f6zben fakultat\u00edv (ingyenes) program keret\u00e9ben megl\u00e1togatjuk a M\u00fcncheni rep\u00fcl\u0151t\u00e9r L\u00e1togat\u00f3i K\u00f6zpontj\u00e1t (Besucherpark, bel\u00e9p\u0151: 2 \u20ac)<\/span><\/p>\n<\/blockquote>\n<p class=\"western\" align=\"justify\"><a href=\"https:\/\/www.repulonapok.hu\/wp-content\/uploads\/2016\/01\/m\u00fcnchen-1.jpg\"><img loading=\"lazy\" decoding=\"async\" class=\"aligncenter wp-image-778\" src=\"https:\/\/www.repulonapok.hu\/wp-content\/uploads\/2016\/01\/m\u00fcnchen-1.jpg\" alt=\"m\u00fcnchen 1\" width=\"600\" height=\"437\" \/><\/a><\/p>\n<p class=\"western\" align=\"justify\"><span style=\"font-size: medium;\"> A rendezv\u00e9ny z\u00e1r\u00e1sa ut\u00e1n indul\u00e1s a sz\u00e1ll\u00e1shelyre. Vacsor\u00e1z\u00e1si lehet\u0151s\u00e9g a panzi\u00f3 melletti bajor s\u00f6r\u00f6z\u0151ben.<\/span><\/p>\n<p class=\"western\" align=\"justify\"><span style=\"font-size: medium;\"><b>3. nap:<\/b><\/span><span style=\"font-size: medium;\"> Reggel indul\u00e1s a makett ki\u00e1ll\u00edt\u00e1s \u00e9s verseny helysz\u00edn\u00e9re. (Fakultat\u00edv kir\u00e1ndul\u00e1si lehet\u0151s\u00e9g a csoportk\u00eds\u00e9r\u0151 seg\u00edts\u00e9g\u00e9vel: Helyi gyorsvas\u00fattal be lehet utazni M\u00fcnchenbe, kb. 50 perces \u00fattal. (Javasolt az \u00f6sszes k\u00f6rzetre vonatkoz\u00f3 napijegy \u2013 Tageskarte, Gesamtnetz (alle Zonen)\u2013 megv\u00e9tele, mely kb.10 \u20ac) Az erdingi rendezv\u00e9ny kb.16 \u00f3rai z\u00e1r\u00e1s\u00e1t k\u00f6vet\u0151en, hazafel\u00e9 indulunk. Folyamatos utaz\u00e1s r\u00f6vid pihen\u0151kkel. \u00c9jszaka a buszon.<\/span><\/p>\n<p class=\"western\" align=\"justify\"><a href=\"https:\/\/www.repulonapok.hu\/wp-content\/uploads\/2016\/01\/head7.jpg\"><img loading=\"lazy\" decoding=\"async\" class=\"aligncenter size-full wp-image-779\" src=\"https:\/\/www.repulonapok.hu\/wp-content\/uploads\/2016\/01\/head7.jpg\" alt=\"head7\" width=\"600\" height=\"160\" srcset=\"https:\/\/www.repulonapok.hu\/wp-content\/uploads\/2016\/01\/head7.jpg 600w, https:\/\/www.repulonapok.hu\/wp-content\/uploads\/2016\/01\/head7-300x80.jpg 300w\" sizes=\"(max-width: 600px) 100vw, 600px\" \/><\/a><\/p>\n<p class=\"western\" align=\"justify\"><span style=\"font-size: medium;\"><b>4. nap:<\/b><\/span><span style=\"font-size: medium;\"> \u00c9rkez\u00e9s Budapestre a hajnali \u00f3r\u00e1kban. Lesz\u00e1ll\u00e1si lehet\u0151s\u00e9g az aut\u00f3buszr\u00f3l a felsz\u00e1ll\u00e1ssal megegyez\u0151 helyeken.<\/span><\/p>\n<h2 class=\"western\" lang=\"hu-HU\" style=\"text-align: center;\"><span style=\"font-size: x-large;\">R\u00e9szv\u00e9teli d\u00edj: 42 900.- +\u00a0 sz\u00e1ll\u00e1s<br \/>\n<\/span><\/h2>\n<p align=\"center\"><span style=\"font-size: small;\"><b>( A valuta \u00e1rf. ingadoz\u00e1sa miatt befizet\u00e9s a napi \u00e1rf. figyelembe v\u00e9tel\u00e9vel!)<\/b><\/span><\/p>\n<p lang=\"hu-HU\" align=\"center\"><span style=\"font-size: medium;\"><b>Aj\u00e1nlott k\u00f6lt\u0151p\u00e9nz bel\u00e9p\u0151kre:<\/b> kb. 10-15 \u20ac <\/span><\/p>\n<p><span style=\"font-size: medium;\"><b>A r\u00e9szv\u00e9teli d\u00edj tartalmazza:<\/b> a sz\u00e1ll\u00e1sk\u00f6lts\u00e9get, reggelivel \u00e9s az aut\u00f3buszos utaz\u00e1s k\u00f6lts\u00e9geit.<\/span><\/p>\n<p class=\"western\"><span style=\"font-size: medium;\"><b>A r\u00e9szv\u00e9teli d\u00edj nem tartalmazza:<\/b> a napi bel\u00e9p\u0151jegyeket (ki\u00e1ll\u00edt\u00f3knak nem), melyek a helysz\u00ednen fizetend\u0151k, a BBP- biztos\u00edt\u00e1st, mely irod\u00e1inkban megk\u00f6thet\u0151k!<\/span><\/p>\n<p lang=\"hu-HU\" align=\"center\"><span style=\"font-size: medium;\"><b>\u00c1rainkat 390 Ft = 1 \u20ac \u00e1rfolyamig tudjuk garant\u00e1lni!<\/b><\/span><\/p>\n<p lang=\"hu-HU\" align=\"center\"><span style=\"font-size: medium;\"><b>\u00c9LM\u00c9NYEKBEN GAZDAG UTAZ\u00c1ST, SOK-SOK REP\u00dcL\u0150G\u00c9PET K\u00cdV\u00c1NUNK!<\/b><\/span><\/p>\n","protected":false},"excerpt":{"rendered":"<p>Id\u0151pont: 2022.09.30-10.03.\u00a0 \u00a0 \u00a0 \u00a0 \u00a0 \u00a0 \u00a0 \u00a0 \u00a0 \u00a0 \u00a0 \u00a0Poz\u00edci\u00f3sz\u00e1m: 22\/REM\/7 Utaz\u00e1s: az utasl\u00e9tsz\u00e1mnak megfelel\u0151 aut\u00f3busszal \u00datvonal: Budapest \u2013 B\u00e9cs \u2013 Linz \u2013 Braunau am Inn \u2013 [&hellip;]<\/p>\n","protected":false},"author":1,"featured_media":0,"parent":0,"menu_order":0,"comment_status":"closed","ping_status":"closed","template":"","meta":{"footnotes":""},"_links":{"self":[{"href":"https:\/\/www.repulonapok.hu\/index.php?rest_route=\/wp\/v2\/pages\/622"}],"collection":[{"href":"https:\/\/www.repulonapok.hu\/index.php?rest_route=\/wp\/v2\/pages"}],"about":[{"href":"https:\/\/www.repulonapok.hu\/index.php?rest_route=\/wp\/v2\/types\/page"}],"author":[{"embeddable":true,"href":"https:\/\/www.repulonapok.hu\/index.php?rest_route=\/wp\/v2\/users\/1"}],"replies":[{"embeddable":true,"href":"https:\/\/www.repulonapok.hu\/index.php?rest_route=%2Fwp%2Fv2%2Fcomments&post=622"}],"version-history":[{"count":20,"href":"https:\/\/www.repulonapok.hu\/index.php?rest_route=\/wp\/v2\/pages\/622\/revisions"}],"predecessor-version":[{"id":2583,"href":"https:\/\/www.repulonapok.hu\/index.php?rest_route=\/wp\/v2\/pages\/622\/revisions\/2583"}],"wp:attachment":[{"href":"https:\/\/www.repulonapok.hu\/index.php?rest_route=%2Fwp%2Fv2%2Fmedia&parent=622"}],"curies":[{"name":"wp","href":"https:\/\/api.w.org\/{rel}","templated":true}]}}