{"id":535,"date":"2015-03-20T20:17:26","date_gmt":"2015-03-20T19:17:26","guid":{"rendered":"http:\/\/www.repulonapok.hu\/?page_id=535"},"modified":"2020-01-27T09:28:09","modified_gmt":"2020-01-27T08:28:09","slug":"rivolto-2015-non-stop","status":"publish","type":"page","link":"https:\/\/www.repulonapok.hu\/?page_id=535","title":{"rendered":"Rivolto 2020 NON Stop"},"content":{"rendered":"<p class=\"western\" align=\"left\"><a href=\"https:\/\/www.repulonapok.hu\/wp-content\/uploads\/2015\/03\/Frecce-Tricolori.jpg\"><img loading=\"lazy\" decoding=\"async\" class=\"aligncenter size-full wp-image-2070\" src=\"https:\/\/www.repulonapok.hu\/wp-content\/uploads\/2015\/03\/Frecce-Tricolori.jpg\" alt=\"Frecce-Tricolori\" width=\"960\" height=\"400\" srcset=\"https:\/\/www.repulonapok.hu\/wp-content\/uploads\/2015\/03\/Frecce-Tricolori.jpg 960w, https:\/\/www.repulonapok.hu\/wp-content\/uploads\/2015\/03\/Frecce-Tricolori-300x125.jpg 300w\" sizes=\"(max-width: 960px) 100vw, 960px\" \/><\/a><\/p>\n<p class=\"western\" align=\"left\"><span style=\"font-size: small;\"><b>Id\u0151pont : <\/b><span style=\"font-size: medium;\">2020.09. 18 &#8211; 20.<\/span><\/span><\/p>\n<p class=\"western\" align=\"left\"><span style=\"font-size: small;\"><b>Poz. sz\u00e1m: <\/b>20<span style=\"font-size: medium;\">\/RIV\/15<\/span><\/span><\/p>\n<p class=\"western\" align=\"left\"><span style=\"font-size: small;\"><span style=\"font-size: medium;\"><b>\u00datvonal :<\/b><\/span><span style=\"font-size: medium;\"> Budapest \u2013 Rivolto &#8211; Budapest (1300 km)<\/span><\/span><\/p>\n<p class=\"western\" align=\"left\"><span style=\"font-size: medium;\"><b>Utaz\u00e1s :<\/b><\/span> <span style=\"font-size: small;\"><span style=\"font-size: medium;\">aut\u00f3busszal<\/span><\/span><\/p>\n<p class=\"western\" align=\"left\"><span style=\"font-size: medium;\"><b>Ell\u00e1t\u00e1s: <\/b>\u00f6nell\u00e1t\u00f3 <\/span><\/p>\n<p class=\"western\" align=\"left\"><span style=\"font-size: medium;\"><b>Id\u0151tartam: <\/b>NON-STOP \u00fat<\/span><\/p>\n<p class=\"western\" align=\"left\"><span style=\"font-size: medium;\"><b>Idegenvezet\u00e9s: <\/b>csoportk\u00eds\u00e9r\u0151t biztos\u00edtunk<\/span><\/p>\n<p class=\"western\" align=\"center\"><span style=\"font-size: large;\"><span style=\"text-decoration: underline;\"><b>PROGRAM:<\/b><\/span><\/span><\/p>\n<p class=\"western\" align=\"left\"><span style=\"font-size: small;\"><span style=\"font-size: medium;\"><b>1. nap: Indul\u00e1s: 20:00 <\/b><\/span><span style=\"font-size: medium;\">&#8211; kor Pestszentl\u0151rinc, \u00dcll\u0151i \u00fat 392. (volt piac t\u00e9r)<\/span><\/span><\/p>\n<p class=\"western\" align=\"justify\"><span style=\"font-size: small;\"><span style=\"font-size: medium;\"><b>20:30 \u2013<\/b><\/span><span style=\"font-size: medium;\"> kor Budapest, Ecseri \u00fat, OMV benzink\u00fat, befel\u00e9 vezet\u0151 oldal<br \/>\n<\/span><\/span><\/p>\n<p class=\"western\" align=\"left\"><span style=\"font-size: small;\"><span style=\"font-size: medium;\">Utaz\u00e1s r\u00f6vid pihen\u0151kkel, \u00e9jszaka az aut\u00f3buszon.<\/span><\/span><\/p>\n<p class=\"western\" align=\"justify\"><span style=\"font-size: small;\"><span style=\"font-size: medium;\"><b>2. nap: <\/b><\/span><span style=\"font-size: medium;\">\u00c9rkez\u00e9s Rivoltoba a reggeli \u00f3r\u00e1kban, r\u00e9szv\u00e9tel a rep\u00fcl\u0151napon. (info: <\/span><span style=\"color: #0000ff;\"><span style=\"text-decoration: underline;\"><a class=\"western\" href=\"http:\/\/www.aeronautica.difesa.it\/PAN50\/Pagine\/default.aspx\"><span style=\"font-size: medium;\">http:\/\/www.aeronautica.difesa.it\/PAN50\/Pagine\/default.aspx<\/span><\/a><\/span><\/span><span style=\"font-size: medium;\">)(bel\u00e9p\u0151: nincs, azonban a k\u00fcl\u00f6nj\u00e1rati aut\u00f3buszok parkol\u00f3j\u00e1b\u00f3l indul\u00f3 helyi buszj\u00e1ratottal tudjuk megk\u00f6zel\u00edteni a rendezv\u00e9ny sz\u00ednhely\u00e9t. <\/span><b> <\/b><span style=\"font-size: medium;\">Ennek \u00e1ra: v\u00e1rhat\u00f3an 3 \u20ac\/f\u0151\/alkalom.) <\/span><\/span><\/p>\n<p class=\"western\" align=\"justify\"><span style=\"font-size: small;\"><span style=\"font-size: medium;\">A program befejez\u00e9se ut\u00e1n visszautaz\u00e1s Budapestre. Utaz\u00e1s r\u00f6vid pihen\u0151kkel, \u00e9jszaka az aut\u00f3buszon.<\/span><\/span><\/p>\n<p class=\"western\" align=\"justify\"><span style=\"font-size: small;\"><span style=\"font-size: medium;\"><b>3. nap:<\/b><\/span><span style=\"font-size: medium;\"> \u00c9rkez\u00e9s Budapestre a reggeli \u00f3r\u00e1kban, lesz\u00e1ll\u00e1si lehet\u0151s\u00e9g az aut\u00f3buszr\u00f3l a felsz\u00e1ll\u00e1ssal megegyez\u0151 helyeken.<\/span><\/span><\/p>\n<p class=\"western\" align=\"justify\"><a href=\"https:\/\/www.repulonapok.hu\/wp-content\/uploads\/2015\/03\/index.jpeg\"><img loading=\"lazy\" decoding=\"async\" class=\"aligncenter wp-image-2071\" src=\"https:\/\/www.repulonapok.hu\/wp-content\/uploads\/2015\/03\/index.jpeg\" alt=\"index\" width=\"499\" height=\"208\" srcset=\"https:\/\/www.repulonapok.hu\/wp-content\/uploads\/2015\/03\/index.jpeg 348w, https:\/\/www.repulonapok.hu\/wp-content\/uploads\/2015\/03\/index-300x125.jpeg 300w\" sizes=\"(max-width: 499px) 100vw, 499px\" \/><\/a><\/p>\n<h1 class=\"western\" align=\"center\">GIORNATA AZZURA 2020<\/h1>\n<h3 class=\"western\">AEROPORTO MILITARE RIVOLTO &#8211; UDINE<\/h3>\n<p class=\"western\"><span style=\"font-size: small;\">A GIORNATA AZZURA (az \u201eaz\u00fark\u00e9k \u00e9gbolt napja\u201d) c\u00edm\u0171 rendezv\u00e9nyre minden \u00f6t\u00f6dik esztend\u0151ben ker\u00fcl sor az Olasz L\u00e9gier\u0151 \u00e9szak-olaszorsz\u00e1gi rep\u00fcl\u0151ter\u00e9n, Rivolt\u00f3ban. A rivoltoi l\u00e9gib\u00e1zis ad otthont a vil\u00e1gh\u00edr\u0171 bemutat\u00f3 csoportnak, a FRECCE TRICOLORI- nak is. A FRECCE TRICOLORI (H\u00e1romsz\u00edn\u0171 Nyilak) az Olasz L\u00e9gier\u0151 hazai gy\u00e1rtm\u00e1ny\u00fa, MB 339 t\u00edpus\u00fa, k\u00e9t\u00fcl\u00e9ses, sug\u00e1rhajt\u00e1s\u00fa kik\u00e9pz\u0151 ill. k\u00f6nny\u0171 harci g\u00e9ppel rep\u00fcl\u0151 bemutat\u00f3 k\u00f6tel\u00e9ke. Az 1960-ban alap\u00edtott \u00e9s egyed\u00fcl\u00e1ll\u00f3an 10 g\u00e9ppel rep\u00fcl\u0151 csapat, sokak szerint Eur\u00f3pa manaps\u00e1g legjobb m\u0171rep\u00fcl\u0151 raja!<\/span><\/p>\n<p class=\"western\"><span style=\"font-size: small;\">Az id\u00e9n 55. sz\u00fclet\u00e9snapj\u00e1t \u00fcnnepl\u0151 k\u00f6tel\u00e9ket Eur\u00f3pa legjobb katonai m\u0171rep\u00fcl\u0151 csoportjai k\u00f6sz\u00f6ntik nagyszab\u00e1s\u00fa bemutat\u00f3val. A PATROUILLE DE FRANCE \u2013t\u00f3l a RED ARROWS-ig teh\u00e1t mindenkire sz\u00e1m\u00edtani lehet, eg\u00e9szen a fergeteges fin\u00e1l\u00e9ig, amikor is a h\u00e1zigazd\u00e1k l\u00e9legzetel\u00e1ll\u00edt\u00f3, sokszor a szab\u00e1lyokat is elfeled\u0151 bemutat\u00f3t rep\u00fclnek a k\u00f6zel f\u00e9lmilli\u00f3, lelkes n\u00e9z\u0151 el\u0151tt \u00e9s f\u00f6l\u00f6tt. Utaz\u00e1sunkat teh\u00e1t els\u0151sorban a m\u0171rep\u00fcl\u0151 k\u00f6tel\u00e9kek rajong\u00f3inak aj\u00e1nljuk \u00e9s a v\u00e1rhat\u00f3 rendk\u00edv\u00fcli \u00e9lm\u00e9ny mellett rem\u00e9lj\u00fck olasz bar\u00e1taink megtartj\u00e1k azt a j\u00f3 szok\u00e1sukat, hogy a rendezv\u00e9nyre a bel\u00e9p\u00e9s ingyenes.<\/span><\/p>\n<p align=\"center\"><span style=\"font-size: x-large;\"><b>R\u00e9szv\u00e9teli d\u00edj: 19 900 Ft\/f\u0151, <\/b><\/span><\/p>\n<p align=\"center\"><span style=\"font-size: large;\"><b>ami 340 Ft\/1 \u20ac \u00e1rfolyamon \u00e9rv\u00e9nyes<br \/>\n<\/b><\/span><\/p>\n<p align=\"center\"><span style=\"font-size: small;\"><b>Amennyiben az \u00e1rfolyam ezt meghaladja a befizet\u00e9s napj\u00e1n, \u00fagy a napi MKB valuta elad\u00e1si \u00e1rfolyam\u00e1t vessz\u00fck figyelembe. Meg\u00e9rt\u00e9s\u00fcket k\u00f6sz\u00f6nj\u00fck!<\/b><\/span><\/p>\n<p class=\"western\" align=\"justify\"><span style=\"font-size: small;\"><b>A r\u00e9szv\u00e9teli d\u00edj tartalmazza:<\/b> az aut\u00f3buszos utaz\u00e1st \u00e9s a csoportk\u00eds\u00e9r\u00e9st<\/span><\/p>\n<p class=\"western\" align=\"justify\"><span style=\"font-size: small;\"><b>A r\u00e9szv\u00e9teli d\u00edj nem tartalmazza:<\/b> a bel\u00e9p\u0151jegyeket \u00e9s a baleset-, betegs\u00e9g-, poggy\u00e1szbiztos\u00edt\u00e1st (500 Ft\/f\u0151\/nap, 70 \u00e9ves kor felett 100% fel\u00e1r) <\/span><\/p>\n<p class=\"western\" align=\"center\"><span style=\"font-size: small;\"><span style=\"color: #000000;\"><span style=\"font-size: large;\"><b>Jelentkez\u00e9s on-line: <\/b><\/span><\/span><span style=\"color: #0000ff;\"><span style=\"text-decoration: underline;\"><a class=\"western\" href=\"mailto:info@goforgo.hu\"><span style=\"color: #000000;\"><span style=\"font-size: large;\">info@goforgo.hu<\/span><\/span><\/a><\/span><\/span><\/span><\/p>\n","protected":false},"excerpt":{"rendered":"<p>Id\u0151pont : 2020.09. 18 &#8211; 20. Poz. sz\u00e1m: 20\/RIV\/15 \u00datvonal : Budapest \u2013 Rivolto &#8211; Budapest (1300 km) Utaz\u00e1s : aut\u00f3busszal Ell\u00e1t\u00e1s: \u00f6nell\u00e1t\u00f3 Id\u0151tartam: NON-STOP \u00fat Idegenvezet\u00e9s: csoportk\u00eds\u00e9r\u0151t biztos\u00edtunk PROGRAM: [&hellip;]<\/p>\n","protected":false},"author":1,"featured_media":0,"parent":0,"menu_order":0,"comment_status":"open","ping_status":"closed","template":"","meta":{"footnotes":""},"_links":{"self":[{"href":"https:\/\/www.repulonapok.hu\/index.php?rest_route=\/wp\/v2\/pages\/535"}],"collection":[{"href":"https:\/\/www.repulonapok.hu\/index.php?rest_route=\/wp\/v2\/pages"}],"about":[{"href":"https:\/\/www.repulonapok.hu\/index.php?rest_route=\/wp\/v2\/types\/page"}],"author":[{"embeddable":true,"href":"https:\/\/www.repulonapok.hu\/index.php?rest_route=\/wp\/v2\/users\/1"}],"replies":[{"embeddable":true,"href":"https:\/\/www.repulonapok.hu\/index.php?rest_route=%2Fwp%2Fv2%2Fcomments&post=535"}],"version-history":[{"count":4,"href":"https:\/\/www.repulonapok.hu\/index.php?rest_route=\/wp\/v2\/pages\/535\/revisions"}],"predecessor-version":[{"id":2073,"href":"https:\/\/www.repulonapok.hu\/index.php?rest_route=\/wp\/v2\/pages\/535\/revisions\/2073"}],"wp:attachment":[{"href":"https:\/\/www.repulonapok.hu\/index.php?rest_route=%2Fwp%2Fv2%2Fmedia&parent=535"}],"curies":[{"name":"wp","href":"https:\/\/api.w.org\/{rel}","templated":true}]}}