{"id":462,"date":"2015-03-20T17:36:21","date_gmt":"2015-03-20T16:36:21","guid":{"rendered":"http:\/\/www.repulonapok.hu\/?page_id=462"},"modified":"2026-03-26T20:23:27","modified_gmt":"2026-03-26T19:23:27","slug":"utazasi-naptar-2","status":"publish","type":"page","link":"https:\/\/www.repulonapok.hu\/?page_id=462","title":{"rendered":"Utaz\u00e1si napt\u00e1r"},"content":{"rendered":"<p><strong>UTAZ\u00c1SOK L\u00c9GIBEMUTAT\u00d3KRA \u00c9S\u00a0 HADITECHNIKAI M\u00daZEUMOKBA<br \/>\n<\/strong><\/p>\n<h3 style=\"text-align: left;\">Kedves Utasaink!<\/h3>\n<h3>Ez a lista egy el\u0151zetes tervezet, a r\u00e9szletes programok, \u00e1rak m\u00e9g kidolgoz\u00e1s alatt vannak.<\/h3>\n<h1><strong>2026-os szezonban <\/strong><strong>2 nagy t\u00far\u00e1nk v\u00e1zlatos terve \u00e9s d\u00e1tuma m\u00e1r megtekinthet\u0151:<\/strong><\/h1>\n<h2><a href=\"https:\/\/www.repulonapok.hu\/?page_id=3241\">ILA &#8211; Cosford &#8211; Market Garden 2026<\/a><\/h2>\n<h2><a href=\"https:\/\/www.repulonapok.hu\/?page_id=3150\">Wolfschanze<\/a><\/h2>\n<h2><\/h2>\n<table>\n<tbody>\n<tr>\n<td width=\"80\"><\/td>\n<td style=\"text-align: center;\" width=\"480\">\n<h1><span style=\"color: #ff0000;\">2026<strong><br \/>\n<\/strong><\/span><\/h1>\n<\/td>\n<td width=\"120\"><\/td>\n<\/tr>\n<tr>\n<td width=\"80\">\n<h3 style=\"padding-left: 40px; text-align: right;\">03.28.<\/h3>\n<\/td>\n<td width=\"440\">\n<h2 style=\"text-align: left;\"><a href=\"https:\/\/www.repulonapok.hu\/?page_id=625\">Szolnok, makett ki\u00e1ll\u00edt\u00e1s \u00e9s verseny<\/a><\/h2>\n<\/td>\n<td width=\"120\">\n<h3 style=\"text-align: right;\">ingyenes<\/h3>\n<\/td>\n<\/tr>\n<tr>\n<td width=\"80\"><\/td>\n<td width=\"480\"><\/td>\n<td width=\"120\"><\/td>\n<\/tr>\n<tr>\n<td width=\"80\">\n<h3>04.25.<\/h3>\n<\/td>\n<td width=\"480\">\n<h2 style=\"text-align: left;\"><a href=\"https:\/\/www.repulonapok.hu\/?page_id=629\">Mosonmagyar\u00f3v\u00e1r Makett Show<\/a><\/h2>\n<\/td>\n<td width=\"120\">\n<h3 style=\"text-align: right;\">9 0<span style=\"font-family: inherit; font-size: inherit; font-weight: inherit; color: initial;\">00.-<\/span><\/h3>\n<\/td>\n<\/tr>\n<tr>\n<td width=\"80\">\n<h3>05.29-06.01.<\/h3>\n<\/td>\n<td width=\"480\">\n<h2 style=\"text-align: left;\"><a href=\"https:\/\/www.repulonapok.hu\/?page_id=635\">Aviatica Pout, Hradec Kralove!, Csehorsz\u00e1g<\/a><\/h2>\n<\/td>\n<td width=\"120\">\n<h3 style=\"text-align: right;\">78 000.-<\/h3>\n<\/td>\n<\/tr>\n<tr>\n<td width=\"80\">\n<h3>06.09-21.<\/h3>\n<\/td>\n<td width=\"440\">\n<h2><a href=\"https:\/\/www.repulonapok.hu\/?page_id=3241\">Berlin &#8211; ILA<\/a><\/h2>\n<h2><a href=\"https:\/\/www.repulonapok.hu\/?page_id=3241\">Anglia: RAF &#8211; COSFORD<\/a><\/h2>\n<h2><a href=\"https:\/\/www.repulonapok.hu\/?page_id=3241\">Hollandia: OPERATION MARKET GARDEN<\/a><\/h2>\n<\/td>\n<td style=\"text-align: right;\" width=\"120\">\n<h3>875 000.-<\/h3>\n<\/td>\n<\/tr>\n<tr>\n<td width=\"80\">\n<h3>06.27-28.<\/h3>\n<\/td>\n<td width=\"440\">\n<h2><a href=\"https:\/\/www.repulonapok.hu\/?page_id=3316\">Tankov\u00e9 Dni, Trencs\u00e9n +Kunovice, csehszlov\u00e1k gy\u00e1rtm\u00e1ny\u00fa rep\u00fcl\u0151k tal\u00e1lkoz\u00f3ja<\/a><\/h2>\n<\/td>\n<td style=\"text-align: right;\" width=\"120\">\n<h3>58 000.-<\/h3>\n<\/td>\n<\/tr>\n<tr>\n<td width=\"80\">\n<h3>08.19-24.<\/h3>\n<\/td>\n<td width=\"440\">\n<h2><a href=\"https:\/\/www.repulonapok.hu\/?page_id=3299\">100 \u00e9ves a Sv\u00e9d L\u00e9gier\u0151, Malnem AB Link\u00f6ping<\/a><\/h2>\n<\/td>\n<td style=\"text-align: right;\" width=\"120\">\n<h3>390 000.-+rep\u00fcl\u0151jegy<\/h3>\n<\/td>\n<\/tr>\n<tr>\n<td width=\"80\">\n<h3>08.27-31.<\/h3>\n<\/td>\n<td width=\"440\">\n<h2 style=\"text-align: left;\"><a href=\"https:\/\/www.repulonapok.hu\/?page_id=1463\">BIAS, Bukarest + Bukaresti Haditechnikai M\u00fazeum<\/a><\/h2>\n<\/td>\n<td style=\"text-align: right;\" width=\"120\">\n<h3>153 000.-<\/h3>\n<\/td>\n<\/tr>\n<tr>\n<td style=\"text-align: center;\" width=\"80\"><\/td>\n<td width=\"440\"><\/td>\n<td style=\"text-align: right;\" width=\"120\"><\/td>\n<\/tr>\n<tr>\n<td width=\"80\">\n<h2>09.05-06.<\/h2>\n<\/td>\n<td width=\"440\">\n<h2><a href=\"https:\/\/www.repulonapok.hu\/?page_id=3340\">SIAF, Kassa<\/a><\/h2>\n<\/td>\n<td style=\"text-align: right;\" width=\"120\">\n<h3>55 000.-<\/h3>\n<\/td>\n<\/tr>\n<tr>\n<td width=\"80\"><\/td>\n<td width=\"440\"><\/td>\n<td style=\"text-align: right;\" width=\"120\"><\/td>\n<\/tr>\n<tr>\n<td width=\"80\">\n<h3>09.18-21.<\/h3>\n<\/td>\n<td width=\"440\">\n<h2><a href=\"https:\/\/www.repulonapok.hu\/?page_id=662\">OSTRAVA &#8211; NATO DAY, a NATO haditechnikai eszk\u00f6zeinek bemutat\u00f3ja, a f\u00f6ld\u00f6n \u00e9s leveg\u0151ben<\/a><\/h2>\n<\/td>\n<td style=\"text-align: right;\" width=\"120\">\n<h3>85 000.-<\/h3>\n<\/td>\n<\/tr>\n<tr>\n<td width=\"80\">\n<h3>09.26-10.04.<\/h3>\n<\/td>\n<td width=\"440\">\n<h2 style=\"text-align: left;\"><span style=\"color: #ff0000;\">&#8222;HADAK \u00daTJ\u00c1N&#8221; \u00a0<\/span><\/h2>\n<h2><a href=\"https:\/\/www.repulonapok.hu\/?page_id=3150\">A III. Birodalom nyom\u00e1ban: <em>Wolfschanze: Hitler Kelet-Poroszorsz\u00e1gi f\u0151hadisz\u00e1ll\u00e1sa<\/em><\/a><\/h2>\n<h4><em>Gleiwitzi r\u00e1di\u00f3\u00e1llom\u00e1s, Danzig-Westerplatte, Die Glocke, Marienburg \u2013 a Teuton rend v\u00e1ra, Vars\u00f3 \u2013 Hadt\u00f6rt\u00e9neti M\u00fazeum, Deblin-Polish Air Force M\u00fazeum<\/em><\/h4>\n<\/td>\n<td style=\"text-align: right;\" width=\"120\">\n<h3>410 000.-<\/h3>\n<\/td>\n<\/tr>\n<tr>\n<td width=\"80\">\n<h3>10.30.<\/h3>\n<\/td>\n<td width=\"440\">\n<h2>Kisk\u0151r\u00f6si MiG\u00e1ll\u00f3 \u00e9s Suhoj F\u00e9szek<\/h2>\n<h2><\/h2>\n<\/td>\n<td width=\"440\">\n<h3 style=\"text-align: right;\"><\/h3>\n<\/td>\n<td style=\"text-align: right;\" width=\"120\">\n<h2><\/h2>\n<\/td>\n<\/tr>\n<tr>\n<td width=\"80\">\n<h3>11.14-15.<\/h3>\n<\/td>\n<td width=\"440\">\n<h2><a href=\"https:\/\/www.repulonapok.hu\/?page_id=3150\">XIII. Orsz\u00e1gos M\u00e1rton napi Makett ki\u00e1ll\u00edt\u00e1s, verseny \u00e9s b\u00f6rze + \u00e9rdekes programokkal, el\u0151ad\u00e1sokkal<\/a><\/h2>\n<\/td>\n<td width=\"120\"><\/td>\n<\/tr>\n<tr>\n<td width=\"80\">\n<h3>11.28.<\/h3>\n<\/td>\n<td width=\"440\">\n<h2><a href=\"https:\/\/www.repulonapok.hu\/?page_id=670\">Plastik Winter &#8211; Pozsony<\/a><\/h2>\n<\/td>\n<td style=\"text-align: right;\" width=\"120\">\n<h3 style=\"text-align: right;\">19 000.-<\/h3>\n<\/td>\n<\/tr>\n<tr>\n<td width=\"80\">\n<h3><\/h3>\n<\/td>\n<td width=\"440\">\n<h2><\/h2>\n<\/td>\n<td width=\"120\">\n<h3 style=\"text-align: right;\"><\/h3>\n<\/td>\n<\/tr>\n<\/tbody>\n<\/table>\n<h2 style=\"text-align: center;\"><\/h2>\n<h2 style=\"text-align: center;\"><\/h2>\n","protected":false},"excerpt":{"rendered":"<p>UTAZ\u00c1SOK L\u00c9GIBEMUTAT\u00d3KRA \u00c9S\u00a0 HADITECHNIKAI M\u00daZEUMOKBA Kedves Utasaink! Ez a lista egy el\u0151zetes tervezet, a r\u00e9szletes programok, \u00e1rak m\u00e9g kidolgoz\u00e1s alatt vannak. 2026-os szezonban 2 nagy t\u00far\u00e1nk v\u00e1zlatos terve \u00e9s d\u00e1tuma [&hellip;]<\/p>\n","protected":false},"author":1,"featured_media":0,"parent":0,"menu_order":0,"comment_status":"closed","ping_status":"closed","template":"","meta":{"footnotes":""},"_links":{"self":[{"href":"https:\/\/www.repulonapok.hu\/index.php?rest_route=\/wp\/v2\/pages\/462"}],"collection":[{"href":"https:\/\/www.repulonapok.hu\/index.php?rest_route=\/wp\/v2\/pages"}],"about":[{"href":"https:\/\/www.repulonapok.hu\/index.php?rest_route=\/wp\/v2\/types\/page"}],"author":[{"embeddable":true,"href":"https:\/\/www.repulonapok.hu\/index.php?rest_route=\/wp\/v2\/users\/1"}],"replies":[{"embeddable":true,"href":"https:\/\/www.repulonapok.hu\/index.php?rest_route=%2Fwp%2Fv2%2Fcomments&post=462"}],"version-history":[{"count":312,"href":"https:\/\/www.repulonapok.hu\/index.php?rest_route=\/wp\/v2\/pages\/462\/revisions"}],"predecessor-version":[{"id":3360,"href":"https:\/\/www.repulonapok.hu\/index.php?rest_route=\/wp\/v2\/pages\/462\/revisions\/3360"}],"wp:attachment":[{"href":"https:\/\/www.repulonapok.hu\/index.php?rest_route=%2Fwp%2Fv2%2Fmedia&parent=462"}],"curies":[{"name":"wp","href":"https:\/\/api.w.org\/{rel}","templated":true}]}}