{"id":392,"date":"2015-02-07T21:49:15","date_gmt":"2015-02-07T20:49:15","guid":{"rendered":"http:\/\/www.repulonapok.hu\/?page_id=392"},"modified":"2018-06-07T18:16:50","modified_gmt":"2018-06-07T17:16:50","slug":"on-line-jelentkezes","status":"publish","type":"page","link":"https:\/\/www.repulonapok.hu\/?page_id=392","title":{"rendered":"On-line jelentkez\u00e9s"},"content":{"rendered":"\n<div class=\"wpcf7 no-js\" id=\"wpcf7-f390-o1\" lang=\"hu-HU\" dir=\"ltr\">\n<div class=\"screen-reader-response\"><p role=\"status\" aria-live=\"polite\" aria-atomic=\"true\"><\/p> <ul><\/ul><\/div>\n<form action=\"\/index.php?rest_route=%2Fwp%2Fv2%2Fpages%2F392#wpcf7-f390-o1\" method=\"post\" class=\"wpcf7-form init\" aria-label=\"Kapcsolatfelv\u00e9teli \u0171rlap\" novalidate=\"novalidate\" data-status=\"init\">\n<div style=\"display: none;\">\n<input type=\"hidden\" name=\"_wpcf7\" value=\"390\" \/>\n<input type=\"hidden\" name=\"_wpcf7_version\" value=\"5.9.8\" \/>\n<input type=\"hidden\" name=\"_wpcf7_locale\" value=\"hu_HU\" \/>\n<input type=\"hidden\" name=\"_wpcf7_unit_tag\" value=\"wpcf7-f390-o1\" \/>\n<input type=\"hidden\" name=\"_wpcf7_container_post\" value=\"0\" \/>\n<input type=\"hidden\" name=\"_wpcf7_posted_data_hash\" value=\"\" \/>\n<\/div>\n<p>N\u00e9v (k\u00f6telez\u0151)\n<\/p>\n<p><span class=\"wpcf7-form-control-wrap\" data-name=\"your-name\"><input size=\"40\" maxlength=\"400\" class=\"wpcf7-form-control wpcf7-text wpcf7-validates-as-required\" aria-required=\"true\" aria-invalid=\"false\" value=\"\" type=\"text\" name=\"your-name\" \/><\/span>\n<\/p>\n<p>Email c\u00edm (k\u00f6telez\u0151)\n<\/p>\n<p><span class=\"wpcf7-form-control-wrap\" data-name=\"email-294\"><input size=\"40\" maxlength=\"400\" class=\"wpcf7-form-control wpcf7-email wpcf7-validates-as-required wpcf7-text wpcf7-validates-as-email\" aria-required=\"true\" aria-invalid=\"false\" value=\"\" type=\"email\" name=\"email-294\" \/><\/span>\n<\/p>\n<p>Telefon (k\u00f6telez\u0151)\n<\/p>\n<p><span class=\"wpcf7-form-control-wrap\" data-name=\"tel-565\"><input size=\"40\" maxlength=\"400\" class=\"wpcf7-form-control wpcf7-tel wpcf7-validates-as-required wpcf7-text wpcf7-validates-as-tel\" aria-required=\"true\" aria-invalid=\"false\" value=\"\" type=\"tel\" name=\"tel-565\" \/><\/span>\n<\/p>\n<p>Lakc\u00edm (k\u00f6telez\u0151)\n<\/p>\n<p><span class=\"wpcf7-form-control-wrap\" data-name=\"text-981\"><input size=\"40\" maxlength=\"400\" class=\"wpcf7-form-control wpcf7-text wpcf7-validates-as-required\" id=\"Lakcim\" aria-required=\"true\" aria-invalid=\"false\" value=\"\" type=\"text\" name=\"text-981\" \/><\/span>\n<\/p>\n<p>kiv\u00e1lasztott utaz\u00e1s: (k\u00f6telez\u0151)\n<\/p>\n<p><span class=\"wpcf7-form-control-wrap\" data-name=\"menu-893\"><select class=\"wpcf7-form-control wpcf7-select wpcf7-validates-as-required\" aria-required=\"true\" aria-invalid=\"false\" name=\"menu-893\"><option value=\"Szolnok, Makett ki\u00e1ll\u00edt\u00e1s\">Szolnok, Makett ki\u00e1ll\u00edt\u00e1s<\/option><option value=\"Mosonshow\">Mosonshow<\/option><option value=\"Pardubice Aviaticka Pout\">Pardubice Aviaticka Pout<\/option><option value=\"Operation Market Garden + ILA + Cosford\">Operation Market Garden + ILA + Cosford<\/option><option value=\"Trencs\u00e9n + Kunovice\">Trencs\u00e9n + Kunovice<\/option><option value=\"100 \u00e9ves a Sv\u00e9d L\u00e9gier\u0151\">100 \u00e9ves a Sv\u00e9d L\u00e9gier\u0151<\/option><option value=\"BIAS, Bukarest\">BIAS, Bukarest<\/option><option value=\"SIAF, Kassa\">SIAF, Kassa<\/option><option value=\"Ostrava, NATO Day\">Ostrava, NATO Day<\/option><option value=\"Hadak \u00datj\u00e1n: Wolfschanze\">Hadak \u00datj\u00e1n: Wolfschanze<\/option><option value=\"Kisk\u0151r\u00f6s: MIG\u00e1ll\u00f3\">Kisk\u0151r\u00f6s: MIG\u00e1ll\u00f3<\/option><option value=\"Pozsony, Plastik Winter\">Pozsony, Plastik Winter<\/option><\/select><\/span>\n<\/p>\n<p>Utazni sz\u00e1nd\u00e9koz\u00f3k nevei: (k\u00f6telez\u0151)\n<\/p>\n<p><span class=\"wpcf7-form-control-wrap\" data-name=\"your-message\"><textarea cols=\"40\" rows=\"10\" maxlength=\"2000\" class=\"wpcf7-form-control wpcf7-textarea wpcf7-validates-as-required\" aria-required=\"true\" aria-invalid=\"false\" name=\"your-message\"><\/textarea><\/span>\n<\/p>\n<p>felsz\u00e1ll\u00e1si hely: (k\u00f6telez\u0151)\n<\/p>\n<p><span class=\"wpcf7-form-control-wrap\" data-name=\"menu-53\"><select class=\"wpcf7-form-control wpcf7-select wpcf7-validates-as-required\" aria-required=\"true\" aria-invalid=\"false\" name=\"menu-53\"><option value=\"Budapest, Ecseri \u00fat OMV benzink\u00fat\">Budapest, Ecseri \u00fat OMV benzink\u00fat<\/option><option value=\"Pestszentl\u0151rinc\">Pestszentl\u0151rinc<\/option><\/select><\/span>\n<\/p>\n<p>Megjegyz\u00e9s\n<\/p>\n<p><span class=\"wpcf7-form-control-wrap\" data-name=\"text-156\"><input size=\"40\" maxlength=\"400\" class=\"wpcf7-form-control wpcf7-text\" aria-invalid=\"false\" value=\"\" type=\"text\" name=\"text-156\" \/><\/span>\n<\/p>\n<p><span class=\"wpcf7-form-control-wrap\" data-name=\"acceptance-699\"><span class=\"wpcf7-form-control wpcf7-acceptance\"><span class=\"wpcf7-list-item\"><input type=\"checkbox\" name=\"acceptance-699\" value=\"1\" aria-invalid=\"false\" \/><\/span><\/span><\/span> elfogadom, hogy az \u00fczenet elk\u00fcld\u00e9s\u00e9vel jelentkeztem a fent kiv\u00e1lasztott \u00fatra.\n<\/p>\n<p><span class=\"wpcf7-form-control-wrap\" data-name=\"acceptance-429\"><span class=\"wpcf7-form-control wpcf7-acceptance\"><span class=\"wpcf7-list-item\"><input type=\"checkbox\" name=\"acceptance-429\" value=\"1\" aria-invalid=\"false\" \/><\/span><\/span><\/span> Nyilatkozom, hogy a 2016\/679\/EU rendelet alapj\u00e1n meg\u00edrt Adatkezel\u00e9si Szab\u00e1lyzat\u00e1t elolvastam, meg\u00e9rtettem, tudom\u00e1sul vettem \u00e9s elfogadtam,<br \/>\n\u2212 enged\u00e9lyezem, hogy az al\u00e1bbiakban megjel\u00f6lt szem\u00e9lyes adataimat az Adatkezel\u0151, az al\u00e1bbiakban megjel\u00f6lt<br \/>\nadatkezel\u00e9si c\u00e9llal kezelje, \u00e9s felhatalmaz\u00e1st adok az Adatkezel\u0151nek a k\u00f6z\u00f6lt adatok helyess\u00e9g\u00e9nek ellen\u0151rz\u00e9s\u00e9re,<br \/>\n\u2212 enged\u00e9lyezem, hogy az Adatkezel\u0151 az al\u00e1bbiakban felsorolt szem\u00e9lyes adataimat az adatkezel\u0151vel megk\u00f6t\u00f6tt<br \/>\nutaz\u00e1si szerz\u0151d\u00e9s teljes\u00edt\u00e9se \u00e9rdek\u00e9ben harmadik orsz\u00e1gbeli adatkezel\u0151nek tov\u00e1bb\u00edtsa,<br \/>\n\u2212 enged\u00e9lyezem, hogy az Adatkezel\u0151 az al\u00e1bbiakban felsorolt szem\u00e9lyes adataimat az adatkezel\u0151vel megk\u00f6t\u00f6tt<br \/>\nutaz\u00e1si szerz\u0151d\u00e9s teljes\u00edt\u00e9se \u00e9rdek\u00e9ben harmadik orsz\u00e1gbeli, 2016\/679\/EU rendelet \u00e9rtelm\u00e9ben nem biztons\u00e1gosnak<br \/>\ntekinthet\u0151 adatkezel\u0151nek tov\u00e1bb\u00edtsa,<br \/>\n\u2212 nyilatkozatomat \u00e9s hozz\u00e1j\u00e1rul\u00e1saimat a megfelel\u0151 t\u00e1j\u00e9koztat\u00e1s ut\u00e1n \u00f6nk\u00e9nt, saj\u00e1t d\u00f6nt\u00e9sem alapj\u00e1n tettem meg.\n<\/p>\n<p>Kijelentem, hogy a jelen nyilatkozat \u00e9s a nyilatkozatban foglalt hozz\u00e1j\u00e1rul\u00e1sok megad\u00e1sa \u00f6nk\u00e9ntesen \u00e9s a megfelel\u0151<br \/>\nt\u00e1j\u00e9koztat\u00e1s birtok\u00e1ban t\u00f6rt\u00e9nt.<br \/>\nA kezelt szem\u00e9lyes adatok k\u00f6re: n\u00e9v, lakc\u00edm, sz\u00fclet\u00e9si d\u00e1tum, utaz\u00e1si okm\u00e1ny sz\u00e1ma, telefonsz\u00e1m, e-mail c\u00edm, \u00e9tkez\u00e9si ig\u00e9nyek, relev\u00e1ns eg\u00e9szs\u00e9g\u00fcgyi adatok.<br \/>\nAz adatkezel\u00e9s jogalapja: Az \u00e9rintett kifejezett hozz\u00e1j\u00e1rul\u00e1sa.<br \/>\nAz adatkezel\u00e9s c\u00e9lja: Utaz\u00e1si szerz\u0151d\u00e9s megk\u00f6t\u00e9se, h\u00edrlev\u00e9l, t\u00e1j\u00e9koztat\u00f3 k\u00fcld\u00e9se, utaz\u00f3 (az \u00e9rintett) utaz\u00e1s\u00e1val<br \/>\n\u00f6sszef\u00fcgg\u0151 k\u00edv\u00e1ns\u00e1g\u00e1nak teljes\u00edt\u00e9se.\n<\/p>\n<p><input class=\"wpcf7-form-control wpcf7-submit has-spinner\" type=\"submit\" value=\"K\u00fcld\u00e9s\" \/>\n<\/p>\n<p>A K\u00dcLD\u00c9S gombbal egy e-mail \u00e9rkezik irod\u00e1nkba. Jelentkez\u00e9se, csak az \u00e1ltalunk k\u00fcld\u00f6tt v\u00e1lasz lev\u00e9llel v\u00e1lik \u00e9less\u00e9.\n<\/p><p style=\"display: none !important;\" class=\"akismet-fields-container\" data-prefix=\"_wpcf7_ak_\"><label>&#916;<textarea name=\"_wpcf7_ak_hp_textarea\" cols=\"45\" rows=\"8\" maxlength=\"100\"><\/textarea><\/label><input type=\"hidden\" id=\"ak_js_1\" name=\"_wpcf7_ak_js\" value=\"150\"\/><script type=\"text\/javascript\">\n\/* <![CDATA[ *\/\ndocument.getElementById( \"ak_js_1\" ).setAttribute( \"value\", ( new Date() ).getTime() );\n\/* ]]> *\/\n<\/script>\n<\/p><div class=\"wpcf7-response-output\" aria-hidden=\"true\"><\/div>\n<\/form>\n<\/div>\n\n<p>&nbsp;<\/p>\n<p><a href=\"http:\/\/www.goforgo.hu\/index.php\/adatvedelem\/\">Adatv\u00e9delem<\/a><\/p>\n<p><a href=\"http:\/\/www.goforgo.hu\/index.php\/online-jelentkezes\/gfg-utazasi-szerzodes\/\">GOforGO szerz\u0151d\u00e9s<\/a><\/p>\n","protected":false},"excerpt":{"rendered":"<p>&nbsp; Adatv\u00e9delem GOforGO szerz\u0151d\u00e9s<\/p>\n","protected":false},"author":1,"featured_media":0,"parent":0,"menu_order":0,"comment_status":"open","ping_status":"closed","template":"","meta":{"footnotes":""},"_links":{"self":[{"href":"https:\/\/www.repulonapok.hu\/index.php?rest_route=\/wp\/v2\/pages\/392"}],"collection":[{"href":"https:\/\/www.repulonapok.hu\/index.php?rest_route=\/wp\/v2\/pages"}],"about":[{"href":"https:\/\/www.repulonapok.hu\/index.php?rest_route=\/wp\/v2\/types\/page"}],"author":[{"embeddable":true,"href":"https:\/\/www.repulonapok.hu\/index.php?rest_route=\/wp\/v2\/users\/1"}],"replies":[{"embeddable":true,"href":"https:\/\/www.repulonapok.hu\/index.php?rest_route=%2Fwp%2Fv2%2Fcomments&post=392"}],"version-history":[{"count":4,"href":"https:\/\/www.repulonapok.hu\/index.php?rest_route=\/wp\/v2\/pages\/392\/revisions"}],"predecessor-version":[{"id":1760,"href":"https:\/\/www.repulonapok.hu\/index.php?rest_route=\/wp\/v2\/pages\/392\/revisions\/1760"}],"wp:attachment":[{"href":"https:\/\/www.repulonapok.hu\/index.php?rest_route=%2Fwp%2Fv2%2Fmedia&parent=392"}],"curies":[{"name":"wp","href":"https:\/\/api.w.org\/{rel}","templated":true}]}}