{"id":349,"date":"2015-02-01T10:32:37","date_gmt":"2015-02-01T09:32:37","guid":{"rendered":"http:\/\/www.repulonapok.hu\/?page_id=349"},"modified":"2022-08-18T09:53:05","modified_gmt":"2022-08-18T08:53:05","slug":"repulonapok","status":"publish","type":"page","link":"https:\/\/www.repulonapok.hu\/?page_id=349","title":{"rendered":"Rep\u00fcl\u0151napok"},"content":{"rendered":"<h1><strong>Ahol m\u00e1r j\u00e1rtunk, egy kis\u00a0\u00edzel\u00edt\u0151 utaz\u00e1sainkb\u00f3l\u00a0:<\/strong><\/h1>\n<h3>Egy tavalyi &#8222;extra&#8221; program (k\u00e9sz\u00edtette: Halmai Dezs\u0151)<\/h3>\n<h2><span style=\"text-decoration: underline;\"><em><strong>AN 225 Pr\u00e1g\u00e1ban<\/strong><\/em><\/span><\/h2>\n<p style=\"text-align:center;display:block;overflow:hidden;clear:left\">\n        <a href=\"https:\/\/www.youtube.com\/watch?v=xzFCYbm7pl0\" target=\"_blank\" alt=\"xzFCYbm7pl0\" class=\"youtube\">\n        <img decoding=\"async\" src=\"https:\/\/img.youtube.com\/vi\/xzFCYbm7pl0\/0.jpg\" width=\"90%\" height=\"\" \/>\n        <\/a><\/p><script>loadYouTube();<\/script>\n<h2><\/h2>\n<h3>&#8230;&#8230;&#8230;&#8230;&#8230;&#8230;&#8230;&#8230;&#8230;&#8230;&#8230;&#8230;&#8230;&#8230;&#8230;&#8230;&#8230;&#8230;&#8230;&#8230;&#8230;&#8230;&#8230;&#8230;&#8230;&#8230;&#8230;&#8230;&#8230;&#8230;&#8230;&#8230;&#8230;&#8230;&#8230;&#8230;&#8230;&#8230;&#8230;&#8230;&#8230;&#8230;&#8230;&#8230;&#8230;&#8230;&#8230;&#8230;&#8230;&#8230;&#8230;&#8230;&#8230;&#8230;..<\/h3>\n<h3>Tahin Mikl\u00f3s filmjei<\/h3>\n<h2><span style=\"text-decoration: underline;\"><em><strong>Pardubice &#8211; Airshow, Csehorsz\u00e1g<\/strong><\/em><\/span><\/h2>\n<p style=\"text-align:center;display:block;overflow:hidden;clear:left\">\n        <a href=\"https:\/\/www.youtube.com\/watch?v=YxbEdNlqZDU\" target=\"_blank\" alt=\"YxbEdNlqZDU\" class=\"youtube\">\n        <img decoding=\"async\" src=\"https:\/\/img.youtube.com\/vi\/YxbEdNlqZDU\/0.jpg\" width=\"90%\" height=\"\" \/>\n        <\/a><\/p><script>loadYouTube();<\/script>\n<h2><span style=\"text-decoration: underline;\"><em><strong>Sliac &#8211; Airshow, Szlov\u00e1kia<\/strong><\/em><\/span><\/h2>\n<p class=\"western\" align=\"justify\"><span style=\"font-size: small;\">Egynapos kir\u00e1ndul\u00e1sunk keret\u00e9ben a k\u00f6zeli Sli\u00e1c rep\u00fcl\u0151ter\u00e9re l\u00e1togatunk, amely ma a szlov\u00e1k l\u00e9gier\u0151 MIG-29-eseinek b\u00e1zisa. Az els\u0151 \u2013 k\u00e9r\u00e9sz \u00e9let\u0171 \u2013 szlov\u00e1k \u00e1llam regn\u00e1l\u00e1s\u00e1nak idej\u00e9n 1944 v\u00e9g\u00e9n Try Duby-nak nevezt\u00e9k a rep\u00fcl\u0151teret. Innen indult bevet\u00e9sre LA-7-es g\u00e9p\u00e9vel Frantisek Fajtl, az \u201eOroszl\u00e1n az \u00e9gen\u201d c\u00edm\u0171 k\u00f6nyv \u00edr\u00f3ja. A Csehszlov\u00e1k id\u0151kben k\u00f6z\u00f6sen haszn\u00e1lta a l\u00e9gier\u0151 \u00e9s a polg\u00e1ri rep\u00fcl\u00e9s. (A \u010cSA IL \u2013 14 \u2013es, k\u00e9s\u0151bb JAK 40-es g\u00e9pein lehetett innen elrep\u00fclni Pr\u00e1g\u00e1ba.) A Sli\u00e1\u010d-i AIR Fest m\u00e9reteiben, a r\u00e9sztvev\u0151k sz\u00e1m\u00e1ban, nem k\u00f6zel\u00edti meg a Pozsonyi vagy a hradec kralovei rep\u00fcl\u0151napokat, azonban k\u00f6zels\u00e9ge miatt is \u00e9s alacsony \u00e1rai miatt is kellemes kir\u00e1ndul\u00e1st \u00edg\u00e9r a rep\u00fcl\u0151napok szerelmeseinek.<\/span><\/p>\n<p><strong><a href=\"https:\/\/www.repulonapok.hu\/?page_id=294\">2015<\/a>\u00a0 \u00a0 \u00a0 <a href=\"https:\/\/www.repulonapok.hu\/?page_id=654\">2019<\/a>\u00a0 \u00a0 \u00a0\u00a0<a href=\"https:\/\/www.repulonapok.hu\/?page_id=2401\">2022<\/a><\/strong><\/p>\n<p>https:\/\/www.repulonapok.hu\/wp-admin\/post.php?post=654&#038;action=edit<\/p>\n<p class=\"western\" align=\"justify\"><p style=\"text-align:center;display:block;overflow:hidden;clear:left\">\n        <a href=\"https:\/\/www.youtube.com\/watch?v=DwqRwiCdae4\" target=\"_blank\" alt=\"DwqRwiCdae4\" class=\"youtube\">\n        <img decoding=\"async\" src=\"https:\/\/img.youtube.com\/vi\/DwqRwiCdae4\/0.jpg\" width=\"90%\" height=\"\" \/>\n        <\/a><\/p><script>loadYouTube();<\/script><\/p>\n<h2 class=\"western\" align=\"justify\"><span style=\"text-decoration: underline;\"><em><strong>Berlin &#8211; ILA Nemzetk\u00f6zi rep\u00fcl\u0151nap, N\u00e9metorsz\u00e1g<\/strong><\/em><\/span><\/h2>\n<p class=\"western\"><span style=\"font-size: small;\">Az els\u0151 rendezv\u00e9nyre 1909-ben ker\u00fclt sor Frankfurtban, amelyet 500 000 (!!!) l\u00e1togat\u00f3 tekintett meg, k\u00f6zt\u00fck az akkor 11 \u00e9ves Willy Messerschmitt. 1928-ban m\u00e1r a Berlini Kaiserdamm adott otthont a rangos esem\u00e9nynek. A h\u00e1bor\u00fa ut\u00e1ni id\u0151szakban \u2013 majd 30 esztend\u0151n \u00e1t &#8211; Hannover-Langenhagen volt a helysz\u00edn. A Berlin- sch\u00f6nefeld-i rep\u00fcl\u0151t\u00e9r el\u0151sz\u00f6r 1992-ben \u2013 a n\u00e9met \u00fajra egyes\u00edt\u00e9st k\u00f6vet\u0151en lett a r\u00e9gi-\u00faj helysz\u00edn. 2009-t\u0151l \u00f3ri\u00e1si l\u00e9pt\u00e9t\u0171 \u00e9p\u00edtkez\u00e9s kezd\u0151d\u00f6tt az egykori sch\u00f6nefeldi rep\u00fcl\u0151t\u00e9r ter\u00fclet\u00e9n \u00e9s k\u00f6rny\u00e9k\u00e9n. Itt \u00e9p\u00fcl N\u00e9metorsz\u00e1g \u00faj f\u0151v\u00e1rosi l\u00e9gikik\u00f6t\u0151je, a BBI= Berlin Branderburg International. Az ILA is \u00faj helysz\u00ednt kapott 2012-t\u0151l, a rept\u00e9r \u00e9szak-nyugati oldal\u00e1n. Az ILA, rep\u00fcl\u0151 szakki\u00e1ll\u00edt\u00e1st k\u00e9t\u00e9vente rendezik, minden p\u00e1ros esztend\u0151ben. Az esem\u00e9ny teljes neve: Internationale Luft- und Raumfahrtausstellung Berlin-Brandenburg.<\/span><\/p>\n<p class=\"western\"><p style=\"text-align:center;display:block;overflow:hidden;clear:left\">\n        <a href=\"https:\/\/www.youtube.com\/watch?v=ys6WT9b-AAQ\" target=\"_blank\" alt=\"ys6WT9b-AAQ\" class=\"youtube\">\n        <img decoding=\"async\" src=\"https:\/\/img.youtube.com\/vi\/ys6WT9b-AAQ\/0.jpg\" width=\"90%\" height=\"\" \/>\n        <\/a><\/p><script>loadYouTube();<\/script><\/p>\n<h2 class=\"western\"><span style=\"text-decoration: underline;\"><em><strong>Moszkva &#8211; MAKS, Oroszorsz\u00e1g<\/strong><\/em><\/span><\/h2>\n<p style=\"text-align:center;display:block;overflow:hidden;clear:left\">\n        <a href=\"https:\/\/www.youtube.com\/watch?v=aBXQEPJ6nzU\" target=\"_blank\" alt=\"aBXQEPJ6nzU\" class=\"youtube\">\n        <img decoding=\"async\" src=\"https:\/\/img.youtube.com\/vi\/aBXQEPJ6nzU\/0.jpg\" width=\"90%\" height=\"\" \/>\n        <\/a><\/p><script>loadYouTube();<\/script>\n<h2><span style=\"text-decoration: underline;\"><em><strong>Meglepet\u00e9s Monyin\u00f3ban, Oroszorsz\u00e1g<\/strong><\/em><\/span><\/h2>\n<p style=\"text-align:center;display:block;overflow:hidden;clear:left\">\n        <a href=\"https:\/\/www.youtube.com\/watch?v=tHPBHGFLjpY\" target=\"_blank\" alt=\"tHPBHGFLjpY\" class=\"youtube\">\n        <img decoding=\"async\" src=\"https:\/\/img.youtube.com\/vi\/tHPBHGFLjpY\/0.jpg\" width=\"90%\" height=\"\" \/>\n        <\/a><\/p><script>loadYouTube();<\/script>\n<h2 class=\"western\"><span style=\"text-decoration: underline;\"><em><strong>Hradec Kralove &#8211; CIAF, Csehorsz\u00e1g<\/strong><\/em><\/span><\/h2>\n<p class=\"western\"><p style=\"text-align:center;display:block;overflow:hidden;clear:left\">\n        <a href=\"https:\/\/www.youtube.com\/watch?v=pfVzKzQe7Wk\" target=\"_blank\" alt=\"pfVzKzQe7Wk\" class=\"youtube\">\n        <img decoding=\"async\" src=\"https:\/\/img.youtube.com\/vi\/pfVzKzQe7Wk\/0.jpg\" width=\"90%\" height=\"\" \/>\n        <\/a><\/p><script>loadYouTube();<\/script><\/p>\n<h2 class=\"western\"><span style=\"text-decoration: underline;\"><em><strong>Duxford &#8211; Flying Legends, Anglia<br \/>\n<\/strong><\/em><\/span><\/h2>\n<p class=\"western\"><p style=\"text-align:center;display:block;overflow:hidden;clear:left\">\n        <a href=\"https:\/\/www.youtube.com\/watch?v=ZzLUED-yNVE\" target=\"_blank\" alt=\"ZzLUED-yNVE\" class=\"youtube\">\n        <img decoding=\"async\" src=\"https:\/\/img.youtube.com\/vi\/ZzLUED-yNVE\/0.jpg\" width=\"90%\" height=\"\" \/>\n        <\/a><\/p><script>loadYouTube();<\/script><\/p>\n<h2 class=\"western\"><span style=\"text-decoration: underline;\"><em><strong>&#8221; RADOM &#8211; 2015 &#8221; Lengyelorsz\u00e1g\u00a0<\/strong><\/em><\/span><\/h2>\n<p class=\"western\"><p style=\"text-align:center;display:block;overflow:hidden;clear:left\">\n        <a href=\"https:\/\/www.youtube.com\/watch?v=Py6RNw-Yjig\" target=\"_blank\" alt=\"Py6RNw-Yjig\" class=\"youtube\">\n        <img decoding=\"async\" src=\"https:\/\/img.youtube.com\/vi\/Py6RNw-Yjig\/0.jpg\" width=\"90%\" height=\"\" \/>\n        <\/a><\/p><script>loadYouTube();<\/script><\/p>\n<h2 class=\"western\"><span style=\"text-decoration: underline;\"><em><strong>Royal International Air Tattoo &#8211; FAIRFORD, Anglia<\/strong><\/em><\/span><\/h2>\n<p class=\"western\"><p style=\"text-align:center;display:block;overflow:hidden;clear:left\">\n        <a href=\"https:\/\/www.youtube.com\/watch?v=eoxxpqlOeSs\" target=\"_blank\" alt=\"eoxxpqlOeSs\" class=\"youtube\">\n        <img decoding=\"async\" src=\"https:\/\/img.youtube.com\/vi\/eoxxpqlOeSs\/0.jpg\" width=\"90%\" height=\"\" \/>\n        <\/a><\/p><script>loadYouTube();<\/script><\/p>\n<h2 class=\"western\"><span style=\"text-decoration: underline;\"><em><strong>Ostrava, NATO Days &#8211; Csehorsz\u00e1g <\/strong><\/em><\/span><\/h2>\n<p class=\"western\"><p style=\"text-align:center;display:block;overflow:hidden;clear:left\">\n        <a href=\"https:\/\/www.youtube.com\/watch?v=71QX_yC8ZXE\" target=\"_blank\" alt=\"71QX_yC8ZXE\" class=\"youtube\">\n        <img decoding=\"async\" src=\"https:\/\/img.youtube.com\/vi\/71QX_yC8ZXE\/0.jpg\" width=\"90%\" height=\"\" \/>\n        <\/a><\/p><script>loadYouTube();<\/script><\/p>\n<h2 class=\"western\"><span style=\"text-decoration: underline;\"><em><strong>&#8221; AIRPOWER&#8221; &#8211; Zeltweg, Ausztria<\/strong><\/em><\/span><\/h2>\n<p class=\"western\"><p style=\"text-align:center;display:block;overflow:hidden;clear:left\">\n        <a href=\"https:\/\/www.youtube.com\/watch?v=u3LBnhzC7dQ\" target=\"_blank\" alt=\"u3LBnhzC7dQ\" class=\"youtube\">\n        <img decoding=\"async\" src=\"https:\/\/img.youtube.com\/vi\/u3LBnhzC7dQ\/0.jpg\" width=\"90%\" height=\"\" \/>\n        <\/a><\/p><script>loadYouTube();<\/script><\/p>\n<h2 class=\"western\"><span style=\"text-decoration: underline;\"><em><strong>&#8222;AIR 14 Payerne&#8221; &#8211; Sv\u00e1jc<\/strong><\/em><\/span><\/h2>\n<p class=\"western\"><p style=\"text-align:center;display:block;overflow:hidden;clear:left\">\n        <a href=\"https:\/\/www.youtube.com\/watch?v=UHjoVBE9dlE\" target=\"_blank\" alt=\"UHjoVBE9dlE\" class=\"youtube\">\n        <img decoding=\"async\" src=\"https:\/\/img.youtube.com\/vi\/UHjoVBE9dlE\/0.jpg\" width=\"90%\" height=\"\" \/>\n        <\/a><\/p><script>loadYouTube();<\/script><\/p>\n<h2 class=\"western\"><span style=\"text-decoration: underline;\"><em><strong>La Fert\u00e9 Alais &#8211; Franciaorsz\u00e1g<\/strong><\/em><\/span><\/h2>\n<p class=\"western\"><p style=\"text-align:center;display:block;overflow:hidden;clear:left\">\n        <a href=\"https:\/\/www.youtube.com\/watch?v=WJ5W5XgzA3w\" target=\"_blank\" alt=\"WJ5W5XgzA3w\" class=\"youtube\">\n        <img decoding=\"async\" src=\"https:\/\/img.youtube.com\/vi\/WJ5W5XgzA3w\/0.jpg\" width=\"90%\" height=\"\" \/>\n        <\/a><\/p><script>loadYouTube();<\/script><\/p>\n<h2 class=\"western\"><span style=\"text-decoration: underline;\"><em><strong>Popr\u00e1d &#8211; Rep\u00fcl\u0151nap, Szlov\u00e1kia<\/strong><\/em><\/span><\/h2>\n<p class=\"western\"><p style=\"text-align:center;display:block;overflow:hidden;clear:left\">\n        <a href=\"https:\/\/www.youtube.com\/watch?v=DBByo0zsXVE\" target=\"_blank\" alt=\"DBByo0zsXVE\" class=\"youtube\">\n        <img decoding=\"async\" src=\"https:\/\/img.youtube.com\/vi\/DBByo0zsXVE\/0.jpg\" width=\"90%\" height=\"\" \/>\n        <\/a><\/p><script>loadYouTube();<\/script><\/p>\n<h2 class=\"western\"><span style=\"text-decoration: underline;\"><em><strong>Emmen Air Show, Sv\u00e1jc<\/strong><\/em><\/span><\/h2>\n<p class=\"western\"><p style=\"text-align:center;display:block;overflow:hidden;clear:left\">\n        <a href=\"https:\/\/www.youtube.com\/watch?v=xMASVu80Ifk\" target=\"_blank\" alt=\"xMASVu80Ifk\" class=\"youtube\">\n        <img decoding=\"async\" src=\"https:\/\/img.youtube.com\/vi\/xMASVu80Ifk\/0.jpg\" width=\"90%\" height=\"\" \/>\n        <\/a><\/p><script>loadYouTube();<\/script><\/p>\n<h2 class=\"western\"><span style=\"text-decoration: underline;\"><em><strong>RIVOLTO &#8211; Air Show, Olaszorsz\u00e1g<\/strong><\/em><\/span><\/h2>\n<p class=\"western\"><p style=\"text-align:center;display:block;overflow:hidden;clear:left\">\n        <a href=\"https:\/\/www.youtube.com\/watch?v=ekcqQxsad6k\" target=\"_blank\" alt=\"ekcqQxsad6k\" class=\"youtube\">\n        <img decoding=\"async\" src=\"https:\/\/img.youtube.com\/vi\/ekcqQxsad6k\/0.jpg\" width=\"90%\" height=\"\" \/>\n        <\/a><\/p><script>loadYouTube();<\/script><\/p>\n<h2 class=\"western\"><span style=\"text-decoration: underline;\"><em><strong>Airshow Batajnica, Szerbia<\/strong><\/em><\/span><\/h2>\n<p class=\"western\"><p style=\"text-align:center;display:block;overflow:hidden;clear:left\">\n        <a href=\"https:\/\/www.youtube.com\/watch?v=DN4sjoHmFDE\" target=\"_blank\" alt=\"DN4sjoHmFDE\" class=\"youtube\">\n        <img decoding=\"async\" src=\"https:\/\/img.youtube.com\/vi\/DN4sjoHmFDE\/0.jpg\" width=\"90%\" height=\"\" \/>\n        <\/a><\/p><script>loadYouTube();<\/script><\/p>\n<h2 class=\"western\"><span style=\"text-decoration: underline;\"><em><strong>Farnborough Airshow, Anglia<\/strong><\/em><\/span><\/h2>\n<p class=\"western\"><p style=\"text-align:center;display:block;overflow:hidden;clear:left\">\n        <a href=\"https:\/\/www.youtube.com\/watch?v=dOC8qwG2mLM\" target=\"_blank\" alt=\"dOC8qwG2mLM\" class=\"youtube\">\n        <img decoding=\"async\" src=\"https:\/\/img.youtube.com\/vi\/dOC8qwG2mLM\/0.jpg\" width=\"90%\" height=\"\" \/>\n        <\/a><\/p><script>loadYouTube();<\/script><\/p>\n<h2 class=\"western\"><span style=\"text-decoration: underline;\"><em><strong>VARASD Nemzetk\u00f6zi &#8211; Rep\u00fcl\u0151nap, Horv\u00e1torsz\u00e1g<\/strong><\/em><\/span><\/h2>\n<p class=\"western\"><p style=\"text-align:center;display:block;overflow:hidden;clear:left\">\n        <a href=\"https:\/\/www.youtube.com\/watch?v=J-rnrXaWcvI\" target=\"_blank\" alt=\"J-rnrXaWcvI\" class=\"youtube\">\n        <img decoding=\"async\" src=\"https:\/\/img.youtube.com\/vi\/J-rnrXaWcvI\/0.jpg\" width=\"90%\" height=\"\" \/>\n        <\/a><\/p><script>loadYouTube();<\/script><\/p>\n<p class=\"western\">\n","protected":false},"excerpt":{"rendered":"<p>Ahol m\u00e1r j\u00e1rtunk, egy kis\u00a0\u00edzel\u00edt\u0151 utaz\u00e1sainkb\u00f3l\u00a0: Egy tavalyi &#8222;extra&#8221; program (k\u00e9sz\u00edtette: Halmai Dezs\u0151) AN 225 Pr\u00e1g\u00e1ban &#8230;&#8230;&#8230;&#8230;&#8230;&#8230;&#8230;&#8230;&#8230;&#8230;&#8230;&#8230;&#8230;&#8230;&#8230;&#8230;&#8230;&#8230;&#8230;&#8230;&#8230;&#8230;&#8230;&#8230;&#8230;&#8230;&#8230;&#8230;&#8230;&#8230;&#8230;&#8230;&#8230;&#8230;&#8230;&#8230;&#8230;&#8230;&#8230;&#8230;&#8230;&#8230;&#8230;&#8230;&#8230;&#8230;&#8230;&#8230;&#8230;&#8230;&#8230;&#8230;&#8230;&#8230;.. Tahin Mikl\u00f3s filmjei Pardubice &#8211; Airshow, Csehorsz\u00e1g Sliac &#8211; Airshow, Szlov\u00e1kia Egynapos kir\u00e1ndul\u00e1sunk [&hellip;]<\/p>\n","protected":false},"author":1,"featured_media":0,"parent":0,"menu_order":0,"comment_status":"closed","ping_status":"closed","template":"","meta":{"footnotes":""},"_links":{"self":[{"href":"https:\/\/www.repulonapok.hu\/index.php?rest_route=\/wp\/v2\/pages\/349"}],"collection":[{"href":"https:\/\/www.repulonapok.hu\/index.php?rest_route=\/wp\/v2\/pages"}],"about":[{"href":"https:\/\/www.repulonapok.hu\/index.php?rest_route=\/wp\/v2\/types\/page"}],"author":[{"embeddable":true,"href":"https:\/\/www.repulonapok.hu\/index.php?rest_route=\/wp\/v2\/users\/1"}],"replies":[{"embeddable":true,"href":"https:\/\/www.repulonapok.hu\/index.php?rest_route=%2Fwp%2Fv2%2Fcomments&post=349"}],"version-history":[{"count":30,"href":"https:\/\/www.repulonapok.hu\/index.php?rest_route=\/wp\/v2\/pages\/349\/revisions"}],"predecessor-version":[{"id":2598,"href":"https:\/\/www.repulonapok.hu\/index.php?rest_route=\/wp\/v2\/pages\/349\/revisions\/2598"}],"wp:attachment":[{"href":"https:\/\/www.repulonapok.hu\/index.php?rest_route=%2Fwp%2Fv2%2Fmedia&parent=349"}],"curies":[{"name":"wp","href":"https:\/\/api.w.org\/{rel}","templated":true}]}}