{"id":3340,"date":"2026-03-26T20:04:40","date_gmt":"2026-03-26T19:04:40","guid":{"rendered":"https:\/\/www.repulonapok.hu\/?page_id=3340"},"modified":"2026-03-26T20:04:40","modified_gmt":"2026-03-26T19:04:40","slug":"siaf-kassa","status":"publish","type":"page","link":"https:\/\/www.repulonapok.hu\/?page_id=3340","title":{"rendered":"SIAF &#8211; Kassa"},"content":{"rendered":"\n<figure class=\"wp-block-table\"><table><tbody><tr><td><strong>Id\u0151pont&nbsp;&nbsp;&nbsp; :&nbsp;<\/strong><\/td><td><strong>2026.09.05-06.<\/strong><\/td><td colspan=\"2\"><strong>Poz. sz\u00e1m:<\/strong><\/td><td colspan=\"2\">26\/RSK\/08<\/td><td colspan=\"2\"><\/td><\/tr><tr><td colspan=\"8\"><strong>\u00datvonal : <\/strong>Budapest \u2013 Kassa \u00e9s vissza (kb. 600 km)<\/td><\/tr><tr><td><strong>Utaz\u00e1s&nbsp;&nbsp;&nbsp;&nbsp;&nbsp; :<\/strong><strong><\/strong><\/td><td colspan=\"2\"><strong>v<\/strong> utasl\u00e9tsz\u00e1mnak megfelel\u0151 aut\u00f3busszal<\/td><td colspan=\"2\"><strong>Id\u0151tartam:&nbsp;&nbsp;<\/strong><\/td><td colspan=\"2\">2 nap\/1 \u00e9j<\/td><td><\/td><\/tr><tr><td><\/td><td><\/td><td><\/td><td><\/td><td><\/td><td><\/td><td><\/td><td><\/td><\/tr><\/tbody><\/table><\/figure>\n\n\n\n<figure class=\"wp-block-image size-full\"><a href=\"https:\/\/www.repulonapok.hu\/wp-content\/uploads\/2026\/03\/SIAF-Kassa.jpg\"><img loading=\"lazy\" decoding=\"async\" width=\"856\" height=\"482\" src=\"https:\/\/www.repulonapok.hu\/wp-content\/uploads\/2026\/03\/SIAF-Kassa.jpg\" alt=\"\" class=\"wp-image-3341\" srcset=\"https:\/\/www.repulonapok.hu\/wp-content\/uploads\/2026\/03\/SIAF-Kassa.jpg 856w, https:\/\/www.repulonapok.hu\/wp-content\/uploads\/2026\/03\/SIAF-Kassa-300x169.jpg 300w, https:\/\/www.repulonapok.hu\/wp-content\/uploads\/2026\/03\/SIAF-Kassa-768x432.jpg 768w\" sizes=\"(max-width: 856px) 100vw, 856px\" \/><\/a><\/figure>\n\n\n\n<p class=\"has-text-align-center\"><strong><u>PROGRAM:<\/u><\/strong><\/p>\n\n\n\n<p><strong>1.nap: 2026.09.05. szombat<\/strong><\/p>\n\n\n\n<p>5:30-kor indul\u00e1s Budapestr\u0151l az Ecseri \u00fat \u2013 \u00dcll\u0151i \u00fat sark\u00e1n l\u00e9v\u0151 OMV benzink\u00fatt\u00f3l, a v\u00e1rosk\u00f6zpont fel\u00e9, azaz a befel\u00e9 vezet\u0151 oldalon!<\/p>\n\n\n\n<p>(pontos c\u00edme: Budapest, \u00dcll\u0151i \u00fat 110.) Ecseri \u00fat METRO meg\u00e1ll\u00f3!<\/p>\n\n\n\n<p>Folyamatos utaz\u00e1s, r\u00f6vid pihen\u0151kkel a kassai rep\u00fcl\u0151t\u00e9rre. Egy \u00e9ves kihagy\u00e1s ut\u00e1n \u2013 a MALACKAI l\u00e9gib\u00e1zis helyett \u2013 itt ker\u00fcl megrendez\u00e9sre, \u00e9szaki szomsz\u00e9dunk hagyom\u00e1nyos nagyszab\u00e1s\u00fa l\u00e9gibemutet\u00f3ja a Slovak International Air Fest 2026. 03. 25. A rep\u00fcl\u0151nap befejez\u00e9s\u00e9t k\u00f6vet\u0151en, 18 \u00f3ra k\u00f6r\u00fcl kassai sz\u00e1ll\u00e1shely\u00fcnkre indulunk.<\/p>\n\n\n\n<figure class=\"wp-block-image size-large\"><a href=\"https:\/\/www.repulonapok.hu\/wp-content\/uploads\/2026\/03\/SIAF-4.jpg\"><img loading=\"lazy\" decoding=\"async\" width=\"1024\" height=\"768\" src=\"https:\/\/www.repulonapok.hu\/wp-content\/uploads\/2026\/03\/SIAF-4-1024x768.jpg\" alt=\"\" class=\"wp-image-3344\" srcset=\"https:\/\/www.repulonapok.hu\/wp-content\/uploads\/2026\/03\/SIAF-4-1024x768.jpg 1024w, https:\/\/www.repulonapok.hu\/wp-content\/uploads\/2026\/03\/SIAF-4-300x225.jpg 300w, https:\/\/www.repulonapok.hu\/wp-content\/uploads\/2026\/03\/SIAF-4-768x576.jpg 768w, https:\/\/www.repulonapok.hu\/wp-content\/uploads\/2026\/03\/SIAF-4.jpg 1280w\" sizes=\"(max-width: 1024px) 100vw, 1024px\" \/><\/a><figcaption class=\"wp-element-caption\">OLYMPUS DIGITAL CAMERA<\/figcaption><\/figure>\n\n\n\n<p><strong>2. nap: 2026.09.06. vas\u00e1rnap<\/strong><\/p>\n\n\n\n<p>K\u00e9tf\u00e9le program k\u00f6z\u00fcl v\u00e1laszthatnak utasaink:<\/p>\n\n\n\n<ol>\n<li>Eg\u00e9sznapos r\u00e9szv\u00e9tel az AIR SHOW m\u00e1sodik napj\u00e1n<\/li>\n\n\n\n<li>d\u00e9lel\u0151tt kassai v\u00e1rosn\u00e9z\u00e9s csoport kis\u00e9r\u0151nk seg\u00edts\u00e9g\u00e9vel, d\u00e9lut\u00e1n rep\u00fcl\u0151napi r\u00e9szv\u00e9tel. Indul\u00e1s hazafel\u00e9 18 \u00f3rakor. V\u00e1rhat\u00f3 \u00e9rkez\u00e9s Budapestre az \u00e9jf\u00e9li \u00f3r\u00e1kban (280 km)<\/li>\n<\/ol>\n\n\n\n<h1 class=\"wp-block-heading has-text-align-center\"><strong>R\u00e9szv\u00e9teli d\u00edj: 55\u00a0000 Ft<\/strong><\/h1>\n\n\n\n<p><strong>A r\u00e9szv\u00e9teli d\u00edj tartalmazza:<\/strong> az 1 \u00e9jszakai sz\u00e1ll\u00e1st, reggelivel, a buszos utaz\u00e1s minden k\u00f6lts\u00e9g\u00e9t \u00e9s a csoportk\u00eds\u00e9r\u00e9st<\/p>\n\n\n\n<p><strong>A r\u00e9szv\u00e9teli d\u00edj nem tartalmazza:<\/strong> a bel\u00e9p\u0151jegyeket \u00e9s a baleset-, betegs\u00e9g-, poggy\u00e1szbiztos\u00edt\u00e1st (660 Ft\/f\u0151\/nap)<\/p>\n\n\n\n<p><strong>\u00c1rainkat 430 Ft = 1 \u20ac \u00e1rfolyamig tudjuk garant\u00e1lni!<\/strong><\/p>\n\n\n\n<p><strong>Fenntartjuk a jogot, hogy \u00e1rainkat a valuta\u00e1rfolyam \u00e9s \u00fczemanyag k\u00f6lts\u00e9g f\u00fcggv\u00e9ny\u00e9ben v\u00e1ltoztassuk\u2026 <\/strong><strong>L<\/strong><strong>\u00c9LM\u00c9NYEKBEN GAZDAG UTAZ\u00c1ST, SOK-SOK REP\u00dcL\u0150G\u00c9PET K\u00cdV\u00c1NUNK!<\/strong><\/p>\n\n\n\n<figure class=\"wp-block-image size-full\"><a href=\"https:\/\/www.repulonapok.hu\/wp-content\/uploads\/2026\/03\/SIAF-2.jpg\"><img loading=\"lazy\" decoding=\"async\" width=\"856\" height=\"571\" src=\"https:\/\/www.repulonapok.hu\/wp-content\/uploads\/2026\/03\/SIAF-2.jpg\" alt=\"\" class=\"wp-image-3342\" srcset=\"https:\/\/www.repulonapok.hu\/wp-content\/uploads\/2026\/03\/SIAF-2.jpg 856w, https:\/\/www.repulonapok.hu\/wp-content\/uploads\/2026\/03\/SIAF-2-300x200.jpg 300w, https:\/\/www.repulonapok.hu\/wp-content\/uploads\/2026\/03\/SIAF-2-768x512.jpg 768w\" sizes=\"(max-width: 856px) 100vw, 856px\" \/><\/a><\/figure>\n","protected":false},"excerpt":{"rendered":"<p>Id\u0151pont&nbsp;&nbsp;&nbsp; :&nbsp; 2026.09.05-06. Poz. sz\u00e1m: 26\/RSK\/08 \u00datvonal : Budapest \u2013 Kassa \u00e9s vissza (kb. 600 km) Utaz\u00e1s&nbsp;&nbsp;&nbsp;&nbsp;&nbsp; : v utasl\u00e9tsz\u00e1mnak megfelel\u0151 aut\u00f3busszal Id\u0151tartam:&nbsp;&nbsp; 2 nap\/1 \u00e9j PROGRAM: 1.nap: 2026.09.05. szombat [&hellip;]<\/p>\n","protected":false},"author":1,"featured_media":0,"parent":0,"menu_order":0,"comment_status":"closed","ping_status":"closed","template":"","meta":{"footnotes":""},"_links":{"self":[{"href":"https:\/\/www.repulonapok.hu\/index.php?rest_route=\/wp\/v2\/pages\/3340"}],"collection":[{"href":"https:\/\/www.repulonapok.hu\/index.php?rest_route=\/wp\/v2\/pages"}],"about":[{"href":"https:\/\/www.repulonapok.hu\/index.php?rest_route=\/wp\/v2\/types\/page"}],"author":[{"embeddable":true,"href":"https:\/\/www.repulonapok.hu\/index.php?rest_route=\/wp\/v2\/users\/1"}],"replies":[{"embeddable":true,"href":"https:\/\/www.repulonapok.hu\/index.php?rest_route=%2Fwp%2Fv2%2Fcomments&post=3340"}],"version-history":[{"count":1,"href":"https:\/\/www.repulonapok.hu\/index.php?rest_route=\/wp\/v2\/pages\/3340\/revisions"}],"predecessor-version":[{"id":3345,"href":"https:\/\/www.repulonapok.hu\/index.php?rest_route=\/wp\/v2\/pages\/3340\/revisions\/3345"}],"wp:attachment":[{"href":"https:\/\/www.repulonapok.hu\/index.php?rest_route=%2Fwp%2Fv2%2Fmedia&parent=3340"}],"curies":[{"name":"wp","href":"https:\/\/api.w.org\/{rel}","templated":true}]}}