{"id":3316,"date":"2026-03-18T12:25:51","date_gmt":"2026-03-18T11:25:51","guid":{"rendered":"https:\/\/www.repulonapok.hu\/?page_id=3316"},"modified":"2026-03-25T13:28:58","modified_gmt":"2026-03-25T12:28:58","slug":"tank-tura-trencsen-kunovice-csehszlovak-oldtimer-repulogepek","status":"publish","type":"page","link":"https:\/\/www.repulonapok.hu\/?page_id=3316","title":{"rendered":"TANK &#8211; T\u00daRA Trencs\u00e9n, KUNOVICE: Csehszlov\u00e1k oldtimer rep\u00fcl\u0151g\u00e9pek"},"content":{"rendered":"\n<figure class=\"wp-block-image size-large\"><a href=\"https:\/\/www.repulonapok.hu\/wp-content\/uploads\/2023\/04\/collage-Tankovy-Den-scaled.jpg\"><img loading=\"lazy\" decoding=\"async\" width=\"1024\" height=\"390\" src=\"https:\/\/www.repulonapok.hu\/wp-content\/uploads\/2023\/04\/collage-Tankovy-Den-1024x390.jpg\" alt=\"\" class=\"wp-image-2774\" srcset=\"https:\/\/www.repulonapok.hu\/wp-content\/uploads\/2023\/04\/collage-Tankovy-Den-1024x390.jpg 1024w, https:\/\/www.repulonapok.hu\/wp-content\/uploads\/2023\/04\/collage-Tankovy-Den-300x114.jpg 300w, https:\/\/www.repulonapok.hu\/wp-content\/uploads\/2023\/04\/collage-Tankovy-Den-768x292.jpg 768w, https:\/\/www.repulonapok.hu\/wp-content\/uploads\/2023\/04\/collage-Tankovy-Den-1536x584.jpg 1536w, https:\/\/www.repulonapok.hu\/wp-content\/uploads\/2023\/04\/collage-Tankovy-Den-2048x779.jpg 2048w\" sizes=\"(max-width: 1024px) 100vw, 1024px\" \/><\/a><\/figure>\n\n\n\n<figure class=\"wp-block-table\"><table><tbody><tr><td><strong>Id\u0151pont&nbsp;&nbsp;&nbsp; :&nbsp;<\/strong><\/td><td><strong>2026.06.27-28.<\/strong><\/td><td colspan=\"2\"><strong>Poz. sz\u00e1m:<\/strong><\/td><td colspan=\"2\">26\/HTT\/05<\/td><td colspan=\"2\"><strong>&nbsp;<\/strong><\/td><\/tr><tr><td colspan=\"8\"><strong>\u00datvonal : <\/strong>Budapest \u2013Pozsony \u2013 Trencs\u00e9n \u2013 Kunovice \u2013 Budapest (kb. 800 km)<\/td><\/tr><tr><td><strong>Utaz\u00e1s&nbsp;&nbsp;&nbsp;&nbsp;&nbsp; :<\/strong><strong><\/strong><\/td><td colspan=\"2\"><strong>v<\/strong> utasl\u00e9tsz\u00e1mnak megfelel\u0151 aut\u00f3busszal<\/td><td colspan=\"2\"><strong>Id\u0151tartam:&nbsp;&nbsp;<\/strong><\/td><td colspan=\"2\">2 nap\/1 \u00e9j<strong><\/strong><\/td><td><strong>&nbsp;<\/strong><\/td><\/tr><tr><td><\/td><td><\/td><td><\/td><td><\/td><td><\/td><td><\/td><td><\/td><td><\/td><\/tr><\/tbody><\/table><\/figure>\n\n\n\n<p><strong><u>PROGRAM:<\/u><\/strong><strong><\/strong><\/p>\n\n\n\n<p><strong>Indul\u00e1s: 05:00 \u2013 <\/strong>kor Pestszentl\u0151rinc, \u00dcll\u0151i \u00fat 379-381, LIDL parkol\u00f3<\/p>\n\n\n\n<p><strong>05:30 <\/strong>\u2013 kor <strong>Budapest, \u00dcll\u0151i \u00fat 110., az Ecseri \u00fati OMV benzink\u00fat, belv\u00e1ros fel\u00e9 vezet\u0151 oldal<\/strong><\/p>\n\n\n\n<p><strong>1. nap: <\/strong>Folyamatos utaz\u00e1s, n\u00e9h\u00e1ny pihen\u0151vel. \u00c9rkez\u00e9s Trencs\u00e9nbe a d\u00e9lel\u0151tti \u00f3r\u00e1kban. Eg\u00e9sz napos r\u00e9szv\u00e9tel a rendk\u00edv\u00fcli l\u00e1tv\u00e1nyoss\u00e1gokat k\u00edn\u00e1l\u00f3 bemutat\u00f3n. Harckocsik, p\u00e1nc\u00e9lozott j\u00e1rm\u0171vek, katonai teheraut\u00f3k, k\u00f6nny\u0171 \u00e9s neh\u00e9z fegyverek \u201e\u00e9l\u0151\u201d bemutat\u00f3j\u00e1ra ker\u00fcl sor, de a legl\u00e1tv\u00e1nyosabb r\u00e9szek a k\u00fcl\u00f6nb\u00f6z\u0151 hagyom\u00e1ny\u0151rz\u0151 egyes\u00fcletek \u00e1ltal \u00e9letre h\u00edvott \u00fctk\u00f6zetek \u00e9s csatajelenetek, hang \u00e9s f\u00e9nyeffektekkel, robban\u00e1sokkal \u2013 term\u00e9szetesen minden piropartonok \u00e9s vakt\u00f6lt\u00e9nyek seg\u00edts\u00e9g\u00e9vel. A rendezv\u00e9nyre a bel\u00e9p\u00e9s kb.20 \u20ac!(el\u0151v\u00e9telben olcs\u00f3bb!)<\/p>\n\n\n\n<p>info: http:\/\/www.tanklaugaricio.sk\/ A program befejez\u00e9s\u00e9t k\u00f6vet\u0151en sz\u00e1ll\u00e1shely\u00fcnkre indulunk.<\/p>\n\n\n\n<figure class=\"wp-block-image size-large\"><a href=\"https:\/\/www.repulonapok.hu\/wp-content\/uploads\/2018\/01\/trencs\u00e9n.jpg\"><img loading=\"lazy\" decoding=\"async\" width=\"1024\" height=\"576\" src=\"https:\/\/www.repulonapok.hu\/wp-content\/uploads\/2018\/01\/trencs\u00e9n-1024x576.jpg\" alt=\"\" class=\"wp-image-2066\" srcset=\"https:\/\/www.repulonapok.hu\/wp-content\/uploads\/2018\/01\/trencs\u00e9n-1024x576.jpg 1024w, https:\/\/www.repulonapok.hu\/wp-content\/uploads\/2018\/01\/trencs\u00e9n-300x169.jpg 300w, https:\/\/www.repulonapok.hu\/wp-content\/uploads\/2018\/01\/trencs\u00e9n.jpg 1280w\" sizes=\"(max-width: 1024px) 100vw, 1024px\" \/><\/a><\/figure>\n\n\n\n<p><strong>2. nap:<\/strong> Reggeli ut\u00e1n az egykori Csehszlov\u00e1kia rep\u00fcl\u0151g\u00e9pgy\u00e1rt\u00e1s\u00e1nak egyik fellegv\u00e1r\u00e1ba, Kunovicebe megy\u00fcnk. Itt tal\u00e1lkoznak, imm\u00e1r 3. alkalommal a kommunista korszakban tervezett \u00e9s \u00e9p\u00fclt oldtimer rep\u00fcl\u0151g\u00e9pek. Egy ar\u00e1nylag kicsi, de \u00e9rdekes \u00e1lland\u00f3 ki\u00e1ll\u00edt\u00e1s \u2013 rep\u00fcl\u0151g\u00e9p m\u00fazeum \u2013 is v\u00e1rja az \u00e9rdekl\u0151d\u0151ket! (bel\u00e9p\u0151: 150 Czk, <a href=\"http:\/\/www.muzeum-kunovice.cz\">www.muzeum-kunovice.cz<\/a>) D\u00e9lut\u00e1n, 4 \u00f3ra t\u00e1jban hazafel\u00e9 indulunk. \u00c9rkez\u00e9s Budapestre a k\u00e9s\u0151 \u00e9jjeli \u00f3r\u00e1kban, lesz\u00e1ll\u00e1si lehet\u0151s\u00e9g a felsz\u00e1ll\u00e1ssal megegyez\u0151 helyeken.<\/p>\n\n\n\n<figure class=\"wp-block-image size-large\"><a href=\"https:\/\/www.repulonapok.hu\/wp-content\/uploads\/2026\/03\/Kunovice.jpg\"><img loading=\"lazy\" decoding=\"async\" width=\"1024\" height=\"683\" src=\"https:\/\/www.repulonapok.hu\/wp-content\/uploads\/2026\/03\/Kunovice-1024x683.jpg\" alt=\"\" class=\"wp-image-3317\" srcset=\"https:\/\/www.repulonapok.hu\/wp-content\/uploads\/2026\/03\/Kunovice-1024x683.jpg 1024w, https:\/\/www.repulonapok.hu\/wp-content\/uploads\/2026\/03\/Kunovice-300x200.jpg 300w, https:\/\/www.repulonapok.hu\/wp-content\/uploads\/2026\/03\/Kunovice-768x512.jpg 768w, https:\/\/www.repulonapok.hu\/wp-content\/uploads\/2026\/03\/Kunovice-1536x1025.jpg 1536w, https:\/\/www.repulonapok.hu\/wp-content\/uploads\/2026\/03\/Kunovice.jpg 2048w\" sizes=\"(max-width: 1024px) 100vw, 1024px\" \/><\/a><\/figure>\n\n\n\n<h1 class=\"wp-block-heading has-text-align-center\">R\u00e9szv\u00e9teli d\u00edj: 58 000 Ft\/f\u0151<\/h1>\n\n\n\n<p><strong><em><u>A r\u00e9szv\u00e9teli d\u00edj tartalmazza<\/u><\/em><\/strong><strong><em>: <\/em><\/strong><em>&nbsp;az aut\u00f3buszos utaz\u00e1s k\u00f6lts\u00e9geit \u00e9s az 1 \u00e9jszaka sz\u00e1ll\u00e1st<\/em><\/p>\n\n\n\n<p><strong><em><u>A r\u00e9szv\u00e9teli d\u00edj nem tartalmazza<\/u><\/em><\/strong><strong><em>:<\/em><\/strong><em> a bel\u00e9p\u0151ket \u00e9s a BBP- biztos\u00edt\u00e1st, mely irod\u00e1inkban megk\u00f6thet\u0151<\/em><strong><\/strong><\/p>\n\n\n\n<p><strong>\u00c9LM\u00c9NYEKBEN GAZDAG UTAZ\u00c1ST, SOK-SOK REP\u00dcL\u0150G\u00c9PET K\u00cdV\u00c1NUNK!<\/strong><strong><\/strong><\/p>\n","protected":false},"excerpt":{"rendered":"<p>Id\u0151pont&nbsp;&nbsp;&nbsp; :&nbsp; 2026.06.27-28. Poz. sz\u00e1m: 26\/HTT\/05 &nbsp; \u00datvonal : Budapest \u2013Pozsony \u2013 Trencs\u00e9n \u2013 Kunovice \u2013 Budapest (kb. 800 km) Utaz\u00e1s&nbsp;&nbsp;&nbsp;&nbsp;&nbsp; : v utasl\u00e9tsz\u00e1mnak megfelel\u0151 aut\u00f3busszal Id\u0151tartam:&nbsp;&nbsp; 2 nap\/1 \u00e9j [&hellip;]<\/p>\n","protected":false},"author":1,"featured_media":0,"parent":0,"menu_order":0,"comment_status":"closed","ping_status":"closed","template":"","meta":{"footnotes":""},"_links":{"self":[{"href":"https:\/\/www.repulonapok.hu\/index.php?rest_route=\/wp\/v2\/pages\/3316"}],"collection":[{"href":"https:\/\/www.repulonapok.hu\/index.php?rest_route=\/wp\/v2\/pages"}],"about":[{"href":"https:\/\/www.repulonapok.hu\/index.php?rest_route=\/wp\/v2\/types\/page"}],"author":[{"embeddable":true,"href":"https:\/\/www.repulonapok.hu\/index.php?rest_route=\/wp\/v2\/users\/1"}],"replies":[{"embeddable":true,"href":"https:\/\/www.repulonapok.hu\/index.php?rest_route=%2Fwp%2Fv2%2Fcomments&post=3316"}],"version-history":[{"count":2,"href":"https:\/\/www.repulonapok.hu\/index.php?rest_route=\/wp\/v2\/pages\/3316\/revisions"}],"predecessor-version":[{"id":3330,"href":"https:\/\/www.repulonapok.hu\/index.php?rest_route=\/wp\/v2\/pages\/3316\/revisions\/3330"}],"wp:attachment":[{"href":"https:\/\/www.repulonapok.hu\/index.php?rest_route=%2Fwp%2Fv2%2Fmedia&parent=3316"}],"curies":[{"name":"wp","href":"https:\/\/api.w.org\/{rel}","templated":true}]}}