{"id":3241,"date":"2026-01-11T14:35:26","date_gmt":"2026-01-11T13:35:26","guid":{"rendered":"https:\/\/www.repulonapok.hu\/?page_id=3241"},"modified":"2026-02-25T16:51:16","modified_gmt":"2026-02-25T15:51:16","slug":"operation-market-garden-2026","status":"publish","type":"page","link":"https:\/\/www.repulonapok.hu\/?page_id=3241","title":{"rendered":"OPERATION MARKET GARDEN 2026"},"content":{"rendered":"\n<p><strong>ILA, RAF COSFORD airshow<\/strong><\/p>\n\n\n\n<p><strong>Az utaz\u00e1s v\u00e1zlatos tervezett programja:<\/strong><\/p>\n\n\n\n<p>2026.06.09. kedd <br>1.nap: Budapest \u2013 Berlin, utaz\u00e1s r\u00f6vid pihen\u0151kkel &#8211; 880 km<\/p>\n\n\n<div class=\"wp-block-image\">\n<figure class=\"aligncenter size-full\"><a href=\"https:\/\/www.repulonapok.hu\/wp-content\/uploads\/2016\/01\/ILA_PhotoClub.jpg\"><img loading=\"lazy\" decoding=\"async\" width=\"367\" height=\"240\" src=\"https:\/\/www.repulonapok.hu\/wp-content\/uploads\/2016\/01\/ILA_PhotoClub.jpg\" alt=\"\" class=\"wp-image-1675\" srcset=\"https:\/\/www.repulonapok.hu\/wp-content\/uploads\/2016\/01\/ILA_PhotoClub.jpg 367w, https:\/\/www.repulonapok.hu\/wp-content\/uploads\/2016\/01\/ILA_PhotoClub-300x196.jpg 300w\" sizes=\"(max-width: 367px) 100vw, 367px\" \/><\/a><\/figure><\/div>\n\n\n<p>2026.06.10. szerda, <br>2. nap: ILA Berlin nyit\u00f3nap &#8211; 50 km<\/p>\n\n\n<div class=\"wp-block-image\">\n<figure class=\"aligncenter size-large\"><a href=\"https:\/\/www.repulonapok.hu\/wp-content\/uploads\/2013\/11\/ILA_2012.jpg\"><img loading=\"lazy\" decoding=\"async\" width=\"1024\" height=\"682\" src=\"https:\/\/www.repulonapok.hu\/wp-content\/uploads\/2013\/11\/ILA_2012-1024x682.jpg\" alt=\"\" class=\"wp-image-210\" srcset=\"https:\/\/www.repulonapok.hu\/wp-content\/uploads\/2013\/11\/ILA_2012-1024x682.jpg 1024w, https:\/\/www.repulonapok.hu\/wp-content\/uploads\/2013\/11\/ILA_2012-300x200.jpg 300w, https:\/\/www.repulonapok.hu\/wp-content\/uploads\/2013\/11\/ILA_2012.jpg 1600w\" sizes=\"(max-width: 1024px) 100vw, 1024px\" \/><\/a><\/figure><\/div>\n\n\n<p>2026.06.11. cs\u00fct\u00f6rt\u00f6k, <br>3. nap: Berlin \u2013 Ostende, utaz\u00e1s &#8211; 800 km<\/p>\n\n\n\n<p>2026.06.12. p\u00e9ntek, <br>4. nap: Ostende \u2013 Calais, Dover komp \u2013 Reading 350 km<\/p>\n\n\n<div class=\"wp-block-image\">\n<figure class=\"aligncenter size-large\"><a href=\"https:\/\/www.repulonapok.hu\/wp-content\/uploads\/2026\/01\/20250721_101036-Dover-scaled.jpg\"><img loading=\"lazy\" decoding=\"async\" width=\"1024\" height=\"768\" src=\"https:\/\/www.repulonapok.hu\/wp-content\/uploads\/2026\/01\/20250721_101036-Dover-1024x768.jpg\" alt=\"\" class=\"wp-image-3251\" srcset=\"https:\/\/www.repulonapok.hu\/wp-content\/uploads\/2026\/01\/20250721_101036-Dover-1024x768.jpg 1024w, https:\/\/www.repulonapok.hu\/wp-content\/uploads\/2026\/01\/20250721_101036-Dover-300x225.jpg 300w, https:\/\/www.repulonapok.hu\/wp-content\/uploads\/2026\/01\/20250721_101036-Dover-768x576.jpg 768w, https:\/\/www.repulonapok.hu\/wp-content\/uploads\/2026\/01\/20250721_101036-Dover-1536x1152.jpg 1536w, https:\/\/www.repulonapok.hu\/wp-content\/uploads\/2026\/01\/20250721_101036-Dover-2048x1536.jpg 2048w\" sizes=\"(max-width: 1024px) 100vw, 1024px\" \/><\/a><\/figure><\/div>\n\n\n<p>d\u00e9lben: de Havilland Mosquito M\u00fazeum <\/p>\n\n\n<div class=\"wp-block-image\">\n<figure class=\"aligncenter size-full\"><a href=\"https:\/\/www.repulonapok.hu\/wp-content\/uploads\/2026\/01\/Moszkito.jpeg\"><img loading=\"lazy\" decoding=\"async\" width=\"1000\" height=\"667\" src=\"https:\/\/www.repulonapok.hu\/wp-content\/uploads\/2026\/01\/Moszkito.jpeg\" alt=\"\" class=\"wp-image-3252\" srcset=\"https:\/\/www.repulonapok.hu\/wp-content\/uploads\/2026\/01\/Moszkito.jpeg 1000w, https:\/\/www.repulonapok.hu\/wp-content\/uploads\/2026\/01\/Moszkito-300x200.jpeg 300w, https:\/\/www.repulonapok.hu\/wp-content\/uploads\/2026\/01\/Moszkito-768x512.jpeg 768w\" sizes=\"(max-width: 1000px) 100vw, 1000px\" \/><\/a><\/figure><\/div>\n\n\n<p>2026.06.13. szombat, <br>5. nap: Reading &#8211; Birmingham<br>de.: Midland Air Museum <br>du.: RAF M\u00fazeum Cosford 220 km<\/p>\n\n\n<div class=\"wp-block-image\">\n<figure class=\"aligncenter size-large\"><a href=\"https:\/\/www.repulonapok.hu\/wp-content\/uploads\/2026\/01\/Midland-Air-Museum.jpg\"><img loading=\"lazy\" decoding=\"async\" width=\"1024\" height=\"576\" src=\"https:\/\/www.repulonapok.hu\/wp-content\/uploads\/2026\/01\/Midland-Air-Museum-1024x576.jpg\" alt=\"\" class=\"wp-image-3253\" srcset=\"https:\/\/www.repulonapok.hu\/wp-content\/uploads\/2026\/01\/Midland-Air-Museum-1024x576.jpg 1024w, https:\/\/www.repulonapok.hu\/wp-content\/uploads\/2026\/01\/Midland-Air-Museum-300x169.jpg 300w, https:\/\/www.repulonapok.hu\/wp-content\/uploads\/2026\/01\/Midland-Air-Museum-768x432.jpg 768w, https:\/\/www.repulonapok.hu\/wp-content\/uploads\/2026\/01\/Midland-Air-Museum.jpg 1244w\" sizes=\"(max-width: 1024px) 100vw, 1024px\" \/><\/a><\/figure><\/div>\n\n\n<p>2026.06.14. vas\u00e1rnap, <br>6. nap: RAF Cosford Airshow &#8211; 50 km<\/p>\n\n\n<div class=\"wp-block-image\">\n<figure class=\"aligncenter size-full\"><a href=\"https:\/\/www.repulonapok.hu\/wp-content\/uploads\/2026\/01\/RAF-Cosford-Air-Show-2026.jpeg\"><img loading=\"lazy\" decoding=\"async\" width=\"500\" height=\"707\" src=\"https:\/\/www.repulonapok.hu\/wp-content\/uploads\/2026\/01\/RAF-Cosford-Air-Show-2026.jpeg\" alt=\"\" class=\"wp-image-3254\" srcset=\"https:\/\/www.repulonapok.hu\/wp-content\/uploads\/2026\/01\/RAF-Cosford-Air-Show-2026.jpeg 500w, https:\/\/www.repulonapok.hu\/wp-content\/uploads\/2026\/01\/RAF-Cosford-Air-Show-2026-212x300.jpeg 212w\" sizes=\"(max-width: 500px) 100vw, 500px\" \/><\/a><\/figure><\/div>\n\n\n<p>2026.06.15. h\u00e9tf\u0151, <br>7. nap: Birmingham \u2013 Warwick \u2013 Reading  220 km<\/p>\n\n\n<div class=\"wp-block-image\">\n<figure class=\"aligncenter size-large\"><a href=\"https:\/\/www.repulonapok.hu\/wp-content\/uploads\/2026\/01\/2007-08-26-09095_GreatBritain_Warwick.jpg\"><img loading=\"lazy\" decoding=\"async\" width=\"1024\" height=\"366\" src=\"https:\/\/www.repulonapok.hu\/wp-content\/uploads\/2026\/01\/2007-08-26-09095_GreatBritain_Warwick-1024x366.jpg\" alt=\"\" class=\"wp-image-3255\" srcset=\"https:\/\/www.repulonapok.hu\/wp-content\/uploads\/2026\/01\/2007-08-26-09095_GreatBritain_Warwick-1024x366.jpg 1024w, https:\/\/www.repulonapok.hu\/wp-content\/uploads\/2026\/01\/2007-08-26-09095_GreatBritain_Warwick-300x107.jpg 300w, https:\/\/www.repulonapok.hu\/wp-content\/uploads\/2026\/01\/2007-08-26-09095_GreatBritain_Warwick-768x274.jpg 768w, https:\/\/www.repulonapok.hu\/wp-content\/uploads\/2026\/01\/2007-08-26-09095_GreatBritain_Warwick.jpg 1280w\" sizes=\"(max-width: 1024px) 100vw, 1024px\" \/><\/a><\/figure><\/div>\n\n\n<p>2026.06.16. kedd, <br>8. nap: Reading \u2013 Dover, Calais komp \u2013 Br\u00fcsszel &#8211; 460 km<\/p>\n\n\n\n<p>2026.06.17. szerda, <br>9. nap: Br\u00fcsszel &#8211; Center Parcs, Het Heijderbos, Heijen &#8211; 210 km<br>de. Br\u00fcsszel, kir\u00e1lyi Hadt\u00f6rt\u00e9neti M\u00fazeum<\/p>\n\n\n<div class=\"wp-block-image\">\n<figure class=\"aligncenter size-large\"><a href=\"https:\/\/www.repulonapok.hu\/wp-content\/uploads\/2026\/01\/brussel-Museum.jpg\"><img loading=\"lazy\" decoding=\"async\" width=\"1024\" height=\"678\" src=\"https:\/\/www.repulonapok.hu\/wp-content\/uploads\/2026\/01\/brussel-Museum-1024x678.jpg\" alt=\"\" class=\"wp-image-3256\" srcset=\"https:\/\/www.repulonapok.hu\/wp-content\/uploads\/2026\/01\/brussel-Museum-1024x678.jpg 1024w, https:\/\/www.repulonapok.hu\/wp-content\/uploads\/2026\/01\/brussel-Museum-300x199.jpg 300w, https:\/\/www.repulonapok.hu\/wp-content\/uploads\/2026\/01\/brussel-Museum-768x509.jpg 768w, https:\/\/www.repulonapok.hu\/wp-content\/uploads\/2026\/01\/brussel-Museum.jpg 1280w\" sizes=\"(max-width: 1024px) 100vw, 1024px\" \/><\/a><\/figure><\/div>\n\n\n<p>2026.06.18. cs\u00fct\u00f6rt\u00f6k, <br>10. nap: DAY of the operation \u201eMarket Garden\u201d Arnhem 120 km<br>&#8211; Airborne Museum, Oosterbeek<br>&#8211; <span style=\"font-size: revert; color: initial;\">\u201eJohn Frost\u201d h\u00edd Arnhem<\/span><br>&#8211; Openlucht Museum, Arnhem<\/p>\n\n\n<div class=\"wp-block-image\">\n<figure class=\"aligncenter size-large is-resized\"><a href=\"https:\/\/www.repulonapok.hu\/wp-content\/uploads\/2026\/01\/file_000000005be872468740d6949f1eb8db-Arnhem.png\"><img loading=\"lazy\" decoding=\"async\" width=\"683\" height=\"1024\" src=\"https:\/\/www.repulonapok.hu\/wp-content\/uploads\/2026\/01\/file_000000005be872468740d6949f1eb8db-Arnhem-683x1024.png\" alt=\"\" class=\"wp-image-3257\" style=\"width:454px;height:auto\" srcset=\"https:\/\/www.repulonapok.hu\/wp-content\/uploads\/2026\/01\/file_000000005be872468740d6949f1eb8db-Arnhem-683x1024.png 683w, https:\/\/www.repulonapok.hu\/wp-content\/uploads\/2026\/01\/file_000000005be872468740d6949f1eb8db-Arnhem-200x300.png 200w, https:\/\/www.repulonapok.hu\/wp-content\/uploads\/2026\/01\/file_000000005be872468740d6949f1eb8db-Arnhem-768x1152.png 768w, https:\/\/www.repulonapok.hu\/wp-content\/uploads\/2026\/01\/file_000000005be872468740d6949f1eb8db-Arnhem.png 1024w\" sizes=\"(max-width: 683px) 100vw, 683px\" \/><\/a><\/figure><\/div>\n\n<div class=\"wp-block-image\">\n<figure class=\"aligncenter size-large\"><a href=\"https:\/\/www.repulonapok.hu\/wp-content\/uploads\/2026\/01\/Airborne_Museum_Hartenstein.jpg\"><img loading=\"lazy\" decoding=\"async\" width=\"1024\" height=\"687\" src=\"https:\/\/www.repulonapok.hu\/wp-content\/uploads\/2026\/01\/Airborne_Museum_Hartenstein-1024x687.jpg\" alt=\"\" class=\"wp-image-3258\" srcset=\"https:\/\/www.repulonapok.hu\/wp-content\/uploads\/2026\/01\/Airborne_Museum_Hartenstein-1024x687.jpg 1024w, https:\/\/www.repulonapok.hu\/wp-content\/uploads\/2026\/01\/Airborne_Museum_Hartenstein-300x201.jpg 300w, https:\/\/www.repulonapok.hu\/wp-content\/uploads\/2026\/01\/Airborne_Museum_Hartenstein-768x515.jpg 768w, https:\/\/www.repulonapok.hu\/wp-content\/uploads\/2026\/01\/Airborne_Museum_Hartenstein-1536x1031.jpg 1536w, https:\/\/www.repulonapok.hu\/wp-content\/uploads\/2026\/01\/Airborne_Museum_Hartenstein-2048x1374.jpg 2048w\" sizes=\"(max-width: 1024px) 100vw, 1024px\" \/><\/a><\/figure><\/div>\n\n\n<p>2026.06.19. p\u00e9ntek <br>11. nap: <\/p>\n\n\n\n<p>Center Parcs \u2013 Overloon \u2013 Center Parcs\u00a0\u00a0\u00a0\u00a0\u00a0\u00a0\u00a0\u00a0\u00a0\u00a0\u00a0\u00a0\u00a0\u00a0\u00a0\u00a0\u00a0\u00a0\u00a0\u00a0\u00a0\u00a0\u00a0\u00a0\u00a0\u00a0\u00a0\u00a0\u00a0\u00a0\u00a0\u00a0\u00a0\u00a0\u00a0\u00a0\u00a0 Hejiderbos 60 km<br>de.: Oorlog Museum, Overloon<br>du.: szabadid\u0151 Center Parcs<\/p>\n\n\n\n<figure class=\"wp-block-image size-full\"><a href=\"https:\/\/www.repulonapok.hu\/wp-content\/uploads\/2026\/02\/Overloon.jpg\"><img loading=\"lazy\" decoding=\"async\" width=\"1024\" height=\"768\" src=\"https:\/\/www.repulonapok.hu\/wp-content\/uploads\/2026\/02\/Overloon.jpg\" alt=\"\" class=\"wp-image-3286\" srcset=\"https:\/\/www.repulonapok.hu\/wp-content\/uploads\/2026\/02\/Overloon.jpg 1024w, https:\/\/www.repulonapok.hu\/wp-content\/uploads\/2026\/02\/Overloon-300x225.jpg 300w, https:\/\/www.repulonapok.hu\/wp-content\/uploads\/2026\/02\/Overloon-768x576.jpg 768w\" sizes=\"(max-width: 1024px) 100vw, 1024px\" \/><\/a><\/figure>\n\n\n\n<figure class=\"wp-block-image size-large\"><a href=\"https:\/\/www.repulonapok.hu\/wp-content\/uploads\/2026\/02\/Aqua-Mundo.jpg\"><img loading=\"lazy\" decoding=\"async\" width=\"1024\" height=\"681\" src=\"https:\/\/www.repulonapok.hu\/wp-content\/uploads\/2026\/02\/Aqua-Mundo-1024x681.jpg\" alt=\"\" class=\"wp-image-3288\" srcset=\"https:\/\/www.repulonapok.hu\/wp-content\/uploads\/2026\/02\/Aqua-Mundo-1024x681.jpg 1024w, https:\/\/www.repulonapok.hu\/wp-content\/uploads\/2026\/02\/Aqua-Mundo-300x199.jpg 300w, https:\/\/www.repulonapok.hu\/wp-content\/uploads\/2026\/02\/Aqua-Mundo-768x511.jpg 768w, https:\/\/www.repulonapok.hu\/wp-content\/uploads\/2026\/02\/Aqua-Mundo.jpg 1083w\" sizes=\"(max-width: 1024px) 100vw, 1024px\" \/><\/a><\/figure>\n\n\n\n<p>2026.06.20. szombat <br>12. nap: Arnhem \u2013 Pr\u00e1ga &#8211; 800 km (csak utaz\u00e1s)<\/p>\n\n\n<div class=\"wp-block-image\">\n<figure class=\"aligncenter size-large\"><a href=\"https:\/\/www.repulonapok.hu\/wp-content\/uploads\/2026\/01\/praha.jpg\"><img loading=\"lazy\" decoding=\"async\" width=\"1024\" height=\"348\" src=\"https:\/\/www.repulonapok.hu\/wp-content\/uploads\/2026\/01\/praha-1024x348.jpg\" alt=\"\" class=\"wp-image-3260\" srcset=\"https:\/\/www.repulonapok.hu\/wp-content\/uploads\/2026\/01\/praha-1024x348.jpg 1024w, https:\/\/www.repulonapok.hu\/wp-content\/uploads\/2026\/01\/praha-300x102.jpg 300w, https:\/\/www.repulonapok.hu\/wp-content\/uploads\/2026\/01\/praha-768x261.jpg 768w, https:\/\/www.repulonapok.hu\/wp-content\/uploads\/2026\/01\/praha-1536x522.jpg 1536w, https:\/\/www.repulonapok.hu\/wp-content\/uploads\/2026\/01\/praha.jpg 1939w\" sizes=\"(max-width: 1024px) 100vw, 1024px\" \/><\/a><\/figure><\/div>\n\n\n<p>2026.06.21. vas\u00e1rnap<br>13. nap: Pr\u00e1ga &#8211; Budapest &#8211; 540 km<br>de.: Pr\u00e1ga, szabadprogram (kb. 4 \u00f3ra)<br>       vagy Kbely rep\u00fcl\u0151m\u00fazeum<\/p>\n\n\n<div class=\"wp-block-image\">\n<figure class=\"aligncenter size-full\"><a href=\"https:\/\/www.repulonapok.hu\/wp-content\/uploads\/2026\/01\/Kbely.jpg\"><img loading=\"lazy\" decoding=\"async\" width=\"800\" height=\"533\" src=\"https:\/\/www.repulonapok.hu\/wp-content\/uploads\/2026\/01\/Kbely.jpg\" alt=\"\" class=\"wp-image-3261\" srcset=\"https:\/\/www.repulonapok.hu\/wp-content\/uploads\/2026\/01\/Kbely.jpg 800w, https:\/\/www.repulonapok.hu\/wp-content\/uploads\/2026\/01\/Kbely-300x200.jpg 300w, https:\/\/www.repulonapok.hu\/wp-content\/uploads\/2026\/01\/Kbely-768x512.jpg 768w\" sizes=\"(max-width: 800px) 100vw, 800px\" \/><\/a><\/figure><\/div>\n\n\n<h1 class=\"wp-block-heading has-text-align-center\">R\u00e9szv\u00e9teli d\u00edj:&nbsp; 875 000Ft\/f\u0151<\/h1>\n\n\n\n<p>\u00c9rdemes el\u0151re, on-line megvenni a bel\u00e9p\u0151ket!<\/p>\n\n\n\n<p><strong><em><u>A r\u00e9szv\u00e9teli d\u00edj tartalmazza<\/u><\/em><\/strong><strong><em>:<\/em><\/strong><em> a sz\u00e1ll\u00e1sk\u00f6lts\u00e9get, hotelekben reggelit, Center Parcs-ban \u00f6nell\u00e1t\u00e1s, az aut\u00f3buszos utaz\u00e1s \u00e9s a komp k\u00f6lts\u00e9geit.<\/em><\/p>\n\n\n\n<p><strong><em><u>A r\u00e9szv\u00e9teli d\u00edj nem tartalmazza<\/u><\/em><\/strong><strong><em>:<\/em><\/strong><em> a Center Parcsban (06.17-20.) az \u00e9tkez\u00e9st, a bel\u00e9p\u0151jegyeket, melyek a helysz\u00ednen fizetend\u0151k vagy el\u0151re az interneten megv\u00e1s\u00e1rolhat\u00f3k, az angol ETA-t \u00e9s a BBP- biztos\u00edt\u00e1st<\/em><\/p>\n\n\n\n<p><strong>\u00c1rainkat 430 Ft = 1 \u20ac \u00e1rfolyamig tudjuk garant\u00e1lni!<\/strong><\/p>\n\n\n\n<p><strong>Fenntartjuk a jogot, hogy \u00e1rainkat a valuta\u00e1rfolyam \u00e9s \u00fczemanyag k\u00f6lts\u00e9g f\u00fcggv\u00e9ny\u00e9ben v\u00e1ltoztassuk\u2026 <\/strong><strong>L<\/strong><strong><\/strong><\/p>\n\n\n\n<p><strong>\u00c9LM\u00c9NYEKBEN GAZDAG UTAZ\u00c1ST, SOK-SOK REP\u00dcL\u0150G\u00c9PET K\u00cdV\u00c1NUNK!<\/strong><strong><\/strong><\/p>\n","protected":false},"excerpt":{"rendered":"<p>ILA, RAF COSFORD airshow Az utaz\u00e1s v\u00e1zlatos tervezett programja: 2026.06.09. kedd 1.nap: Budapest \u2013 Berlin, utaz\u00e1s r\u00f6vid pihen\u0151kkel &#8211; 880 km 2026.06.10. szerda, 2. nap: ILA Berlin nyit\u00f3nap &#8211; 50 [&hellip;]<\/p>\n","protected":false},"author":1,"featured_media":0,"parent":0,"menu_order":0,"comment_status":"closed","ping_status":"closed","template":"","meta":{"footnotes":""},"_links":{"self":[{"href":"https:\/\/www.repulonapok.hu\/index.php?rest_route=\/wp\/v2\/pages\/3241"}],"collection":[{"href":"https:\/\/www.repulonapok.hu\/index.php?rest_route=\/wp\/v2\/pages"}],"about":[{"href":"https:\/\/www.repulonapok.hu\/index.php?rest_route=\/wp\/v2\/types\/page"}],"author":[{"embeddable":true,"href":"https:\/\/www.repulonapok.hu\/index.php?rest_route=\/wp\/v2\/users\/1"}],"replies":[{"embeddable":true,"href":"https:\/\/www.repulonapok.hu\/index.php?rest_route=%2Fwp%2Fv2%2Fcomments&post=3241"}],"version-history":[{"count":3,"href":"https:\/\/www.repulonapok.hu\/index.php?rest_route=\/wp\/v2\/pages\/3241\/revisions"}],"predecessor-version":[{"id":3289,"href":"https:\/\/www.repulonapok.hu\/index.php?rest_route=\/wp\/v2\/pages\/3241\/revisions\/3289"}],"wp:attachment":[{"href":"https:\/\/www.repulonapok.hu\/index.php?rest_route=%2Fwp%2Fv2%2Fmedia&parent=3241"}],"curies":[{"name":"wp","href":"https:\/\/api.w.org\/{rel}","templated":true}]}}