{"id":3041,"date":"2025-01-07T16:50:55","date_gmt":"2025-01-07T15:50:55","guid":{"rendered":"https:\/\/www.repulonapok.hu\/?page_id=3041"},"modified":"2025-01-15T19:03:59","modified_gmt":"2025-01-15T18:03:59","slug":"makett-show-es-plitvicei-tavak","status":"publish","type":"page","link":"https:\/\/www.repulonapok.hu\/?page_id=3041","title":{"rendered":"Makett Show K\u00e1rolyv\u00e1rosban! \u00e9s Plitvicei tavak"},"content":{"rendered":"\n<figure class=\"wp-block-table\"><table><tbody><tr><td><strong>Id\u0151pont&nbsp;&nbsp;&nbsp; :&nbsp;<\/strong><\/td><td colspan=\"2\">2025. 05.16-17.<\/td><td><strong>Poz.sz\u00e1m:<\/strong><\/td><td colspan=\"2\">25\/RPK\/04<\/td><\/tr><tr><td colspan=\"6\"><strong>\u00datvonal&nbsp;&nbsp; :<\/strong>&nbsp;&nbsp; Budapest \u2013 &nbsp;&nbsp;&nbsp;Letenye \u2013 Z\u00e1gr\u00e1b \u2013 Karlovac \u2013 Plitvice&nbsp; &#8211; Budapest (&nbsp; 1100 km).<\/td><\/tr><tr><td><strong>Utaz\u00e1s&nbsp;&nbsp;&nbsp;&nbsp;&nbsp; :<\/strong><\/td><td colspan=\"3\">az utasl\u00e9tsz\u00e1mnak megfelel\u0151 aut\u00f3busszal<\/td><td><strong>Ell\u00e1t\u00e1s:<\/strong><\/td><td>reggeli<\/td><\/tr><tr><td colspan=\"2\"><strong>Sz\u00e1ll\u00e1s, elhelyez\u00e9s :<\/strong><\/td><td colspan=\"4\">*** motelben, 2-3 \u00e1gyas, zuhanyz\u00f3s, WC-s szob\u00e1kban<\/td><\/tr><tr><td><strong>Id\u0151tartam:&nbsp;&nbsp;<\/strong><\/td><td colspan=\"2\">2 nap\/1 \u00e9j<\/td><td><strong>Idegenvezet\u00e9s:&nbsp;&nbsp;&nbsp;<\/strong><\/td><td colspan=\"2\">v\u00e9gig az aut\u00f3buszon<\/td><\/tr><\/tbody><\/table><\/figure>\n\n\n\n<p class=\"has-text-align-center\"><strong><u>PROGRAM:<\/u><\/strong><\/p>\n\n\n<div class=\"wp-block-image\">\n<figure class=\"aligncenter size-large\"><a href=\"https:\/\/www.repulonapok.hu\/wp-content\/uploads\/2025\/01\/470170157_122123972270576877_3414293039396354540_n.jpg\"><img loading=\"lazy\" decoding=\"async\" width=\"722\" height=\"1024\" src=\"https:\/\/www.repulonapok.hu\/wp-content\/uploads\/2025\/01\/470170157_122123972270576877_3414293039396354540_n-722x1024.jpg\" alt=\"\" class=\"wp-image-3046\" srcset=\"https:\/\/www.repulonapok.hu\/wp-content\/uploads\/2025\/01\/470170157_122123972270576877_3414293039396354540_n-722x1024.jpg 722w, https:\/\/www.repulonapok.hu\/wp-content\/uploads\/2025\/01\/470170157_122123972270576877_3414293039396354540_n-212x300.jpg 212w, https:\/\/www.repulonapok.hu\/wp-content\/uploads\/2025\/01\/470170157_122123972270576877_3414293039396354540_n-768x1089.jpg 768w, https:\/\/www.repulonapok.hu\/wp-content\/uploads\/2025\/01\/470170157_122123972270576877_3414293039396354540_n-1083x1536.jpg 1083w, https:\/\/www.repulonapok.hu\/wp-content\/uploads\/2025\/01\/470170157_122123972270576877_3414293039396354540_n.jpg 1444w\" sizes=\"(max-width: 722px) 100vw, 722px\" \/><\/a><\/figure><\/div>\n\n\n<p><strong>1. nap: Felsz\u00e1ll\u00e1si lehet\u0151s\u00e9gek:<\/strong><\/p>\n\n\n\n<h4 class=\"wp-block-heading\"><strong>5:45-t\u0151l gy\u00fclekez\u0151, majd 6-kor indul\u00e1s Budapestr\u0151l, az Ecseri \u00fati OMV benzink\u00fatt\u00f3l (\u00dcll\u0151i \u00fat 110)<\/strong><\/h4>\n\n\n<p>1. nap: Folyamatos ut\u00e1z\u00e1s r\u00f6vid pihen\u0151kkel, a Plitvicei-tavakhoz. D\u00e9lut\u00e1n s\u00e9ta, kir\u00e1ndul\u00e1s a Plitvicei-tavakn\u00e1l. Eur\u00f3pa egyik legszebb term\u00e9szeti l\u00e1tv\u00e1nyoss\u00e1ga, egy v\u00f6lgyben ter\u00fcl el, erd\u0151s hegyek veszik k\u00f6r\u00fcl. P\u00e1ratlan sz\u00e9ps\u00e9ge, n\u00f6v\u00e9ny- \u00e9s \u00e1llatvil\u00e1g\u00e1nak gazdags\u00e1ga miatt ezt a ter\u00fcletet m\u00e1r 1949-ben Nemzeti Parkk\u00e1 nyilv\u00e1n\u00edtott\u00e1k. Ter\u00fclet\u00e9n t\u00f6bb v\u00e9dett \u00e1llatfaj \u00e9l: medve, farkas, vidra, erdei f\u00fclesbagoly. 1979-ben a vid\u00e9k r\u00e1ker\u00fclt az UNESCO term\u00e9szeti vil\u00e1g\u00f6r\u00f6ks\u00e9gi list\u00e1j\u00e1ra. A t\u00f3rendszert 16, egym\u00e1shoz kapcsol\u00f3d\u00f3 t\u00f3 alkotja. S\u00e9t\u00e1nk sor\u00e1n gyalogosan, kisvonattal \u00e9s kishaj\u00f3val j\u00e1rjuk k\u00f6rbe a nemzeti parkot (bel\u00e9p\u0151: 25 \u20ac, mely foglal\u00e1skor fizetend\u0151). Sz\u00e1ll\u00e1s a Plitvicei tavak k\u00f6rny\u00e9k\u00e9n.<\/p>\n<p><a href=\"https:\/\/www.repulonapok.hu\/wp-content\/uploads\/2025\/01\/lower-lakes-plitvice1-1024x1024-1.jpg\"><img loading=\"lazy\" decoding=\"async\" class=\"aligncenter size-full wp-image-3044\" src=\"https:\/\/www.repulonapok.hu\/wp-content\/uploads\/2025\/01\/lower-lakes-plitvice1-1024x1024-1.jpg\" alt=\"\" width=\"1024\" height=\"1024\" srcset=\"https:\/\/www.repulonapok.hu\/wp-content\/uploads\/2025\/01\/lower-lakes-plitvice1-1024x1024-1.jpg 1024w, https:\/\/www.repulonapok.hu\/wp-content\/uploads\/2025\/01\/lower-lakes-plitvice1-1024x1024-1-300x300.jpg 300w, https:\/\/www.repulonapok.hu\/wp-content\/uploads\/2025\/01\/lower-lakes-plitvice1-1024x1024-1-150x150.jpg 150w, https:\/\/www.repulonapok.hu\/wp-content\/uploads\/2025\/01\/lower-lakes-plitvice1-1024x1024-1-768x768.jpg 768w\" sizes=\"(max-width: 1024px) 100vw, 1024px\" \/><\/a><\/p>\n\n\n<p>2. nap:&nbsp; Reggeli ut\u00e1n, 8 \u00f3rakor indul\u00e1s K\u00e1rolyv\u00e1rosba (kb. 100 km). D\u00e9lel\u0151tt \u00e9rkez\u00e9s a ki\u00e1ll\u00edt\u00e1s helysz\u00edn\u00e9re. Kb. 10-15 \u00f3r\u00e1ig r\u00e9szv\u00e9tel a Horv\u00e1t Honv\u00e9d\u0151 H\u00e1bor\u00fa (Monument of the Homland War) m\u00fazeum\u00e1ban megrendez\u00e9sre ker\u00fcl\u0151 MODEL SHOW-n. 15:30-kor indulunk hazafel\u00e9, \u00e9rkez\u00e9s Budapestre az \u00e9jf\u00e9li \u00f3r\u00e1kban. Lesz\u00e1ll\u00e1si lehet\u0151s\u00e9g az aut\u00f3buszr\u00f3l a felsz\u00e1ll\u00e1ssal megegyez\u0151 helyeken.<\/p>\n\n\n\n<figure class=\"wp-block-image size-large\"><a href=\"https:\/\/www.repulonapok.hu\/wp-content\/uploads\/2025\/01\/471225844_122123568596576877_624680158336571699_n.png\"><img loading=\"lazy\" decoding=\"async\" width=\"1024\" height=\"379\" src=\"https:\/\/www.repulonapok.hu\/wp-content\/uploads\/2025\/01\/471225844_122123568596576877_624680158336571699_n-1024x379.png\" alt=\"\" class=\"wp-image-3045\" srcset=\"https:\/\/www.repulonapok.hu\/wp-content\/uploads\/2025\/01\/471225844_122123568596576877_624680158336571699_n-1024x379.png 1024w, https:\/\/www.repulonapok.hu\/wp-content\/uploads\/2025\/01\/471225844_122123568596576877_624680158336571699_n-300x111.png 300w, https:\/\/www.repulonapok.hu\/wp-content\/uploads\/2025\/01\/471225844_122123568596576877_624680158336571699_n-768x284.png 768w, https:\/\/www.repulonapok.hu\/wp-content\/uploads\/2025\/01\/471225844_122123568596576877_624680158336571699_n-1536x569.png 1536w, https:\/\/www.repulonapok.hu\/wp-content\/uploads\/2025\/01\/471225844_122123568596576877_624680158336571699_n.png 1999w\" sizes=\"(max-width: 1024px) 100vw, 1024px\" \/><\/a><\/figure>\n\n\n\n<h1 class=\"wp-block-heading has-text-align-center\">R\u00e9szv\u00e9teli d\u00edj: &nbsp;&nbsp;59 000 Ft\/f\u0151<\/h1>\n\n\n\n<p class=\"has-text-align-center\"><strong>Egy\u00e1gyas fel\u00e1r: &nbsp;13 000 Ft                     &nbsp; fakultat\u00edv vacsora: 7 000&nbsp; Ft<\/strong><\/p>\n\n\n\n<p>Aj\u00e1nlott k\u00f6lt\u0151p\u00e9nz bel\u00e9p\u0151kre: kb. 40 \u20ac<\/p>\n\n\n\n<p>Minimum l\u00e9tsz\u00e1m, mellyel a program indul: 30 f\u0151<\/p>\n\n\n\n<p><strong><em><u>A r\u00e9szv\u00e9teli d\u00edj tartalmazza<\/u><\/em><\/strong><strong><em>:<\/em><\/strong><em> a sz\u00e1ll\u00e1sk\u00f6lts\u00e9get a megadott ell\u00e1t\u00e1ssal ( 1 x reggeli), az aut\u00f3buszos utaz\u00e1s k\u00f6lts\u00e9geit \u00e9s az idegenvezet\u00e9st az aut\u00f3buszon.<\/em><\/p>\n\n\n\n<p><strong><em><u>A r\u00e9szv\u00e9teli d\u00edj nem tartalmazza<\/u><\/em><\/strong><strong><em>:<\/em><\/strong><em><\/em><\/p>\n\n\n\n<ul>\n<li><em>a bel\u00e9p\u0151jegyeket,<\/em><\/li>\n\n\n\n<li><em>a BBP- biztos\u00edt\u00e1st, mely irod\u00e1inkban megk\u00f6thet\u0151k<\/em><\/li>\n<\/ul>\n","protected":false},"excerpt":{"rendered":"<p>Id\u0151pont&nbsp;&nbsp;&nbsp; :&nbsp; 2025. 05.16-17. Poz.sz\u00e1m: 25\/RPK\/04 \u00datvonal&nbsp;&nbsp; :&nbsp;&nbsp; Budapest \u2013 &nbsp;&nbsp;&nbsp;Letenye \u2013 Z\u00e1gr\u00e1b \u2013 Karlovac \u2013 Plitvice&nbsp; &#8211; Budapest (&nbsp; 1100 km). Utaz\u00e1s&nbsp;&nbsp;&nbsp;&nbsp;&nbsp; : az utasl\u00e9tsz\u00e1mnak megfelel\u0151 aut\u00f3busszal Ell\u00e1t\u00e1s: reggeli [&hellip;]<\/p>\n","protected":false},"author":1,"featured_media":0,"parent":0,"menu_order":0,"comment_status":"closed","ping_status":"closed","template":"","meta":{"footnotes":""},"_links":{"self":[{"href":"https:\/\/www.repulonapok.hu\/index.php?rest_route=\/wp\/v2\/pages\/3041"}],"collection":[{"href":"https:\/\/www.repulonapok.hu\/index.php?rest_route=\/wp\/v2\/pages"}],"about":[{"href":"https:\/\/www.repulonapok.hu\/index.php?rest_route=\/wp\/v2\/types\/page"}],"author":[{"embeddable":true,"href":"https:\/\/www.repulonapok.hu\/index.php?rest_route=\/wp\/v2\/users\/1"}],"replies":[{"embeddable":true,"href":"https:\/\/www.repulonapok.hu\/index.php?rest_route=%2Fwp%2Fv2%2Fcomments&post=3041"}],"version-history":[{"count":3,"href":"https:\/\/www.repulonapok.hu\/index.php?rest_route=\/wp\/v2\/pages\/3041\/revisions"}],"predecessor-version":[{"id":3058,"href":"https:\/\/www.repulonapok.hu\/index.php?rest_route=\/wp\/v2\/pages\/3041\/revisions\/3058"}],"wp:attachment":[{"href":"https:\/\/www.repulonapok.hu\/index.php?rest_route=%2Fwp%2Fv2%2Fmedia&parent=3041"}],"curies":[{"name":"wp","href":"https:\/\/api.w.org\/{rel}","templated":true}]}}