{"id":294,"date":"2015-01-31T14:30:33","date_gmt":"2015-01-31T13:30:33","guid":{"rendered":"http:\/\/www.repulonapok.hu\/?page_id=294"},"modified":"2015-08-13T20:06:14","modified_gmt":"2015-08-13T19:06:14","slug":"slovak-international-air-fest-2015","status":"publish","type":"page","link":"https:\/\/www.repulonapok.hu\/?page_id=294","title":{"rendered":"Slovak International Air Fest 2015"},"content":{"rendered":"<table width=\"491\" cellspacing=\"0\" cellpadding=\"5\">\n<colgroup>\n<col width=\"75\" \/>\n<col width=\"217\" \/>\n<col width=\"9\" \/>\n<col width=\"75\" \/>\n<col width=\"56\" \/>\n<col width=\"4368\" \/> <\/colgroup>\n<tbody>\n<tr valign=\"top\">\n<td width=\"75\">\n<p class=\"western\"><b>Id\u0151pont : <\/b><\/p>\n<\/td>\n<td width=\"217\">\n<p class=\"western\">2015.08.30.<\/p>\n<\/td>\n<td colspan=\"2\" width=\"94\">\n<p class=\"western\"><b>Poz. sz\u00e1m:<\/b><\/p>\n<\/td>\n<td colspan=\"2\" width=\"66\">\n<p class=\"western\">15\/RSL\/12<\/p>\n<\/td>\n<\/tr>\n<tr>\n<td colspan=\"6\" valign=\"top\" width=\"481\">\n<p class=\"western\"><b>\u00datvonal :<\/b>Budapest \u2013 Ipolys\u00e1g \u2013 Z\u00f3lyom \u2013 Garamhal\u00e1szi (Slia\u010d) &#8211; Budapest (kb. 400 km)<\/p>\n<\/td>\n<\/tr>\n<tr valign=\"top\">\n<td width=\"75\">\n<p class=\"western\"><b>Utaz\u00e1s :<\/b><\/p>\n<\/td>\n<td colspan=\"2\" width=\"236\">\n<p class=\"western\">\uf076 utasl\u00e9tsz\u00e1mnak megfelel\u0151 aut\u00f3busszal<\/p>\n<\/td>\n<td width=\"75\">\n<p class=\"western\"><b>Id\u0151tartam: <\/b><\/p>\n<\/td>\n<td width=\"56\">\n<p class=\"western\">1 nap<\/p>\n<\/td>\n<td width=\"4368\"><\/td>\n<\/tr>\n<\/tbody>\n<\/table>\n<p class=\"western\" align=\"center\"><span style=\"font-size: large;\"><span style=\"text-decoration: underline;\"><b>PROGRAM:<\/b><\/span><\/span><\/p>\n<p class=\"western\" align=\"center\"><img loading=\"lazy\" decoding=\"async\" id=\"irc_mi\" src=\"http:\/\/www.bystricoviny.sk\/wp-content\/uploads\/2014\/08\/mig-29-siaf-2014.jpg\" alt=\"\" width=\"616\" height=\"393\" \/><\/p>\n<p class=\"western\" align=\"justify\"><b>Indul\u00e1s:\u00a0<\/b><\/p>\n<p class=\"western\" align=\"justify\"><b>5:50 <\/b>\u2013 kor N\u00e9pliget, M3 n\u00e9pligeti metr\u00f3 meg\u00e1ll\u00f3, Planet\u00e1rium el\u0151l<b> <\/b><\/p>\n<p class=\"western\" align=\"justify\"><b>6:15 <\/b>\u2013 kor V\u00e1ci \u00fat, \u00c1rp\u00e1d h\u00edd pesti h\u00eddf\u0151, V\u00e1c fel\u00e9 vezet\u0151 oldal, Nyugd\u00edjbiztos\u00edt\u00f3 Int\u00e9zet melletti aut\u00f3buszmeg\u00e1ll\u00f3<\/p>\n<p class=\"western\" align=\"justify\">Egynapos kir\u00e1ndul\u00e1sunk keret\u00e9ben a k\u00f6zeli Szil\u00e1cs rep\u00fcl\u0151ter\u00e9re l\u00e1togatunk, amely ma a szlov\u00e1k l\u00e9gier\u0151 MIG-29-eseinek b\u00e1zisa. Az els\u0151 \u2013 k\u00e9r\u00e9sz \u00e9let\u0171 \u2013 szlov\u00e1k \u00e1llam regn\u00e1l\u00e1s\u00e1nak idej\u00e9n 1944 v\u00e9g\u00e9n Try Duby-nak nevezt\u00e9k a rep\u00fcl\u0151teret. Innen indult bevet\u00e9sre LA-7-es g\u00e9p\u00e9vel Frantisek Fajtl, az \u201eOroszl\u00e1n az \u00e9gen\u201d c\u00edm\u0171 k\u00f6nyv \u00edr\u00f3ja. A Csehszlov\u00e1k id\u0151kben k\u00f6z\u00f6sen haszn\u00e1lta a l\u00e9gier\u0151 \u00e9s a polg\u00e1ri rep\u00fcl\u00e9s. (A \u010cSA IL \u2013 14 \u2013es, k\u00e9s\u0151bb JAK 40-es g\u00e9pein lehetett innen elrep\u00fclni Pr\u00e1g\u00e1ba.) A Sli\u00e1\u010d-i AIR Fest m\u00e9reteiben, a r\u00e9sztvev\u0151k sz\u00e1m\u00e1ban, nem k\u00f6zel\u00edti meg a Pozsonyi vagy a hradec kralovei rep\u00fcl\u0151napokat, azonban k\u00f6zels\u00e9ge \u00e9s alacsony \u00e1rai miatt kellemes kir\u00e1ndul\u00e1st \u00edg\u00e9r a rep\u00fcl\u0151napok szerelmeseinek.<\/p>\n<p class=\"western\" align=\"justify\">Az AIR Fest z\u00e1r\u00e1sa ut\u00e1n indul\u00e1s haza. \u00c9rkez\u00e9s Budapestre a k\u00e9s\u0151 esti \u00f3r\u00e1kban. Lesz\u00e1ll\u00e1si lehet\u0151s\u00e9g az aut\u00f3buszr\u00f3l a felsz\u00e1ll\u00e1ssal megegyez\u0151 helyeken.<\/p>\n<h2 class=\"western\" lang=\"hu-HU\" style=\"text-align: center;\"><span style=\"font-size: x-large;\">R\u00e9szv\u00e9teli d\u00edj: 4 500 Ft\/f\u0151<\/span><\/h2>\n<p lang=\"hu-HU\" align=\"justify\"><span style=\"font-size: medium;\"><span style=\"font-size: small;\">Aj\u00e1nlott k\u00f6lt\u0151p\u00e9nz bel\u00e9p\u0151kre: kb. <\/span><span style=\"font-size: small;\"><span lang=\"hu-HU\">10<\/span><\/span><span style=\"font-size: small;\"> \u20ac <\/span><\/span><\/p>\n<p lang=\"hu-HU\" align=\"justify\"><span style=\"font-size: medium;\"><span style=\"font-size: small;\"><i><span style=\"text-decoration: underline;\"><b>A r\u00e9szv\u00e9teli d\u00edj tartalmazza<\/b><\/span><\/i><\/span><span style=\"font-size: small;\"><i><b>: <\/b><\/i><\/span><span style=\"font-size: small;\"><i> az aut\u00f3buszos utaz\u00e1s k\u00f6lts\u00e9geit <\/i><\/span><\/span><\/p>\n<p class=\"western\" align=\"justify\"><span style=\"font-size: small;\"><i><span style=\"text-decoration: underline;\"><b>A r\u00e9szv\u00e9teli d\u00edj nem tartalmazza<\/b><\/span><\/i><\/span><span style=\"font-size: small;\"><i><b>:<\/b><\/i><\/span><span style=\"font-size: small;\"><i> a bel\u00e9p\u0151jegyeket, melyek a helysz\u00ednen fizetend\u0151k \u00e9s a BBP- biztos\u00edt\u00e1st, mely irod\u00e1inkban megk\u00f6thet\u0151k.<\/i><\/span><\/p>\n<p lang=\"hu-HU\" align=\"center\"><span style=\"font-size: medium;\"><b>\u00c1rainkat 3<\/b><span lang=\"hu-HU\"><b>1<\/b><\/span><b>0 Ft = 1 \u20ac \u00e1rfolyamig tudjuk garant\u00e1lni!<\/b><\/span><\/p>\n<p lang=\"hu-HU\" align=\"center\"><span style=\"font-size: small;\"><b>\u00c9LM\u00c9NYEKBEN GAZDAG UTAZ\u00c1ST, SOK-SOK REP\u00dcL\u0150G\u00c9PET K\u00cdV\u00c1NUNK!<\/b><\/span><\/p>\n","protected":false},"excerpt":{"rendered":"<p>Id\u0151pont : 2015.08.30. Poz. sz\u00e1m: 15\/RSL\/12 \u00datvonal :Budapest \u2013 Ipolys\u00e1g \u2013 Z\u00f3lyom \u2013 Garamhal\u00e1szi (Slia\u010d) &#8211; Budapest (kb. 400 km) Utaz\u00e1s : \uf076 utasl\u00e9tsz\u00e1mnak megfelel\u0151 aut\u00f3busszal Id\u0151tartam: 1 nap PROGRAM: [&hellip;]<\/p>\n","protected":false},"author":1,"featured_media":0,"parent":0,"menu_order":0,"comment_status":"closed","ping_status":"closed","template":"","meta":{"footnotes":""},"_links":{"self":[{"href":"https:\/\/www.repulonapok.hu\/index.php?rest_route=\/wp\/v2\/pages\/294"}],"collection":[{"href":"https:\/\/www.repulonapok.hu\/index.php?rest_route=\/wp\/v2\/pages"}],"about":[{"href":"https:\/\/www.repulonapok.hu\/index.php?rest_route=\/wp\/v2\/types\/page"}],"author":[{"embeddable":true,"href":"https:\/\/www.repulonapok.hu\/index.php?rest_route=\/wp\/v2\/users\/1"}],"replies":[{"embeddable":true,"href":"https:\/\/www.repulonapok.hu\/index.php?rest_route=%2Fwp%2Fv2%2Fcomments&post=294"}],"version-history":[{"count":4,"href":"https:\/\/www.repulonapok.hu\/index.php?rest_route=\/wp\/v2\/pages\/294\/revisions"}],"predecessor-version":[{"id":571,"href":"https:\/\/www.repulonapok.hu\/index.php?rest_route=\/wp\/v2\/pages\/294\/revisions\/571"}],"wp:attachment":[{"href":"https:\/\/www.repulonapok.hu\/index.php?rest_route=%2Fwp%2Fv2%2Fmedia&parent=294"}],"curies":[{"name":"wp","href":"https:\/\/api.w.org\/{rel}","templated":true}]}}