{"id":2867,"date":"2024-02-09T14:26:29","date_gmt":"2024-02-09T13:26:29","guid":{"rendered":"https:\/\/www.repulonapok.hu\/?page_id=2867"},"modified":"2024-02-09T14:26:30","modified_gmt":"2024-02-09T13:26:30","slug":"beskyd-model-kit-show","status":"publish","type":"page","link":"https:\/\/www.repulonapok.hu\/?page_id=2867","title":{"rendered":"BESKYD MODEL KIT SHOW"},"content":{"rendered":"\n<p class=\"has-text-align-center has-large-font-size\"><strong>NEM CSAK MAKETTEZ\u0150KNEK!<\/strong><\/p>\n\n\n\n<figure class=\"wp-block-image size-large\"><a href=\"https:\/\/www.repulonapok.hu\/wp-content\/uploads\/2024\/02\/collage-Beskyd-1-scaled.jpg\"><img loading=\"lazy\" decoding=\"async\" width=\"1024\" height=\"390\" src=\"https:\/\/www.repulonapok.hu\/wp-content\/uploads\/2024\/02\/collage-Beskyd-1-1024x390.jpg\" alt=\"\" class=\"wp-image-2868\" srcset=\"https:\/\/www.repulonapok.hu\/wp-content\/uploads\/2024\/02\/collage-Beskyd-1-1024x390.jpg 1024w, https:\/\/www.repulonapok.hu\/wp-content\/uploads\/2024\/02\/collage-Beskyd-1-300x114.jpg 300w, https:\/\/www.repulonapok.hu\/wp-content\/uploads\/2024\/02\/collage-Beskyd-1-768x292.jpg 768w, https:\/\/www.repulonapok.hu\/wp-content\/uploads\/2024\/02\/collage-Beskyd-1-1536x584.jpg 1536w, https:\/\/www.repulonapok.hu\/wp-content\/uploads\/2024\/02\/collage-Beskyd-1-2048x779.jpg 2048w\" sizes=\"(max-width: 1024px) 100vw, 1024px\" \/><\/a><\/figure>\n\n\n\n<p><\/p>\n\n\n\n<figure class=\"wp-block-table is-style-stripes\"><table><tbody><tr><td><strong>Id\u0151pont&nbsp;&nbsp;&nbsp; :&nbsp;<\/strong><\/td><td>2024. 05.03-05.<\/td><td><strong>Poz. sz\u00e1m:<\/strong><\/td><td>24\/RMB\/04<\/td><\/tr><tr><td><\/td><\/tr><tr><td><strong>Utaz\u00e1s&nbsp;&nbsp;&nbsp;&nbsp;&nbsp; :<\/strong><strong><\/strong><\/td><td>az utasl\u00e9tsz\u00e1mnak megfelel\u0151 aut\u00f3busszal<\/td><td><strong>Ell\u00e1t\u00e1s:<\/strong><\/td><td>\u00f6nell\u00e1t\u00f3<\/td><\/tr><tr><td><strong>Sz\u00e1ll\u00e1s, elhelyez\u00e9s :<\/strong><\/td><td>2 \u00e9jszaka sz\u00e1llod\u00e1ban, 2 -3 \u00e1gyas szob\u00e1kban<\/td><\/tr><tr><td><strong>Id\u0151tartam:<\/strong><\/td><td>3 nap \/ 2 \u00e9jszaka<\/td><\/tr><tr><td><strong>Utaz\u00e1s:<\/strong>\u00a0<\/td><td>Budapest \u2013 Kunovice \u2013 Koprivnice \u2013 Vyskov \u2013 Budapest \u00fatvonalon (kb. 1000 km)<\/td><td><\/td><td><\/td><td><\/td><td><\/td><td><\/td><\/tr><\/tbody><\/table><\/figure>\n\n\n\n<p class=\"has-text-align-center has-medium-font-size\"><u><strong>PROGRAM:<\/strong><\/u><\/p>\n\n\n\n<p><strong>1. nap: <\/strong>Felsz\u00e1ll\u00e1si lehet\u0151s\u00e9gek:<\/p>\n\n\n\n<p><strong>6:00 Pestszentl\u0151rinc, \u00dcll\u0151i \u00fat 379-381<\/strong>. LIDL parkol\u00f3<\/p>\n\n\n\n<p><strong>6:30\u00a0 Budapest, OMV Ecseri \u00fat, a befel\u00e9 vezet\u0151 oldalon, \u00dcll\u0151i \u00fat 110.<\/strong><\/p>\n\n\n\n<p>A rajkai hat\u00e1r\u00e1tl\u00e9p\u00e9s \u00e9s n\u00e9h\u00e1ny r\u00f6videbb pihen\u0151 ut\u00e1n a kora d\u00e9lut\u00e1ni \u00f3r\u00e1kban \u00e9rkez\u00fcnk els\u0151 l\u00e1tnival\u00f3nkhoz, a Kunovicei Rep\u00fcl\u0151 M\u00fazeumhoz. (www.museum-kunovice.cz, bel\u00e9p\u0151: 150 Kc). Mintegy 3 \u00f3r\u00e1s m\u00fazeuml\u00e1togat\u00e1s k\u00f6vet\u0151en sz\u00e1ll\u00e1shely\u00fcnkre utazunk, mely Koprivniceben vagy k\u00f6rny\u00e9k\u00e9n lesz. Itt 2 \u00e9jszak\u00e1t t\u00f6lt\u00fcnk.<\/p>\n\n\n<div class=\"wp-block-image\">\n<figure class=\"aligncenter size-large is-resized\"><a href=\"https:\/\/www.repulonapok.hu\/wp-content\/uploads\/2024\/02\/Kunovice.jpg\"><img loading=\"lazy\" decoding=\"async\" src=\"https:\/\/www.repulonapok.hu\/wp-content\/uploads\/2024\/02\/Kunovice-1024x683.jpg\" alt=\"\" class=\"wp-image-2869\" width=\"635\" height=\"423\" srcset=\"https:\/\/www.repulonapok.hu\/wp-content\/uploads\/2024\/02\/Kunovice-1024x683.jpg 1024w, https:\/\/www.repulonapok.hu\/wp-content\/uploads\/2024\/02\/Kunovice-300x200.jpg 300w, https:\/\/www.repulonapok.hu\/wp-content\/uploads\/2024\/02\/Kunovice-768x512.jpg 768w, https:\/\/www.repulonapok.hu\/wp-content\/uploads\/2024\/02\/Kunovice-1536x1024.jpg 1536w, https:\/\/www.repulonapok.hu\/wp-content\/uploads\/2024\/02\/Kunovice-2048x1366.jpg 2048w\" sizes=\"(max-width: 635px) 100vw, 635px\" \/><\/a><\/figure><\/div>\n\n\n<p><strong>2. nap: <\/strong>A szombati napot teljes eg\u00e9sz\u00e9ben Koprivniceben t\u00f6ltj\u00fck. a Beskyd Model Kit Show-n. (www.kitshow.cz, bel\u00e9p\u0151: 70 Kc) A v\u00e1ros kult\u00farh\u00e1z\u00e1ban megrendez\u00e9sre ker\u00fcl\u0151 rendezv\u00e9nyen makettki\u00e1ll\u00edt\u00e1s, verseny \u00e9s b\u00f6rze v\u00e1rja a l\u00e1togat\u00f3kat. 17 \u00f3ra k\u00f6r\u00fcl visszautazunk a sz\u00e1ll\u00e1shely\u00fcnkre.<\/p>\n\n\n<div class=\"wp-block-image\">\n<figure class=\"aligncenter size-full is-resized\"><a href=\"https:\/\/www.repulonapok.hu\/wp-content\/uploads\/2024\/02\/Beskyd-1-1.jpg\"><img loading=\"lazy\" decoding=\"async\" src=\"https:\/\/www.repulonapok.hu\/wp-content\/uploads\/2024\/02\/Beskyd-1-1.jpg\" alt=\"\" class=\"wp-image-2872\" width=\"640\" height=\"427\" srcset=\"https:\/\/www.repulonapok.hu\/wp-content\/uploads\/2024\/02\/Beskyd-1-1.jpg 600w, https:\/\/www.repulonapok.hu\/wp-content\/uploads\/2024\/02\/Beskyd-1-1-300x200.jpg 300w\" sizes=\"(max-width: 640px) 100vw, 640px\" \/><\/a><\/figure><\/div>\n\n\n<p><strong>3. nap: <\/strong>A \u00bd 9 \u00f3rai indul\u00e1st k\u00f6vet\u0151en els\u0151 utunk a TATRA gy\u00e1rtm\u00e1ny\u00fa j\u00e1rm\u0171vek \u2013 igen l\u00e1tv\u00e1nyos \u2013 m\u00fazeum\u00e1ba vezet. (www.tatramuseum.cz, bel\u00e9p\u0151_ 200 Kc). K\u00f6vetkez\u0151 programunk \u2013 kora d\u00e9lut\u00e1n a vyskovi \u2013 mag\u00e1n \u2013 rep\u00fcl\u0151g\u00e9pgy\u0171jtem\u00e9ny. (www.lhs-vyskov.cz, bel\u00e9p\u0151: 150 Kc) A m\u00fazeuml\u00e1togat\u00e1sokat k\u00f6vet\u0151en hazafel\u00e9 indulunk. Az esti \u00f3r\u00e1kban \u00e9rkez\u00e9s Budapestre, az indul\u00e1ssal megegyez\u0151 helyre.<\/p>\n\n\n<div class=\"wp-block-image\">\n<figure class=\"aligncenter size-full is-resized\"><a href=\"https:\/\/www.repulonapok.hu\/wp-content\/uploads\/2024\/02\/Tatra-museum-1.jpg\"><img loading=\"lazy\" decoding=\"async\" src=\"https:\/\/www.repulonapok.hu\/wp-content\/uploads\/2024\/02\/Tatra-museum-1.jpg\" alt=\"\" class=\"wp-image-2873\" width=\"651\" height=\"433\" srcset=\"https:\/\/www.repulonapok.hu\/wp-content\/uploads\/2024\/02\/Tatra-museum-1.jpg 1000w, https:\/\/www.repulonapok.hu\/wp-content\/uploads\/2024\/02\/Tatra-museum-1-300x200.jpg 300w, https:\/\/www.repulonapok.hu\/wp-content\/uploads\/2024\/02\/Tatra-museum-1-768x512.jpg 768w\" sizes=\"(max-width: 651px) 100vw, 651px\" \/><\/a><\/figure><\/div>\n\n\n<p class=\"has-text-align-center has-large-font-size\"><strong>R\u00e9szv\u00e9teli d\u00edj: 75 000 Ft<\/strong><\/p>\n\n\n\n<p><strong>A r\u00e9szv\u00e9teli d\u00edj tartalmazza:<\/strong> a 2 \u00e9jszakai sz\u00e1ll\u00e1st \u00e9s az aut\u00f3buszos utaz\u00e1st<\/p>\n\n\n\n<p><strong>A r\u00e9szv\u00e9teli d\u00edj nem tartalmazza:<\/strong> a bel\u00e9p\u0151jegyeket, az \u00e9tkez\u00e9st \u00e9s a baleset-, betegs\u00e9g-, poggy\u00e1szbiztos\u00edt\u00e1st (650 Ft\/f\u0151\/nap, 70 \u00e9ves kor felett 100% fel\u00e1r)<\/p>\n\n\n<div class=\"wp-block-image\">\n<figure class=\"aligncenter size-full is-resized\"><a href=\"https:\/\/www.repulonapok.hu\/wp-content\/uploads\/2024\/02\/letoltes.jpg\"><img loading=\"lazy\" decoding=\"async\" src=\"https:\/\/www.repulonapok.hu\/wp-content\/uploads\/2024\/02\/letoltes.jpg\" alt=\"\" class=\"wp-image-2874\" width=\"373\" height=\"259\"\/><\/a><\/figure><\/div>\n\n\n<p><\/p>\n","protected":false},"excerpt":{"rendered":"<p>NEM CSAK MAKETTEZ\u0150KNEK! Id\u0151pont&nbsp;&nbsp;&nbsp; :&nbsp; 2024. 05.03-05. Poz. sz\u00e1m: 24\/RMB\/04 Utaz\u00e1s&nbsp;&nbsp;&nbsp;&nbsp;&nbsp; : az utasl\u00e9tsz\u00e1mnak megfelel\u0151 aut\u00f3busszal Ell\u00e1t\u00e1s: \u00f6nell\u00e1t\u00f3 Sz\u00e1ll\u00e1s, elhelyez\u00e9s : 2 \u00e9jszaka sz\u00e1llod\u00e1ban, 2 -3 \u00e1gyas szob\u00e1kban Id\u0151tartam: 3 [&hellip;]<\/p>\n","protected":false},"author":1,"featured_media":0,"parent":0,"menu_order":0,"comment_status":"closed","ping_status":"closed","template":"","meta":{"footnotes":""},"_links":{"self":[{"href":"https:\/\/www.repulonapok.hu\/index.php?rest_route=\/wp\/v2\/pages\/2867"}],"collection":[{"href":"https:\/\/www.repulonapok.hu\/index.php?rest_route=\/wp\/v2\/pages"}],"about":[{"href":"https:\/\/www.repulonapok.hu\/index.php?rest_route=\/wp\/v2\/types\/page"}],"author":[{"embeddable":true,"href":"https:\/\/www.repulonapok.hu\/index.php?rest_route=\/wp\/v2\/users\/1"}],"replies":[{"embeddable":true,"href":"https:\/\/www.repulonapok.hu\/index.php?rest_route=%2Fwp%2Fv2%2Fcomments&post=2867"}],"version-history":[{"count":1,"href":"https:\/\/www.repulonapok.hu\/index.php?rest_route=\/wp\/v2\/pages\/2867\/revisions"}],"predecessor-version":[{"id":2875,"href":"https:\/\/www.repulonapok.hu\/index.php?rest_route=\/wp\/v2\/pages\/2867\/revisions\/2875"}],"wp:attachment":[{"href":"https:\/\/www.repulonapok.hu\/index.php?rest_route=%2Fwp%2Fv2%2Fmedia&parent=2867"}],"curies":[{"name":"wp","href":"https:\/\/api.w.org\/{rel}","templated":true}]}}