{"id":286,"date":"2015-01-31T14:27:20","date_gmt":"2015-01-31T13:27:20","guid":{"rendered":"http:\/\/www.repulonapok.hu\/?page_id=286"},"modified":"2023-03-15T13:56:34","modified_gmt":"2023-03-15T12:56:34","slug":"hadak-utjan-vitez-nagybanyai-horthy-istvan-emlekere","status":"publish","type":"page","link":"https:\/\/www.repulonapok.hu\/?page_id=286","title":{"rendered":"\u201eHadak \u00datj\u00e1n\u201d Vit\u00e9z Nagyb\u00e1nyai Horthy Istv\u00e1n eml\u00e9k\u00e9re"},"content":{"rendered":"<p class=\"western\" align=\"justify\"><img loading=\"lazy\" decoding=\"async\" id=\"irc_mi\" class=\" aligncenter\" src=\"http:\/\/szegedma.hu\/images\/horthyistvan0822\/horthy_istvan-4.jpg\" alt=\"\" width=\"295\" height=\"393\" \/><\/p>\n<p class=\"western\" align=\"justify\"><span style=\"font-size: small;\"><span style=\"font-size: large;\"><b>Id\u0151pont: 2023.08.20.<\/b><\/span><b>\u00a0 \u00a0 \u00a0 \u00a0 \u00a0 \u00a0 \u00a0 \u00a0 \u00a0 \u00a0 \u00a0 \u00a0 \u00a0 \u00a0 \u00a0 \u00a0Poz\u00edci\u00f3 sz\u00e1m: 23\/HAD\/10<\/b><\/span><\/p>\n<p class=\"western\" align=\"justify\"><span style=\"font-size: small;\"><b>Utaz\u00e1s: aut\u00f3busszal, csoport k\u00eds\u00e9r\u0151vel <\/b><\/span><\/p>\n<p class=\"western\" align=\"center\"><span style=\"font-size: small;\"><span style=\"text-decoration: underline;\"><b>Program:<\/b><\/span><\/span><\/p>\n<p class=\"western\" align=\"left\"><span style=\"font-size: small;\"><span style=\"font-size: medium;\">Indul\u00e1s:<\/span><\/span><\/p>\n<p><strong>7.00<\/strong> &#8211; kor Ecseri \u00fat OMV benzink\u00fat kifel\u00e9 vezet\u0151 oldal (\u00dcll\u0151i \u00fat 137.)<\/p>\n<p><strong>7.30<\/strong>-kor Pestszentl\u0151rinc, \u00dcll\u0151i \u00fat 379-381. LIDL parkol\u00f3<\/p>\n<p>Mintegy 3 \u00f3r\u00e1s utaz\u00e1s ut\u00e1n el\u0151sz\u00f6r tisztelg\u0151 l\u00e1togat\u00e1st tesz\u00fcnk Vit\u00e9z Nagyb\u00e1nyai Horthy Istv\u00e1n rep\u00fcl\u0151f\u0151hadnagy f\u00f6ldi maradv\u00e1nyai el\u0151tt, aki, 1942. augusztus 20-\u00e1n halt rep\u00fcl\u0151 h\u0151si hal\u00e1lt az orosz fronton. S\u00edrja Kenderesen, a Horthy-kript\u00e1ban tal\u00e1lhat\u00f3. Ezt k\u00f6vet\u0151en megtekintj\u00fck a Kenderesi Horthy kast\u00e9lyt valamint a Horthy Mikl\u00f3s eml\u00e9km\u00fazeumot <em>(bel\u00e9p\u0151:1600Ft).<\/em><\/p>\n<p><a href=\"https:\/\/www.repulonapok.hu\/wp-content\/uploads\/2023\/03\/Kenderes-Horty-kastely.webp\"><img loading=\"lazy\" decoding=\"async\" class=\"aligncenter  wp-image-2727\" src=\"https:\/\/www.repulonapok.hu\/wp-content\/uploads\/2023\/03\/Kenderes-Horty-kastely.webp\" alt=\"\" width=\"700\" height=\"394\" srcset=\"https:\/\/www.repulonapok.hu\/wp-content\/uploads\/2023\/03\/Kenderes-Horty-kastely.webp 900w, https:\/\/www.repulonapok.hu\/wp-content\/uploads\/2023\/03\/Kenderes-Horty-kastely-300x169.webp 300w, https:\/\/www.repulonapok.hu\/wp-content\/uploads\/2023\/03\/Kenderes-Horty-kastely-768x433.webp 768w\" sizes=\"(max-width: 700px) 100vw, 700px\" \/><\/a>D\u00e9l k\u00f6r\u00fcl Szolnokra utazunk, ahol el\u0151sz\u00f6r eb\u00e9del\u00e9si lehet\u0151s\u00e9get biztos\u00edtunk a csoport r\u00e9sz\u00e9re egy hangulatos Tisza parti cs\u00e1rd\u00e1ban. A d\u00e9lut\u00e1nt a Szolnoki RepT\u00e1rban t\u00f6ltj\u00fck. (bel\u00e9p\u0151: 2900 Ft)<\/p>\n<p><a href=\"https:\/\/www.repulonapok.hu\/wp-content\/uploads\/2023\/03\/reptar.jpg\"><img loading=\"lazy\" decoding=\"async\" class=\"aligncenter  wp-image-2728\" src=\"https:\/\/www.repulonapok.hu\/wp-content\/uploads\/2023\/03\/reptar.jpg\" alt=\"\" width=\"700\" height=\"360\" srcset=\"https:\/\/www.repulonapok.hu\/wp-content\/uploads\/2023\/03\/reptar.jpg 1280w, https:\/\/www.repulonapok.hu\/wp-content\/uploads\/2023\/03\/reptar-300x154.jpg 300w, https:\/\/www.repulonapok.hu\/wp-content\/uploads\/2023\/03\/reptar-1024x527.jpg 1024w, https:\/\/www.repulonapok.hu\/wp-content\/uploads\/2023\/03\/reptar-768x395.jpg 768w\" sizes=\"(max-width: 700px) 100vw, 700px\" \/><\/a><\/p>\n<p>Indul\u00e1s Budapestre 17.30-kor. Lesz\u00e1ll\u00e1si lehet\u0151s\u00e9g a buszr\u00f3l a felsz\u00e1ll\u00e1ssal megegyez\u0151 helyeken, csak ford\u00edtott sorrendben.<\/p>\n<h2 class=\"western\" style=\"text-align: center;\" align=\"justify\"><span style=\"font-size: x-large; color: revert; font-weight: revert;\">R\u00e9szv\u00e9teli d\u00edj: 9 500 Ft\/f\u0151<\/span><\/h2>\n<p align=\"left\"><span style=\"font-size: small;\"><i><span style=\"text-decoration: underline;\"><b>A r\u00e9szv\u00e9teli d\u00edj tartalmazza<\/b><\/span><\/i><\/span><span style=\"font-size: small;\"><i><b>:<\/b><\/i><\/span><span style=\"font-size: small;\"><i> az aut\u00f3buszos utaz\u00e1s k\u00f6lts\u00e9geit <\/i><\/span><\/p>\n<p class=\"western\" align=\"left\"><span style=\"font-size: small;\"><span style=\"font-size: small;\"><i><span style=\"text-decoration: underline;\"><b>A r\u00e9szv\u00e9teli d\u00edj nem tartalmazza<\/b><\/span><\/i><\/span><span style=\"font-size: small;\"><i><b>:<\/b><\/i><\/span><span style=\"font-size: small;\"><i> a bel\u00e9p\u0151jegyeket, melyek a helysz\u00ednen fizetend\u0151k <\/i><\/span><\/span><\/p>\n<p class=\"western\" align=\"left\"><span style=\"font-size: small;\"><span style=\"font-size: small;\"><i><span style=\"text-decoration: underline;\"><b>Kedvezm\u00e9nyek<\/b><\/span><\/i><\/span><span style=\"font-size: small;\"><i><b>:<\/b><\/i><\/span><span style=\"font-size: small;\"><i> A GOforGO t\u00f6rzsutasainak, di\u00e1koknak 18 \u00e9ves korig, 65 \u00e9v feletti nyugd\u00edjasoknak 500 Ft. Kedvezm\u00e9nyeket \u00f6sszevonni nem lehet!<\/i><\/span><\/span><\/p>\n<p class=\"western\" align=\"center\"><span style=\"font-size: small;\"><b>\u00c9LM\u00c9NYEKBEN GAZDAG UTAZ\u00c1ST K\u00cdV\u00c1NUNK!<\/b><\/span><\/p>\n","protected":false},"excerpt":{"rendered":"<p>Id\u0151pont: 2023.08.20.\u00a0 \u00a0 \u00a0 \u00a0 \u00a0 \u00a0 \u00a0 \u00a0 \u00a0 \u00a0 \u00a0 \u00a0 \u00a0 \u00a0 \u00a0 \u00a0Poz\u00edci\u00f3 sz\u00e1m: 23\/HAD\/10 Utaz\u00e1s: aut\u00f3busszal, csoport k\u00eds\u00e9r\u0151vel Program: Indul\u00e1s: 7.00 &#8211; kor Ecseri \u00fat [&hellip;]<\/p>\n","protected":false},"author":1,"featured_media":0,"parent":0,"menu_order":0,"comment_status":"closed","ping_status":"closed","template":"","meta":{"footnotes":""},"_links":{"self":[{"href":"https:\/\/www.repulonapok.hu\/index.php?rest_route=\/wp\/v2\/pages\/286"}],"collection":[{"href":"https:\/\/www.repulonapok.hu\/index.php?rest_route=\/wp\/v2\/pages"}],"about":[{"href":"https:\/\/www.repulonapok.hu\/index.php?rest_route=\/wp\/v2\/types\/page"}],"author":[{"embeddable":true,"href":"https:\/\/www.repulonapok.hu\/index.php?rest_route=\/wp\/v2\/users\/1"}],"replies":[{"embeddable":true,"href":"https:\/\/www.repulonapok.hu\/index.php?rest_route=%2Fwp%2Fv2%2Fcomments&post=286"}],"version-history":[{"count":5,"href":"https:\/\/www.repulonapok.hu\/index.php?rest_route=\/wp\/v2\/pages\/286\/revisions"}],"predecessor-version":[{"id":2730,"href":"https:\/\/www.repulonapok.hu\/index.php?rest_route=\/wp\/v2\/pages\/286\/revisions\/2730"}],"wp:attachment":[{"href":"https:\/\/www.repulonapok.hu\/index.php?rest_route=%2Fwp%2Fv2%2Fmedia&parent=286"}],"curies":[{"name":"wp","href":"https:\/\/api.w.org\/{rel}","templated":true}]}}