{"id":2837,"date":"2024-01-23T19:55:57","date_gmt":"2024-01-23T18:55:57","guid":{"rendered":"https:\/\/www.repulonapok.hu\/?page_id=2837"},"modified":"2024-01-30T19:01:45","modified_gmt":"2024-01-30T18:01:45","slug":"d-day-a-partraszallas-80-evfordulojan","status":"publish","type":"page","link":"https:\/\/www.repulonapok.hu\/?page_id=2837","title":{"rendered":"D-Day, a partrasz\u00e1ll\u00e1s 80. \u00e9vfordul\u00f3j\u00e1n"},"content":{"rendered":"\n<figure class=\"wp-block-gallery has-nested-images columns-default is-cropped wp-block-gallery-1 is-layout-flex wp-block-gallery-is-layout-flex\">\n<figure class=\"wp-block-image size-large\"><a href=\"https:\/\/www.repulonapok.hu\/wp-content\/uploads\/2024\/01\/414871911_298222576116621_6624595000271599148_n.jpg\"><img loading=\"lazy\" decoding=\"async\" width=\"1024\" height=\"683\" data-id=\"2838\" src=\"https:\/\/www.repulonapok.hu\/wp-content\/uploads\/2024\/01\/414871911_298222576116621_6624595000271599148_n-1024x683.jpg\" alt=\"\" class=\"wp-image-2838\" srcset=\"https:\/\/www.repulonapok.hu\/wp-content\/uploads\/2024\/01\/414871911_298222576116621_6624595000271599148_n-1024x683.jpg 1024w, https:\/\/www.repulonapok.hu\/wp-content\/uploads\/2024\/01\/414871911_298222576116621_6624595000271599148_n-300x200.jpg 300w, https:\/\/www.repulonapok.hu\/wp-content\/uploads\/2024\/01\/414871911_298222576116621_6624595000271599148_n-768x512.jpg 768w, https:\/\/www.repulonapok.hu\/wp-content\/uploads\/2024\/01\/414871911_298222576116621_6624595000271599148_n-1536x1024.jpg 1536w, https:\/\/www.repulonapok.hu\/wp-content\/uploads\/2024\/01\/414871911_298222576116621_6624595000271599148_n.jpg 2048w\" sizes=\"(max-width: 1024px) 100vw, 1024px\" \/><\/a><\/figure>\n<\/figure>\n\n\n\n<div class=\"wp-block-group\"><div class=\"wp-block-group__inner-container is-layout-constrained wp-block-group-is-layout-constrained\">\n<figure class=\"wp-block-table is-style-stripes\"><table><tbody><tr><td><strong>Id\u0151pont&nbsp;&nbsp;&nbsp; :&nbsp;<\/strong><\/td><td>2024. 05.30 \u2013 06.08.<\/td><td><strong>Poz. sz\u00e1m:<\/strong><\/td><td>24\/RDD\/06<\/td><td><strong>&nbsp;<\/strong><\/td><\/tr><tr><td><\/td><\/tr><tr><td><strong>Utaz\u00e1s&nbsp;&nbsp;&nbsp; :<\/strong><strong><\/strong><\/td><td>kisbuszokkal<\/td><td><strong>Ell\u00e1t\u00e1s:<\/strong><\/td><td>\u00f6nell\u00e1t\u00e1s<\/td><td><strong>&nbsp;<\/strong><\/td><\/tr><tr><td><strong>Sz\u00e1ll\u00e1s, elhelyez\u00e9s :<\/strong><\/td><td>2-3 *-os sz\u00e1llod\u00e1kban, illetve bungal\u00f3kban.<\/td><td><strong>&nbsp;<\/strong><\/td><\/tr><tr><td><strong>Id\u0151tartam:&nbsp;&nbsp;<\/strong><\/td><td>10 nap\/9 \u00e9jszaka<\/td><td><strong>Idegenvezet\u00e9s:&nbsp;&nbsp;&nbsp;<\/strong><\/td><td>csoportk\u00eds\u00e9r\u0151t biztos\u00edtunk<\/td><td><strong>&nbsp;<\/strong><\/td><\/tr><tr><td><\/td><td><\/td><td><\/td><td><\/td><td><\/td><td><\/td><td><\/td><td><\/td><\/tr><\/tbody><\/table><\/figure>\n<\/div><\/div>\n\n\n\n<p><strong>\u00datvonal&nbsp; : <\/strong>Budapest \u2013Koblenz \u2013 Calais \u2013 Dover \u2013 Duxford &#8211; Agan Coutainville \u2013 Normandiai partszakasz \u2013 Rastatt &#8211; Budapest&nbsp; \u00fatvonalon (kb:&nbsp;&nbsp; 4900 km)<\/p>\n\n\n\n<p class=\"has-text-align-center has-medium-font-size\"><strong><u>PROGRAM:<\/u><\/strong><\/p>\n\n\n\n<p><strong>1. nap: Felsz\u00e1ll\u00e1si lehet\u0151s\u00e9gek:<\/strong><\/p>\n\n\n\n<p>06:00&nbsp;&nbsp;&nbsp;&nbsp; Pestszentl\u0151rinc, \u00dcll\u0151i \u00fat 368. LIDL parkol\u00f3<\/p>\n\n\n\n<p><strong>06:30&nbsp;&nbsp;&nbsp;&nbsp; Budapest, Ecseri \u00fat OMV benzink\u00fat, belv\u00e1ros fel\u00e9 vezet\u0151 oldal (\u00dcll\u0151i \u00fat 110.)<\/strong><\/p>\n\n\n\n<p>Eg\u00e9sznapos, folyamatos utaz\u00e1s, r\u00f6vid pihen\u0151kkel a Rajna menti Koblenzig, ahol els\u0151 \u00e9jszakai tranzitsz\u00e1ll\u00e1sunk lesz. (kb. 1050 km)<\/p>\n\n\n\n<p><strong>2. nap:<\/strong> Utaz\u00e1s Angli\u00e1ba a kora reggeli indul\u00e1st k\u00f6vet\u0151en, Br\u00fcsszel mellett elhaladva Calais-ba \u00e9rkez\u00fcnk. Itt a behaj\u00f3z\u00e1st k\u00f6vet\u0151en \u00e1tkel\u00fcnk a La Manche-on. A doveri kik\u00f6t\u00e9s ut\u00e1n London fel\u00e9 vessz\u00fck az ir\u00e1nyt. Sz\u00e1ll\u00e1shely\u00fcnk 3 \u00e9jszak\u00e1ra Londont\u00f3l \u00e9szakra egy kisebb v\u00e1rosban lesz. (kb. 650 km)<\/p>\n\n\n\n<p><strong>3-4. nap: <\/strong>A szombati \u00e9s vas\u00e1rnapi napot az Imperial War Museum duxfordi rep\u00fcl\u0151ter\u00e9n &#8211; m\u00fazeum\u00e1ban t\u00f6ltj\u00fck. Ezen a h\u00e9tv\u00e9g\u00e9n ker\u00fcl megrendez\u00e9sre a l\u00e1tv\u00e1nyos \u201eD-day Air Show\u201d. Sz\u00e1ll\u00e1shely\u00fcnkr\u0151l mindk\u00e9t nap reggel Duxfordba utazunk, majd 18 \u00f3ra k\u00f6r\u00fcl vissza. (napi: kb. 140 km)<\/p>\n\n\n\n<p><strong>&nbsp;&nbsp;&nbsp;&nbsp;&nbsp;&nbsp;&nbsp;&nbsp;&nbsp; Figyelem! A jegyek csak el\u0151v\u00e9telben az interneten kereszt\u00fcl v\u00e1s\u00e1rolhat\u00f3k meg! Bel\u00e9p\u0151jegy \u00e1ra: 49,50 \u0141\/nap\/f\u0151. A jegyv\u00e1lt\u00e1s minden tisztelt utasunknak mag\u00e1nak kell int\u00e9znie: www.iwm.org.uk<\/strong><\/p>\n\n\n\n<p><strong>5. nap:<\/strong> H\u00e9tf\u0151n Angli\u00e1b\u00f3l visszat\u00e9r\u00fcnk a kontinensre. Londont elhagyva Bournemouth-Poole kik\u00f6t\u0151j\u00e9be utazunk. Az English Channel-en \u00e1tkelve Cherbourg kik\u00f6t\u0151j\u00e9ben \u00e9r\u00fcnk partot. A kik\u00f6t\u00e9s ut\u00e1n &#8211; egy tengerparti \u00fcd\u00fcl\u0151 telep\u00fcl\u00e9sre \u00e9rkez\u00fcnk \u2013 Agan Coutainville-be.Sz\u00e1ll\u00e1sunk itt lesz 4 \u00e9jszak\u00e1ra, k\u00e9nyelmes, j\u00f3l felszerelt (nappali, h\u0171t\u0151, konyhasarok, TV) bungal\u00f3kban. 1-2-3 \u00e1gyas szob\u00e1kban. (Amennyiben az id\u0151be belef\u00e9r \u2013 \u00e9s ez els\u0151sorban a komp\u00e1tkel\u00e9st\u0151l f\u00fcgg \u2013 m\u00e9g Angli\u00e1ban r\u00f6vid l\u00e1togat\u00e1st tesz\u00fcnk a bowingtoni tankm\u00fazeumban!) (kb. 280 km)<\/p>\n\n\n\n<figure class=\"wp-block-gallery has-nested-images columns-default is-cropped wp-block-gallery-2 is-layout-flex wp-block-gallery-is-layout-flex\">\n<figure class=\"wp-block-image size-large\"><a href=\"https:\/\/www.repulonapok.hu\/wp-content\/uploads\/2024\/01\/bgf8f8f8-flat750x075f-pad750x1000f8f8f8.jpg\"><img loading=\"lazy\" decoding=\"async\" width=\"750\" height=\"1000\" data-id=\"2839\" src=\"https:\/\/www.repulonapok.hu\/wp-content\/uploads\/2024\/01\/bgf8f8f8-flat750x075f-pad750x1000f8f8f8.jpg\" alt=\"\" class=\"wp-image-2839\" srcset=\"https:\/\/www.repulonapok.hu\/wp-content\/uploads\/2024\/01\/bgf8f8f8-flat750x075f-pad750x1000f8f8f8.jpg 750w, https:\/\/www.repulonapok.hu\/wp-content\/uploads\/2024\/01\/bgf8f8f8-flat750x075f-pad750x1000f8f8f8-225x300.jpg 225w\" sizes=\"(max-width: 750px) 100vw, 750px\" \/><\/a><\/figure>\n<\/figure>\n\n\n\n<p><strong>6. nap: <\/strong>Reggeli ut\u00e1n a normandiai tengerpart fel\u00e9 indulunk, ahol megkezdj\u00fck a partrasz\u00e1ll\u00e1ssal kapcsolatos m\u00fazeumok, eml\u00e9khelyek, v\u00e1rosok megtekint\u00e9s\u00e9t. <strong>BRIT NAP \u2013 PEGASUS H\u00cdD<\/strong>. Terveink szerint megtekintj\u00fck: BAYEUX &#8211; Mus\u00e9e de la Bataille de Normandie + Brit temet\u0151t, CAEN \u2013 D-Day Wings (Air) Museumot, B\u00c9NOUVILLE \u2013 Pegasus Bridge and Museumot, COURSEULLES \u2013 Centre Juno Beach VAGY ARROMANCHES -Mus\u00e9e du D\u00e9barquement (att\u0151l f\u00fcgg, hogy \u00e1llunk id\u0151vel) (kb. 250 km)<\/p>\n\n\n\n<p><strong>7. nap:<\/strong> Folytatjuk a normandiai felfedez\u0151 utat! Ez az: <strong>OMAHA NAP<\/strong>. LA CAMBE \u2013 N\u00e9met katonai temet\u0151 (Michael Wittmann s\u00edrja), LONGUES \u2013 N\u00e9met parti \u00fcteg, COLLEVILLE \u2013 Overlord Museum, OMAHA BEACH CENTRE + NORMANDY AMERICAN CEMETRY, (esetleg: Mus\u00e9e M\u00e9morial d\u2019Omaha Beach), LA POINTE DU HOC (kb. 250 km)<\/p>\n\n\n\n<p><strong>8. nap:<\/strong> <strong>UTAH NAP<\/strong> A 101-esek \u00e9s a 82-esek, az Easy Company nyom\u00e1ban, CARENTAN \u2013 D-Day Experience, SAINTE-M\u00c9RE-\u00c9GLISE \u2013 Airborne Museum (+F\u0151t\u00e9r), BATTERIE DE CRISBECQ \u2013 N\u00e9met parti \u00fcteg, UTAH BEACH CENTRE. <strong>Ez a nap j\u00fanius 6.<\/strong>-a. A partrasz\u00e1ll\u00e1s pontos d\u00e1tuma, \u00e9vfordul\u00f3ja. Ezen a napon ker\u00fcl sor az OMAHA Beach-en \u2013 korm\u00e1ny \u00e9s \u00e1llamf\u0151k r\u00e9szv\u00e9tel\u00e9vel \u2013 a k\u00f6zponti megeml\u00e9kez\u00e9sre. <em>(Fontos! a rendezv\u00e9nyek \u00e9s megeml\u00e9kez\u00e9sek helysz\u00edni szervez\u0151i szerint m\u00e1jus v\u00e9g\u00e9t\u0151l j\u00fanius k\u00f6zep\u00e9ig naponta ker\u00fcl sor k\u00fcl\u00f6nb\u00f6z\u0151 rendezv\u00e9nyekre! 3 napos ott tart\u00f3zkod\u00e1sunk ideje alatt minden nap a legfontosabb l\u00e1tnival\u00f3k, esem\u00e9nyek k\u00f6r\u00e9 \u00e9p\u00edtj\u00fck fel programunkat!)<\/em> (kb. 200 km)<\/p>\n\n\n\n<p><strong>9. nap:<\/strong> Reggel csomagolunk, majd indulunk N\u00e9metorsz\u00e1g fele. Haza\u00fatban a tranzitsz\u00e1ll\u00e1sunk Rastattban lesz. (900 km)<\/p>\n\n\n\n<p><strong>10. nap:<\/strong> Hazautaz\u00e1s Budapestre. Rastatt \u2013 Budapest 950 km<\/p>\n\n\n\n<h1 class=\"has-text-align-center wp-block-heading\">R\u00e9szv\u00e9teli d\u00edj:\u00a0 390 000Ft\/f\u0151<\/h1>\n\n\n\n<p><strong><em><u>A r\u00e9szv\u00e9teli d\u00edj tartalmazza<\/u><\/em><\/strong><strong><em>:<\/em><\/strong><em> a sz\u00e1ll\u00e1sk\u00f6lts\u00e9get, az aut\u00f3buszos utaz\u00e1s k\u00f6lts\u00e9geit, a kompjegyeket<\/em><\/p>\n\n\n\n<p><strong><em><u>A r\u00e9szv\u00e9teli d\u00edj nem tartalmazza<\/u><\/em><\/strong><strong><em>:<\/em><\/strong><em> az \u00e9tkez\u00e9st, a bel\u00e9p\u0151jegyeket, melyek a helysz\u00ednen fizetend\u0151k vagy el\u0151re az interneten megv\u00e1s\u00e1rolhat\u00f3k \u00e9s a BBP- biztos\u00edt\u00e1st<\/em><strong><em><u><\/u><\/em><\/strong><\/p>\n\n\n\n<p><strong>\u00c1rainkat <\/strong><strong>400 Ft = 1 \u20ac \u00e1rfolyamig tudjuk garant\u00e1lni!<\/strong><\/p>\n\n\n\n<p><strong>Fenntartjuk a jogot, hogy \u00e1rainkat a valuta\u00e1rfolyam \u00e9s \u00fczemanyag k\u00f6lts\u00e9g f\u00fcggv\u00e9ny\u00e9ben v\u00e1ltoztassuk\u2026 <\/strong><\/p>\n\n\n\n<p><strong>\u00c9LM\u00c9NYEKBEN GAZDAG UTAZ\u00c1ST, SOK-SOK REP\u00dcL\u0150G\u00c9PET K\u00cdV\u00c1NUNK!<\/strong><\/p>\n\n\n\n<figure class=\"wp-block-gallery has-nested-images columns-default is-cropped wp-block-gallery-3 is-layout-flex wp-block-gallery-is-layout-flex\">\n<figure class=\"wp-block-image size-large\"><a href=\"https:\/\/www.repulonapok.hu\/wp-content\/uploads\/2024\/01\/collage-D-day-scaled.jpg\"><img loading=\"lazy\" decoding=\"async\" width=\"1024\" height=\"390\" data-id=\"2844\" src=\"https:\/\/www.repulonapok.hu\/wp-content\/uploads\/2024\/01\/collage-D-day-1024x390.jpg\" alt=\"\" class=\"wp-image-2844\" srcset=\"https:\/\/www.repulonapok.hu\/wp-content\/uploads\/2024\/01\/collage-D-day-1024x390.jpg 1024w, https:\/\/www.repulonapok.hu\/wp-content\/uploads\/2024\/01\/collage-D-day-300x114.jpg 300w, https:\/\/www.repulonapok.hu\/wp-content\/uploads\/2024\/01\/collage-D-day-768x292.jpg 768w, https:\/\/www.repulonapok.hu\/wp-content\/uploads\/2024\/01\/collage-D-day-1536x584.jpg 1536w, https:\/\/www.repulonapok.hu\/wp-content\/uploads\/2024\/01\/collage-D-day-2048x779.jpg 2048w\" sizes=\"(max-width: 1024px) 100vw, 1024px\" \/><\/a><\/figure>\n<\/figure>\n","protected":false},"excerpt":{"rendered":"<p>Id\u0151pont&nbsp;&nbsp;&nbsp; :&nbsp; 2024. 05.30 \u2013 06.08. Poz. sz\u00e1m: 24\/RDD\/06 &nbsp; Utaz\u00e1s&nbsp;&nbsp;&nbsp; : kisbuszokkal Ell\u00e1t\u00e1s: \u00f6nell\u00e1t\u00e1s &nbsp; Sz\u00e1ll\u00e1s, elhelyez\u00e9s : 2-3 *-os sz\u00e1llod\u00e1kban, illetve bungal\u00f3kban. &nbsp; Id\u0151tartam:&nbsp;&nbsp; 10 nap\/9 \u00e9jszaka Idegenvezet\u00e9s:&nbsp;&nbsp;&nbsp; [&hellip;]<\/p>\n","protected":false},"author":1,"featured_media":0,"parent":0,"menu_order":0,"comment_status":"closed","ping_status":"closed","template":"","meta":{"footnotes":""},"_links":{"self":[{"href":"https:\/\/www.repulonapok.hu\/index.php?rest_route=\/wp\/v2\/pages\/2837"}],"collection":[{"href":"https:\/\/www.repulonapok.hu\/index.php?rest_route=\/wp\/v2\/pages"}],"about":[{"href":"https:\/\/www.repulonapok.hu\/index.php?rest_route=\/wp\/v2\/types\/page"}],"author":[{"embeddable":true,"href":"https:\/\/www.repulonapok.hu\/index.php?rest_route=\/wp\/v2\/users\/1"}],"replies":[{"embeddable":true,"href":"https:\/\/www.repulonapok.hu\/index.php?rest_route=%2Fwp%2Fv2%2Fcomments&post=2837"}],"version-history":[{"count":3,"href":"https:\/\/www.repulonapok.hu\/index.php?rest_route=\/wp\/v2\/pages\/2837\/revisions"}],"predecessor-version":[{"id":2865,"href":"https:\/\/www.repulonapok.hu\/index.php?rest_route=\/wp\/v2\/pages\/2837\/revisions\/2865"}],"wp:attachment":[{"href":"https:\/\/www.repulonapok.hu\/index.php?rest_route=%2Fwp%2Fv2%2Fmedia&parent=2837"}],"curies":[{"name":"wp","href":"https:\/\/api.w.org\/{rel}","templated":true}]}}