{"id":278,"date":"2015-01-31T14:24:59","date_gmt":"2015-01-31T13:24:59","guid":{"rendered":"http:\/\/www.repulonapok.hu\/?page_id=278"},"modified":"2023-03-13T07:38:50","modified_gmt":"2023-03-13T06:38:50","slug":"kassai-repulogep-muzeum","status":"publish","type":"page","link":"https:\/\/www.repulonapok.hu\/?page_id=278","title":{"rendered":"Kassai rep\u00fcl\u0151g\u00e9p m\u00fazeum"},"content":{"rendered":"<p><a href=\"https:\/\/www.repulonapok.hu\/wp-content\/uploads\/2013\/11\/collage-Kassa.jpg\"><img loading=\"lazy\" decoding=\"async\" class=\"aligncenter wp-image-1737\" src=\"https:\/\/www.repulonapok.hu\/wp-content\/uploads\/2013\/11\/collage-Kassa.jpg\" alt=\"collage Kassa\" width=\"600\" height=\"198\" srcset=\"https:\/\/www.repulonapok.hu\/wp-content\/uploads\/2013\/11\/collage-Kassa.jpg 1200w, https:\/\/www.repulonapok.hu\/wp-content\/uploads\/2013\/11\/collage-Kassa-300x99.jpg 300w, https:\/\/www.repulonapok.hu\/wp-content\/uploads\/2013\/11\/collage-Kassa-1024x338.jpg 1024w\" sizes=\"(max-width: 600px) 100vw, 600px\" \/><\/a><\/p>\n<p><b>Id\u0151pont :\u00a0<\/b><span style=\"font-size: large;\"><b>2023.08.12.\u00a0 \u00a0 \u00a0 \u00a0 \u00a0 \u00a0 \u00a0<\/b><\/span><span style=\"font-size: small;\"><b>Poz\u00edci\u00f3 sz\u00e1m:\u00a0<\/b><\/span><span style=\"font-size: small;\">23\/RKF\/09<\/span><\/p>\n<p class=\"western\" align=\"left\"><span style=\"font-size: small;\"><b>\u00datvonal :<\/b><\/span><span style=\"font-size: small;\"> Budapest \u2013 Miskolc \u2013 Tornyosn\u00e9meti &#8211; Kassa \u00fatvonalon \u00e9s vissza <\/span><\/p>\n<p><span style=\"font-size: small;\"><b>Utaz\u00e1s :\u00a0<\/b><\/span><span style=\"font-size: small;\">20 vagy 49 f\u0151s aut\u00f3busszal, csoportk\u00eds\u00e9r\u0151vel<\/span><b> <\/b><\/p>\n<p class=\"western\" style=\"text-align: center;\" align=\"left\"><b> <\/b><span style=\"font-size: medium;\"><span style=\"text-decoration: underline;\"><b>PROGRAM:<\/b><\/span><\/span><\/p>\n<p class=\"western\" align=\"justify\"><span style=\"font-size: medium;\"><b>1. nap: Indul\u00e1s: 5:30<\/b><\/span><span style=\"font-size: medium;\">&#8211; kor Pestszentl\u0151rinc,<\/span><span style=\"font-size: medium;\">\u00a0LIDL parkol\u00f3 \u2013 <\/span><b style=\"font-size: medium;\">\u00dcll\u0151i \u00fat 379-381.<\/b><\/p>\n<p class=\"western\" align=\"justify\"><span style=\"font-size: medium;\"><b>\u00a0 \u00a0 \u00a0 \u00a0 \u00a0 \u00a0 \u00a0 \u00a0 \u00a0 \u00a0 \u00a0 \u00a0 6.00<\/b><\/span><span style=\"font-size: medium;\">-kor <\/span><span style=\"font-size: medium;\">a\u00a0Budapest, Ecseri \u00fat OMV benzink\u00fat, belv\u00e1ros fel\u00e9 vezet\u0151 oldal\u00e1n (\u00dcll\u0151i \u00fat 110.)<\/span><\/p>\n<p class=\"western\"><span style=\"font-size: medium;\">Folyamatos utaz\u00e1ssal \u00e9s egy pihen\u0151vel \u00e9rkez\u00fcnk a hat\u00e1r\u00e1llom\u00e1sra. Innen m\u00e1r csak 25 km-re fekszik Kassa, t\u00f6rt\u00e9nelmi v\u00e1rosunk, II. R\u00e1k\u00f3czi Ferenc Fejedelem v\u00e9gs\u0151 nyughelye. Meg\u00e9rkez\u00e9s\u00fcnk ut\u00e1n mintegy 1 \u00bd \u00f3r\u00e1s v\u00e1rosn\u00e9z\u00e9s keret\u00e9ben megismerked\u00fcnk a v\u00e1ros nevezetess\u00e9geivel <\/span><\/p>\n<p><a href=\"https:\/\/www.repulonapok.hu\/wp-content\/uploads\/2015\/01\/Kassa-c\u00edmer.jpg\"><img loading=\"lazy\" decoding=\"async\" class=\"aligncenter wp-image-2127\" src=\"https:\/\/www.repulonapok.hu\/wp-content\/uploads\/2015\/01\/Kassa-c\u00edmer.jpg\" alt=\"Kassa c\u00edmer\" width=\"600\" height=\"396\" srcset=\"https:\/\/www.repulonapok.hu\/wp-content\/uploads\/2015\/01\/Kassa-c\u00edmer.jpg 920w, https:\/\/www.repulonapok.hu\/wp-content\/uploads\/2015\/01\/Kassa-c\u00edmer-300x198.jpg 300w\" sizes=\"(max-width: 600px) 100vw, 600px\" \/><\/a><\/p>\n<p><span style=\"font-size: medium;\">(ig\u00e9ny eset\u00e9n egy f\u00e9nyk\u00e9p sz\u00fcnet erej\u00e9ig aut\u00f3busszal elkanyarodunk az egykori <\/span><span style=\"font-size: medium;\"><i><b>MAGYAR KIR\u00c1LYI VIT\u00c9Z NAGYB\u00c1NYAI HORTHY ISTV\u00c1N HONV\u00c9D REP\u00dcL\u0150 AKAD\u00c9MIA <\/b><\/i><\/span><span style=\"font-size: medium;\">\u00e9p\u00fclet\u00e9hez) majd kora d\u00e9lut\u00e1n kimegy\u00fcnk a rep\u00fcl\u0151t\u00e9rre \u00e9s megtekintj\u00fck a rep\u00fcl\u0151g\u00e9p m\u00fazeumot\u00a0<\/span><span style=\"font-size: medium;\"><i>(bel\u00e9p\u0151: 8 \u20ac, f\u00e9nyk\u00e9pez\u00e9s: 2 \u20ac, nyitva 10-17ig)<\/i><\/span><span style=\"font-size: medium;\">.<\/span><\/p>\n<p>A<em> kassai m\u00fazeumban t\u00f6bbek k\u00f6z\u00f6tt k\u00e9t k\u00fcl\u00f6nleges rep\u00fcl\u0151g\u00e9p tal\u00e1lhat\u00f3: egy fel\u00faj\u00edtott <strong>Bf-109<\/strong>, melyhez t\u00f6bbnyire eredeti alkatr\u00e9szeket haszn\u00e1ltak, m\u00e9g az eur\u00f3pai rep\u00fcl\u00e9si m\u00fazeumok szempontj\u00e1b\u00f3l is egyed\u00fcl\u00e1ll\u00f3. A m\u00e1sik az Abda mell\u0151l elsz\u00e1ll\u00edtott egykori <strong>MAL\u00c9V IL-18<\/strong>-as.<\/em><\/p>\n<p class=\"western\"><a href=\"https:\/\/www.repulonapok.hu\/wp-content\/uploads\/2015\/01\/Kassa-rep-m\u00fazeum-3.jpg\"><img loading=\"lazy\" decoding=\"async\" class=\"aligncenter size-full wp-image-2129\" src=\"https:\/\/www.repulonapok.hu\/wp-content\/uploads\/2015\/01\/Kassa-rep-m\u00fazeum-3.jpg\" alt=\"Kassa rep m\u00fazeum 3\" width=\"640\" height=\"343\" srcset=\"https:\/\/www.repulonapok.hu\/wp-content\/uploads\/2015\/01\/Kassa-rep-m\u00fazeum-3.jpg 640w, https:\/\/www.repulonapok.hu\/wp-content\/uploads\/2015\/01\/Kassa-rep-m\u00fazeum-3-300x161.jpg 300w\" sizes=\"(max-width: 640px) 100vw, 640px\" \/><\/a><\/p>\n<p><span style=\"font-size: medium;\">17.00-kor indul\u00e1s hazafel\u00e9, \u00e9rkez\u00e9s Budapestre a k\u00e9s\u0151 esti \u00f3r\u00e1kban. Lesz\u00e1ll\u00e1si lehet\u0151s\u00e9g a felsz\u00e1ll\u00e1ssal megegyez\u0151 helyeken.<\/span><\/p>\n<p class=\"western\" align=\"center\"><span style=\"font-size: x-large;\"><b>R\u00e9szv\u00e9teli d\u00edj: 13 900 Ft\/f\u0151<\/b><\/span><\/p>\n<p align=\"left\"><span style=\"font-size: medium;\"><span style=\"font-size: small;\"><i><span style=\"text-decoration: underline;\"><b>A r\u00e9szv\u00e9teli d\u00edj tartalmazza<\/b><\/span><\/i><\/span><span style=\"font-size: small;\"><i><b>:<\/b><\/i><\/span><span style=\"font-size: small;\"><i> az aut\u00f3buszos utaz\u00e1s k\u00f6lts\u00e9geit <\/i><\/span><\/span><\/p>\n<p class=\"western\" align=\"left\"><span style=\"font-size: small;\"><i><span style=\"text-decoration: underline;\"><b>A r\u00e9szv\u00e9teli d\u00edj nem tartalmazza<\/b><\/span><\/i><\/span><span style=\"font-size: small;\"><i><b>:<\/b><\/i><\/span><span style=\"font-size: small;\"><i> a bel\u00e9p\u0151jegyeket, melyek a helysz\u00ednen fizetend\u0151k <\/i><\/span><\/p>\n<p class=\"western\" align=\"left\">\n<p class=\"western\" align=\"left\"><a href=\"https:\/\/www.repulonapok.hu\/wp-content\/uploads\/2015\/01\/banner3.jpg\"><img loading=\"lazy\" decoding=\"async\" class=\"aligncenter size-full wp-image-2113\" src=\"https:\/\/www.repulonapok.hu\/wp-content\/uploads\/2015\/01\/banner3.jpg\" alt=\"banner3\" width=\"600\" height=\"95\" srcset=\"https:\/\/www.repulonapok.hu\/wp-content\/uploads\/2015\/01\/banner3.jpg 600w, https:\/\/www.repulonapok.hu\/wp-content\/uploads\/2015\/01\/banner3-300x48.jpg 300w\" sizes=\"(max-width: 600px) 100vw, 600px\" \/><\/a><\/p>\n","protected":false},"excerpt":{"rendered":"<p>Id\u0151pont :\u00a02023.08.12.\u00a0 \u00a0 \u00a0 \u00a0 \u00a0 \u00a0 \u00a0Poz\u00edci\u00f3 sz\u00e1m:\u00a023\/RKF\/09 \u00datvonal : Budapest \u2013 Miskolc \u2013 Tornyosn\u00e9meti &#8211; Kassa \u00fatvonalon \u00e9s vissza Utaz\u00e1s :\u00a020 vagy 49 f\u0151s aut\u00f3busszal, csoportk\u00eds\u00e9r\u0151vel PROGRAM: 1. [&hellip;]<\/p>\n","protected":false},"author":1,"featured_media":0,"parent":0,"menu_order":0,"comment_status":"closed","ping_status":"closed","template":"","meta":{"footnotes":""},"_links":{"self":[{"href":"https:\/\/www.repulonapok.hu\/index.php?rest_route=\/wp\/v2\/pages\/278"}],"collection":[{"href":"https:\/\/www.repulonapok.hu\/index.php?rest_route=\/wp\/v2\/pages"}],"about":[{"href":"https:\/\/www.repulonapok.hu\/index.php?rest_route=\/wp\/v2\/types\/page"}],"author":[{"embeddable":true,"href":"https:\/\/www.repulonapok.hu\/index.php?rest_route=\/wp\/v2\/users\/1"}],"replies":[{"embeddable":true,"href":"https:\/\/www.repulonapok.hu\/index.php?rest_route=%2Fwp%2Fv2%2Fcomments&post=278"}],"version-history":[{"count":15,"href":"https:\/\/www.repulonapok.hu\/index.php?rest_route=\/wp\/v2\/pages\/278\/revisions"}],"predecessor-version":[{"id":2713,"href":"https:\/\/www.repulonapok.hu\/index.php?rest_route=\/wp\/v2\/pages\/278\/revisions\/2713"}],"wp:attachment":[{"href":"https:\/\/www.repulonapok.hu\/index.php?rest_route=%2Fwp%2Fv2%2Fmedia&parent=278"}],"curies":[{"name":"wp","href":"https:\/\/api.w.org\/{rel}","templated":true}]}}