{"id":2758,"date":"2023-03-15T14:48:09","date_gmt":"2023-03-15T13:48:09","guid":{"rendered":"https:\/\/www.repulonapok.hu\/?page_id=2758"},"modified":"2024-02-09T15:11:01","modified_gmt":"2024-02-09T14:11:01","slug":"u-s-air-tour-ii","status":"publish","type":"page","link":"https:\/\/www.repulonapok.hu\/?page_id=2758","title":{"rendered":"2024 : U.S.Air Tour II."},"content":{"rendered":"\n<p class=\"has-x-large-font-size\">D\u00e1tum:    2024 j\u00falius 17-29.<\/p>\n\n\n\n<p class=\"has-text-align-center has-large-font-size\">v\u00e1zlatos, tervezett program (R5)<\/p>\n\n\n<div class=\"wp-block-image\">\n<figure class=\"aligncenter size-full\"><a href=\"https:\/\/www.repulonapok.hu\/wp-content\/uploads\/2013\/11\/USA-z\u00e1szl\u00f3-rep\u00fcl\u0151vel.jpg\"><img loading=\"lazy\" decoding=\"async\" width=\"750\" height=\"498\" src=\"https:\/\/www.repulonapok.hu\/wp-content\/uploads\/2013\/11\/USA-z\u00e1szl\u00f3-rep\u00fcl\u0151vel.jpg\" alt=\"\" class=\"wp-image-1770\" srcset=\"https:\/\/www.repulonapok.hu\/wp-content\/uploads\/2013\/11\/USA-z\u00e1szl\u00f3-rep\u00fcl\u0151vel.jpg 750w, https:\/\/www.repulonapok.hu\/wp-content\/uploads\/2013\/11\/USA-z\u00e1szl\u00f3-rep\u00fcl\u0151vel-300x199.jpg 300w\" sizes=\"(max-width: 750px) 100vw, 750px\" \/><\/a><\/figure><\/div>\n\n\n<p><strong>1. nap: j\u00falius 17, szerda<\/strong>. Utaz\u00e1s Budapestr\u0151l rep\u00fcl\u0151g\u00e9ppel Seattlebe, Frankfurton kereszt\u00fcl a Lufthansa j\u00e1rat\u00e1val. Indul\u00e1s Budapestr\u0151l 2024. 07.&nbsp;17-\u00e9n 6:20-kor. V\u00e1rhat\u00f3 \u00e9rkez\u00e9s Seattle-be ugyan azon a napon, helyi id\u0151 szerint 12:25-kor. A rep\u00fcl\u0151 \u00fat kb. 15 \u00f3ra lesz! (id\u0151eltol\u00f3d\u00e1s -9 \u00f3ra) \u00c9rkez\u00e9s ut\u00e1n k\u00fcl\u00f6n aut\u00f3buszra sz\u00e1llunk, majd utaz\u00e1s a sz\u00e1ll\u00e1sunkra, ahol 2 \u00e9jszak\u00e1t t\u00f6lt\u00fcnk.<\/p>\n\n\n\n<p><strong>2. nap: j\u00falius 18, cs\u00fct\u00f6rt\u00f6k.<\/strong>Reggeli ut\u00e1n \u00e9rkezik \u00e9rt\u00fcnk az aut\u00f3busz \u00e9s ezt a napot a Boeing everetti \u201ef\u00e9szk\u00e9ben\u201d t\u00f6ltj\u00fck, ahol k\u00e9t programmal:<\/p>\n\n\n\n<p>&#8211; d\u00e9lel\u0151tt: mintegy 2 \u00f3r\u00e1s l\u00e1togat\u00e1s a Boeing \u00f6sszeszerel\u0151 \u00fczem\u00e9ben (Boeing Visitor Center, bel\u00e9p\u0151: 38 $<\/p>\n\n\n\n<p>&#8211; d\u00e9lut\u00e1n m\u00fazeum l\u00e1togat\u00e1s: \u201eThe Museum of Flight\u201d bel\u00e9p\u0151: 26 $<\/p>\n\n\n\n<p><strong>3. nap: j\u00falius 19, p\u00e9ntek.<\/strong> D\u00e9lel\u0151tt megtekintj\u00fck a Flying Heritage &amp; Combat Armar haditechnikai m\u00fazeumot. Bel\u00e9p\u0151: 25 $. D\u00e9lut\u00e1n az Alaska Airlines B-737-es rep\u00fcl\u0151g\u00e9ppel Seattleb\u0151l Los Angelesbe utazunk. Itt szint\u00e9n k\u00e9t \u00e9jszak\u00e1t t\u00f6lt\u00fcnk.<\/p>\n\n\n\n<p><strong>4. nap: j\u00falius 20, szombat. <\/strong>A napot Los Angelesben \u00e9s Holllywoodban t\u00f6ltj\u00fck.<\/p>\n\n\n\n<p>Lehets\u00e9ges programok:<\/p>\n\n\n\n<p>&#8211; Disney Land, Sar Wars: Galaxy&#8217;s Edge<\/p>\n\n\n\n<p>&#8211; Egy filmgy\u00e1r l\u00e1togat\u00e1s<\/p>\n\n\n\n<p>&#8211; USS IOWA csatahaj\u00f3 l\u00e1togat\u00e1s<\/p>\n\n\n\n<p>A v\u00e9gleges programot utasaink ig\u00e9nye ill. a rendelkez\u00e9sre \u00e1ll\u00f3 id\u0151 alapj\u00e1n \u00e1ll\u00edtjuk \u00f6ssze!<\/p>\n\n\n\n<p><strong>5. nap: j\u00falius 21, vas\u00e1rnap.<\/strong> Reggeli ut\u00e1n \u2013 b\u00e9relt aut\u00f3inkkal &#8211; Las Vegas fel\u00e9 indulunk. Miel\u0151tt neki v\u00e1gunk a MOJAVE sivatagnak, megl\u00e1togatjuk a h\u00edres CHINO-i Planes of Fame Air Museumot bel\u00e9p\u0151: 15 $ (napi 280 mf~ 450 km). Las Vegasban 2 \u00e9jszak\u00e1t t\u00f6lt\u00fcnk.<\/p>\n\n\n\n<p><strong>6. nap: j\u00falius 22, h\u00e9tf\u0151.<\/strong> Reggeli ut\u00e1n eg\u00e9sz napos kir\u00e1ndul\u00e1st tesz\u00fcnk a Grand Canyon legszebb t\u00e1jaira. Este szabad program Las Vegasban.<\/p>\n\n\n\n<p><strong>7. nap: j\u00falius 23, kedd. <\/strong>A nap folyam\u00e1n t\u00f6bbf\u00e9le program k\u00f6z\u00fcl v\u00e1laszthatnak utasaink:<\/p>\n\n\n\n<p>&#8211; szabadid\u0151, kaszinoz\u00e1s Las Vegasban!<\/p>\n\n\n\n<p>&#8211; s\u00e9tarep\u00fcl\u00e9s a Grand Canyonhoz (kisrep\u00fcl\u0151g\u00e9ppel: kb. 250-300 $, helikopter kb.2 \u00f3ra 560 $)<\/p>\n\n\n\n<p>&#8211; m\u00fazeumok: Air Land and Space Museum Las Vegas vagy Howard W. Cannon Aviation Museum a McCarron rept\u00e9ren<\/p>\n\n\n\n<p>D\u00e9lut\u00e1n Las Vegasb\u00f3l rep\u00fcl\u0151g\u00e9ppel Tucson-ba utazunk. Sz\u00e1ll\u00e1sunk 2 \u00e9jszak\u00e1ra Tucson v\u00e1ros\u00e1ban lesz.<\/p>\n\n\n\n<p><strong>8. nap: j\u00falius 24, szerda.<\/strong> Napunk egy r\u00e9sz\u00e9t (9-15 \u00f3r\u00e1ig) az USA legnagyobb mag\u00e1n tulajdon\u00fa rep\u00fcl\u0151g\u00e9p gy\u0171jtem\u00e9ny\u00e9t, m\u00fazeum\u00e1t k\u00e9pvisel\u0151 PIMA AIR&amp;SPACE Museumban t\u00f6ltj\u00fck. Bel\u00e9p\u0151: 20 $<\/p>\n\n\n\n<p>D\u00e9lut\u00e1n \u2013 ha a k\u00f6r\u00fclm\u00e9nyek lehet\u0151v\u00e9 teszik \u2013 (pl. nagy h\u0151s\u00e9g!) tesz\u00fcnk egy felder\u00edt\u0151 utat a sivatagban t\u00e1rolt sok sz\u00e1z katonai rep\u00fcl\u0151 g\u00e9p k\u00f6r\u00fcl.<\/p>\n\n\n\n<p><strong>9. nap: j\u00falius 25, cs\u00fct\u00f6rt\u00f6k.<\/strong> Tucsonb\u00f3l az American Airlines B737-vel Chicagoba rep\u00fcl\u00fcnk. Kb. 3,5 \u00f3ra rep\u00fcl\u0151 \u00fat. Chicagoi rep\u00fcl\u0151t\u00e9ren b\u00e9raut\u00f3kba \u00fclve Appletonba utazunk, ahol 3 \u00e9jszak\u00e1t t\u00f6lt\u00fcnk. (320 km)<\/p>\n\n\n\n<p><strong>10. nap: j\u00falius 26, p\u00e9ntek.<\/strong> Eg\u00e9sznap Oshkosh Air Show<\/p>\n\n\n\n<p><strong>11. nap: j\u00falius 27, szombat.<\/strong> Eg\u00e9sz nap Oshkosh Air Show<\/p>\n\n\n\n<p><strong>12. nap: j\u00falius 28, vas\u00e1rnap.<\/strong> Utaz\u00e1s Appletonb\u00f3l Chicag\u00f3ba aut\u00f3val, majd 14:35-kor (menetrendv\u00e1ltoz\u00e1st\u00f3l f\u00fcgg\u0151en) utaz\u00e1s rep\u00fcl\u0151vel, egy \u00e1tsz\u00e1ll\u00e1ssal Budapestre.<\/p>\n\n\n\n<p><strong>13. nap: j\u00falius 29, h\u00e9tf\u0151<\/strong> v\u00e1rhat\u00f3 \u00e9rkez\u00e9s Budapestre 2024. 07.29-\u00e9n reggel 10 \u00f3ra k\u00f6r\u00fcl.<\/p>\n\n\n\n<p class=\"has-text-align-center has-x-large-font-size\"><strong>A v\u00e1rhat\u00f3 r\u00e9szv\u00e9teli 1 700 000 Ft<\/strong><\/p>\n\n\n\n<p>Figyelem! A r\u00e9szv\u00e9teli d\u00edj tervezett \u00e9s t\u00e1j\u00e9koztat\u00f3 jelleg\u0171!!! A v\u00e1ltoztat\u00e1s jog\u00e1t a program m\u00f3dosul\u00e1s\u00e1val fenntartjuk!<\/p>\n\n\n\n<p>Tartalmazza:<\/p>\n\n\n\n<ul>\n<li>a rep\u00fcl\u0151jegy \u00e1r\u00e1t a k\u00f6vetkez\u0151 viszonylatokban:<\/li>\n<\/ul>\n\n\n\n<p>Budapest \u2013 Frankfurt \u2013 Seattle<\/p>\n\n\n\n<p>Seattle \u2013 Los Angeles<\/p>\n\n\n\n<p>Las Vegas &#8211; Tucson<\/p>\n\n\n\n<p>Tucson \u2013 Chicago<\/p>\n\n\n\n<p>Chicago \u2013 Frankfurt \u2013 Budapest<\/p>\n\n\n\n<ul>\n<li>11 \u00e9jszaka sz\u00e1ll\u00e1st k\u00e9nyelmes hotelekben, 2 \u00e1gyas szob\u00e1kban, kontinent\u00e1lis reggelivel<\/li>\n\n\n\n<li>csoportos, b\u00e9relt aut\u00f3buszos k\u00f6zleked\u00e9s d\u00edj\u00e1t Seattleben<\/li>\n\n\n\n<li>Minibuszok (2 db) d\u00edj\u00e1t a Los Angeles \u2013 Las Vegas \u2013 Grand Canyon \u2013 Las Vegas \u00fatvonalon<\/li>\n\n\n\n<li>7 szem\u00e9lyes b\u00e9raut\u00f3k d\u00edj\u00e1t a Chicago \u2013 Appleton \u2013 Oshkos \u00e9s vissza \u00fatvonalon<\/li>\n<\/ul>\n\n\n\n<p>Nem tartalmazza:<\/p>\n\n\n\n<ul>\n<li>rep\u00fcl\u0151t\u00e9ri illet\u00e9keket,<\/li>\n\n\n\n<li>bel\u00e9p\u0151 d\u00edjakat,<\/li>\n\n\n\n<li>s\u00e9tarep\u00fcl\u00e9st a Grand Canyon felett,<\/li>\n\n\n\n<li>BBP biztos\u00edt\u00e1st,<\/li>\n\n\n\n<li>v\u00edzumot (ESTA), stb.<\/li>\n\n\n\n<li>eb\u00e9d \u00e9s vacsor\u00e1t<\/li>\n<\/ul>\n\n\n\n<p>\u00c9tkez\u00e9s az utaz\u00e1s alatt:<\/p>\n\n\n\n<p>Reggeli a hotelben. A fesz\u00edtett temp\u00f3j\u00fa program miatt k\u00fcl\u00f6n eb\u00e9dsz\u00fcnetekre nincs id\u0151 \u00e9s lehet\u0151s\u00e9g. A m\u00fazeumok gyors \u00e9ttermeiben \u00e9tel-ital rendelkez\u00e9sre \u00e1ll. T\u00f6bb alkalommal meg\u00e1ll\u00f3t tartunk \u00e9lelmiszer boltokn\u00e1l.<\/p>\n\n\n\n<p><strong>BBP utasbiztos\u00edt\u00e1s megl\u00e9te k\u00f6telez\u0151!<\/strong><\/p>\n\n\n\n<p>Csoportos biztos\u00edt\u00e1st k\u00f6t\u00fcnk. Amihez az \u00fatlev\u00e9lben szerepl\u0151 pontos n\u00e9v \u00e9s sz\u00fclet\u00e9si d\u00e1tum kell.<\/p>\n\n\n\n<p>Ez\u00e9rt k\u00e9r\u00fcnk mindenki, hogy az \u00fatlevele m\u00e1sol\u00e1t\u00e1t (szkennelve, f\u00e9nyk\u00e9pezv) k\u00fcldje meg sz\u00e1munkra az <a href=\"mailto:info@goforgo.hu\">info@goforgo.hu<\/a> c\u00edmre<\/p>\n\n\n\n<p>A biztos\u00edt\u00e1s \u00e1ra: 37 700 Ft\/f\u0151<\/p>\n\n\n\n<p>Amennyiben van saj\u00e1t biztos\u00edt\u00e1sa (egy\u00e9nileg megk\u00f6t\u00f6tt vagy a bank k\u00e1rtya mell\u00e9 k\u00f6t\u00f6tt biztos\u00edt\u00e1s kiterjed az USA-ra is), annak igazol\u00e1s\u00e1t k\u00e9rj\u00fck r\u00e9sz\u00fcnkre \u00e1tk\u00fcldeni!<\/p>\n\n\n\n<p><strong>Figyelem!<\/strong><\/p>\n\n\n\n<p>Enn\u00e9l az utaz\u00e1sn\u00e1l a k\u00fclf\u00f6ldi partner \u00e9s a l\u00e9git\u00e1rsas\u00e1gok m\u00e1s lemond\u00e1si felt\u00e9teleket adott meg, mint az \u00e1tlag eur\u00f3pai utaz\u00e1sokn\u00e1l, a szok\u00e1sos szerz\u0151d\u00e9s\u00fcnkben van.<\/p>\n\n\n\n<p>Szerz\u0151d\u00e9s\u00fcnk szerinti 6.2.2. bekezd\u00e9s alapj\u00e1n t\u00e1j\u00e9koztatjuk tisztelt Utasainkat, hogy az amerikai partner\u00fcnk \u00e9s a l\u00e9git\u00e1rsas\u00e1gok jegyv\u00e9teli \u00e9s jegyki\u00e1ll\u00edt\u00e1si szab\u00e1lyai szerint <strong>az U.S.Air Tour II utaz\u00e1sunkra a k\u00f6vetkez\u0151 lemond\u00e1si felt\u00e9telek \u00e9rv\u00e9nyesek:<\/strong><\/p>\n\n\n\n<p>jelentkez\u00e9s ut\u00e1n a b\u00e1natp\u00e9nz m\u00e9rt\u00e9ke a befizetett r\u00e9szv\u00e9teli d\u00edj \u00e9s egy\u00e9b r\u00e9szv\u00e9teli d\u00edj elemek:<\/p>\n\n\n\n<p>2024.03.31-ig 10%-a<\/p>\n\n\n\n<p>2024.04.01-05.03. k\u00f6z\u00f6tti lemond\u00e1s eset\u00e9n: 25%-a<\/p>\n\n\n\n<p>2024.05.04-06.07. k\u00f6z\u00f6tti lemond\u00e1s eset\u00e9n: 45%-a<\/p>\n\n\n\n<p>2024.06.07 ut\u00e1ni lemond\u00e1s eset\u00e9n: 100 %-a<\/p>\n\n\n\n<p>Amennyiben k\u00edv\u00e1nnak \u00fatlemond\u00e1si biztos\u00edt\u00e1st k\u00f6tni, azt a jelentkez\u00e9skor \u00edr\u00e1sban jelezz\u00e9k!<\/p>\n\n\n\n<p>Ennek \u00e1ra: 59 500 Ft\/f\u0151<\/p>\n\n\n\n<p><strong>ESTA: MINDENKI MAG\u00c1NAK K\u00c9RJE MEG! A k\u00f6vetkez\u0151 oldalon:<\/strong><\/p>\n\n\n\n<p>Ez az Esta link<\/p>\n\n\n\n<p><a href=\"https:\/\/esta.cbp.dhs.gov\">https:\/\/esta.cbp.dhs.gov<\/a><\/p>\n\n\n\n<p>Egy\u00e9nileg vagy csal\u00e1don, t\u00e1rsas\u00e1gon bel\u00fcl egy valaki is \u00f6sszegy\u00fcjtheti az \u00fatleveleket, de csak egyes\u00e9vel lehet megcsin\u00e1lni!<\/p>\n\n\n\n<p>Az ESTA (Beutaz\u00e1si enged\u00e9ly az Egyes\u00fclt \u00c1llamokba) nem v\u00edzum, hanem egy el\u0151zetes enged\u00e9ly arra, hogy felsz\u00e1lljon egy USA-ba tart\u00f3 haj\u00f3ra vagy rep\u00fcl\u0151g\u00e9pre. Az ESTA c\u00e9lja, hogy az amerikai korm\u00e1ny minden v\u00edzummentes beutaz\u00f3t \u00e1tvil\u00e1g\u00edthasson, miel\u0151tt m\u00e9g elhagyj\u00e1k saj\u00e1t orsz\u00e1gukat.<\/p>\n\n\n\n<p>\u00c9rdemes az \u00fatlev\u00e9l f\u00e9nyk\u00e9pes oldal\u00e1t el\u0151re beszkennelni, mert akkor folyamat k\u00f6zben csak fel kell t\u00f6lteni.<\/p>\n\n\n\n<p>Az oldal jobb fels\u0151 sark\u00e1ban nyelvet lehet v\u00e1ltani, k\u00f6zt\u00fck magyar is ott van.<\/p>\n\n\n\n<p>Bankk\u00e1rty\u00e1val lehet kifizetni az ESTA-t.<\/p>\n\n\n\n<p><strong>Javasoljuk a fent megadott link bem\u00e1sol\u00e1s\u00e1t! <\/strong>Amennyiben 100 doll\u00e1r k\u00f6r\u00fcli \u00f6sszeget mutat az oldal, akkor rossz helyen vannak! Az az oldal egy \u00fcgyn\u00f6ks\u00e9g, amin kereszt\u00fcl szint\u00e9n meg lehet kapni az ESTA-t, csak j\u00f3val dr\u00e1g\u00e1bban. Ilyenkor z\u00e1rj\u00e1k be az oldal \u00e9s v\u00e1lassz\u00e1k a fenti linket, az ESTA hivatalos oldal\u00e1t!<\/p>\n\n\n\n<p>Aki kett\u0151s \u00e1llampolg\u00e1r \u00e9s nem a sz\u00fclet\u00e9si orsz\u00e1g\u00e1nak megfelel\u0151 orsz\u00e1gban \u00e9l, annak v\u00edzumra van sz\u00fcks\u00e9ge! Azt az Amerikai Nagyk\u00f6vets\u00e9gen tudja int\u00e9zni!<\/p>\n","protected":false},"excerpt":{"rendered":"<p>D\u00e1tum: 2024 j\u00falius 17-29. v\u00e1zlatos, tervezett program (R5) 1. nap: j\u00falius 17, szerda. Utaz\u00e1s Budapestr\u0151l rep\u00fcl\u0151g\u00e9ppel Seattlebe, Frankfurton kereszt\u00fcl a Lufthansa j\u00e1rat\u00e1val. Indul\u00e1s Budapestr\u0151l 2024. 07.&nbsp;17-\u00e9n 6:20-kor. V\u00e1rhat\u00f3 \u00e9rkez\u00e9s Seattle-be [&hellip;]<\/p>\n","protected":false},"author":1,"featured_media":0,"parent":0,"menu_order":0,"comment_status":"closed","ping_status":"closed","template":"","meta":{"footnotes":""},"_links":{"self":[{"href":"https:\/\/www.repulonapok.hu\/index.php?rest_route=\/wp\/v2\/pages\/2758"}],"collection":[{"href":"https:\/\/www.repulonapok.hu\/index.php?rest_route=\/wp\/v2\/pages"}],"about":[{"href":"https:\/\/www.repulonapok.hu\/index.php?rest_route=\/wp\/v2\/types\/page"}],"author":[{"embeddable":true,"href":"https:\/\/www.repulonapok.hu\/index.php?rest_route=\/wp\/v2\/users\/1"}],"replies":[{"embeddable":true,"href":"https:\/\/www.repulonapok.hu\/index.php?rest_route=%2Fwp%2Fv2%2Fcomments&post=2758"}],"version-history":[{"count":9,"href":"https:\/\/www.repulonapok.hu\/index.php?rest_route=\/wp\/v2\/pages\/2758\/revisions"}],"predecessor-version":[{"id":2881,"href":"https:\/\/www.repulonapok.hu\/index.php?rest_route=\/wp\/v2\/pages\/2758\/revisions\/2881"}],"wp:attachment":[{"href":"https:\/\/www.repulonapok.hu\/index.php?rest_route=%2Fwp%2Fv2%2Fmedia&parent=2758"}],"curies":[{"name":"wp","href":"https:\/\/api.w.org\/{rel}","templated":true}]}}