{"id":2626,"date":"2022-10-01T13:41:14","date_gmt":"2022-10-01T12:41:14","guid":{"rendered":"https:\/\/www.repulonapok.hu\/?page_id=2626"},"modified":"2022-10-01T13:41:15","modified_gmt":"2022-10-01T12:41:15","slug":"2023-as-tervek","status":"publish","type":"page","link":"https:\/\/www.repulonapok.hu\/?page_id=2626","title":{"rendered":"2023-as tervek"},"content":{"rendered":"\n<p>Kedves rep\u00fcl\u0151s Bar\u00e1taink!<\/p>\n\n\n\n<p><strong>Neh\u00e9z a v\u00e1laszt\u00e1s! Sok \u00e9s \u00e9rdekes esem\u00e9ny v\u00e1rhat\u00f3 2023-ban. Sajnos \u00edgy el\u0151zetesben sok egy id\u0151pontra esik&#8230;. ez\u00e9rt arra k\u00e9r\u00fcnk benneteket, hogy jelezz\u00e9tek nek\u00fcnk, hogy az al\u00e1bbiak k\u00f6z\u00fcl melyikre j\u00f6nn\u00e9tek el sz\u00edvesen??!!??<\/strong><\/p>\n\n\n\n<p>SK    2023.05.28.         P\u00f6sty\u00e9n<\/p>\n\n\n\n<p>FR    2023.05.27-28.    Cerny<\/p>\n\n\n\n<p>NL    2023.05.28-29.    Oostwold a \u201eholland Duxford\u201d<\/p>\n\n\n\n<p>CZ    2023.05.28-29.    Pardubice<\/p>\n\n\n\n<p>IT     2023.06.16-18.    Praktica di Mare 100 \u00e9ves az ITAF<\/p>\n\n\n\n<p>FR    2023.06.19-25.    Paris Paris Air Show<\/p>\n\n\n\n<p>GB    2023.07.14-16.    RIAT<\/p>\n\n\n\n<p>CH   2023.08.18-19.     Mollis Ziegermeet<\/p>\n\n\n\n<p>PL    2023.08.26-27.     Radom<\/p>\n\n\n\n<p>SK    2023.09.02-03.     SIAF<\/p>\n\n\n\n<p>GR    2023.09.02-03.     Ath\u00e9n<\/p>\n\n\n\n<p>CZ    2023.09.16-17.     Ostrava<\/p>\n\n\n\n<p><strong>Szavazzatok! ki? \u00e9s hova menne?<\/strong><\/p>\n","protected":false},"excerpt":{"rendered":"<p>Kedves rep\u00fcl\u0151s Bar\u00e1taink! Neh\u00e9z a v\u00e1laszt\u00e1s! Sok \u00e9s \u00e9rdekes esem\u00e9ny v\u00e1rhat\u00f3 2023-ban. Sajnos \u00edgy el\u0151zetesben sok egy id\u0151pontra esik&#8230;. ez\u00e9rt arra k\u00e9r\u00fcnk benneteket, hogy jelezz\u00e9tek nek\u00fcnk, hogy az al\u00e1bbiak k\u00f6z\u00fcl [&hellip;]<\/p>\n","protected":false},"author":1,"featured_media":0,"parent":0,"menu_order":0,"comment_status":"closed","ping_status":"closed","template":"","meta":{"footnotes":""},"_links":{"self":[{"href":"https:\/\/www.repulonapok.hu\/index.php?rest_route=\/wp\/v2\/pages\/2626"}],"collection":[{"href":"https:\/\/www.repulonapok.hu\/index.php?rest_route=\/wp\/v2\/pages"}],"about":[{"href":"https:\/\/www.repulonapok.hu\/index.php?rest_route=\/wp\/v2\/types\/page"}],"author":[{"embeddable":true,"href":"https:\/\/www.repulonapok.hu\/index.php?rest_route=\/wp\/v2\/users\/1"}],"replies":[{"embeddable":true,"href":"https:\/\/www.repulonapok.hu\/index.php?rest_route=%2Fwp%2Fv2%2Fcomments&post=2626"}],"version-history":[{"count":1,"href":"https:\/\/www.repulonapok.hu\/index.php?rest_route=\/wp\/v2\/pages\/2626\/revisions"}],"predecessor-version":[{"id":2627,"href":"https:\/\/www.repulonapok.hu\/index.php?rest_route=\/wp\/v2\/pages\/2626\/revisions\/2627"}],"wp:attachment":[{"href":"https:\/\/www.repulonapok.hu\/index.php?rest_route=%2Fwp%2Fv2%2Fmedia&parent=2626"}],"curies":[{"name":"wp","href":"https:\/\/api.w.org\/{rel}","templated":true}]}}