{"id":2604,"date":"2022-08-21T16:11:22","date_gmt":"2022-08-21T15:11:22","guid":{"rendered":"https:\/\/www.repulonapok.hu\/?page_id=2604"},"modified":"2022-11-08T14:58:26","modified_gmt":"2022-11-08T13:58:26","slug":"x-orszagos-marton-napi-makett-verseny-es-vasar","status":"publish","type":"page","link":"https:\/\/www.repulonapok.hu\/?page_id=2604","title":{"rendered":"IX. M\u00e1rton-napi Orsz\u00e1gos Makett Ki\u00e1ll\u00edt\u00e1s \u00e9s V\u00e1s\u00e1r"},"content":{"rendered":"\n<p>Kedves Makettez\u0151k, \u00c9rdekl\u0151d\u0151k, Bar\u00e1taink!<\/p>\n\n\n\n<figure class=\"wp-block-image size-large\"><a href=\"https:\/\/www.repulonapok.hu\/wp-content\/uploads\/2019\/10\/collage-makett.jpg\"><img loading=\"lazy\" decoding=\"async\" width=\"1024\" height=\"338\" src=\"https:\/\/www.repulonapok.hu\/wp-content\/uploads\/2019\/10\/collage-makett-1024x338.jpg\" alt=\"\" class=\"wp-image-2029\" srcset=\"https:\/\/www.repulonapok.hu\/wp-content\/uploads\/2019\/10\/collage-makett-1024x338.jpg 1024w, https:\/\/www.repulonapok.hu\/wp-content\/uploads\/2019\/10\/collage-makett-300x99.jpg 300w, https:\/\/www.repulonapok.hu\/wp-content\/uploads\/2019\/10\/collage-makett.jpg 1200w\" sizes=\"(max-width: 1024px) 100vw, 1024px\" \/><\/a><\/figure>\n\n\n\n<p class=\"has-text-align-center has-medium-font-size\" style=\"font-style:normal;font-weight:700;text-transform:uppercase\">Id\u00e9n \u00fajra megrendez\u00e9sre ker\u00fcl a <\/p>\n\n\n\n<p class=\"has-text-align-center has-medium-font-size\" style=\"font-style:normal;font-weight:700;text-transform:uppercase\"><br>M\u00e1rton-napi Makettt ki\u00e1ll\u00edt\u00e1s, Verseny \u00e9s v\u00e1s\u00e1r!<\/p>\n\n\n\n<p><\/p>\n\n\n\n<p class=\"has-text-align-center has-large-font-size\"><strong>D\u00e1tuma: 2022.11.12-13.<\/strong><\/p>\n\n\n\n<p><strong><em>HELYSZ\u00cdN: B\u00c9K\u00c1SMEGYERI K\u00d6Z\u00d6SS\u00c9GI H\u00c1Z 1038 BUDAPEST, CSOB\u00c1NKA T\u00c9R 5.<\/em><\/strong><strong><em><\/em><\/strong><\/p>\n\n\n\n<p><strong>Tisztelt L\u00e1togat\u00f3, kedves Makettez\u0151!<\/strong><\/p>\n\n\n\n<p><strong><strong>K\u00e9t\u00e9vnyi k\u00e9nyszer\u0171 sz\u00fcnet ut\u00e1n, imm\u00e1r kilencedik alkalommal ker\u00fcl megrendez\u00e9sre a M\u00e1rton napi makettki\u00e1ll\u00edt\u00e1s. Az id\u00e9n is szeretettel v\u00e1rjuk a makettez\u00e9s h\u00edveit, minden kedves \u00e9rdekl\u0151d\u0151t \u00e9s term\u00e9szetesen bar\u00e1tainkat, ismer\u0151seinket. Az el\u0151z\u0151 \u00e9vek tapasztalatait figyelembe v\u00e9ve a k\u00f6z\u00f6ns\u00e9g szavazatai alapj\u00e1n ker\u00fcl sor a ki\u00e1ll\u00edtott munk\u00e1k \u00e9rt\u00e9kel\u00e9s\u00e9re, d\u00edjaz\u00e1s\u00e1ra. Amit szeretn\u00e9nk megtartani, az a remek hangulat, ami eddig is jellemz\u0151je volt a ki\u00e1ll\u00edt\u00e1snak! A makettki\u00e1ll\u00edt\u00e1st b\u00f6rze eg\u00e9sz\u00edti ki, melyen gazdag v\u00e1laszt\u00e9kban lehet maketteket \u00e9s a makett \u00e9p\u00edt\u00e9shez sz\u00fcks\u00e9ges szersz\u00e1mokat, kieg\u00e9sz\u00edt\u0151ket v\u00e1s\u00e1rolni. L\u00e1togat\u00f3ink k\u00f6z\u00f6tt az id\u00e9n is \u00e9rt\u00e9kes utaz\u00e1si nyerem\u00e9nyeket \u2013 utalv\u00e1nyokat sorsolunk ki. A legszebb makettek k\u00e9sz\u00edt\u0151it oklevelekkel, makettekkel \u00e9s rep\u00fcl\u0151napra sz\u00f3l\u00f3 utaz\u00e1sokkal d\u00edjazzuk. A rendezv\u00e9nyhez ide\u00e1lis helysz\u00ednt biztos\u00edt a B\u00c9K\u00c1SMEGYERI K\u00d6Z\u00d6SS\u00c9GI H\u00c1Z sz\u00ednh\u00e1zterm\u00e9vel, klubszob\u00e1ival, el\u0151csarnokaival.<\/strong><\/strong><\/p>\n\n\n\n<p><strong><u>D\u00edszvend\u00e9geink \u00e9s el\u0151ad\u00f3ink:<\/u><\/strong><strong><\/strong><\/p>\n\n\n\n<p><strong><em>2022.11.12. szombat<\/em><\/strong><\/p>\n\n\n\n<p><strong>11:00&nbsp; Szab\u00f3 Andr\u00e1s pil\u00f3ta<\/strong><\/p>\n\n\n\n<p>         <strong><em>t\u00e9ma: A rep\u00fcl\u00e9s \u201emostoha gyermeke\u201d: t\u00f6rt\u00e9netek, anekdot\u00e1k a magyar mez\u0151gazdas\u00e1gi rep\u00fcl\u00e9sr\u0151l<\/em><\/strong><\/p>\n\n\n\n<p><strong>13:00 Zaink\u00f3 G\u00e9za rep\u00fcl\u00e9st\u00f6rt\u00e9net- kutat\u00f3 el\u0151ad\u00e1sa<\/strong><\/p>\n\n\n\n<p>        <strong><em>t\u00e9ma: 100 \u00e9ve alakult meg a Magyar L\u00e9giforgalmi Rt.<\/em><\/strong><\/p>\n\n\n\n<p><strong>15:00 Szab\u00f3 \u201eTopi\u201d Zolt\u00e1n&nbsp;<\/strong><\/p>\n\n\n\n<p>        <strong><em>t\u00e9ma: Rep\u00fcl\u00e9s napjainkban<\/em><\/strong><\/p>\n\n\n\n<p><strong>Figyelem! Az el\u0151ad\u00e1s ut\u00e1n a r\u00e9sztvev\u0151k k\u00f6z\u00f6tt Topi \u00e1ltal felaj\u00e1nlott lehet\u0151s\u00e9get sorsoljuk ki. A szerencs\u00e9s nyertes egy k\u00fcl\u00f6nleges sisak seg\u00edts\u00e9g\u00e9vel virtu\u00e1lisan \u00e1t\u00e9lheti egy vad\u00e1szpil\u00f3ta bevet\u00e9s\u00e9t!<\/strong><\/p>\n\n\n\n<figure class=\"wp-block-image size-large\"><a href=\"https:\/\/www.repulonapok.hu\/wp-content\/uploads\/2022\/10\/collage-Marton-nap-2022-1-scaled.jpg\"><img loading=\"lazy\" decoding=\"async\" width=\"1024\" height=\"768\" src=\"https:\/\/www.repulonapok.hu\/wp-content\/uploads\/2022\/10\/collage-Marton-nap-2022-1-1024x768.jpg\" alt=\"\" class=\"wp-image-2618\" srcset=\"https:\/\/www.repulonapok.hu\/wp-content\/uploads\/2022\/10\/collage-Marton-nap-2022-1-1024x768.jpg 1024w, https:\/\/www.repulonapok.hu\/wp-content\/uploads\/2022\/10\/collage-Marton-nap-2022-1-300x225.jpg 300w, https:\/\/www.repulonapok.hu\/wp-content\/uploads\/2022\/10\/collage-Marton-nap-2022-1-768x576.jpg 768w, https:\/\/www.repulonapok.hu\/wp-content\/uploads\/2022\/10\/collage-Marton-nap-2022-1-1536x1152.jpg 1536w, https:\/\/www.repulonapok.hu\/wp-content\/uploads\/2022\/10\/collage-Marton-nap-2022-1-2048x1536.jpg 2048w\" sizes=\"(max-width: 1024px) 100vw, 1024px\" \/><\/a><\/figure>\n\n\n\n<p><strong><u>Programok mindk\u00e9t napon:<\/u><\/strong><strong><\/strong><\/p>\n\n\n\n<ul><li><strong>Fot\u00f3ki\u00e1ll\u00edt\u00e1s: Juh\u00e1sz D\u00e1niel \u2013 Egyenesen fel!<\/strong><\/li><li><strong>Rep\u00fcl\u0151g\u00e9p grafik\u00e1k: Kov\u00e1cs \u201eBubu\u201d B\u00e9la<\/strong><\/li><li><strong>RC Tankok bemutat\u00f3ja<\/strong><\/li><li><strong>Katapult \u00fcl\u00e9s \u2013 Szekeres G\u00e1bor<\/strong><\/li><\/ul>\n\n\n\n<p><strong>A rendezv\u00e9ny t\u00e1mogat\u00f3i:<\/strong><\/p>\n\n\n\n<p><strong>Szolnoki Makettez\u0151k Bar\u00e1ti K\u00f6re, B\u00e9k\u00e9scsabai \u201eK\u00f6r\u00f6s\u201d Makett Klub, Mosonmagyar\u00f3v\u00e1ri Makett Klub \u00e9s Egyes\u00fclet, <\/strong><em><strong>Rep\u00fcl\u00e9s Bar\u00e1ti K\u00f6r Budapest, Magyar Rep\u00fcl\u00e9st\u00f6rt\u00e9neti T\u00e1rsas\u00e1g<\/strong><\/em><\/p>\n\n\n\n<p><strong><u>L\u00e1togat\u00f3i inform\u00e1ci\u00f3k: <\/u><\/strong><strong><\/strong><\/p>\n\n\n\n<p style=\"font-size:25px\"><strong>A ki\u00e1ll\u00edt\u00e1s nyitva:&nbsp;&nbsp; 2022.11.12-\u00e9n 10-17<\/strong><\/p>\n\n\n\n<p style=\"font-size:25px\"><strong>&nbsp;&nbsp;&nbsp;&nbsp;&nbsp;&nbsp;&nbsp;&nbsp;&nbsp;&nbsp;&nbsp;&nbsp;&nbsp;&nbsp;&nbsp;&nbsp;&nbsp;&nbsp;&nbsp;&nbsp;&nbsp;&nbsp;&nbsp;&nbsp;&nbsp;&nbsp;&nbsp;&nbsp;&nbsp;&nbsp;&nbsp; 2022.11.13-\u00e1n 10-15<\/strong><strong><\/strong><\/p>\n\n\n\n<p><strong>Bel\u00e9p\u0151 d\u00edj\/nap: 1000 Ft\/feln\u0151tt, 700 Ft\/gyerek, 2700 Ft\/csal\u00e1d (2 feln\u0151tt+2 gyerek)<\/strong><strong><\/strong><\/p>\n\n\n\n<p><strong>A l\u00e1togat\u00f3k a bel\u00e9p\u0151jegy mell\u00e9 <em>egy szavaz\u00f3lapot \u00e9s egy nyerem\u00e9ny lapot<\/em> kapnak.<\/strong><strong><\/strong><\/p>\n\n\n\n<p><strong><em><u>A nyerem\u00e9ny lapot<\/u><\/em><\/strong><strong><u>,<\/u><\/strong><strong> ha kit\u00f6ltve bedobj\u00e1k az NYEREM\u00c9NY dobozba (vas\u00e1rnap 12 \u00f3r\u00e1ig.), sorsol\u00e1son vehetnek r\u00e9szt.&nbsp; A vas\u00e1rnapi sorsol\u00e1son 3 \u2013 a GOforGO Utaz\u00e1si Iroda szervez\u00e9s\u00e9ben \u2013 2022 Adventi utaz\u00e1st sorsolunk ki.<\/strong><\/p>\n\n\n\n<p><strong><em><u>A szavaz\u00f3lapot<\/u><\/em><\/strong><strong> k\u00e9rj\u00fck \u00e9rtelem szer\u0171en kit\u00f6lteni \u00e9s voksukat, az \u00d6n\u00f6knek legjobban tetsz\u0151 3 legszebb makettre, a \u201eSZAVAZ\u00d3 LAP\u201d dobozba bedobni sz\u00edveskedjenek,<br>vas\u00e1rnap 12 \u00f3r\u00e1ig.<\/strong><\/p>\n\n\n\n<p class=\"has-text-align-center\" style=\"font-size:30px\"><strong>eredm\u00e9nyhirdet\u00e9s \u00e9s sorsol\u00e1s: vas\u00e1rnap 14 \u00f3rakor<\/strong><strong><\/strong><\/p>\n\n\n\n<figure class=\"wp-block-image size-large\"><a href=\"https:\/\/www.repulonapok.hu\/wp-content\/uploads\/2022\/10\/collage-face-Marton-nap-2022-1-scaled.jpg\"><img loading=\"lazy\" decoding=\"async\" width=\"1024\" height=\"390\" src=\"https:\/\/www.repulonapok.hu\/wp-content\/uploads\/2022\/10\/collage-face-Marton-nap-2022-1-1024x390.jpg\" alt=\"\" class=\"wp-image-2619\" srcset=\"https:\/\/www.repulonapok.hu\/wp-content\/uploads\/2022\/10\/collage-face-Marton-nap-2022-1-1024x390.jpg 1024w, https:\/\/www.repulonapok.hu\/wp-content\/uploads\/2022\/10\/collage-face-Marton-nap-2022-1-300x114.jpg 300w, https:\/\/www.repulonapok.hu\/wp-content\/uploads\/2022\/10\/collage-face-Marton-nap-2022-1-768x292.jpg 768w, https:\/\/www.repulonapok.hu\/wp-content\/uploads\/2022\/10\/collage-face-Marton-nap-2022-1-1536x584.jpg 1536w, https:\/\/www.repulonapok.hu\/wp-content\/uploads\/2022\/10\/collage-face-Marton-nap-2022-1-2048x779.jpg 2048w\" sizes=\"(max-width: 1024px) 100vw, 1024px\" \/><\/a><\/figure>\n\n\n\n<p><strong><u>Ki\u00e1ll\u00edt\u00f3i inform\u00e1ci\u00f3:<\/u><\/strong><strong><\/strong><\/p>\n\n\n\n<p><strong>Munk\u00e1ikat ki\u00e1ll\u00edt\u00f3 makettez\u0151k r\u00e9sz\u00e9re <u>nevez\u00e9si d\u00edj nincs<\/u>!<\/strong><\/p>\n\n\n\n<p><strong>A makettek ki\u00e1ll\u00edt\u00e1s\u00e1ra a K\u00f6z\u00f6ss\u00e9gi H\u00e1z sz\u00ednh\u00e1zterm\u00e9ben ker\u00fcl sor, 20 db 80 x 160 cm-es asztalon. A makettek elhelyez\u00e9s\u00e9nek ideje: 2022.11.11. este 18:00-t\u00f3l 21 \u00f3r\u00e1ig \u00e9s 2022.11.12. reggel 7:30-9:30 k\u00f6z\u00f6tt, a ki\u00e1ll\u00edt\u00e1s bont\u00e1sa 2022.11.13.-\u00e1n 15:00 \u2013 t\u0151l!<\/strong><strong><\/strong><\/p>\n\n\n\n<p><strong>A ki\u00e1ll\u00edthat\u00f3 makettekkel kapcsolatban megk\u00f6t\u00e9s sem t\u00e9m\u00e1j\u00e1ban, sem koroszt\u00e1ly szerint nincs. Minden t\u00e9ma \u2013 rep\u00fcl\u0151g\u00e9p, harcj\u00e1rm\u0171, haj\u00f3, figura, sci-fi, aut\u00f3, stb. \u2013 mely belef\u00e9r a makettez\u00e9s fogalomk\u00f6r\u00e9be ki\u00e1ll\u00edthat\u00f3! (Kiv\u00e9ve, a j\u00f3 \u00edzl\u00e9st vagy kegyeletet s\u00e9rt\u0151 maketteket, t\u00e1rgyakat.)<\/strong><\/p>\n\n\n\n<p><strong><u>KIEMELT T\u00c9M\u00c1K<\/u><\/strong><strong><\/strong><\/p>\n\n\n\n<p><strong>\u201eK\u00d6ZPONTI KI\u00c1LLIT\u00c1S\u201d :<\/strong><strong> <\/strong><strong>N\u00e9gy hajt\u00f3m\u0171ves rep\u00fcl\u0151g\u00e9pek<\/strong><\/p>\n\n\n\n<p><strong>\u201e75 \u00e9ves az AN-2-es\u201d ide v\u00e1runk minden AN-2-es makettet!<\/strong><strong><\/strong><\/p>\n\n\n\n<p><strong>\u201eRETRO SZALON\u201d ide v\u00e1runk minden olyan m\u0171vet, makettet, mely min. 20 \u00e9ve vagy r\u00e9gebben k\u00e9sz\u00fclt.<\/strong><\/p>\n\n\n\n<p><strong>\u201eAirliners Past &amp; Present\u201d \u2013 Pongr\u00e1cz Zolt\u00e1n munk\u00e1i<\/strong><\/p>\n\n\n\n<p><strong>\u201eIstv\u00e1n v\u00e1ra \u00e9s k\u00f6z\u00e9pkori falu\u201d &#8211; Sz\u0171cs Istv\u00e1n munk\u00e1i<\/strong><\/p>\n\n\n\n<figure class=\"wp-block-image size-large is-style-rounded\"><a href=\"https:\/\/www.repulonapok.hu\/wp-content\/uploads\/2022\/10\/collage-face-Marton-nap-2022-scaled.jpg\"><img loading=\"lazy\" decoding=\"async\" width=\"1024\" height=\"390\" src=\"https:\/\/www.repulonapok.hu\/wp-content\/uploads\/2022\/10\/collage-face-Marton-nap-2022-1024x390.jpg\" alt=\"\" class=\"wp-image-2621\" srcset=\"https:\/\/www.repulonapok.hu\/wp-content\/uploads\/2022\/10\/collage-face-Marton-nap-2022-1024x390.jpg 1024w, https:\/\/www.repulonapok.hu\/wp-content\/uploads\/2022\/10\/collage-face-Marton-nap-2022-300x114.jpg 300w, https:\/\/www.repulonapok.hu\/wp-content\/uploads\/2022\/10\/collage-face-Marton-nap-2022-768x292.jpg 768w, https:\/\/www.repulonapok.hu\/wp-content\/uploads\/2022\/10\/collage-face-Marton-nap-2022-1536x584.jpg 1536w, https:\/\/www.repulonapok.hu\/wp-content\/uploads\/2022\/10\/collage-face-Marton-nap-2022-2048x779.jpg 2048w\" sizes=\"(max-width: 1024px) 100vw, 1024px\" \/><\/a><figcaption><br><br><u>Akik \u00e1rus\u00edtani szeretn\u00e9nek a rendezv\u00e9nyen: <\/u><br><br><strong>Az \u00e1rus\u00edt\u00f3 asztalok az el\u0151csarnokban ker\u00fclnek elhelyez\u00e9sre.<\/strong><br><br><strong>Id\u00e9n asztal b\u00e9rleti d\u00edj nincs! Mind\u00f6ssze annyit k\u00e9r\u00fcnk T\u0151letek, hogy a <em><u>lehet\u0151s\u00e9geitekhez \u00e9s a forgalmatokhoz k\u00e9pest <\/u><\/em>\u00e9rt\u00e9keljetek egy munk\u00e1t a ki\u00e1ll\u00edtott makettek k\u00f6z\u00fcl \u00e9s d\u00edjazz\u00e1tok azt valami csek\u00e9ly felaj\u00e1nl\u00e1ssal, egy-egy kis makettel vagy egy\u00e9b k\u00fcl\u00f6n d\u00edjjal!<\/strong><\/figcaption><\/figure>\n\n\n\n<p><\/p>\n","protected":false},"excerpt":{"rendered":"<p>Kedves Makettez\u0151k, \u00c9rdekl\u0151d\u0151k, Bar\u00e1taink! Id\u00e9n \u00fajra megrendez\u00e9sre ker\u00fcl a M\u00e1rton-napi Makettt ki\u00e1ll\u00edt\u00e1s, Verseny \u00e9s v\u00e1s\u00e1r! D\u00e1tuma: 2022.11.12-13. HELYSZ\u00cdN: B\u00c9K\u00c1SMEGYERI K\u00d6Z\u00d6SS\u00c9GI H\u00c1Z 1038 BUDAPEST, CSOB\u00c1NKA T\u00c9R 5. Tisztelt L\u00e1togat\u00f3, kedves Makettez\u0151! [&hellip;]<\/p>\n","protected":false},"author":1,"featured_media":0,"parent":0,"menu_order":0,"comment_status":"closed","ping_status":"closed","template":"","meta":{"footnotes":""},"_links":{"self":[{"href":"https:\/\/www.repulonapok.hu\/index.php?rest_route=\/wp\/v2\/pages\/2604"}],"collection":[{"href":"https:\/\/www.repulonapok.hu\/index.php?rest_route=\/wp\/v2\/pages"}],"about":[{"href":"https:\/\/www.repulonapok.hu\/index.php?rest_route=\/wp\/v2\/types\/page"}],"author":[{"embeddable":true,"href":"https:\/\/www.repulonapok.hu\/index.php?rest_route=\/wp\/v2\/users\/1"}],"replies":[{"embeddable":true,"href":"https:\/\/www.repulonapok.hu\/index.php?rest_route=%2Fwp%2Fv2%2Fcomments&post=2604"}],"version-history":[{"count":7,"href":"https:\/\/www.repulonapok.hu\/index.php?rest_route=\/wp\/v2\/pages\/2604\/revisions"}],"predecessor-version":[{"id":2631,"href":"https:\/\/www.repulonapok.hu\/index.php?rest_route=\/wp\/v2\/pages\/2604\/revisions\/2631"}],"wp:attachment":[{"href":"https:\/\/www.repulonapok.hu\/index.php?rest_route=%2Fwp%2Fv2%2Fmedia&parent=2604"}],"curies":[{"name":"wp","href":"https:\/\/api.w.org\/{rel}","templated":true}]}}