{"id":203,"date":"2014-04-23T19:11:20","date_gmt":"2014-04-23T18:11:20","guid":{"rendered":"http:\/\/www.repulonapok.hu\/?page_id=203"},"modified":"2016-04-26T13:55:48","modified_gmt":"2016-04-26T12:55:48","slug":"muzeumok","status":"publish","type":"page","link":"https:\/\/www.repulonapok.hu\/?page_id=203","title":{"rendered":"M\u00fazeumok"},"content":{"rendered":"<h1>Programjainkban szerepl\u0151 m\u00fazeumok hivatalos honlapjai:<\/h1>\n<p>&nbsp;<\/p>\n<ul>\n<li><strong>Luftfahrt und Technik Museum<\/strong> : <u><a class=\"western\" href=\"http:\/\/www.luftfahrt-technik-museum.de\/\">http:\/\/www.luftfahrt-technik-museum.de\/<\/a><\/u><\/li>\n<\/ul>\n<ul>\n<li><strong>Grossenhain-i Fliegendes Museum :<\/strong> <u><a class=\"western\" href=\"http:\/\/www.fliegendes-museum.de\/wordpress\/de\/home\/\">http:\/\/www.fliegendes-museum.de\/wordpress\/de\/home\/<\/a><\/u><\/li>\n<\/ul>\n<ul>\n<li><strong>B\u00e9cs, Arzenal : \u00a0 \u00a0\u00a0 <\/strong><a href=\"http:\/\/www.hgm.at\/\" target=\"_blank\">http:\/\/www.hgm.at\/<\/a><\/li>\n<\/ul>\n<ul>\n<li><strong>Szolnok, Rep\u00fcl\u0151 M\u00fazeum:\u00a0\u00a0\u00a0 <\/strong><a href=\"https:\/\/www.facebook.com\/pages\/Szolnoki-Rep%C3%BCl%C5%91m%C3%BAzeum\/342332775796845\" target=\"_blank\">https:\/\/www.facebook.com\/pages\/Szolnoki-Rep%C3%BCl%C5%91m%C3%BAzeum\/342332775796845<\/a><\/li>\n<\/ul>\n<ul>\n<li><strong>Zruc Air Park:\u00a0<\/strong>\u00a0\u00a0 <a href=\"http:\/\/airpark.wz.cz\/\" target=\"_blank\">http:\/\/airpark.wz.cz\/<\/a><\/li>\n<\/ul>\n<ul>\n<li><strong>Rokycany:\u00a0<\/strong>\u00a0\u00a0 <a href=\"http:\/\/www.bahna.eu\/muzeum.htm\" target=\"_blank\">http:\/\/www.bahna.eu\/muzeum.htm<\/a><\/li>\n<\/ul>\n<ul>\n<li><strong>Lesany:\u00a0\u00a0<\/strong>\u00a0 <a href=\"https:\/\/www.facebook.com\/pages\/Military-museum-Le%C5%A1any\/140048492680745#\" target=\"_blank\">https:\/\/www.facebook.com\/pages\/Military-museum-Le%C5%A1any\/140048492680745#<\/a> vagy\u00a0 <a href=\"http:\/\/www.vhu.cz\/muzea\/zakladni-informace-o-vtm-lesany\/\" target=\"_blank\">http:\/\/www.vhu.cz\/muzea\/zakladni-informace-o-vtm-lesany\/<\/a><\/li>\n<\/ul>\n<ul>\n<li><strong>Kassa, Rep\u00fcl\u0151 M\u00fazeum:<\/strong>\u00a0\u00a0\u00a0\u00a0 <a href=\"http:\/\/www.stm-ke.sk\/index.php\/sk\/pobocky-2\/muzeum-letectva\" target=\"_blank\">http:\/\/www.stm-ke.sk\/index.php\/sk\/pobocky-2\/muzeum-letectva<\/a><\/li>\n<\/ul>\n<p style=\"text-align:center;display:block;overflow:hidden;clear:left\">\n        <a href=\"https:\/\/www.youtube.com\/watch?v=WBtjOjXRB34\" target=\"_blank\" alt=\"WBtjOjXRB34\" class=\"youtube\">\n        <img decoding=\"async\" src=\"https:\/\/img.youtube.com\/vi\/WBtjOjXRB34\/0.jpg\" width=\"90%\" height=\"\" \/>\n        <\/a><\/p><script>loadYouTube();<\/script>\n<ul>\n<li><strong>D\u00fcbendorf, Sv\u00e1jc : FLIEGER FLAB MUSEUM<\/strong> <a href=\"http:\/\/www.airforcecenter.ch\/?id=29\" target=\"_blank\">http:\/\/www.airforcecenter.ch\/?id=29<\/a><\/li>\n<\/ul>\n<p>Tahin Mikl\u00f3s filmje<\/p>\n<p style=\"text-align:center;display:block;overflow:hidden;clear:left\">\n        <a href=\"https:\/\/www.youtube.com\/watch?v=v29tTxnYzEk\" target=\"_blank\" alt=\"v29tTxnYzEk\" class=\"youtube\">\n        <img decoding=\"async\" src=\"https:\/\/img.youtube.com\/vi\/v29tTxnYzEk\/0.jpg\" width=\"90%\" height=\"\" \/>\n        <\/a><\/p><script>loadYouTube();<\/script>\n<ul>\n<li><strong>Sinsheim, N\u00e9metorsz\u00e1g: Auto &amp; Technik Museum<\/strong> <a href=\"http:\/\/sinsheim.technik-museum.de\/\" target=\"_blank\">http:\/\/sinsheim.technik-museum.de\/<\/a><\/li>\n<\/ul>\n<p>Tahin Mikl\u00f3s filmje<\/p>\n<p style=\"text-align:center;display:block;overflow:hidden;clear:left\">\n        <a href=\"https:\/\/www.youtube.com\/watch?v=Y-3qI1BQOxg\" target=\"_blank\" alt=\"Y-3qI1BQOxg\" class=\"youtube\">\n        <img decoding=\"async\" src=\"https:\/\/img.youtube.com\/vi\/Y-3qI1BQOxg\/0.jpg\" width=\"90%\" height=\"\" \/>\n        <\/a><\/p><script>loadYouTube();<\/script>\n","protected":false},"excerpt":{"rendered":"<p>Programjainkban szerepl\u0151 m\u00fazeumok hivatalos honlapjai: &nbsp; Luftfahrt und Technik Museum : http:\/\/www.luftfahrt-technik-museum.de\/ Grossenhain-i Fliegendes Museum : http:\/\/www.fliegendes-museum.de\/wordpress\/de\/home\/ B\u00e9cs, Arzenal : \u00a0 \u00a0\u00a0 http:\/\/www.hgm.at\/ Szolnok, Rep\u00fcl\u0151 M\u00fazeum:\u00a0\u00a0\u00a0 https:\/\/www.facebook.com\/pages\/Szolnoki-Rep%C3%BCl%C5%91m%C3%BAzeum\/342332775796845 Zruc Air Park:\u00a0\u00a0\u00a0 [&hellip;]<\/p>\n","protected":false},"author":1,"featured_media":0,"parent":0,"menu_order":0,"comment_status":"closed","ping_status":"closed","template":"","meta":{"footnotes":""},"_links":{"self":[{"href":"https:\/\/www.repulonapok.hu\/index.php?rest_route=\/wp\/v2\/pages\/203"}],"collection":[{"href":"https:\/\/www.repulonapok.hu\/index.php?rest_route=\/wp\/v2\/pages"}],"about":[{"href":"https:\/\/www.repulonapok.hu\/index.php?rest_route=\/wp\/v2\/types\/page"}],"author":[{"embeddable":true,"href":"https:\/\/www.repulonapok.hu\/index.php?rest_route=\/wp\/v2\/users\/1"}],"replies":[{"embeddable":true,"href":"https:\/\/www.repulonapok.hu\/index.php?rest_route=%2Fwp%2Fv2%2Fcomments&post=203"}],"version-history":[{"count":29,"href":"https:\/\/www.repulonapok.hu\/index.php?rest_route=\/wp\/v2\/pages\/203\/revisions"}],"predecessor-version":[{"id":1064,"href":"https:\/\/www.repulonapok.hu\/index.php?rest_route=\/wp\/v2\/pages\/203\/revisions\/1064"}],"wp:attachment":[{"href":"https:\/\/www.repulonapok.hu\/index.php?rest_route=%2Fwp%2Fv2%2Fmedia&parent=203"}],"curies":[{"name":"wp","href":"https:\/\/api.w.org\/{rel}","templated":true}]}}