{"id":2028,"date":"2019-10-29T13:28:17","date_gmt":"2019-10-29T12:28:17","guid":{"rendered":"http:\/\/www.repulonapok.hu\/?page_id=2028"},"modified":"2019-10-29T13:29:31","modified_gmt":"2019-10-29T12:29:31","slug":"viii-orszagos-marton-napi-makettkiallitas-es-vasar","status":"publish","type":"page","link":"https:\/\/www.repulonapok.hu\/?page_id=2028","title":{"rendered":"VIII. Orsz\u00e1gos M\u00e1rton-napi Makettki\u00e1ll\u00edt\u00e1s \u00e9s V\u00e1s\u00e1r"},"content":{"rendered":"<p class=\"western\" align=\"center\"><a href=\"https:\/\/www.repulonapok.hu\/wp-content\/uploads\/2019\/10\/collage-makett.jpg\"><img loading=\"lazy\" decoding=\"async\" class=\"aligncenter wp-image-2029\" src=\"https:\/\/www.repulonapok.hu\/wp-content\/uploads\/2019\/10\/collage-makett.jpg\" alt=\"collage makett\" width=\"739\" height=\"244\" srcset=\"https:\/\/www.repulonapok.hu\/wp-content\/uploads\/2019\/10\/collage-makett.jpg 1200w, https:\/\/www.repulonapok.hu\/wp-content\/uploads\/2019\/10\/collage-makett-300x99.jpg 300w, https:\/\/www.repulonapok.hu\/wp-content\/uploads\/2019\/10\/collage-makett-1024x338.jpg 1024w\" sizes=\"(max-width: 739px) 100vw, 739px\" \/><\/a><\/p>\n<p class=\"western\" align=\"center\"><span style=\"font-size: xx-large;\"><i><b>A GOforGO UTAZ\u00c1SI IRODA SZERVEZ\u00c9S\u00c9BEN<\/b><\/i><\/span><\/p>\n<p class=\"western\" align=\"center\"><span style=\"font-size: xx-large;\"><i><b>ID\u0150PONT: 2019.11.09-10.<\/b><\/i><\/span><\/p>\n<p class=\"western\" align=\"center\"><span style=\"font-size: large;\"><i><b>HELYSZ\u00cdN: B\u00c9K\u00c1SMEGYERI K\u00d6Z\u00d6SS\u00c9GI H\u00c1Z 1039 BUDAPEST, CSOB\u00c1NKA T\u00c9R 5.<\/b><\/i><\/span><\/p>\n<p class=\"western\" align=\"center\"><span style=\"font-size: large;\"><b>Tisztelt L\u00e1togat\u00f3, kedves Makettez\u0151!<\/b><\/span><\/p>\n<p lang=\"hu-HU\" align=\"justify\"><span style=\"font-size: medium;\"><span style=\"font-size: small;\"><span lang=\"hu-HU\"><b>Imm\u00e1r nyolcadik alkalommal ker\u00fcl megrendez\u00e9sre a M\u00e1rton napi makettki\u00e1ll\u00edt\u00e1s. Az id\u00e9n is szeretettel v\u00e1rjuk a makettez\u00e9s h\u00edveit, minden kedves \u00e9rdekl\u0151d\u0151t \u00e9s term\u00e9szetesen bar\u00e1tainkat, ismer\u0151seinket. Az el\u0151z\u0151 \u00e9vek tapasztalatait figyelembe v\u00e9ve a k\u00f6z\u00f6ns\u00e9g szavazatai alapj\u00e1n ker\u00fcl sor a ki\u00e1ll\u00edtott munk\u00e1k \u00e9rt\u00e9kel\u00e9s\u00e9re, d\u00edjaz\u00e1s\u00e1ra. Amit szeretn\u00e9nk megtartani, az a remek hangulat, ami eddig is jellemz\u0151je volt a ki\u00e1ll\u00edt\u00e1snak! A makettki\u00e1ll\u00edt\u00e1st b\u00f6rze eg\u00e9sz\u00edti ki, melyen gazdag v\u00e1laszt\u00e9kban lehet maketteket \u00e9s a makett \u00e9p\u00edt\u00e9shez sz\u00fcks\u00e9ges szersz\u00e1mokat, kieg\u00e9sz\u00edt\u0151ket v\u00e1s\u00e1rolni. L\u00e1togat\u00f3ink k\u00f6z\u00f6tt az id\u00e9n is \u00e9rt\u00e9kes utaz\u00e1si nyerem\u00e9nyeket \u2013 utalv\u00e1nyokat sorsolunk ki. A legszebb makettek k\u00e9sz\u00edt\u0151i oklevelet, maketteket \u00e9s rep\u00fcl\u0151napra sz\u00f3l\u00f3 utaz\u00e1sokat nyernek. A rendezv\u00e9nyhez ide\u00e1lis helysz\u00ednt biztos\u00edt a B\u00c9K\u00c1SMEGYERI K\u00d6Z\u00d6SS\u00c9GI H\u00c1Z sz\u00ednh\u00e1zterm\u00e9vel, klubszob\u00e1ival, el\u0151csarnokaival.<\/b><\/span><\/span><\/span><\/p>\n<p align=\"center\"><span style=\"font-size: x-large;\"><b>100 \u00c9VES A POLG\u00c1RI REP\u00dcL\u00c9S<\/b><\/span><\/p>\n<p align=\"justify\"><span style=\"font-size: medium;\"><u><b>D\u00edszvend\u00e9geink \u00e9s el\u0151ad\u00f3ink:<\/b><\/u><b> <\/b><b>MAGYAR REP\u00dcL\u00c9ST\u00d6RT\u00c9NETI T\u00c1RSAS\u00c1G<\/b><\/span><\/p>\n<p lang=\"hu-HU\" align=\"justify\"><span style=\"font-size: medium;\"><span lang=\"hu-HU\"><i><b>2019.11.09. szombat<\/b><\/i><\/span><\/span><\/p>\n<p lang=\"hu-HU\" align=\"justify\"><span style=\"font-size: medium;\"><b>11:30 \u201eU.S.AIRTOUR\u201d F\u00e9nyk\u00e9pes \u00e9lm\u00e9nybesz\u00e1mol\u00f3 a GOforGO Utaz\u00e1si Iroda 2019 ny\u00e1ri, 12 napos amerikai utaz\u00e1sr\u00f3l.<\/b><\/span><\/p>\n<p lang=\"hu-HU\" align=\"justify\"><span style=\"font-size: medium;\"><span lang=\"hu-HU\"><b>14:00 <\/b><\/span><b>SZAB\u00d3 \u201eTOPI\u201d ZOLT\u00c1N a Magyar L\u00e9gier\u0151 nyug\u00e1llom\u00e1ny\u00fa \u0151rnagya <\/b><b>el\u0151ad\u00e1s\u00e1ban:<\/b><\/span><\/p>\n<p lang=\"hu-HU\" align=\"center\"><span style=\"font-size: medium;\"><i><b>A katonai- \u00e9s civil rep\u00fcl\u00e9sek saj\u00e1toss\u00e1gai<\/b><\/i><\/span><\/p>\n<p lang=\"hu-HU\" align=\"justify\"><span style=\"font-size: medium;\"><span lang=\"hu-HU\"><b>16:00 <\/b><\/span><b>\u201e<\/b><em><b>Egy voltam a sasok k\u00f6z\u00f6tt<\/b><\/em><b>\u201d PA\u00c1R FERENC ny. \u0151rnagy, vad\u00e1szpil\u00f3ta \u00e9lm\u00e9nybesz\u00e1mol\u00f3ja a h\u00e1bor\u00fa ut\u00e1ni l\u00e9gier\u0151 korai \u00e9veir\u0151l<\/b><\/span><\/p>\n<p lang=\"hu-HU\" align=\"justify\"><span style=\"font-size: medium;\"><span lang=\"hu-HU\"><i><b>2019.11.10. vas\u00e1rnap<\/b><\/i><\/span><\/span><\/p>\n<p lang=\"hu-HU\" align=\"justify\"><span style=\"font-size: medium;\"><span lang=\"hu-HU\"><b>11:00 <\/b><\/span><span style=\"font-size: medium;\"><span lang=\"hu-HU\"><b>Vincze S\u00e1ndor: \u201eMisszi\u00f3im makettez\u0151 szemmel\u201d c\u00edm\u0171 el\u0151ad\u00e1sa,<\/b><\/span><\/span> <span style=\"font-size: medium;\"><span lang=\"hu-HU\">aki a<\/span><\/span>z elm\u00falt 10 \u00e9v sor\u00e1n 6 alkalommal teljes\u00edtett k\u00fclszolg\u00e1latot a vil\u00e1g k\u00fcl\u00f6nb\u00f6z\u0151 t\u00e1jain.<\/span><\/p>\n<p align=\"justify\"><a href=\"https:\/\/www.repulonapok.hu\/wp-content\/uploads\/2013\/11\/collage-makett-kocka.jpg\"><img loading=\"lazy\" decoding=\"async\" class=\"aligncenter wp-image-2022\" src=\"https:\/\/www.repulonapok.hu\/wp-content\/uploads\/2013\/11\/collage-makett-kocka.jpg\" alt=\"collage makett kocka\" width=\"780\" height=\"780\" srcset=\"https:\/\/www.repulonapok.hu\/wp-content\/uploads\/2013\/11\/collage-makett-kocka.jpg 1200w, https:\/\/www.repulonapok.hu\/wp-content\/uploads\/2013\/11\/collage-makett-kocka-150x150.jpg 150w, https:\/\/www.repulonapok.hu\/wp-content\/uploads\/2013\/11\/collage-makett-kocka-300x300.jpg 300w, https:\/\/www.repulonapok.hu\/wp-content\/uploads\/2013\/11\/collage-makett-kocka-1024x1024.jpg 1024w\" sizes=\"(max-width: 780px) 100vw, 780px\" \/><\/a><\/p>\n<p align=\"justify\"><span style=\"font-size: medium;\"><u><b>Programok mindk\u00e9t napon:<\/b><\/u><\/span><\/p>\n<ul>\n<li>\n<p lang=\"hu-HU\" align=\"justify\"><span style=\"font-size: medium;\"><span lang=\"hu-HU\"><b>Tabl\u00f3ki\u00e1ll\u00edt\u00e1son: <\/b><\/span><span lang=\"hu-HU\"><b>100 \u00c9VES A POLG\u00c1RI REP\u00dcL\u00c9S<\/b><\/span><\/span><\/p>\n<\/li>\n<li>\n<p align=\"justify\"><span style=\"font-size: medium;\"><b>Gyermekeknek: gyerek vas\u00fat, mese falu<\/b><\/span><\/p>\n<\/li>\n<li>\n<p align=\"justify\"><span style=\"font-size: medium;\"><b>RC Tankok bemutat\u00f3ja<\/b><\/span><\/p>\n<\/li>\n<\/ul>\n<p align=\"justify\"><span style=\"font-size: large;\"><b>A rendezv\u00e9ny t\u00e1mogat\u00f3i:<\/b><\/span><\/p>\n<p lang=\"hu-HU\" align=\"justify\"><span style=\"font-size: medium;\"><span style=\"font-size: large;\"><span lang=\"hu-HU\"><b>Szolnoki Makettez\u0151k Bar\u00e1ti K\u00f6re, B\u00e9k\u00e9scsabai \u201eK\u00f6r\u00f6s\u201d Makett Klub, <\/b><\/span><\/span><span style=\"font-size: large;\"><b>Mosonmagyar\u00f3v\u00e1ri Makett Klub \u00e9s Egyes\u00fclet<\/b><\/span><span style=\"font-size: large;\"><span lang=\"hu-HU\"><b>, <\/b><\/span><\/span><em><span style=\"font-size: large;\"><b>Rep\u00fcl\u00e9s Bar\u00e1ti K\u00f6r<\/b><\/span><\/em><em><span style=\"font-size: large;\"><span lang=\"hu-HU\"><b> Budapest, Magyar Rep\u00fcl\u00e9st\u00f6rt\u00e9neti T\u00e1rsas\u00e1g, Attila Unok\u00e1i Hagyom\u00e1ny\u0151rz\u0151 Egyes\u00fclet<\/b><\/span><\/span><\/em><\/span><\/p>\n<p align=\"justify\"><span style=\"font-size: large;\"><u><b>L\u00e1togat\u00f3i inform\u00e1ci\u00f3k: <\/b><\/u><\/span><\/p>\n<p align=\"justify\"><span style=\"font-size: large;\"><b>A ki\u00e1ll\u00edt\u00e1s nyitva: 2019.11.09-\u00e9n 10-17<\/b><\/span><\/p>\n<p align=\"justify\"><span style=\"font-size: large;\"><b> 2019.11.10-\u00e9n 10-15<\/b><\/span><\/p>\n<p align=\"justify\"><span style=\"font-size: large;\"><b>Bel\u00e9p\u0151 d\u00edj\/nap: 600 Ft\/feln\u0151tt, 400 Ft\/gyerek, 1600 Ft\/csal\u00e1d (2 feln\u0151tt+2 gyerek)<\/b><\/span><\/p>\n<p lang=\"hu-HU\" align=\"justify\"><span style=\"font-size: medium;\"><span style=\"font-size: large;\"><span lang=\"hu-HU\"><b>A l\u00e1togat\u00f3k a bel\u00e9p\u0151jegy mell\u00e9 <\/b><\/span><\/span><span style=\"font-size: large;\"><span lang=\"hu-HU\"><i><b>egy szavaz\u00f3lapot \u00e9s egy nyerem\u00e9ny lapot<\/b><\/i><\/span><\/span><span style=\"font-size: large;\"><span lang=\"hu-HU\"><b> kapnak.<\/b><\/span><\/span><\/span><\/p>\n<p lang=\"hu-HU\" align=\"justify\"><span style=\"font-size: medium;\"><span style=\"font-size: large;\"><span lang=\"hu-HU\"><i><u><b>A nyerem\u00e9ny lapot<\/b><\/u><\/i><\/span><\/span><span style=\"font-size: large;\"><span lang=\"hu-HU\"><u><b>,<\/b><\/u><\/span><\/span><span style=\"font-size: large;\"><span lang=\"hu-HU\"><b> ha kit\u00f6ltve bedobj\u00e1k az NYEREM\u00c9NY dobozba, sorsol\u00e1son vehetnek r\u00e9szt. <\/b><\/span><\/span><span style=\"font-size: large;\"><span lang=\"hu-HU\"><b>A vas\u00e1rnapi sorsol\u00e1son 3 \u2013 a GOforGO Utaz\u00e1si Iroda szervez\u00e9s\u00e9ben \u2013 2019 Adventi utaz\u00e1st sorsolunk ki.<\/b><\/span><\/span><\/span><\/p>\n<p lang=\"hu-HU\" align=\"justify\"><span style=\"font-size: medium;\"><span style=\"font-size: large;\"><span lang=\"hu-HU\"><i><u><b>A szavaz\u00f3lapot<\/b><\/u><\/i><\/span><\/span><span style=\"font-size: large;\"><span lang=\"hu-HU\"><b> k\u00e9rj\u00fck \u00e9rtelem szer\u0171en kit\u00f6lteni \u00e9s voksukat, az \u00d6n\u00f6knek legjobban tetsz\u0151 3 legszebb makettre, a MAKETT dobozba bedobni sz\u00edveskedjenek.<\/b><\/span><\/span><\/span><\/p>\n<p align=\"center\"><span style=\"font-size: large;\"><b>eredm\u00e9nyhirdet\u00e9s \u00e9s sorsol\u00e1s: vas\u00e1rnap 14 \u00f3rakor<\/b><\/span><\/p>\n<p align=\"justify\"><span style=\"font-size: large;\"><u><b>Ki\u00e1ll\u00edt\u00f3i inform\u00e1ci\u00f3:<\/b><\/u><\/span><\/p>\n<p lang=\"hu-HU\" align=\"justify\"><span style=\"font-size: medium;\"><span style=\"font-size: large;\"><span lang=\"hu-HU\"><b>Munk\u00e1ikat ki\u00e1ll\u00edt\u00f3 makettez\u0151k r\u00e9sz\u00e9re <\/b><\/span><\/span><span style=\"font-size: large;\"><span lang=\"hu-HU\"><u><b>nevez\u00e9si d\u00edj nincs<\/b><\/u><\/span><\/span><span style=\"font-size: large;\"><span lang=\"hu-HU\"><b>! <\/b><\/span><\/span><\/span><\/p>\n<p align=\"justify\"><span style=\"font-size: large;\"><b>A makettek ki\u00e1ll\u00edt\u00e1s\u00e1ra a K\u00f6z\u00f6ss\u00e9gi H\u00e1z sz\u00ednh\u00e1zterm\u00e9ben ker\u00fcl sor, 20 db 80 x 160 cm-es asztalon. A makettek elhelyez\u00e9s\u00e9nek ideje: 2019.11.08. este 20:30-t\u00f3l 22 \u00f3r\u00e1ig \u00e9s 2019.11.09. reggel 7-9:30 k\u00f6z\u00f6tt, a ki\u00e1ll\u00edt\u00e1s bont\u00e1sa 2019.11.10.-\u00e9n 15:00 \u2013 t\u0151l!<\/b><\/span><\/p>\n<p align=\"justify\"><span style=\"font-size: large;\"><b>A ki\u00e1ll\u00edthat\u00f3 makettekkel kapcsolatban megk\u00f6t\u00e9s sem t\u00e9m\u00e1j\u00e1ban, sem koroszt\u00e1ly szerint nincs. Minden t\u00e9ma \u2013 rep\u00fcl\u0151g\u00e9p, harcj\u00e1rm\u0171, haj\u00f3, figura, sci-fi, aut\u00f3, stb. \u2013 mely belef\u00e9r a makettez\u00e9s fogalomk\u00f6r\u00e9be ki\u00e1ll\u00edthat\u00f3! (Kiv\u00e9ve, a j\u00f3 \u00edzl\u00e9st vagy kegyeletet s\u00e9rt\u0151 maketteket, t\u00e1rgyakat.)<\/b><\/span><\/p>\n<p align=\"center\"><span style=\"font-size: large;\"><u><b>KIEMELT T\u00c9M\u00c1K<\/b><\/u><\/span><\/p>\n<p lang=\"hu-HU\" align=\"justify\">\u201e<span style=\"font-size: medium;\"><span style=\"font-size: large;\"><span lang=\"hu-HU\"><b>K\u00d6ZPONTI KI\u00c1LLIT\u00c1S\u201d :<\/b><\/span><\/span><b> <\/b><span style=\"font-size: large;\"><span lang=\"hu-HU\"><b>100 \u00e9ves a polg\u00e1ri rep\u00fcl\u00e9s<\/b><\/span><\/span><\/span><\/p>\n<p lang=\"hu-HU\" align=\"justify\">\u201e<span style=\"font-size: medium;\"><span style=\"font-size: large;\"><span lang=\"hu-HU\"><b>RETRO SZALON\u201d ide v\u00e1runk minden olyan m\u0171vet, makettet, mely min. 20 \u00e9ve vagy r\u00e9gebben k\u00e9sz\u00fclt.<\/b><\/span><\/span><\/span><\/p>\n<p lang=\"hu-HU\" align=\"justify\">\u201e<span style=\"font-size: medium;\"><span style=\"font-size: large;\"><span lang=\"hu-HU\"><b>Airliners Past &amp; Present\u201d \u2013 Pongr\u00e1cz Zolt\u00e1n munk\u00e1i<\/b><\/span><\/span><\/span><\/p>\n<p lang=\"hu-HU\" align=\"justify\">\u201e<span style=\"font-size: medium;\"><span style=\"font-size: large;\"><span lang=\"hu-HU\"><b>Istv\u00e1n v\u00e1ra \u00e9s k\u00f6z\u00e9pkori falu\u201d &#8211; Sz\u0171cs Istv\u00e1n munk\u00e1i<\/b><\/span><\/span><\/span><\/p>\n<p align=\"justify\"><span style=\"font-size: large;\"><u><b>Akik \u00e1rus\u00edtani szeretn\u00e9nek a rendezv\u00e9nyen: <\/b><\/u><\/span><\/p>\n<p align=\"justify\"><span style=\"font-size: large;\"><b>Az \u00e1rus\u00edt\u00f3 asztalok az el\u0151csarnokban ker\u00fclnek elhelyez\u00e9sre.<\/b><\/span><\/p>\n<p align=\"justify\"><span style=\"font-size: large;\"><b>Az \u00e1rus\u00edt\u00f3 asztalok b\u00e9rleti d\u00edja: 60 x 140 = 3 000 Ft\/ 2 nap<\/b><\/span><\/p>\n<p align=\"justify\"><span style=\"font-size: large;\"><b>\u00a0\u00a0\u00a0\u00a0\u00a0\u00a0\u00a0\u00a0\u00a0\u00a0\u00a0\u00a0\u00a0\u00a0\u00a0\u00a0\u00a0\u00a0\u00a0\u00a0\u00a0\u00a0\u00a0\u00a0\u00a0\u00a0\u00a0\u00a0\u00a0\u00a0\u00a0\u00a0\u00a0\u00a0\u00a0\u00a0\u00a0\u00a0\u00a0\u00a0\u00a0\u00a0\u00a0\u00a0\u00a0\u00a0\u00a0\u00a0\u00a0\u00a0\u00a0\u00a0\u00a0\u00a0\u00a0\u00a0\u00a0\u00a0\u00a0\u00a0\u00a0\u00a0\u00a0\u00a0 75 x 180 = 4 500 Ft\/ 2 nap<\/b><\/span><\/p>\n<p align=\"justify\"><span style=\"font-size: large;\"><b>A rendezv\u00e9ny ideje alatt, ki\u00e1ll\u00edt\u00f3ink \u00e9s \u00e1rusaink r\u00e9sz\u00e9re k\u00fcl\u00f6n klubszoba \u00e1ll rendelkez\u00e9sre, \u00e1sv\u00e1nyv\u00edzzel, k\u00e1v\u00e9val, csomagelhelyez\u00e9si lehet\u0151s\u00e9ggel.<\/b><\/span><\/p>\n<p align=\"justify\"><span style=\"font-size: large;\"><b>V\u00e1rjuk ki\u00e1ll\u00edt\u00f3k \u00e9s \u00e1rusok jelentkez\u00e9s\u00e9t! <\/b><\/span><\/p>\n<p><a href=\"https:\/\/www.repulonapok.hu\/wp-content\/uploads\/2017\/10\/15079094_1106640802718045_6849249081452167688_n.jpg\"><img loading=\"lazy\" decoding=\"async\" class=\"aligncenter size-full wp-image-1507\" src=\"https:\/\/www.repulonapok.hu\/wp-content\/uploads\/2017\/10\/15079094_1106640802718045_6849249081452167688_n.jpg\" alt=\"15079094_1106640802718045_6849249081452167688_n\" width=\"960\" height=\"720\" srcset=\"https:\/\/www.repulonapok.hu\/wp-content\/uploads\/2017\/10\/15079094_1106640802718045_6849249081452167688_n.jpg 960w, https:\/\/www.repulonapok.hu\/wp-content\/uploads\/2017\/10\/15079094_1106640802718045_6849249081452167688_n-300x225.jpg 300w\" sizes=\"(max-width: 960px) 100vw, 960px\" \/><\/a><\/p>\n","protected":false},"excerpt":{"rendered":"<p>A GOforGO UTAZ\u00c1SI IRODA SZERVEZ\u00c9S\u00c9BEN ID\u0150PONT: 2019.11.09-10. HELYSZ\u00cdN: B\u00c9K\u00c1SMEGYERI K\u00d6Z\u00d6SS\u00c9GI H\u00c1Z 1039 BUDAPEST, CSOB\u00c1NKA T\u00c9R 5. Tisztelt L\u00e1togat\u00f3, kedves Makettez\u0151! Imm\u00e1r nyolcadik alkalommal ker\u00fcl megrendez\u00e9sre a M\u00e1rton napi makettki\u00e1ll\u00edt\u00e1s. Az [&hellip;]<\/p>\n","protected":false},"author":1,"featured_media":0,"parent":0,"menu_order":0,"comment_status":"closed","ping_status":"closed","template":"","meta":{"footnotes":""},"_links":{"self":[{"href":"https:\/\/www.repulonapok.hu\/index.php?rest_route=\/wp\/v2\/pages\/2028"}],"collection":[{"href":"https:\/\/www.repulonapok.hu\/index.php?rest_route=\/wp\/v2\/pages"}],"about":[{"href":"https:\/\/www.repulonapok.hu\/index.php?rest_route=\/wp\/v2\/types\/page"}],"author":[{"embeddable":true,"href":"https:\/\/www.repulonapok.hu\/index.php?rest_route=\/wp\/v2\/users\/1"}],"replies":[{"embeddable":true,"href":"https:\/\/www.repulonapok.hu\/index.php?rest_route=%2Fwp%2Fv2%2Fcomments&post=2028"}],"version-history":[{"count":3,"href":"https:\/\/www.repulonapok.hu\/index.php?rest_route=\/wp\/v2\/pages\/2028\/revisions"}],"predecessor-version":[{"id":2244,"href":"https:\/\/www.repulonapok.hu\/index.php?rest_route=\/wp\/v2\/pages\/2028\/revisions\/2244"}],"wp:attachment":[{"href":"https:\/\/www.repulonapok.hu\/index.php?rest_route=%2Fwp%2Fv2%2Fmedia&parent=2028"}],"curies":[{"name":"wp","href":"https:\/\/api.w.org\/{rel}","templated":true}]}}