{"id":1591,"date":"2018-01-18T09:22:13","date_gmt":"2018-01-18T08:22:13","guid":{"rendered":"http:\/\/www.repulonapok.hu\/?page_id=1591"},"modified":"2020-05-05T12:46:16","modified_gmt":"2020-05-05T11:46:16","slug":"army-moszkva-2018","status":"publish","type":"page","link":"https:\/\/www.repulonapok.hu\/?page_id=1591","title":{"rendered":"ARMY Moszkva 2020"},"content":{"rendered":"<p style=\"text-align: center;\"><strong><em>\u00c9BREDEZIK AZ OROSZ MEDVE<\/em><\/strong><\/p>\n<p style=\"text-align: center;\"><strong><em>Oroszorsz\u00e1g a hidegh\u00e1bor\u00fat k\u00f6vet\u0151en, m\u00e9ly gazdas\u00e1gi v\u00e1ls\u00e1gba ker\u00fclt, hadipotenci\u00e1lja t\u00f6red\u00e9k\u00e9re cs\u00f6kkent. Az elm\u00falt \u00e9vtizedben azonban visszat\u00e9rni l\u00e1tszik vitalit\u00e1sa. Ennek mintegy igazol\u00e1s\u00e1ra, n\u00e9h\u00e1ny esztendeje a Moszkva k\u00f6zeli Kubinka katonai t\u00e1maszponton a vil\u00e1gon p\u00e1rj\u00e1t ritk\u00edt\u00f3 katonai er\u0151demonstr\u00e1ci\u00f3t mutatnak be, <\/em><\/strong><strong><em>F\u00d6LD\u00d6N, V\u00cdZEN \u00c9S LEVEG\u0150BEN!<\/em><\/strong><\/p>\n<p><a href=\"https:\/\/www.repulonapok.hu\/wp-content\/uploads\/2018\/01\/Army-6.jpg\"><img loading=\"lazy\" decoding=\"async\" class=\"aligncenter wp-image-1707\" src=\"https:\/\/www.repulonapok.hu\/wp-content\/uploads\/2018\/01\/Army-6.jpg\" alt=\"Army 6\" width=\"710\" height=\"473\" srcset=\"https:\/\/www.repulonapok.hu\/wp-content\/uploads\/2018\/01\/Army-6.jpg 800w, https:\/\/www.repulonapok.hu\/wp-content\/uploads\/2018\/01\/Army-6-300x200.jpg 300w\" sizes=\"(max-width: 710px) 100vw, 710px\" \/><\/a><\/p>\n<p>&nbsp;<\/p>\n<p><b>Id\u0151pont : 2020.08. 24 \u2013 29. (6 nap\/5 \u00e9j)\u00a0\u00a0\u00a0\u00a0\u00a0\u00a0\u00a0\u00a0\u00a0\u00a0\u00a0\u00a0\u00a0\u00a0\u00a0\u00a0\u00a0\u00a0\u00a0\u00a0\u00a0\u00a0\u00a0\u00a0\u00a0\u00a0\u00a0\u00a0\u00a0\u00a0\u00a0\u00a0\u00a0\u00a0 <\/b>Poz. sz\u00e1m: 20\/RMA\/16<\/p>\n<p><b>\u00datvonal :<\/b> Budapest \u2013 Moszkva \u2013 Budapest rep\u00fcl\u0151g\u00e9ppel, Moszkv\u00e1ban helyi k\u00f6zleked\u00e9ssel<br \/>\n<b>Ell\u00e1t\u00e1s: <\/b>5\u00a0x sv\u00e9dasztalos reggeli<br \/>\n<b>Idegenvezet\u00e9s: <\/b>nincs, csoportk\u00eds\u00e9r\u0151t biztos\u00edtunk<\/p>\n<p><b>Sz\u00e1ll\u00e1s, elhelyez\u00e9s : <\/b>Hotel Izmailovo-Gamma*** 2 \u00e1gyas szob\u00e1iban<\/p>\n<p style=\"text-align: center;\">\n<p class=\"western\" align=\"center\"><span style=\"font-size: small;\"><u><b>PROGRAM:<\/b><\/u><\/span><\/p>\n<p><strong>1.nap: <\/strong>Elutaz\u00e1s Moszkv\u00e1ba a Ferihegyr\u0151l (Liszt Ferenc rep\u00fcl\u0151t\u00e9r) az AEROFLOT reggeli, menetrend szerinti j\u00e1rat\u00e1val. Moszkv\u00e1ban \u00fatlev\u00e9l- \u00e9s v\u00e1mellen\u0151rz\u00e9s ut\u00e1n, a Seremetyjevo rep\u00fcl\u0151t\u00e9rr\u0151l az Aeroexpress gyorsvas\u00fattal (450 RUB) \u00e9s metr\u00f3val (vonaljegy 57 RUB) a sz\u00e1ll\u00e1shely\u00fcnkre megy\u00fcnk. \u00c9rkez\u00e9s ut\u00e1n bek\u00f6lt\u00f6z\u00e9s a sz\u00e1llod\u00e1ba, majd szabadprogram.<\/p>\n<p><strong>2.nap:<\/strong> Reggeli ut\u00e1n, metroval \u00e9s vonattal <strong>Kubink\u00e1ba, az ARMY 2020 <\/strong>rendezv\u00e9ny helysz\u00edn\u00e9re utazunk. Eg\u00e9sz napot ott t\u00f6ltj\u00fck felm\u00e9rve \u00e9s ismerkedve a hatalmas ter\u00fcleten, t\u00f6bb helysz\u00ednen megrendezett bemutat\u00f3kkal. A 3 helysz\u00edn a k\u00f6vetkez\u0151:<\/p>\n<p>&#8211; Patriot EXPO<\/p>\n<p>&#8211; Kubinka Air Base<\/p>\n<p>&#8211; <em>ALABINO MILITARY<\/em> TRAINING GROUND<\/p>\n<p class=\"western\" align=\"justify\">A bemutat\u00f3 helysz\u00ednei k\u00f6z\u00f6tt shuttle buszok k\u00f6zlekednek.\u00a0 (<a href=\"http:\/\/www.rusarmyexpo.ru\/\">http:\/\/www.rusarmyexpo.ru\/<\/a> ) A rendezv\u00e9ny z\u00e1r\u00e1sa ut\u00e1n visszautazunk moszkvai sz\u00e1ll\u00e1shely\u00fcnkre.<\/p>\n<p class=\"western\" align=\"justify\"><a href=\"https:\/\/www.repulonapok.hu\/wp-content\/uploads\/2018\/01\/Army-3.jpg\"><img loading=\"lazy\" decoding=\"async\" class=\"aligncenter wp-image-1708\" src=\"https:\/\/www.repulonapok.hu\/wp-content\/uploads\/2018\/01\/Army-3.jpg\" alt=\"Army 3\" width=\"698\" height=\"293\" srcset=\"https:\/\/www.repulonapok.hu\/wp-content\/uploads\/2018\/01\/Army-3.jpg 2500w, https:\/\/www.repulonapok.hu\/wp-content\/uploads\/2018\/01\/Army-3-300x126.jpg 300w, https:\/\/www.repulonapok.hu\/wp-content\/uploads\/2018\/01\/Army-3-1024x430.jpg 1024w\" sizes=\"(max-width: 698px) 100vw, 698px\" \/><\/a><\/p>\n<p><strong>3.nap:<\/strong> Reggeli a hotelben, majd 8 \u00f3rakor k\u00fcl\u00f6n busszal Monyinoba utazunk. Itt megn\u00e9zz\u00fck a vil\u00e1g egyik legh\u00edresebb rep\u00fcl\u0151m\u00fazeum\u00e1t. (<a href=\"http:\/\/www.cmaf.ru\/\">http:\/\/www.cmaf.ru\/<\/a>, nyitva 10-17 \u00f3ra k\u00f6z\u00f6tt, bel\u00e9p\u0151: 300 RUB) A m\u00fazeum megl\u00e1togat\u00e1s\u00e1ra kb 3,5-4 \u00f3ra \u00e1ll rendelkez\u00e9s\u00fcnkre, majd buszunkkal visszat\u00e9r\u00fcnk Moszkv\u00e1ba, ahol k\u00e9s\u0151 d\u00e9lut\u00e1n szabadprogram lesz.<\/p>\n<p class=\"western\" align=\"justify\"><a href=\"https:\/\/www.repulonapok.hu\/wp-content\/uploads\/2018\/01\/army2017.jpg\"><img loading=\"lazy\" decoding=\"async\" class=\"aligncenter wp-image-1710\" src=\"https:\/\/www.repulonapok.hu\/wp-content\/uploads\/2018\/01\/army2017.jpg\" alt=\"army2017\" width=\"701\" height=\"467\" srcset=\"https:\/\/www.repulonapok.hu\/wp-content\/uploads\/2018\/01\/army2017.jpg 748w, https:\/\/www.repulonapok.hu\/wp-content\/uploads\/2018\/01\/army2017-300x200.jpg 300w\" sizes=\"(max-width: 701px) 100vw, 701px\" \/><\/a><\/p>\n<p><strong>4.nap:<\/strong> Korai indul\u00e1ssal, ill. k\u00e9s\u0151i vissza\u00e9rkez\u00e9ssel a napot a napot az ARMY 2020-as rendezv\u00e9nyen t\u00f6ltj\u00fck. (<a href=\"http:\/\/www.rusarmyexpo.ru\/\">http:\/\/www.rusarmyexpo.ru\/<\/a>).<\/p>\n<p><strong>5.nap: <\/strong>Korai indul\u00e1ssal, ill. k\u00e9s\u0151i vissza\u00e9rkez\u00e9ssel a napot a napot az ARMY 2020-as rendezv\u00e9nyen t\u00f6ltj\u00fck. (<a href=\"http:\/\/www.rusarmyexpo.ru\/\">http:\/\/www.rusarmyexpo.ru\/<\/a>).<\/p>\n<p><strong>6.nap: <\/strong>A rep\u00fcl\u0151g\u00e9p indul\u00e1si id\u0151t\u0151l f\u00fcgg\u0151en, d\u00e9lel\u0151tt megl\u00e1togatjuk a nem r\u00e9giben fel\u00faj\u00edtott Kozmonautikai M\u00fazeumot, a VDNH park mellett. Ut\u00e1na mert\u00f3val \u00e9s az Aeroexpressel a rep\u00fcl\u0151t\u00e9rre megy\u00fcnk. Utaz\u00e1s rep\u00fcl\u0151g\u00e9ppel Moszkv\u00e1b\u00f3l Budapestre.<\/p>\n<p class=\"western\" style=\"text-align: center;\" align=\"justify\"><strong><span style=\"font-size: x-large;\">R\u00e9szv\u00e9teli d\u00edj: 115.000 Ft\/f\u0151<\/span><\/strong><\/p>\n<p class=\"western\" style=\"text-align: center;\" align=\"justify\"><span style=\"font-size: medium;\">(egy\u00e1gyas fel\u00e1r: 78.000 Ft,\u00a0 \u00a0k\u00f6telez\u0151 biztos\u00edt\u00e1s: 5.000 Ft)<\/span><\/p>\n<p><strong>Rep\u00fcl\u0151jegy: <\/strong>\u00a0kb. <strong>98.000 Ft, AEROFLOT &#8211; <\/strong>a megrendel\u00e9s id\u0151pontj\u00e1t\u00f3l f\u00fcgg\u0151en (rep\u00fcl\u0151jegy + illet\u00e9k).<\/p>\n<p><strong>V\u00edzum: 29 000 Ft\/f\u0151 (d\u00edj + \u00fcgyint\u00e9z\u00e9s) Sz\u00fcks\u00e9ges okm\u00e1nyok:<\/strong> \u00e9rv\u00e9nyes \u00fatlev\u00e9l (a haza\u00e9rkez\u00e9st k\u00f6vet\u0151 minimum 6 h\u00f3napig m\u00e9g \u00e9rv\u00e9nyesnek kell lennie, valamint egym\u00e1s melletti 2 \u00fcres oldal megl\u00e9te sz\u00fcks\u00e9ges), 1 db igazolv\u00e1ny k\u00e9p (3,5 x 4,5 cm), v\u00edzumk\u00e9r\u0151lap (elektronikus v\u00edzum int\u00e9z\u00e9s), BBP utasbiztos\u00edt\u00e1s m\u00e1solata (irod\u00e1nkban megk\u00f6thet\u0151, napi 1050 Ft), rep\u00fcl\u0151jegy foglal\u00e1s m\u00e1solata . <strong>A v\u00edzum k\u00e9relem lead\u00e1si hat\u00e1rideje j\u00falius 15.<\/strong><\/p>\n<h2 class=\"western\" style=\"text-align: center;\"><strong>Jelentkez\u00e9si hat\u00e1rid\u0151 2020.07.01!<\/strong><\/h2>\n<p><a href=\"https:\/\/www.repulonapok.hu\/wp-content\/uploads\/2018\/01\/Army-10.jpg\"><img loading=\"lazy\" decoding=\"async\" class=\"aligncenter wp-image-1712\" src=\"https:\/\/www.repulonapok.hu\/wp-content\/uploads\/2018\/01\/Army-10.jpg\" alt=\"Army 10\" width=\"713\" height=\"386\" srcset=\"https:\/\/www.repulonapok.hu\/wp-content\/uploads\/2018\/01\/Army-10.jpg 1000w, https:\/\/www.repulonapok.hu\/wp-content\/uploads\/2018\/01\/Army-10-300x162.jpg 300w\" sizes=\"(max-width: 713px) 100vw, 713px\" \/><\/a><\/p>\n<p><strong><u>FONTOS INFORM\u00c1CI\u00d3K<\/u><\/strong><\/p>\n<p><strong><u>\u00a0<\/u><\/strong><\/p>\n<p><strong><u>\u00a0<\/u><\/strong><\/p>\n<p><strong><u>A r\u00e9szv\u00e9teli d\u00edj tartalmazza:<\/u><\/strong>\u00a0\u00a0\u00a0\u00a0\u00a0\u00a0 &#8211;\u00a0\u00a0\u00a0\u00a0\u00a0 a sz\u00e1ll\u00e1sk\u00f6lts\u00e9get 5 \u00e9jszak\u00e1ra reggelivel ***-os hotelben.<\/p>\n<p><strong>Figyelem! <\/strong>Reggeli 7 \u00f3r\u00e1t\u00f3l, de amennyiben a program \u00fagy k\u00edv\u00e1nja, kor\u00e1bban, reggeli n\u00e9lk\u00fcl indulunk a sz\u00e1llod\u00e1b\u00f3l.<\/p>\n<ul>\n<li>1 x transzfert a Monyinoba, m\u00fazeuml\u00e1togat\u00e1s (4 \u00f3ra)<\/li>\n<li>csoportk\u00eds\u00e9r\u00e9st<\/li>\n<\/ul>\n<p>&nbsp;<\/p>\n<p><strong><em><u>A r\u00e9szv\u00e9teli d\u00edj nem tartalmazza<\/u><\/em><\/strong><strong><em>:<\/em><\/strong><\/p>\n<p>&nbsp;<\/p>\n<table style=\"height: 416px;\" width=\"688\">\n<tbody>\n<tr>\n<td width=\"113\">\n<h3>ARMY 2020<\/h3>\n<h3>bel\u00e9p\u0151<\/h3>\n<\/td>\n<td width=\"180\"><\/td>\n<td width=\"279\">400 RUB\/nap<\/p>\n<p>A rep\u00fcl\u0151napi bel\u00e9p\u0151k befizet\u00e9se nem k\u00f6telez\u0151, de amennyiben ig\u00e9nyt tart r\u00e1 Tisztelt Utasunk, \u00fagy ezeknek befizet\u00e9si hat\u00e1rideje: j\u00fanius 30. irod\u00e1nkban<\/td>\n<\/tr>\n<tr>\n<td width=\"113\"><strong>Kubinka<\/strong><\/td>\n<td width=\"180\">bel\u00e9p\u0151<\/td>\n<td width=\"279\">700 RUB\/alkalom<\/td>\n<\/tr>\n<tr>\n<td width=\"113\"><strong>Vacsora:<\/strong><\/p>\n<p><em>\u00c9tkez\u00e9si lehet\u0151s\u00e9g a sz\u00e1llod\u00e1ban<\/em><\/td>\n<td width=\"180\">1500 rubel\/f\u0151\/vacsora<\/td>\n<td width=\"279\">Helysz\u00ednen fizetend\u0151 rubelben<\/td>\n<\/tr>\n<\/tbody>\n<\/table>\n<p>Jelentkez\u00e9s \u00e9s szerz\u0151d\u00e9s k\u00f6t\u00e9s az utaz\u00e1sra: irod\u00e1nkban, id\u0151pont egyeztet\u00e9ssel szem\u00e9lyesen, a rep\u00fcl\u0151jegy megv\u00e9tel\u00e9vel lehets\u00e9ges vagy on-line, e-mailben.<\/p>\n<p>&nbsp;<\/p>\n<p><strong><em><u>P\u00e9nzv\u00e1lt\u00e1s:<\/u><\/em><\/strong><\/p>\n<p>Oroszorsz\u00e1gban a hivatalos fizet\u0151eszk\u00f6z a rubel. Magyarorsz\u00e1gon is beszerezhet\u0151, \u00e1ltal\u00e1ban a bev\u00e1s\u00e1rl\u00f3 k\u00f6zpontok p\u00e9nzv\u00e1lt\u00f3in\u00e1l. 1 rubel kb. 5 forint\u00e9rt v\u00e1lthat\u00f3. 1 \u20ac ~ 80 rubel (2020.\u00e1prilis)<\/p>\n<p>&nbsp;<\/p>\n<p><strong>Figyelem!<\/strong> K\u00e9rj\u00fck Kedves Utasainkat, hogy m\u00e1r itthonr\u00f3l <strong>min. 2-3000 rubellel<\/strong> a zseb\u00fckben induljanak \u00fatnak! Ez a meg\u00e9rkez\u00e9skor megk\u00f6nny\u00edti a csoport sz\u00e1m\u00e1ra a k\u00f6zleked\u00e9si jegyek megv\u00e9tel\u00e9t \u00e9s \u00edgy min\u00e9l el\u0151bb a sz\u00e1ll\u00e1sunkra juthatunk.<\/p>\n<p>&nbsp;<\/p>\n<p>Tov\u00e1bbi p\u00e9nzv\u00e1lt\u00e1si lehet\u0151s\u00e9g:<\/p>\n<p>USD-t\u00a0 vagy EUR-t lehet v\u00e1ltani a moszkvai a sz\u00e1llod\u00e1nkban szinte \u00e9jjel-nappal \u00fczemel\u0151 p\u00e9nzv\u00e1lt\u00f3kn\u00e1l.<\/p>\n<p>Moszkvai \u00e1tsz\u00e1ll\u00f3 METRO jegy 60 rubel (kb.350 Ft), 1 napos jegy &#8211; 24 \u00f3r\u00e1s, 230 rubel (kb. 1200 Ft)<\/p>\n<p>Rept\u00e9r \u2013 Moszkva gyorsvas\u00fat 400-500 rubel\/\u00fat\/f\u0151 (kb.2500 Ft)<\/p>\n<p>Az \u00e1rak t\u00e1j\u00e9koztat\u00f3 \u00e1rak!<\/p>\n<p>&nbsp;<\/p>\n<p><strong><em><u>Vacsora: <\/u><\/em><\/strong><\/p>\n<p>a Hotel GAMMA \u00e9tterm\u00e9ben \u2013 kb. 1700 rubel\/f\u0151\/alkalom \u2013 sv\u00e9dasztalos vacsor\u00e1t lehet ig\u00e9nybe venni.<\/p>\n<p>A hotel k\u00f6r\u00fcli \u00e9lelmiszerboltokban kedvez\u0151bb \u00e1ron lehet v\u00e1s\u00e1rolni kifog\u00e1stalan \u00e9telt, italt.<\/p>\n<p lang=\"hu-HU\"><a href=\"https:\/\/www.repulonapok.hu\/wp-content\/uploads\/2018\/01\/Army-4.jpg\"><img loading=\"lazy\" decoding=\"async\" class=\"aligncenter wp-image-1709\" src=\"https:\/\/www.repulonapok.hu\/wp-content\/uploads\/2018\/01\/Army-4.jpg\" alt=\"Army 4\" width=\"697\" height=\"436\" srcset=\"https:\/\/www.repulonapok.hu\/wp-content\/uploads\/2018\/01\/Army-4.jpg 480w, https:\/\/www.repulonapok.hu\/wp-content\/uploads\/2018\/01\/Army-4-300x188.jpg 300w\" sizes=\"(max-width: 697px) 100vw, 697px\" \/><\/a><\/p>\n","protected":false},"excerpt":{"rendered":"<p>\u00c9BREDEZIK AZ OROSZ MEDVE Oroszorsz\u00e1g a hidegh\u00e1bor\u00fat k\u00f6vet\u0151en, m\u00e9ly gazdas\u00e1gi v\u00e1ls\u00e1gba ker\u00fclt, hadipotenci\u00e1lja t\u00f6red\u00e9k\u00e9re cs\u00f6kkent. Az elm\u00falt \u00e9vtizedben azonban visszat\u00e9rni l\u00e1tszik vitalit\u00e1sa. Ennek mintegy igazol\u00e1s\u00e1ra, n\u00e9h\u00e1ny esztendeje a Moszkva k\u00f6zeli [&hellip;]<\/p>\n","protected":false},"author":1,"featured_media":0,"parent":0,"menu_order":0,"comment_status":"closed","ping_status":"closed","template":"","meta":{"footnotes":""},"_links":{"self":[{"href":"https:\/\/www.repulonapok.hu\/index.php?rest_route=\/wp\/v2\/pages\/1591"}],"collection":[{"href":"https:\/\/www.repulonapok.hu\/index.php?rest_route=\/wp\/v2\/pages"}],"about":[{"href":"https:\/\/www.repulonapok.hu\/index.php?rest_route=\/wp\/v2\/types\/page"}],"author":[{"embeddable":true,"href":"https:\/\/www.repulonapok.hu\/index.php?rest_route=\/wp\/v2\/users\/1"}],"replies":[{"embeddable":true,"href":"https:\/\/www.repulonapok.hu\/index.php?rest_route=%2Fwp%2Fv2%2Fcomments&post=1591"}],"version-history":[{"count":7,"href":"https:\/\/www.repulonapok.hu\/index.php?rest_route=\/wp\/v2\/pages\/1591\/revisions"}],"predecessor-version":[{"id":2132,"href":"https:\/\/www.repulonapok.hu\/index.php?rest_route=\/wp\/v2\/pages\/1591\/revisions\/2132"}],"wp:attachment":[{"href":"https:\/\/www.repulonapok.hu\/index.php?rest_route=%2Fwp%2Fv2%2Fmedia&parent=1591"}],"curies":[{"name":"wp","href":"https:\/\/api.w.org\/{rel}","templated":true}]}}