{"id":1589,"date":"2018-01-18T09:21:44","date_gmt":"2018-01-18T08:21:44","guid":{"rendered":"http:\/\/www.repulonapok.hu\/?page_id=1589"},"modified":"2025-02-28T17:59:57","modified_gmt":"2025-02-28T16:59:57","slug":"tankovy-den-trencseny","status":"publish","type":"page","link":"https:\/\/www.repulonapok.hu\/?page_id=1589","title":{"rendered":"Tankov\u00e9 Dni &#8211; Trencs\u00e9ny"},"content":{"rendered":"<p class=\"western\" align=\"left\"><b>Id\u0151pont:\u00a0\u00a0\u00a0 2025.06.28.\u00a0\u00a0\u00a0\u00a0\u00a0\u00a0\u00a0\u00a0\u00a0\u00a0\u00a0\u00a0\u00a0\u00a0\u00a0\u00a0\u00a0\u00a0\u00a0\u00a0\u00a0\u00a0\u00a0\u00a0\u00a0\u00a0\u00a0\u00a0\u00a0\u00a0\u00a0\u00a0\u00a0\u00a0\u00a0\u00a0\u00a0\u00a0 Poz.sz\u00e1m:\u00a0\u00a0 25\/HTT\/05<\/b><\/p>\n<p class=\"western\" align=\"left\"><b>\u00datvonal:<\/b> Bp \u2013 Trencs\u00e9n \u2013 Bp (700 km)<\/p>\n<p class=\"western\" align=\"left\"><b>Utaz\u00e1s:\u00a0 \u00a0 <\/b>az utasl\u00e9tsz\u00e1mnak megfelel\u0151 aut\u00f3busszal<\/p>\n<p class=\"western\" align=\"left\"><b>Ell\u00e1t\u00e1s: <\/b>\u00f6nell\u00e1t\u00e1s<\/p>\n<p class=\"western\" align=\"left\"><b>Id\u0151tartam: <\/b>1 nap<\/p>\n<p>\u00a0 <a href=\"https:\/\/www.repulonapok.hu\/wp-content\/uploads\/2018\/01\/trencs\u00e9n.jpg\"><img loading=\"lazy\" decoding=\"async\" class=\"aligncenter  wp-image-2066\" src=\"https:\/\/www.repulonapok.hu\/wp-content\/uploads\/2018\/01\/trencs\u00e9n.jpg\" alt=\"trencs\u00e9n\" width=\"672\" height=\"378\" srcset=\"https:\/\/www.repulonapok.hu\/wp-content\/uploads\/2018\/01\/trencs\u00e9n.jpg 1280w, https:\/\/www.repulonapok.hu\/wp-content\/uploads\/2018\/01\/trencs\u00e9n-300x169.jpg 300w, https:\/\/www.repulonapok.hu\/wp-content\/uploads\/2018\/01\/trencs\u00e9n-1024x576.jpg 1024w\" sizes=\"(max-width: 672px) 100vw, 672px\" \/><\/a><\/p>\n<p align=\"left\"><span style=\"text-decoration: underline;\"><strong>Indul\u00e1s:<\/strong><\/span><\/p>\n<p align=\"left\">5:00 \u2013 kor Pestszentl\u0151rincr\u0151l, az \u00dcll\u0151i \u00fat 379-381. LIDL parkol\u00f3b\u00f3l<\/p>\n<p align=\"left\">5:30 \u2013 kor Budapest, \u00dcll\u0151i \u00fat 110. &#8222;Ecseri \u00fati&#8221; OMV benzink\u00fat, befel\u00e9 vezet\u0151 oldal<\/p>\n<p align=\"left\"><p style=\"text-align:center;display:block;overflow:hidden;clear:left\">\n        <a href=\"https:\/\/www.youtube.com\/watch?v=P5E6BClSkk0\" target=\"_blank\" alt=\"P5E6BClSkk0\" class=\"youtube\">\n        <img decoding=\"async\" src=\"https:\/\/img.youtube.com\/vi\/P5E6BClSkk0\/0.jpg\" width=\"90%\" height=\"\" \/>\n        <\/a><\/p><script>loadYouTube();<\/script><\/p>\n<p class=\"western\" align=\"center\"><span style=\"font-size: large;\"><u><b>PROGRAM:<\/b><\/u><\/span><\/p>\n<p class=\"western\" align=\"justify\">Folyamatos utaz\u00e1s, n\u00e9h\u00e1ny pihen\u0151vel. \u00c9rkez\u00e9s Trencs\u00e9nbe a d\u00e9lel\u0151tti \u00f3r\u00e1kban. Eg\u00e9sz napos r\u00e9szv\u00e9tel a rendk\u00edv\u00fcli l\u00e1tv\u00e1nyoss\u00e1gokat k\u00edn\u00e1l\u00f3 bemutat\u00f3n. Harckocsik, p\u00e1nc\u00e9lozott j\u00e1rm\u0171vek, katonai teheraut\u00f3k, k\u00f6nny\u0171 \u00e9s neh\u00e9z fegyverek \u201e\u00e9l\u0151\u201d bemutat\u00f3j\u00e1ra ker\u00fcl sor, de a legl\u00e1tv\u00e1nyosabb r\u00e9szek a k\u00fcl\u00f6nb\u00f6z\u0151 hagyom\u00e1ny\u0151rz\u0151 egyes\u00fcletek \u00e1ltal \u00e9letre h\u00edvott \u00fctk\u00f6zetek \u00e9s csatajelenetek, hang \u00e9s f\u00e9nyeffektekkel, robban\u00e1sokkal \u2013 term\u00e9szetesen minden piropartonok \u00e9s vakt\u00f6lt\u00e9nyek seg\u00edts\u00e9g\u00e9vel.<\/p>\n<p class=\"western\" align=\"justify\"><a href=\"https:\/\/www.repulonapok.hu\/wp-content\/uploads\/2018\/01\/TD-.png\"><img loading=\"lazy\" decoding=\"async\" class=\"aligncenter wp-image-1685\" src=\"https:\/\/www.repulonapok.hu\/wp-content\/uploads\/2018\/01\/TD-.png\" alt=\"TD\" width=\"700\" height=\"370\" srcset=\"https:\/\/www.repulonapok.hu\/wp-content\/uploads\/2018\/01\/TD-.png 1200w, https:\/\/www.repulonapok.hu\/wp-content\/uploads\/2018\/01\/TD--300x159.png 300w, https:\/\/www.repulonapok.hu\/wp-content\/uploads\/2018\/01\/TD--1024x541.png 1024w\" sizes=\"(max-width: 700px) 100vw, 700px\" \/><\/a><\/p>\n<p class=\"western\" align=\"justify\">A rendezv\u00e9nyre a bel\u00e9p\u0151 20 \u20ac! (el\u0151v\u00e9telben 17 \u20ac) info: <span style=\"color: #0000ff;\"><u>http:\/\/www.tanklaugaricio.sk\/<\/u><\/span> A program befejezt\u00e9vel hazafel\u00e9 indulunk. \u00c9rkez\u00e9s Budapestre az \u00e9jfeli \u00f3r\u00e1kban. Lesz\u00e1ll\u00e1si lehet\u0151s\u00e9g az aut\u00f3buszr\u00f3l a felsz\u00e1ll\u00e1ssal megegyez\u0151 helyeken.<\/p>\n<h1 class=\"western\" style=\"text-align: center;\" align=\"justify\"><span style=\"font-size: x-large;\">R\u00e9szv\u00e9teli d\u00edj: 19 000 Ft\/f\u0151<\/span><\/h1>\n<p>Figyelem: Amennyiben az \u00fczemanyag\u00e1rak drasztikusan 700 Ft f\u00f6l\u00e9 emelkednek, \u00fagy azt k\u00e9nytelenek vagyunk \u00e9rv\u00e9nyes\u00edteni a r\u00e9szv\u00e9teli d\u00edjban.<\/p>\n<p lang=\"hu-HU\" align=\"justify\"><span style=\"font-size: medium;\"><span style=\"font-size: small;\"><i><u><b>A r\u00e9szv\u00e9teli d\u00edj tartalmazza<\/b><\/u><\/i><\/span><span style=\"font-size: small;\"><i><b>: <\/b><\/i><\/span><span style=\"font-size: small;\"><i> az aut\u00f3buszos utaz\u00e1s k\u00f6lts\u00e9geit <\/i><\/span><\/span><\/p>\n<p class=\"western\" align=\"justify\"><span style=\"font-size: small;\"><i><u><b>A r\u00e9szv\u00e9teli d\u00edj nem tartalmazza<\/b><\/u><\/i><\/span><span style=\"font-size: small;\"><i><b>:<\/b><\/i><\/span><span style=\"font-size: small;\"><i> a BBP- biztos\u00edt\u00e1st, mely irod\u00e1inkban megk\u00f6thet\u0151<\/i><\/span><\/p>\n<p lang=\"hu-HU\" align=\"center\"><span style=\"font-size: small;\"><a href=\"https:\/\/www.repulonapok.hu\/wp-content\/uploads\/2018\/01\/TD-maxresdefault.jpg\"><img loading=\"lazy\" decoding=\"async\" class=\"aligncenter wp-image-1686\" src=\"https:\/\/www.repulonapok.hu\/wp-content\/uploads\/2018\/01\/TD-maxresdefault.jpg\" alt=\"TD maxresdefault\" width=\"701\" height=\"394\" srcset=\"https:\/\/www.repulonapok.hu\/wp-content\/uploads\/2018\/01\/TD-maxresdefault.jpg 1280w, https:\/\/www.repulonapok.hu\/wp-content\/uploads\/2018\/01\/TD-maxresdefault-300x169.jpg 300w, https:\/\/www.repulonapok.hu\/wp-content\/uploads\/2018\/01\/TD-maxresdefault-1024x576.jpg 1024w\" sizes=\"(max-width: 701px) 100vw, 701px\" \/><\/a><\/span><\/p>\n","protected":false},"excerpt":{"rendered":"<p>Id\u0151pont:\u00a0\u00a0\u00a0 2025.06.28.\u00a0\u00a0\u00a0\u00a0\u00a0\u00a0\u00a0\u00a0\u00a0\u00a0\u00a0\u00a0\u00a0\u00a0\u00a0\u00a0\u00a0\u00a0\u00a0\u00a0\u00a0\u00a0\u00a0\u00a0\u00a0\u00a0\u00a0\u00a0\u00a0\u00a0\u00a0\u00a0\u00a0\u00a0\u00a0\u00a0\u00a0\u00a0 Poz.sz\u00e1m:\u00a0\u00a0 25\/HTT\/05 \u00datvonal: Bp \u2013 Trencs\u00e9n \u2013 Bp (700 km) Utaz\u00e1s:\u00a0 \u00a0 az utasl\u00e9tsz\u00e1mnak megfelel\u0151 aut\u00f3busszal Ell\u00e1t\u00e1s: \u00f6nell\u00e1t\u00e1s Id\u0151tartam: 1 nap \u00a0 Indul\u00e1s: 5:00 \u2013 kor Pestszentl\u0151rincr\u0151l, az [&hellip;]<\/p>\n","protected":false},"author":1,"featured_media":0,"parent":0,"menu_order":0,"comment_status":"closed","ping_status":"closed","template":"","meta":{"footnotes":""},"_links":{"self":[{"href":"https:\/\/www.repulonapok.hu\/index.php?rest_route=\/wp\/v2\/pages\/1589"}],"collection":[{"href":"https:\/\/www.repulonapok.hu\/index.php?rest_route=\/wp\/v2\/pages"}],"about":[{"href":"https:\/\/www.repulonapok.hu\/index.php?rest_route=\/wp\/v2\/types\/page"}],"author":[{"embeddable":true,"href":"https:\/\/www.repulonapok.hu\/index.php?rest_route=\/wp\/v2\/users\/1"}],"replies":[{"embeddable":true,"href":"https:\/\/www.repulonapok.hu\/index.php?rest_route=%2Fwp%2Fv2%2Fcomments&post=1589"}],"version-history":[{"count":14,"href":"https:\/\/www.repulonapok.hu\/index.php?rest_route=\/wp\/v2\/pages\/1589\/revisions"}],"predecessor-version":[{"id":3127,"href":"https:\/\/www.repulonapok.hu\/index.php?rest_route=\/wp\/v2\/pages\/1589\/revisions\/3127"}],"wp:attachment":[{"href":"https:\/\/www.repulonapok.hu\/index.php?rest_route=%2Fwp%2Fv2%2Fmedia&parent=1589"}],"curies":[{"name":"wp","href":"https:\/\/api.w.org\/{rel}","templated":true}]}}