{"id":148,"date":"2014-04-18T22:06:00","date_gmt":"2014-04-18T21:06:00","guid":{"rendered":"http:\/\/www.repulonapok.hu\/?page_id=148"},"modified":"2020-03-20T10:22:49","modified_gmt":"2020-03-20T09:22:49","slug":"rolunkelerhetoseg","status":"publish","type":"page","link":"https:\/\/www.repulonapok.hu\/?page_id=148","title":{"rendered":"R\u00f3lunk\/el\u00e9rhet\u0151s\u00e9g"},"content":{"rendered":"<h3 class=\"bodytext\" align=\"center\"><span style=\"color: #ffcc99;\"><strong>5 indok, hogy mi\u00e9rt \u00e9rdemes a GOforGO Travel-el utaznia a k\u00fclf\u00f6ldi l\u00e9gibemutat\u00f3kra \u00e9s rep\u00fcl\u0151m\u00fazeumokba:<\/strong><\/span><\/h3>\n<p>1. Hossz\u00fa \u00e9vek tapasztalat\u00e1val rendelkez\u00fcnk az adott esem\u00e9nnyel kapcsolatban, \u00edgy nem okoz gondot a helysz\u00ednre val\u00f3 utaz\u00e1s, \u00e9s a megfelel\u0151 id\u0151pontban val\u00f3 \u00e9rkez\u00e9s. Ennek k\u00f6sz\u00f6nhet\u0151en \u00d6n megk\u00edm\u00e9li mag\u00e1t a gyakran t\u00f6bb sz\u00e1zezres t\u00f6meg \u00e1ltal okozott forgalmi dug\u00f3kt\u00f3l, mely esetleg a program egy r\u00e9sz\u00e9r\u0151l val\u00f3 lemarad\u00e1st is eredm\u00e9nyezheti.<\/p>\n<p>2. \u00d6n a megfelel\u0151 inform\u00e1ci\u00f3kkal ell\u00e1tva, gondtalanul \u00e9lvezheti a programot, nem kell a parkol\u00f3ban hagyott aut\u00f3ja miatt izgulnia, vagy egy hossz\u00fa \u00e9s f\u00e1raszt\u00f3, \u00e9lm\u00e9nyekkel teli nap ut\u00e1n eg\u00e9sz \u00e9jszaka vezetnie.<\/p>\n<p>3. A nagy nemzetk\u00f6zi l\u00e9gibemutat\u00f3knak helyet ad\u00f3 rep\u00fcl\u0151terek k\u00f6rny\u00e9k\u00e9n mag\u00e1nszem\u00e9lyk\u00e9nt szinte lehetetlen megfelel\u0151 sz\u00e1ll\u00e1shelyet tal\u00e1lni. Mi ezt a probl\u00e9m\u00e1t is megoldjuk, r\u00e1ad\u00e1sul a csoportkedvezm\u00e9nyek miatt l\u00e9nyegesen olcs\u00f3bban.<\/p>\n<p>4. K\u00e9nyelmes, j\u00f3l felszerelt j\u00e1rm\u0171veink \u00e9s nagy nemzetk\u00f6zi gyakorlattal rendelkez\u0151 sof\u0151rjeink biztos\u00edtj\u00e1k a z\u00f6kken\u0151mentes utaz\u00e1st.<\/p>\n<p style=\"text-align: justify;\">5. \u00c9s ami tal\u00e1n a legfontosabb, hogy kiv\u00e1l\u00f3 hangulatban, hasonl\u00f3 \u00e9rdekl\u0151d\u00e9s\u0171 emberek t\u00e1rsas\u00e1g\u00e1ban utazhat az adott rendezv\u00e9nyre, \u00edgy ak\u00e1r \u00faj bar\u00e1tokat is szerezhet.<br \/>\n<strong class=\"bodytextcent\"><br \/>\n\u00c9LM\u00c9NYEKBEN GAZDAG UTAZ\u00c1ST, SOK-SOK REP\u00dcL\u0150G\u00c9PET K\u00cdV\u00c1NUNK!<\/strong><\/p>\n<p class=\"western\" align=\"center\"><span style=\"font-size: small;\"><span style=\"color: #000000;\"><span style=\"font-size: large;\"><b>Jelentkez\u00e9s on-line: <\/b><\/span><\/span><span style=\"color: #0000ff;\"><span style=\"text-decoration: underline;\"><a href=\"mailto:info@goforgo.hu\"><span style=\"color: #000000;\"><span style=\"font-size: large;\"><b>info@goforgo.hu<\/b><\/span><\/span><\/a><\/span><\/span><\/span><\/p>\n<p class=\"western\" align=\"center\"><span style=\"font-size: small;\"><span style=\"color: #000000;\"><span style=\"font-size: small;\"><b>IROD\u00c1INK<\/b><\/span><\/span><span style=\"color: #000000;\"><b>:<\/b><\/span><\/span><\/p>\n<p class=\"western\" align=\"center\"><strong><span style=\"font-size: small;\">1039 Budapest, B\u00e9k\u00e1smegyer, Csob\u00e1nka t\u00e9r 5.<\/span><\/strong><\/p>\n<p class=\"western\" align=\"center\"><span style=\"font-size: small;\"><strong>1173 Budapest, R\u00e1koskereszt\u00far, \u00dajlak utca 9.<\/strong> <\/span><\/p>\n<p class=\"western\" align=\"center\">\n<p class=\"western\" align=\"center\"><span style=\"font-size: small;\"><b><br \/>\n<\/b><\/span><\/p>\n","protected":false},"excerpt":{"rendered":"<p>5 indok, hogy mi\u00e9rt \u00e9rdemes a GOforGO Travel-el utaznia a k\u00fclf\u00f6ldi l\u00e9gibemutat\u00f3kra \u00e9s rep\u00fcl\u0151m\u00fazeumokba: 1. Hossz\u00fa \u00e9vek tapasztalat\u00e1val rendelkez\u00fcnk az adott esem\u00e9nnyel kapcsolatban, \u00edgy nem okoz gondot a helysz\u00ednre val\u00f3 [&hellip;]<\/p>\n","protected":false},"author":1,"featured_media":0,"parent":0,"menu_order":0,"comment_status":"closed","ping_status":"closed","template":"","meta":{"footnotes":""},"_links":{"self":[{"href":"https:\/\/www.repulonapok.hu\/index.php?rest_route=\/wp\/v2\/pages\/148"}],"collection":[{"href":"https:\/\/www.repulonapok.hu\/index.php?rest_route=\/wp\/v2\/pages"}],"about":[{"href":"https:\/\/www.repulonapok.hu\/index.php?rest_route=\/wp\/v2\/types\/page"}],"author":[{"embeddable":true,"href":"https:\/\/www.repulonapok.hu\/index.php?rest_route=\/wp\/v2\/users\/1"}],"replies":[{"embeddable":true,"href":"https:\/\/www.repulonapok.hu\/index.php?rest_route=%2Fwp%2Fv2%2Fcomments&post=148"}],"version-history":[{"count":13,"href":"https:\/\/www.repulonapok.hu\/index.php?rest_route=\/wp\/v2\/pages\/148\/revisions"}],"predecessor-version":[{"id":2106,"href":"https:\/\/www.repulonapok.hu\/index.php?rest_route=\/wp\/v2\/pages\/148\/revisions\/2106"}],"wp:attachment":[{"href":"https:\/\/www.repulonapok.hu\/index.php?rest_route=%2Fwp%2Fv2%2Fmedia&parent=148"}],"curies":[{"name":"wp","href":"https:\/\/api.w.org\/{rel}","templated":true}]}}