{"id":1463,"date":"2017-06-01T07:11:59","date_gmt":"2017-06-01T06:11:59","guid":{"rendered":"http:\/\/www.repulonapok.hu\/?page_id=1463"},"modified":"2026-03-26T19:54:03","modified_gmt":"2026-03-26T18:54:03","slug":"bucharest-international-air-show","status":"publish","type":"page","link":"https:\/\/www.repulonapok.hu\/?page_id=1463","title":{"rendered":"Bucharest International Air Show"},"content":{"rendered":"<p><a href=\"https:\/\/www.repulonapok.hu\/wp-content\/uploads\/2026\/03\/BIAS-2026.jpg\"><img loading=\"lazy\" decoding=\"async\" class=\"aligncenter size-full wp-image-3338\" src=\"https:\/\/www.repulonapok.hu\/wp-content\/uploads\/2026\/03\/BIAS-2026.jpg\" alt=\"\" width=\"720\" height=\"317\" srcset=\"https:\/\/www.repulonapok.hu\/wp-content\/uploads\/2026\/03\/BIAS-2026.jpg 720w, https:\/\/www.repulonapok.hu\/wp-content\/uploads\/2026\/03\/BIAS-2026-300x132.jpg 300w\" sizes=\"(max-width: 720px) 100vw, 720px\" \/><\/a><\/p>\n<table>\n<tbody>\n<tr>\n<td width=\"123\"><strong>Id\u0151pont\u00a0\u00a0\u00a0 :\u00a0 <\/strong><\/td>\n<td colspan=\"4\" width=\"227\">2026.08.27-31.<\/td>\n<td width=\"113\"><strong>\u00a0<\/strong><\/td>\n<td colspan=\"2\" width=\"113\"><strong>Poz. sz\u00e1m:<\/strong><\/td>\n<td width=\"104\">26\/RBU\/07<\/td>\n<\/tr>\n<tr>\n<td colspan=\"9\" width=\"680\"><strong>Utaz\u00e1s: <\/strong>Budapest \u2013 Arad \u2013 Nagyszeben \u2013 Brass\u00f3 \u2013 Busteni \u2013 Bukarest \u00e9s vissza (kb. 1850 km)<\/td>\n<\/tr>\n<tr>\n<td colspan=\"2\" width=\"132\"><strong>Sz\u00e1ll\u00e1s, elhelyez\u00e9s :<\/strong><\/td>\n<td colspan=\"2\" width=\"170\">4 \u00e9jszaka sz\u00e1llod\u00e1ban<\/td>\n<td colspan=\"3\" width=\"198\"><strong>Ell\u00e1t\u00e1s:<\/strong><\/td>\n<td colspan=\"2\" width=\"180\">reggeli<\/td>\n<\/tr>\n<tr>\n<td colspan=\"2\" width=\"132\"><strong>Id\u0151tartam:\u00a0\u00a0 <\/strong><\/td>\n<td width=\"113\">6 nap \/ 5 \u00e9jszaka<\/td>\n<td colspan=\"4\" width=\"255\"><strong>Idegenvezet\u00e9s:\u00a0\u00a0\u00a0 <\/strong><\/td>\n<td colspan=\"2\" width=\"180\">csoportk\u00eds\u00e9r\u0151<\/td>\n<\/tr>\n<tr>\n<td width=\"122\"><\/td>\n<td width=\"9\"><\/td>\n<td width=\"113\"><\/td>\n<td width=\"56\"><\/td>\n<td width=\"47\"><\/td>\n<td width=\"112\"><\/td>\n<td width=\"38\"><\/td>\n<td width=\"75\"><\/td>\n<td width=\"103\"><\/td>\n<\/tr>\n<\/tbody>\n<\/table>\n<p><a href=\"https:\/\/www.repulonapok.hu\/wp-content\/uploads\/2017\/06\/bucharest-1.jpg\"><img loading=\"lazy\" decoding=\"async\" class=\"aligncenter  wp-image-1466\" src=\"https:\/\/www.repulonapok.hu\/wp-content\/uploads\/2017\/06\/bucharest-1.jpg\" alt=\"bucharest 1\" width=\"736\" height=\"486\" srcset=\"https:\/\/www.repulonapok.hu\/wp-content\/uploads\/2017\/06\/bucharest-1.jpg 1200w, https:\/\/www.repulonapok.hu\/wp-content\/uploads\/2017\/06\/bucharest-1-300x198.jpg 300w, https:\/\/www.repulonapok.hu\/wp-content\/uploads\/2017\/06\/bucharest-1-1024x676.jpg 1024w\" sizes=\"(max-width: 736px) 100vw, 736px\" \/><\/a><\/p>\n<p style=\"text-align: center;\"><strong><u>PROGRAM:<\/u><\/strong><\/p>\n<p><strong>1.nap: 2026.08.27. cs\u00fct\u00f6rt\u00f6k<\/strong><\/p>\n<p>5:30-kor indul\u00e1s Budapestr\u0151l az Ecseri \u00fat \u2013 \u00dcll\u0151i \u00fat sark\u00e1n l\u00e9v\u0151 OMV benzink\u00fatt\u00f3l, a v\u00e1rosb\u00f3l kifel\u00e9 vezet\u0151 oldalon! (pontos c\u00edme: Budapest, \u00dcll\u0151i \u00fat 137.) Ecseri \u00fat METRO meg\u00e1ll\u00f3!<\/p>\n<p>Folyamatos utaz\u00e1s, r\u00f6vid pihen\u0151kkel a rom\u00e1niai Bustein-be, ahol tranzit sz\u00e1ll\u00e1shely\u00fcnk lesz. (kb. 750 km)<\/p>\n<ol start=\"2\">\n<li><strong> nap: 2026.08.28. p\u00e9ntek<\/strong><\/li>\n<\/ol>\n<p>Korai reggeli ut\u00e1n indul\u00e1s Bukarestbe, a BANESA rep\u00fcl\u0151t\u00e9rre (sz\u00e1ll\u00e1shely\u00fcnkt\u0151l a rep\u00fcl\u0151t\u00e9r kb. 130 km-re van)<\/p>\n<p>Eg\u00e9sznapos r\u00e9szv\u00e9tel az Air Show-n, majd a 18:00 \u00f3rai z\u00e1r\u00e1st k\u00f6vet\u0151en Bukarest k\u00f6rny\u00e9ki sz\u00e1ll\u00e1shely\u00fcnkre utazunk, ahol 2 \u00e9jszak\u00e1t t\u00f6lt\u00fcnk. (napi \u00f6sszesen kb. 150 km)<\/p>\n<ol start=\"3\">\n<li><strong> nap: 2026.08.29. szombat<\/strong><\/li>\n<\/ol>\n<p>Reggeli ut\u00e1n indulunk a BANESA rep\u00fcl\u0151t\u00e9rre (Aurel Vlaicu, Bukarest r\u00e9gebbi, jelenleg m\u00e1sodik nemzetk\u00f6zi rep\u00fcl\u0151tere), ahol a teljes napot ism\u00e9t a l\u00e9gibemutat\u00f3n t\u00f6ltj\u00fck.\u00a0 (www.biasairshow.ro). \u00a0Z\u00e1r\u00e1s ut\u00e1n visszat\u00e9r\u00fcnk sz\u00e1ll\u00e1shely\u00fcnkre. (kb. 50 km)<\/p>\n<ol start=\"4\">\n<li><strong> nap: 2026.08.30. vas\u00e1rnap<\/strong><\/li>\n<\/ol>\n<p>Vas\u00e1rnap d\u00e9lel\u0151tt ell\u00e1togatunk a bukaresti hadt\u00f6rt\u00e9neti m\u00fazeumba, ahol a \u2013 sok esetben a magyar t\u00f6rt\u00e9nelmi szempontb\u00f3l is \u00e9rdekes \u2013 t\u00f6rt\u00e9nelmi \u00e9s haditechnikai ki\u00e1ll\u00edt\u00e1st tekintj\u00fck meg. (bel\u00e9p\u0151: 20 Lei) (Fontos! Jelenleg a bukaresti rep\u00fcl\u0151 m\u00fazeum z\u00e1rva tart., de amennyiben az utaz\u00e1sunk idej\u00e9re megnyitj\u00e1k, \u00fagy term\u00e9szetesen ez ker\u00fcl a vas\u00e1rnapi l\u00e1tnival\u00f3k \u00e9l\u00e9re!)<\/p>\n<p>K\u00e9s\u0151 d\u00e9lut\u00e1n Busteni-be utazunk, a m\u00e1r ismert tranzitsz\u00e1ll\u00e1sra (kb. 150 km)<\/p>\n<ol start=\"5\">\n<li><strong> nap: 2026.08.31. h\u00e9tf\u0151<\/strong><\/li>\n<\/ol>\n<p>Reggeli \u00e9s az aut\u00f3buszba t\u00f6rt\u00e9n\u0151 bepakol\u00e1s ut\u00e1n \u2013 a D\u00e9l-keleti K\u00e1rp\u00e1tok h\u00e1g\u00f3j\u00e1n \u2013 a T\u00f6m\u00f6si h\u00e1g\u00f3n \u00e1t- haza fel\u00e9 indulunk. M\u00e1r d\u00e9lel\u0151tt a k\u00f6zeli Brass\u00f3ba \u00e9rkez\u00fcnk, ahol terveink szerint \u00fczeml\u00e1togat\u00e1st tesz\u00fcnk az AIRBUS HELIKOPTERS \u00fczem\u00e9ben! (Figyelem! a program CSAK akkor val\u00f3sulhat meg, ha siker\u00fcl beszerezn\u00fcnk az \u00f6sszes enged\u00e9lyt! Amennyiben m\u00e9gis elakadunk a b\u00fcrokr\u00e1cia \u00fatveszt\u0151iben, \u00fagy egy r\u00f6vid brass\u00f3i v\u00e1rosn\u00e9z\u00e9st iktatunk be.)<\/p>\n<p>Terveink szerint Brass\u00f3b\u00f3l a d\u00e9li \u00f3r\u00e1kban indulunk Magyarorsz\u00e1g fel\u00e9. V\u00e1rhat\u00f3 \u00e9rkez\u00e9s Budapestre az \u00e9jf\u00e9li \u00f3r\u00e1kban (730 km)<\/p>\n<p><strong>\u00a0<\/strong><\/p>\n<h1 style=\"text-align: center;\">R\u00e9szv\u00e9teli d\u00edj: 153\u00a0000 Ft<\/h1>\n<p><strong>\u00a0<\/strong><strong>A r\u00e9szv\u00e9teli d\u00edj tartalmazza:<\/strong> az 4 \u00e9jszakai sz\u00e1ll\u00e1st, reggelivel, a buszos utaz\u00e1s minden k\u00f6lts\u00e9g\u00e9t \u00e9s a csoportk\u00eds\u00e9r\u00e9st<\/p>\n<p><strong>A r\u00e9szv\u00e9teli d\u00edj nem tartalmazza:<\/strong> a bel\u00e9p\u0151jegyeket \u00e9s a baleset-, betegs\u00e9g-, poggy\u00e1szbiztos\u00edt\u00e1st (660 Ft\/f\u0151\/nap)<\/p>\n<p><strong>\u00c1rainkat 430 Ft = 1 \u20ac \u00e1rfolyamig tudjuk garant\u00e1lni!<\/strong><\/p>\n<p><strong>Fenntartjuk a jogot, hogy \u00e1rainkat a valuta\u00e1rfolyam \u00e9s \u00fczemanyag k\u00f6lts\u00e9g f\u00fcggv\u00e9ny\u00e9ben v\u00e1ltoztassuk\u2026 \ud83d\ude41<\/strong><\/p>\n<p align=\"justify\">\n<p class=\"western\" align=\"justify\"><a href=\"https:\/\/www.repulonapok.hu\/wp-content\/uploads\/2017\/06\/bucharest_baneasa-airport.jpg\"><img loading=\"lazy\" decoding=\"async\" class=\"aligncenter size-full wp-image-1467\" src=\"https:\/\/www.repulonapok.hu\/wp-content\/uploads\/2017\/06\/bucharest_baneasa-airport.jpg\" alt=\"bucharest_baneasa-airport\" width=\"800\" height=\"581\" srcset=\"https:\/\/www.repulonapok.hu\/wp-content\/uploads\/2017\/06\/bucharest_baneasa-airport.jpg 800w, https:\/\/www.repulonapok.hu\/wp-content\/uploads\/2017\/06\/bucharest_baneasa-airport-300x218.jpg 300w\" sizes=\"(max-width: 800px) 100vw, 800px\" \/><\/a><\/p>\n","protected":false},"excerpt":{"rendered":"<p>Id\u0151pont\u00a0\u00a0\u00a0 :\u00a0 2026.08.27-31. \u00a0 Poz. sz\u00e1m: 26\/RBU\/07 Utaz\u00e1s: Budapest \u2013 Arad \u2013 Nagyszeben \u2013 Brass\u00f3 \u2013 Busteni \u2013 Bukarest \u00e9s vissza (kb. 1850 km) Sz\u00e1ll\u00e1s, elhelyez\u00e9s : 4 \u00e9jszaka sz\u00e1llod\u00e1ban [&hellip;]<\/p>\n","protected":false},"author":1,"featured_media":0,"parent":0,"menu_order":0,"comment_status":"closed","ping_status":"closed","template":"","meta":{"footnotes":""},"_links":{"self":[{"href":"https:\/\/www.repulonapok.hu\/index.php?rest_route=\/wp\/v2\/pages\/1463"}],"collection":[{"href":"https:\/\/www.repulonapok.hu\/index.php?rest_route=\/wp\/v2\/pages"}],"about":[{"href":"https:\/\/www.repulonapok.hu\/index.php?rest_route=\/wp\/v2\/types\/page"}],"author":[{"embeddable":true,"href":"https:\/\/www.repulonapok.hu\/index.php?rest_route=\/wp\/v2\/users\/1"}],"replies":[{"embeddable":true,"href":"https:\/\/www.repulonapok.hu\/index.php?rest_route=%2Fwp%2Fv2%2Fcomments&post=1463"}],"version-history":[{"count":4,"href":"https:\/\/www.repulonapok.hu\/index.php?rest_route=\/wp\/v2\/pages\/1463\/revisions"}],"predecessor-version":[{"id":3339,"href":"https:\/\/www.repulonapok.hu\/index.php?rest_route=\/wp\/v2\/pages\/1463\/revisions\/3339"}],"wp:attachment":[{"href":"https:\/\/www.repulonapok.hu\/index.php?rest_route=%2Fwp%2Fv2%2Fmedia&parent=1463"}],"curies":[{"name":"wp","href":"https:\/\/api.w.org\/{rel}","templated":true}]}}